{"id":1339,"date":"2023-02-11T20:52:11","date_gmt":"2023-02-11T19:52:11","guid":{"rendered":"https:\/\/pb.edu.pl\/djk\/?page_id=1339"},"modified":"2025-12-10T14:29:28","modified_gmt":"2025-12-10T13:29:28","slug":"ankietyzacja-uczestnikow-studiow-podyplomowych","status":"publish","type":"page","link":"https:\/\/pb.edu.pl\/djk\/studia-podyplomowe\/ankietyzacja-uczestnikow-studiow-podyplomowych\/","title":{"rendered":"Ankietyzacja uczestnik\u00f3w studi\u00f3w podyplomowych"},"content":{"rendered":"<p><a href=\"https:\/\/bd.uci.pb.edu.pl\/423-lista\/d\/408\/5\/\">Zarz\u0105dzenie nr 66\/2024 Rektora PB z dnia 26 sierpnia 2024 roku w sprawie wprowadzenia \u201eRegulaminu okre\u015blaj\u0105cego tryb i zasady przeprowadzania ankiety na studiach pierwszego stopnia, drugiego stopnia, jednolitych studiach magisterskich i studiach podyplomowych dotycz\u0105cej warunk\u00f3w studiowania oraz wype\u0142niania obowi\u0105zk\u00f3w dydaktycznych przez nauczyciela akademickiego lub inn\u0105 osob\u0119 prowadz\u0105c\u0105 zaj\u0119cia a tak\u017ce opracowywania zebranych danych\u201d<\/a><\/p>\n","protected":false},"excerpt":{"rendered":"<p>Zarz\u0105dzenie nr 66\/2024 Rektora PB z dnia 26 sierpnia 2024 roku w sprawie wprowadzenia \u201eRegulaminu<\/p>\n","protected":false},"author":2,"featured_media":0,"parent":1060,"menu_order":3,"comment_status":"closed","ping_status":"closed","template":"","meta":{"_acf_changed":false,"ngg_post_thumbnail":0,"footnotes":""},"class_list":["post-1339","page","type-page","status-publish","hentry"],"acf":[],"_links":{"self":[{"href":"https:\/\/pb.edu.pl\/djk\/wp-json\/wp\/v2\/pages\/1339","targetHints":{"allow":["GET"]}}],"collection":[{"href":"https:\/\/pb.edu.pl\/djk\/wp-json\/wp\/v2\/pages"}],"about":[{"href":"https:\/\/pb.edu.pl\/djk\/wp-json\/wp\/v2\/types\/page"}],"author":[{"embeddable":true,"href":"https:\/\/pb.edu.pl\/djk\/wp-json\/wp\/v2\/users\/2"}],"replies":[{"embeddable":true,"href":"https:\/\/pb.edu.pl\/djk\/wp-json\/wp\/v2\/comments?post=1339"}],"version-history":[{"count":0,"href":"https:\/\/pb.edu.pl\/djk\/wp-json\/wp\/v2\/pages\/1339\/revisions"}],"up":[{"embeddable":true,"href":"https:\/\/pb.edu.pl\/djk\/wp-json\/wp\/v2\/pages\/1060"}],"wp:attachment":[{"href":"https:\/\/pb.edu.pl\/djk\/wp-json\/wp\/v2\/media?parent=1339"}],"curies":[{"name":"wp","href":"https:\/\/api.w.org\/{rel}","templated":true}]}}