{"id":1330,"date":"2023-02-11T20:45:51","date_gmt":"2023-02-11T19:45:51","guid":{"rendered":"https:\/\/pb.edu.pl\/djk\/?page_id=1330"},"modified":"2025-12-10T14:28:37","modified_gmt":"2025-12-10T13:28:37","slug":"regulamin-studiow-podyplomowych-oraz-wzory-dokumentow-obowiazujacych-przy-uruchomieniu-prowadzeniu-i-likwidacji-studiow-podyplomowych-w-pb","status":"publish","type":"page","link":"https:\/\/pb.edu.pl\/djk\/studia-podyplomowe\/regulamin-studiow-podyplomowych-oraz-wzory-dokumentow-obowiazujacych-przy-uruchomieniu-prowadzeniu-i-likwidacji-studiow-podyplomowych-w-pb\/","title":{"rendered":"Regulamin studi\u00f3w podyplomowych oraz wzory dokument\u00f3w obowi\u0105zuj\u0105cych przy uruchomieniu, prowadzeniu i likwidacji studi\u00f3w podyplomowych w PB"},"content":{"rendered":"<p><a href=\"https:\/\/bd.uci.pb.edu.pl\/423-lista\/d\/695\/5\/\">Zarz\u0105dzenie nr 85\/2023 Rektora PB z dnia 30 sierpnia 2023 roku w sprawie ustalenia \u201eRegulaminu studi\u00f3w podyplomowych Politechniki Bia\u0142ostockiej\u201d, wzoru umowy oraz wzor\u00f3w dokument\u00f3w obowi\u0105zuj\u0105cych przy uruchomieniu, prowadzeniu i likwidacji studi\u00f3w podyplomowych w Politechnice Bia\u0142ostockiej<\/a><\/p>\n<p><a class=\"docx\" title=\"pobierz plik\" href=\"https:\/\/pb.edu.pl\/djk\/wp-content\/uploads\/sites\/95\/2024\/10\/swiadectwo-ukonczenia-studiow-podyplo-bez-PRKZalaczniknr10.docx\" data-id=\"1759\">\u015awiadectwo uko\u0144czenia studi\u00f3w podyplomowych bez PRK + Za\u0142\u0105cznik nr 10 (DOCX, 2 MB)<\/a><\/p>\n<p><a class=\"docx\" title=\"pobierz plik\" href=\"https:\/\/pb.edu.pl\/djk\/wp-content\/uploads\/sites\/95\/2024\/10\/swiadectwo-ukonczenia-studiow-podyplo-z-PRKZalaczniknr11.docx\" data-id=\"1760\">\u015awiadectwo uko\u0144czenia studi\u00f3w podyplomowych z PRK + Za\u0142\u0105cznik nr 11 (DOCX, 2 MB)<\/a><\/p>\n<p><a class=\"docx\" title=\"pobierz plik\" href=\"https:\/\/pb.edu.pl\/djk\/wp-content\/uploads\/sites\/95\/2024\/11\/wzor-swiadectwa-ukonczenia-studiow-podyplomowych-wersja-EN.docx\" data-id=\"1775\">Wz\u00f3r \u015bwiadectwa uko\u0144czenia studi\u00f3w podyplomowych bez PRK &#8211; wersja angielska (DOCX, 2 MB)<\/a><\/p>\n<p><a class=\"docx\" title=\"pobierz plik\" href=\"https:\/\/pb.edu.pl\/djk\/wp-content\/uploads\/sites\/95\/2024\/11\/wzor-swiadectwa-ukonczenia-studiow-podyplomowych-znak-prk-wersja-EN.docx\" data-id=\"1773\">Wz\u00f3r \u015bwiadectwa uko\u0144czenia studi\u00f3w podyplomowych z PRK &#8211; wersja angielska (DOCX, 2 MB)<\/a><\/p>\n","protected":false},"excerpt":{"rendered":"<p>Zarz\u0105dzenie nr 85\/2023 Rektora PB z dnia 30 sierpnia 2023 roku w sprawie ustalenia \u201eRegulaminu<\/p>\n","protected":false},"author":2,"featured_media":0,"parent":1060,"menu_order":2,"comment_status":"closed","ping_status":"closed","template":"","meta":{"_acf_changed":false,"ngg_post_thumbnail":0,"footnotes":""},"class_list":["post-1330","page","type-page","status-publish","hentry"],"acf":[],"_links":{"self":[{"href":"https:\/\/pb.edu.pl\/djk\/wp-json\/wp\/v2\/pages\/1330","targetHints":{"allow":["GET"]}}],"collection":[{"href":"https:\/\/pb.edu.pl\/djk\/wp-json\/wp\/v2\/pages"}],"about":[{"href":"https:\/\/pb.edu.pl\/djk\/wp-json\/wp\/v2\/types\/page"}],"author":[{"embeddable":true,"href":"https:\/\/pb.edu.pl\/djk\/wp-json\/wp\/v2\/users\/2"}],"replies":[{"embeddable":true,"href":"https:\/\/pb.edu.pl\/djk\/wp-json\/wp\/v2\/comments?post=1330"}],"version-history":[{"count":0,"href":"https:\/\/pb.edu.pl\/djk\/wp-json\/wp\/v2\/pages\/1330\/revisions"}],"up":[{"embeddable":true,"href":"https:\/\/pb.edu.pl\/djk\/wp-json\/wp\/v2\/pages\/1060"}],"wp:attachment":[{"href":"https:\/\/pb.edu.pl\/djk\/wp-json\/wp\/v2\/media?parent=1330"}],"curies":[{"name":"wp","href":"https:\/\/api.w.org\/{rel}","templated":true}]}}