{"id":1328,"date":"2023-02-11T20:44:48","date_gmt":"2023-02-11T19:44:48","guid":{"rendered":"https:\/\/pb.edu.pl\/djk\/?page_id=1328"},"modified":"2025-12-10T14:26:55","modified_gmt":"2025-12-10T13:26:55","slug":"tworzenie-programu-studiow-podyplomowych","status":"publish","type":"page","link":"https:\/\/pb.edu.pl\/djk\/studia-podyplomowe\/tworzenie-programu-studiow-podyplomowych\/","title":{"rendered":"Tworzenie programu studi\u00f3w podyplomowych"},"content":{"rendered":"<p><a href=\"https:\/\/bd.uci.pb.edu.pl\/423-lista\/d\/1212\/5\/\">Uchwa\u0142a nr 417\/XXXIV\/XVI\/2023 Senatu Politechniki Bia\u0142ostockiej z dnia 21 grudnia 2023 roku w sprawie okre\u015blenia Wytycznych do tworzenia program\u00f3w studi\u00f3w podyplomowych w Politechnice Bia\u0142ostockiej<\/a><\/p>\n<p><a href=\"https:\/\/bd.uci.pb.edu.pl\/423-lista\/d\/787\/5\/\">Zarz\u0105dzenie nr 36\/2023 Rektora Politechniki Bia\u0142ostockiej z dnia 30 marca 2023 roku w sprawie ustalenia wzoru jednolitej karty przedmiotu dla studi\u00f3w pierwszego, drugiego stopnia oraz jednolitych studi\u00f3w magisterskich, a tak\u017ce karty przedmiot\u00f3w dla studi\u00f3w podyplomowych, prowadzonych w Politechnice Bia\u0142ostockiej<\/a><\/p>\n<div class=\"h3\">Dokumenty do pobrania<\/div>\n<p><a href=\"\/djk\/dokumenty-do-pobrania\/studia-podyplomowe\/\">Wz\u00f3r programu studi\u00f3w podyplomowych<\/a><\/p>\n<p><a href=\"\/djk\/dokumenty-do-pobrania\/studia-podyplomowe\/\">Karta przedmiotu dla studi\u00f3w podyplomowych &#8211; Excel<\/a><\/p>\n","protected":false},"excerpt":{"rendered":"<p>Uchwa\u0142a nr 417\/XXXIV\/XVI\/2023 Senatu Politechniki Bia\u0142ostockiej z dnia 21 grudnia 2023 roku w sprawie okre\u015blenia<\/p>\n","protected":false},"author":2,"featured_media":0,"parent":1060,"menu_order":1,"comment_status":"closed","ping_status":"closed","template":"","meta":{"_acf_changed":false,"ngg_post_thumbnail":0,"footnotes":""},"class_list":["post-1328","page","type-page","status-publish","hentry"],"acf":[],"_links":{"self":[{"href":"https:\/\/pb.edu.pl\/djk\/wp-json\/wp\/v2\/pages\/1328","targetHints":{"allow":["GET"]}}],"collection":[{"href":"https:\/\/pb.edu.pl\/djk\/wp-json\/wp\/v2\/pages"}],"about":[{"href":"https:\/\/pb.edu.pl\/djk\/wp-json\/wp\/v2\/types\/page"}],"author":[{"embeddable":true,"href":"https:\/\/pb.edu.pl\/djk\/wp-json\/wp\/v2\/users\/2"}],"replies":[{"embeddable":true,"href":"https:\/\/pb.edu.pl\/djk\/wp-json\/wp\/v2\/comments?post=1328"}],"version-history":[{"count":0,"href":"https:\/\/pb.edu.pl\/djk\/wp-json\/wp\/v2\/pages\/1328\/revisions"}],"up":[{"embeddable":true,"href":"https:\/\/pb.edu.pl\/djk\/wp-json\/wp\/v2\/pages\/1060"}],"wp:attachment":[{"href":"https:\/\/pb.edu.pl\/djk\/wp-json\/wp\/v2\/media?parent=1328"}],"curies":[{"name":"wp","href":"https:\/\/api.w.org\/{rel}","templated":true}]}}