{"id":1263,"date":"2023-02-11T19:38:17","date_gmt":"2023-02-11T18:38:17","guid":{"rendered":"https:\/\/pb.edu.pl\/djk\/?page_id=1263"},"modified":"2025-12-11T20:13:58","modified_gmt":"2025-12-11T19:13:58","slug":"modernizowanie-istniejacych-kierunkow-studiow-1-i-2-stopnia","status":"publish","type":"page","link":"https:\/\/pb.edu.pl\/djk\/tworzenie-i-modernizowanie-kierunkow-studiow\/modernizowanie-istniejacych-kierunkow-studiow-1-i-2-stopnia\/","title":{"rendered":"Modernizowanie istniej\u0105cych kierunk\u00f3w studi\u00f3w pierwszego i drugiego stopnia"},"content":{"rendered":"<p>Zgodnie z rozporz\u0105dzeniem w sprawie studi\u00f3w program studi\u00f3w podlega systematycznej ocenie i doskonaleniu. Sta\u0142e dostosowywanie oferty program\u00f3w studi\u00f3w do potrzeb spo\u0142eczno-gospodarczych, w szczeg\u00f3lno\u015bci kandydat\u00f3w na studia i ich przysz\u0142ych pracodawc\u00f3w, wspomagaj\u0105 zwi\u0119kszanie konkurencyjno\u015bci i stanowi\u0105 istotny czynnik sprawnego dzia\u0142ania szko\u0142y wy\u017cszej.<\/p>\n<p>Weryfikacja programu studi\u00f3w z udzia\u0142em interesariuszy zewn\u0119trznych obejmuje w szczeg\u00f3lno\u015bci ocen\u0119 poprawno\u015bci programu pod wzgl\u0119dem metod kszta\u0142cenia, sposob\u00f3w weryfikacji efekt\u00f3w uczenia si\u0119, sp\u00f3jno\u015bci programu studi\u00f3w oraz jego dostosowania do potrzeb rynku pracy, a tak\u017ce do potrzeb student\u00f3w. Modernizowanie istniej\u0105cych kierunk\u00f3w studi\u00f3w powinno by\u0107 przeprowadzone zgodnie z obowi\u0105zuj\u0105cymi aktami prawnymi.<br \/>\n&nbsp;<\/p>\n<div class=\"h3\">Uchwa\u0142y i Zarz\u0105dzenia<\/div>\n<p><a href=\"https:\/\/bd.uci.pb.edu.pl\/423-lista\/d\/956\/5\/\">UCHWA\u0141A NR 161\/XVII\/XVI\/2022 Senatu Politechniki Bia\u0142ostockiej z dnia 20 stycznia 2022 r. w sprawie okre\u015blenia wytycznych w sprawie warunk\u00f3w, jakim powinny odpowiada\u0107 programy studi\u00f3w na studiach pierwszego, drugiego stopnia oraz jednolitych studiach magisterskich w Politechnice Bia\u0142ostockiej<\/a><\/p>\n<p><a href=\"https:\/\/bd.uci.pb.edu.pl\/423-lista\/d\/2571\/5\/\">UCHWA\u0141A NR 73\/XIII\/XVII\/2025 Senatu Politechniki Bia\u0142ostockiej z dnia 20 listopada 2025 roku w sprawie zmiany uchwa\u0142y Senatu Politechniki Bia\u0142ostockiej w sprawie okre\u015blenia wytycznych w sprawie warunk\u00f3w, jakim powinny odpowiada\u0107 programy studi\u00f3w na studiach pierwszego, drugiego stopnia oraz jednolitych studiach magisterskich<\/a><\/p>\n<p><a href=\"https:\/\/bd.uci.pb.edu.pl\/423-lista\/d\/853\/5\/\">Zarz\u0105dzenie nr 10\/2024 Rektora Politechniki Bia\u0142ostockiej z dnia 12 lutego 2024 roku w sprawie wprowadzenia w \u017cycie Procedur projektowania, ustalania, monitoringu i zmiany program\u00f3w studi\u00f3w oraz tworzenia i zaprzestania prowadzenia studi\u00f3w na okre\u015blonym kierunku, poziomie i profilu kszta\u0142cenia w Politechnice Bia\u0142ostockiej<\/a><\/p>\n<p><a href=\"https:\/\/bd.uci.pb.edu.pl\/423-lista\/d\/787\/5\/\">Zarz\u0105dzenie nr 36\/2023 Rektora Politechniki Bia\u0142ostockiej z dnia 30 marca 2023 roku w sprawie ustalenia wzoru jednolitej karty przedmiotu dla studi\u00f3w pierwszego, drugiego stopnia oraz jednolitych studi\u00f3w magisterskich, a tak\u017ce karty przedmiot\u00f3w dla studi\u00f3w podyplomowych, prowadzonych w Politechnice Bia\u0142ostockiej<\/a><br \/>\n&nbsp;<\/p>\n<div class=\"h3\">Dokumenty do pobrania<\/div>\n<p><a href=\"\/djk\/dokumenty-do-pobrania\/modernizowanie-istniejacych-kierunkow-studiow-1-i-2-st\/\">Wz\u00f3r programu studi\u00f3w pierwszego i drugiego stopnia<\/a><\/p>\n<p><a href=\"\/djk\/dokumenty-do-pobrania\/modernizowanie-istniejacych-kierunkow-studiow-1-i-2-st\/\">Wykaz dokument\u00f3w do\u0142\u0105czanych do programu studi\u00f3w pierwszego i drugiego stopnia<\/a><\/p>\n<p><a href=\"\/djk\/dokumenty-do-pobrania\/modernizowanie-istniejacych-kierunkow-studiow-1-i-2-st\/\">Zestawienie przedmiot\u00f3w zwi\u0105zanych ze zr\u00f3wnowa\u017conym rozwojem<\/a><\/p>\n<hr>\n<hr>\n<p><a href=\"\/djk\/dokumenty-do-pobrania\/tworzenie-nowych-kierunkow-studiow-1-i-2-st\/\">Przedmioty HES<\/a><\/p>\n<p><a href=\"\/djk\/dokumenty-do-pobrania\/tworzenie-nowych-kierunkow-studiow-1-i-2-st\/\">Karty przedmiotu<\/a><\/p>\n<p><a href=\"\/djk\/dokumenty-do-pobrania\/tworzenie-nowych-kierunkow-studiow-1-i-2-st\/\">Plany studi\u00f3w<\/a><br \/>\n&nbsp;<\/p>\n<p><a class=\"h3\" href=\"\/djk\/akty-prawne\/\">Ustawy i Rozporz\u0105dzenia<\/a><\/p>\n","protected":false},"excerpt":{"rendered":"<p>Zgodnie z rozporz\u0105dzeniem w sprawie studi\u00f3w program studi\u00f3w podlega systematycznej ocenie i doskonaleniu. Sta\u0142e dostosowywanie<\/p>\n","protected":false},"author":2,"featured_media":0,"parent":1037,"menu_order":2,"comment_status":"closed","ping_status":"closed","template":"","meta":{"_acf_changed":false,"ngg_post_thumbnail":0,"footnotes":""},"class_list":["post-1263","page","type-page","status-publish","hentry"],"acf":[],"_links":{"self":[{"href":"https:\/\/pb.edu.pl\/djk\/wp-json\/wp\/v2\/pages\/1263","targetHints":{"allow":["GET"]}}],"collection":[{"href":"https:\/\/pb.edu.pl\/djk\/wp-json\/wp\/v2\/pages"}],"about":[{"href":"https:\/\/pb.edu.pl\/djk\/wp-json\/wp\/v2\/types\/page"}],"author":[{"embeddable":true,"href":"https:\/\/pb.edu.pl\/djk\/wp-json\/wp\/v2\/users\/2"}],"replies":[{"embeddable":true,"href":"https:\/\/pb.edu.pl\/djk\/wp-json\/wp\/v2\/comments?post=1263"}],"version-history":[{"count":0,"href":"https:\/\/pb.edu.pl\/djk\/wp-json\/wp\/v2\/pages\/1263\/revisions"}],"up":[{"embeddable":true,"href":"https:\/\/pb.edu.pl\/djk\/wp-json\/wp\/v2\/pages\/1037"}],"wp:attachment":[{"href":"https:\/\/pb.edu.pl\/djk\/wp-json\/wp\/v2\/media?parent=1263"}],"curies":[{"name":"wp","href":"https:\/\/api.w.org\/{rel}","templated":true}]}}