{"id":1261,"date":"2023-02-11T19:37:19","date_gmt":"2023-02-11T18:37:19","guid":{"rendered":"https:\/\/pb.edu.pl\/djk\/?page_id=1261"},"modified":"2025-12-11T20:13:14","modified_gmt":"2025-12-11T19:13:14","slug":"tworzenie-nowych-kierunkow-studiow-1-i-2-stopnia","status":"publish","type":"page","link":"https:\/\/pb.edu.pl\/djk\/tworzenie-i-modernizowanie-kierunkow-studiow\/tworzenie-nowych-kierunkow-studiow-1-i-2-stopnia\/","title":{"rendered":"Tworzenie nowych kierunk\u00f3w studi\u00f3w pierwszego i drugiego stopnia"},"content":{"rendered":"<p>Jednym z efekt\u00f3w innowacyjno\u015bci uczelni wy\u017cszych jest doskonalenie oferty dydaktycznej w powi\u0105zaniu z najnowszymi osi\u0105gni\u0119ciami nauki. Innowacyjno\u015b\u0107 ta jest najcz\u0119\u015bciej uto\u017csamiana z tworzeniem &#8222;nowych&#8221; kierunk\u00f3w studi\u00f3w. Oczekuje si\u0119 bowiem, \u017ce uczelnie, w odpowiedzi na zmieniaj\u0105ce si\u0119 zapotrzebowanie gospodarki, a tak\u017ce rynku pracy, b\u0119d\u0105 tworzy\u0107 nowe kierunki studi\u00f3w.<\/p>\n<p>Potrzeba tworzenia nowych ofert dydaktycznych &#8211; wynikaj\u0105cych z rozwoju bada\u0144 naukowych, a tak\u017ce oczekiwa\u0144 spo\u0142ecze\u0144stwa i gospodarki &#8211; wydaje si\u0119 oczywista. Tworzenie nowych kierunk\u00f3w studi\u00f3w powinno by\u0107 przeprowadzone zgodnie z obowi\u0105zuj\u0105cymi aktami prawnymi.<br \/>\n&nbsp;<\/p>\n<div class=\"h3\">Uchwa\u0142y i Zarz\u0105dzenia<\/div>\n<p><a href=\"https:\/\/bd.uci.pb.edu.pl\/423-lista\/d\/956\/5\/\">UCHWA\u0141A NR 161\/XVII\/XVI\/2022 Senatu Politechniki Bia\u0142ostockiej z dnia 20 stycznia 2022 r. w sprawie okre\u015blenia wytycznych w sprawie warunk\u00f3w, jakim powinny odpowiada\u0107 programy studi\u00f3w na studiach pierwszego, drugiego stopnia oraz jednolitych studiach magisterskich w Politechnice Bia\u0142ostockiej<\/a><\/p>\n<p><a href=\"https:\/\/bd.uci.pb.edu.pl\/423-lista\/d\/2571\/5\/\">UCHWA\u0141A NR 73\/XIII\/XVII\/2025 Senatu Politechniki Bia\u0142ostockiej z dnia 20 listopada 2025 roku w sprawie zmiany uchwa\u0142y Senatu Politechniki Bia\u0142ostockiej w sprawie okre\u015blenia wytycznych w sprawie warunk\u00f3w, jakim powinny odpowiada\u0107 programy studi\u00f3w na studiach pierwszego, drugiego stopnia oraz jednolitych studiach magisterskich<\/a><\/p>\n<p><a href=\"https:\/\/bd.uci.pb.edu.pl\/423-lista\/d\/853\/5\/\">Zarz\u0105dzenie nr 10\/2024 Rektora Politechniki Bia\u0142ostockiej z dnia 12 lutego 2024 roku w sprawie wprowadzenia w \u017cycie Procedur projektowania, ustalania, monitoringu i zmiany program\u00f3w studi\u00f3w oraz tworzenia i zaprzestania prowadzenia studi\u00f3w na okre\u015blonym kierunku, poziomie i profilu kszta\u0142cenia w Politechnice Bia\u0142ostockiej<\/a><\/p>\n<p><a href=\"https:\/\/bd.uci.pb.edu.pl\/423-lista\/d\/787\/5\/\">Zarz\u0105dzenie nr 36\/2023 Rektora Politechniki Bia\u0142ostockiej z dnia 30 marca 2023 roku w sprawie ustalenia wzoru jednolitej karty przedmiotu dla studi\u00f3w pierwszego, drugiego stopnia oraz jednolitych studi\u00f3w magisterskich, a tak\u017ce karty przedmiot\u00f3w dla studi\u00f3w podyplomowych, prowadzonych w Politechnice Bia\u0142ostockiej<\/a><br \/>\n&nbsp;<\/p>\n<div class=\"h3\">Dokumenty do pobrania<\/div>\n<p><a href=\"\/djk\/dokumenty-do-pobrania\/tworzenie-nowych-kierunkow-studiow-1-i-2-st\/\">Wz\u00f3r programu studi\u00f3w pierwszego i drugiego stopnia<\/a><\/p>\n<p><a href=\"\/djk\/dokumenty-do-pobrania\/tworzenie-nowych-kierunkow-studiow-1-i-2-st\/\">Wykaz dokument\u00f3w do\u0142\u0105czanych do programu studi\u00f3w pierwszego i drugiego stopnia<\/a><\/p>\n<p><a href=\"\/djk\/dokumenty-do-pobrania\/tworzenie-nowych-kierunkow-studiow-1-i-2-st\/\">Wz\u00f3r wniosku o utworzenie kierunku studi\u00f3w pierwszego i drugiego stopnia<\/a><\/p>\n<p><a href=\"\/djk\/dokumenty-do-pobrania\/tworzenie-nowych-kierunkow-studiow-1-i-2-st\/\">Zestawienie przedmiot\u00f3w zwi\u0105zanych ze zr\u00f3wnowa\u017conym rozwojem<\/a><\/p>\n<hr>\n<p><a href=\"\/djk\/dokumenty-do-pobrania\/tworzenie-nowych-kierunkow-studiow-1-i-2-st\/\">Przedmioty HES<\/a><\/p>\n<p><a href=\"\/djk\/dokumenty-do-pobrania\/tworzenie-nowych-kierunkow-studiow-1-i-2-st\/\">Karty przedmiotu<\/a><\/p>\n<p><a href=\"\/djk\/dokumenty-do-pobrania\/tworzenie-nowych-kierunkow-studiow-1-i-2-st\/\">Plany studi\u00f3w<\/a><\/p>\n<p>&nbsp;<\/p>\n<p><a class=\"h3\" href=\"\/djk\/akty-prawne\/\">Ustawy i Rozporz\u0105dzenia<\/a><\/p>\n","protected":false},"excerpt":{"rendered":"<p>Jednym z efekt\u00f3w innowacyjno\u015bci uczelni wy\u017cszych jest doskonalenie oferty dydaktycznej w powi\u0105zaniu z najnowszymi osi\u0105gni\u0119ciami<\/p>\n","protected":false},"author":2,"featured_media":0,"parent":1037,"menu_order":1,"comment_status":"closed","ping_status":"closed","template":"","meta":{"_acf_changed":false,"ngg_post_thumbnail":0,"footnotes":""},"class_list":["post-1261","page","type-page","status-publish","hentry"],"acf":[],"_links":{"self":[{"href":"https:\/\/pb.edu.pl\/djk\/wp-json\/wp\/v2\/pages\/1261","targetHints":{"allow":["GET"]}}],"collection":[{"href":"https:\/\/pb.edu.pl\/djk\/wp-json\/wp\/v2\/pages"}],"about":[{"href":"https:\/\/pb.edu.pl\/djk\/wp-json\/wp\/v2\/types\/page"}],"author":[{"embeddable":true,"href":"https:\/\/pb.edu.pl\/djk\/wp-json\/wp\/v2\/users\/2"}],"replies":[{"embeddable":true,"href":"https:\/\/pb.edu.pl\/djk\/wp-json\/wp\/v2\/comments?post=1261"}],"version-history":[{"count":0,"href":"https:\/\/pb.edu.pl\/djk\/wp-json\/wp\/v2\/pages\/1261\/revisions"}],"up":[{"embeddable":true,"href":"https:\/\/pb.edu.pl\/djk\/wp-json\/wp\/v2\/pages\/1037"}],"wp:attachment":[{"href":"https:\/\/pb.edu.pl\/djk\/wp-json\/wp\/v2\/media?parent=1261"}],"curies":[{"name":"wp","href":"https:\/\/api.w.org\/{rel}","templated":true}]}}