{"id":1225,"date":"2023-02-11T16:01:16","date_gmt":"2023-02-11T15:01:16","guid":{"rendered":"https:\/\/pb.edu.pl\/djk\/?page_id=1225"},"modified":"2025-11-28T10:16:50","modified_gmt":"2025-11-28T09:16:50","slug":"akredytacje-pka","status":"publish","type":"page","link":"https:\/\/pb.edu.pl\/djk\/akredytacje\/akredytacje-pka\/","title":{"rendered":"Akredytacje Polskiej Komisji Akredytacyjnej (PKA)"},"content":{"rendered":"<p><a  class=\"pdf\" href=\"https:\/\/pb.edu.pl\/djk\/wp-content\/uploads\/sites\/95\/2025\/11\/Przyznane-akredytacje-PKA.pdf\" target=\"_blank\" data-id=\"1896\" >Przyznane akredytacje PKA <span>(PDF, 160 KB, otworzy si\u0119 w nowej karcie)<\/span><\/a> <\/p>\n<hr>\n<p><a href=\"https:\/\/pka.edu.pl\/dla-uczelni\/wzory-raportow-samooceny\/\">Wzory raport\u00f3w PKA<\/a><\/p>\n<hr>\n<p><a class=\"pdf\" href=\"https:\/\/pb.edu.pl\/wp-content\/uploads\/2020\/10\/Rozporz\u0105dzenie-MNiSW-z-dnia-12-wrze\u015bnia-2018-r.-w-sprawie-kryteri\u00f3w-oceny-programowej.pdf\" target=\"_blank\" rel=\"noopener\">Rozporz\u0105dzenie MNiSW z dnia 12 wrze\u015bnia 2018 r. w sprawie kryteri\u00f3w oceny programowej (PDF, 95 KB, otworzy si\u0119 w nowej karcie)<\/a><\/p>\n<hr>\n<p><a href=\"https:\/\/www.pka.edu.pl\/\">Polska Komisja Akredytacyjna<\/a><\/p>\n","protected":false},"excerpt":{"rendered":"<p>Przyznane akredytacje PKA (PDF, 160 KB, otworzy si\u0119 w nowej karcie) Wzory raport\u00f3w PKA Rozporz\u0105dzenie<\/p>\n","protected":false},"author":2,"featured_media":0,"parent":1034,"menu_order":1,"comment_status":"closed","ping_status":"closed","template":"","meta":{"_acf_changed":false,"ngg_post_thumbnail":0,"footnotes":""},"class_list":["post-1225","page","type-page","status-publish","hentry"],"acf":[],"_links":{"self":[{"href":"https:\/\/pb.edu.pl\/djk\/wp-json\/wp\/v2\/pages\/1225","targetHints":{"allow":["GET"]}}],"collection":[{"href":"https:\/\/pb.edu.pl\/djk\/wp-json\/wp\/v2\/pages"}],"about":[{"href":"https:\/\/pb.edu.pl\/djk\/wp-json\/wp\/v2\/types\/page"}],"author":[{"embeddable":true,"href":"https:\/\/pb.edu.pl\/djk\/wp-json\/wp\/v2\/users\/2"}],"replies":[{"embeddable":true,"href":"https:\/\/pb.edu.pl\/djk\/wp-json\/wp\/v2\/comments?post=1225"}],"version-history":[{"count":0,"href":"https:\/\/pb.edu.pl\/djk\/wp-json\/wp\/v2\/pages\/1225\/revisions"}],"up":[{"embeddable":true,"href":"https:\/\/pb.edu.pl\/djk\/wp-json\/wp\/v2\/pages\/1034"}],"wp:attachment":[{"href":"https:\/\/pb.edu.pl\/djk\/wp-json\/wp\/v2\/media?parent=1225"}],"curies":[{"name":"wp","href":"https:\/\/api.w.org\/{rel}","templated":true}]}}