{"id":1149,"date":"2023-02-10T21:29:08","date_gmt":"2023-02-10T20:29:08","guid":{"rendered":"https:\/\/pb.edu.pl\/djk\/?page_id=1149"},"modified":"2025-09-16T17:26:05","modified_gmt":"2025-09-16T15:26:05","slug":"komisja-ds-jakosci-ksztalcenia-studiow-podyplomowych","status":"publish","type":"page","link":"https:\/\/pb.edu.pl\/djk\/komisje-ds-jakosci-ksztalcenia\/komisja-ds-jakosci-ksztalcenia-studiow-podyplomowych\/","title":{"rendered":"Komisja ds. Jako\u015bci Kszta\u0142cenia Studi\u00f3w Podyplomowych"},"content":{"rendered":"<p><strong>Komisj\u0119 ds. Jako\u015bci Kszta\u0142cenia Studi\u00f3w Podyplomowych (KdsJKSP)<\/strong> powo\u0142uje prorektor ds. kszta\u0142cenia.<\/p>\n<p>Do zakresu dzia\u0142ania KdsJKSP nale\u017cy:<\/p>\n<ul>\n<li>opiniowanie nowo projektowanych oraz modernizowanych program\u00f3w studi\u00f3w podyplomowych;<\/li>\n<li>analiza ankiet uczestnik\u00f3w studi\u00f3w podyplomowych dotycz\u0105cych oceny dzia\u0142alno\u015bci dydaktycznej nauczycieli akademickich oraz innych os\u00f3b prowadz\u0105cych zaj\u0119cia;<\/li>\n<li>inicjowanie dzia\u0142a\u0144 promuj\u0105cych \u201edobr\u0105 dydaktyk\u0119&#8221; oraz dzia\u0142a\u0144 naprawczych;<\/li>\n<li>sporz\u0105dzanie raport\u00f3w z realizacji zada\u0144 Komisji ds. Jako\u015bci Kszta\u0142cenia Studi\u00f3w Podyplomowych oraz przedstawianie ich dziekanom wydzia\u0142\u00f3w, na kt\u00f3rych s\u0105 prowadzone studia podyplomowe oraz DJK;<\/li>\n<li>sporz\u0105dzenie raportu ko\u0144cowego z rocznej dzia\u0142alno\u015bci Komisji ds. Jako\u015bci Kszta\u0142cenia Studi\u00f3w Podyplomowych przekazywanego dziekanom wydzia\u0142\u00f3w, na  kt\u00f3rych s\u0105 prowadzone studia podyplomowe oraz prorektorowi ds. kszta\u0142cenia.<\/li>\n<\/ul>\n<p>&nbsp;<\/p>\n<div class=\"h3\">Sk\u0142ad Komisji ds. Jako\u015bci Kszta\u0142cenia Studi\u00f3w Podyplomowych:<\/div>\n<ul>\n<li><strong>dr in\u017c. El\u017cbieta Krawczyk<\/strong> \u2013 przewodnicz\u0105ca Komisji ds. Jako\u015bci Kszta\u0142cenia Studi\u00f3w Podyplomowych (WIZ),  <i class=\"fal fa-envelope\"><\/i> <a href=\"#\" rel=\"nofollow\"  onclick=\"this.href='mailto:' + 'elzbieta.krawczyk' + '@' + 'pb.edu.pl'\">elzbieta.krawczyk [at] pb.edu.pl<\/a>;<\/li>\n<li>dr in\u017c. arch. Justyna Zalewska-Grycuk (WA);<\/li>\n<li>mgr \u0141ukasz Gire\u0144 (WA);<\/li>\n<li>dr El\u017cbieta Go\u0142\u0105beska, prof. PB (WBiN\u015a);<\/li>\n<li>dr in\u017c. Monika Puchlik (WBiN\u015a);<\/li>\n<li>dr in\u017c. Roman Trochimczuk (WE);<\/li>\n<li>dr in\u017c. Jaros\u0142aw Wiater (WE);<\/li>\n<li>dr in\u017c. Pawe\u0142 Tadejko (WI);<\/li>\n<li>dr in\u017c. Magdalena Topczewska (WI);<\/li>\n<li>dr Anna Wasiluk (WIZ);<\/li>\n<li>dr in\u017c. Eliza Roma\u0144czuk-Ruszuk (WM);<\/li>\n<li>dr in\u017c. Wojciech Tarasiuk (WM).<\/li>\n<\/ul>\n<p>&nbsp;<\/p>\n<p><a  class=\"pdf\" href=\"https:\/\/pb.edu.pl\/djk\/wp-content\/uploads\/sites\/95\/2025\/09\/Harmonogram-zadan-Komisji-ds-Jakosci-Ksztalcenia-Studiow-Podyplomowych-na-rok-ak-2025-2026.pdf\" target=\"_blank\" data-id=\"1849\" >Harmonogram zada\u0144 Komisji ds Jako\u015bci Kszta\u0142cenia Studi\u00f3w Podyplomowych na rok akademicki 2025-2026 <span>(PDF, 97 KB, otworzy si\u0119 w nowej karcie)<\/span><\/a><br \/>\n&nbsp;<br \/>\n<a href=\"\/djk\/dokumenty-do-pobrania\/kjk\/\">Wz\u00f3r raportu ko\u0144cowego KdsJKSP<\/a><br \/>\n&nbsp;<\/p>\n","protected":false},"excerpt":{"rendered":"<p>Komisj\u0119 ds. Jako\u015bci Kszta\u0142cenia Studi\u00f3w Podyplomowych (KdsJKSP) powo\u0142uje prorektor ds. kszta\u0142cenia. Do zakresu dzia\u0142ania KdsJKSP<\/p>\n","protected":false},"author":2,"featured_media":0,"parent":1031,"menu_order":3,"comment_status":"closed","ping_status":"closed","template":"","meta":{"_acf_changed":false,"ngg_post_thumbnail":0,"footnotes":""},"class_list":["post-1149","page","type-page","status-publish","hentry"],"acf":[],"_links":{"self":[{"href":"https:\/\/pb.edu.pl\/djk\/wp-json\/wp\/v2\/pages\/1149","targetHints":{"allow":["GET"]}}],"collection":[{"href":"https:\/\/pb.edu.pl\/djk\/wp-json\/wp\/v2\/pages"}],"about":[{"href":"https:\/\/pb.edu.pl\/djk\/wp-json\/wp\/v2\/types\/page"}],"author":[{"embeddable":true,"href":"https:\/\/pb.edu.pl\/djk\/wp-json\/wp\/v2\/users\/2"}],"replies":[{"embeddable":true,"href":"https:\/\/pb.edu.pl\/djk\/wp-json\/wp\/v2\/comments?post=1149"}],"version-history":[{"count":0,"href":"https:\/\/pb.edu.pl\/djk\/wp-json\/wp\/v2\/pages\/1149\/revisions"}],"up":[{"embeddable":true,"href":"https:\/\/pb.edu.pl\/djk\/wp-json\/wp\/v2\/pages\/1031"}],"wp:attachment":[{"href":"https:\/\/pb.edu.pl\/djk\/wp-json\/wp\/v2\/media?parent=1149"}],"curies":[{"name":"wp","href":"https:\/\/api.w.org\/{rel}","templated":true}]}}