{"id":1147,"date":"2023-02-10T21:28:48","date_gmt":"2023-02-10T20:28:48","guid":{"rendered":"https:\/\/pb.edu.pl\/djk\/?page_id=1147"},"modified":"2025-11-07T15:49:05","modified_gmt":"2025-11-07T14:49:05","slug":"wydzialowe-komisje-ds-jakosci-ksztalcenia","status":"publish","type":"page","link":"https:\/\/pb.edu.pl\/djk\/komisje-ds-jakosci-ksztalcenia\/wydzialowe-komisje-ds-jakosci-ksztalcenia\/","title":{"rendered":"Wydzia\u0142owe Komisje ds. Jako\u015bci Kszta\u0142cenia"},"content":{"rendered":"<p><strong>Wydzia\u0142owe Komisje ds. Jako\u015bci Kszta\u0142cenia (WKdsJK)<\/strong> s\u0105 powo\u0142ywane przez dziekan\u00f3w.<\/p>\n<p>Do zakresu dzia\u0142a\u0144 WKdsJK nale\u017cy m.in.:<\/p>\n<ul>\n<li>opiniowanie nowo projektowanych oraz modernizowanych program\u00f3w studi\u00f3w;<\/li>\n<li>opiniowanie merytoryczne obsady kadrowej poszczeg\u00f3lnych kierunk\u00f3w studi\u00f3w;<\/li>\n<li>analiza ankiet studenckich dotycz\u0105cych oceny dzia\u0142alno\u015bci dydaktycznej nauczycieli akademickich oraz innych os\u00f3b prowadz\u0105cych zaj\u0119cia;<\/li>\n<li>ocena i okresowe przegl\u0105dy warunk\u00f3w i sposob\u00f3w zaliczania przedmiot\u00f3w oraz weryfikacji osi\u0105gania za\u0142o\u017conych efekt\u00f3w uczenia si\u0119;<\/li>\n<li>okresowe przegl\u0105dy i ocena prac dyplomowych pod k\u0105tem spe\u0142nienia wymaga\u0144 metodycznych i merytorycznych oraz poszanowania praw autorskich;<\/li>\n<li>inicjowanie dzia\u0142a\u0144 promuj\u0105cych \u201edobr\u0105 dydaktyk\u0119&#8221; oraz dzia\u0142a\u0144 naprawczych;<\/li>\n<li>sporz\u0105dzanie raport\u00f3w z realizacji zada\u0144 Komisji, oraz przedstawianie ich dziekanowi i Dzia\u0142owi Jako\u015bci Kszta\u0142cenia;<\/li>\n<li>sporz\u0105dzenie raportu ko\u0144cowego z rocznej dzia\u0142alno\u015bci Komisji przekazywanego dziekanowi i prorektorowi ds. kszta\u0142cenia.<\/li>\n<\/ul>\n<p>&nbsp;<\/p>\n<div class=\"h3\">Wydzia\u0142owe Komisje ds. Jako\u015bci Kszta\u0142cenia<\/div>\n<p><a href=\"https:\/\/wa.pb.edu.pl\/wydzial\/jakosc-ksztalcenia\/\">Wydzia\u0142 Architektury<\/a><\/p>\n<p><a href=\"https:\/\/wb.pb.edu.pl\/studenci\/organizacja-toku-studiow\/jakosc-ksztalcenia\/\">Wydzia\u0142 Budownictwa i Nauk o \u015arodowisku<\/a><\/p>\n<p><a href=\"https:\/\/we.pb.edu.pl\/wydzial\/jakosc-ksztalcenia\/sklad-osobowy-komisji\/\">Wydzia\u0142 Elektryczny<\/a><\/p>\n<p><a href=\"https:\/\/wi.pb.edu.pl\/wydzial\/jakosc-ksztalcenia\/\">Wydzia\u0142 Informatyki<\/a><\/p>\n<p><a href=\"https:\/\/wiz.pb.edu.pl\/wydzial\/jakosc-ksztalcenia\/\">Wydzia\u0142 In\u017cynierii Zarz\u0105dzania<\/a><\/p>\n<p><a href=\"https:\/\/wm.pb.edu.pl\/wydzial\/jakosc-ksztalcenia\/\">Wydzia\u0142 Mechaniczny<\/a><br \/>\n&nbsp;<\/p>\n<p><a  class=\"pdf\" href=\"https:\/\/pb.edu.pl\/djk\/wp-content\/uploads\/sites\/95\/2025\/09\/Harmonogram-zadan-Wydzialowych-Komisji-ds-Jakosci-Ksztascenia-na-rok-ak-2025-2026.pdf\" target=\"_blank\" data-id=\"1847\" >Harmonogram zada\u0144 Wydzia\u0142owych Komisji ds. Jako\u015bci Kszta\u0142cenia na rok akademicki 2025\/2026 <span>(PDF, 107 KB, otworzy si\u0119 w nowej karcie)<\/span><\/a><\/p>\n<p>&nbsp;<br \/>\n<a href=\"\/djk\/dokumenty-do-pobrania\/kjk\/\">Wz\u00f3r raportu ko\u0144cowego Wydzia\u0142owej Komisji ds Jako\u015bci Kszta\u0142cenia<\/a><br \/>\n&nbsp;<\/p>\n","protected":false},"excerpt":{"rendered":"<p>Wydzia\u0142owe Komisje ds. Jako\u015bci Kszta\u0142cenia (WKdsJK) s\u0105 powo\u0142ywane przez dziekan\u00f3w. Do zakresu dzia\u0142a\u0144 WKdsJK nale\u017cy<\/p>\n","protected":false},"author":2,"featured_media":0,"parent":1031,"menu_order":2,"comment_status":"closed","ping_status":"closed","template":"","meta":{"_acf_changed":false,"ngg_post_thumbnail":0,"footnotes":""},"class_list":["post-1147","page","type-page","status-publish","hentry"],"acf":[],"_links":{"self":[{"href":"https:\/\/pb.edu.pl\/djk\/wp-json\/wp\/v2\/pages\/1147","targetHints":{"allow":["GET"]}}],"collection":[{"href":"https:\/\/pb.edu.pl\/djk\/wp-json\/wp\/v2\/pages"}],"about":[{"href":"https:\/\/pb.edu.pl\/djk\/wp-json\/wp\/v2\/types\/page"}],"author":[{"embeddable":true,"href":"https:\/\/pb.edu.pl\/djk\/wp-json\/wp\/v2\/users\/2"}],"replies":[{"embeddable":true,"href":"https:\/\/pb.edu.pl\/djk\/wp-json\/wp\/v2\/comments?post=1147"}],"version-history":[{"count":0,"href":"https:\/\/pb.edu.pl\/djk\/wp-json\/wp\/v2\/pages\/1147\/revisions"}],"up":[{"embeddable":true,"href":"https:\/\/pb.edu.pl\/djk\/wp-json\/wp\/v2\/pages\/1031"}],"wp:attachment":[{"href":"https:\/\/pb.edu.pl\/djk\/wp-json\/wp\/v2\/media?parent=1147"}],"curies":[{"name":"wp","href":"https:\/\/api.w.org\/{rel}","templated":true}]}}