{"id":1145,"date":"2023-02-10T21:28:21","date_gmt":"2023-02-10T20:28:21","guid":{"rendered":"https:\/\/pb.edu.pl\/djk\/?page_id=1145"},"modified":"2025-12-10T14:04:27","modified_gmt":"2025-12-10T13:04:27","slug":"uczelniana-komisja-ds-jakosci-ksztalcenia","status":"publish","type":"page","link":"https:\/\/pb.edu.pl\/djk\/komisje-ds-jakosci-ksztalcenia\/uczelniana-komisja-ds-jakosci-ksztalcenia\/","title":{"rendered":"Uczelniana Komisja ds. Jako\u015bci Kszta\u0142cenia"},"content":{"rendered":"<p><strong>Uczelnian\u0105 Komisj\u0119 ds. Jako\u015bci Kszta\u0142cenia (UKdsJK)<\/strong> wsp\u00f3\u0142tworz\u0105 przedstawiciele wydzia\u0142\u00f3w, centr\u00f3w dydaktycznych i jednostek administracji uczelnianej oraz studenci.<\/p>\n<p>Do g\u0142\u00f3wnych zada\u0144 UKdsJK nale\u017cy monitorowanie i doskonalenie Systemu Zapewnienia Jako\u015bci Kszta\u0142cenia (SZJK) poprzez m.in.:<\/p>\n<ul>\n<li>inicjowanie formalnych zmian w prawie uczelnianym;<\/li>\n<li>opiniowanie program\u00f3w studi\u00f3w pierwszego i drugiego stopnia oraz jednolitych studi\u00f3w magisterskich;<\/li>\n<li>opiniowanie program\u00f3w studi\u00f3w podyplomowych;<\/li>\n<li>ustalanie zasad i cz\u0119stotliwo\u015bci podejmowanych dzia\u0142a\u0144 oraz sposobu ich wykorzystania dla poprawy jako\u015bci kszta\u0142cenia;<\/li>\n<li>opiniowanie pod wzgl\u0119dem formalnym raport\u00f3w samooceny kierunk\u00f3w studi\u00f3w opracowanych na \u017c\u0105danie instytucji kontroluj\u0105cych;<\/li>\n<li>opiniowanie propozycji wydzia\u0142\u00f3w w zakresie poddania si\u0119 ewaluacji jako\u015bci kszta\u0142cenia przez instytucj\u0119 zewn\u0119trzn\u0105;<\/li>\n<li>formu\u0142owanie wniosk\u00f3w dotycz\u0105cych wynik\u00f3w oceny przez zewn\u0119trzne instytucje kontroluj\u0105ce;<\/li>\n<li>formu\u0142owanie wniosk\u00f3w z analizy arkuszy ewaluacyjnych wype\u0142nianych przez dziekan\u00f3w;<\/li>\n<li>wsp\u00f3\u0142prac\u0119 z dziekanami wydzia\u0142\u00f3w, kierownikiem Studium J\u0119zyk\u00f3w Obcych, kierownikiem Studium Wychowania Fizycznego i Sportu oraz z w\u0142a\u015bciwymi komisjami ds. Jako\u015bci Kszta\u0142cenia;<\/li>\n<li>wsp\u00f3\u0142prac\u0119 z Senack\u0105 Komisj\u0105 ds. Studenckich i Kszta\u0142cenia w sprawach dotycz\u0105cych jako\u015bci kszta\u0142cenia.<\/li>\n<\/ul>\n<p><a href=\"https:\/\/bd.uci.pb.edu.pl\/423-lista\/d\/2538\/5\/\">Zarz\u0105dzenie nr 107\/2025 Rektora Politechniki Bia\u0142ostockiej z dnia 5 listopada 2025 roku w sprawie powo\u0142ania Uczelnianej Komisji ds. Jako\u015bci Kszta\u0142cenia, zespo\u0142u ds. studi\u00f3w pierwszego stopnia, drugiego stopnia i jednolitych studi\u00f3w magisterskich UKdsJK, zespo\u0142u ds. studi\u00f3w podyplomowych UKdsJK, Komisji ds. Jako\u015bci Kszta\u0142cenia Szko\u0142y Doktorskiej Politechniki Bia\u0142ostockiej oraz Komisji ds. Program\u00f3w Kszta\u0142cenia Szko\u0142y Doktorskiej Politechniki Bia\u0142ostockiej<\/a><br \/>\n&nbsp;<\/p>\n<div class=\"panel-group\" id=\"custom-collapse-0\">\n<div class=\"panel panel-default\">\n\t\t\t\t<div class=\"panel-heading\">\n\t\t\t\t\t<div class=\"panel-title\">\n\t\t\t\t\t\t<a class=\"collapsed h4\" data-toggle=\"collapse\" data-parent=\"#custom-collapse-0\" href=\"#custom-collapse-0-0\">Sk\u0142ad Uczelnianej Komisji ds. Jako\u015bci Kszta\u0142cenia (UKdsJK)<\/a>\n\t\t\t\t\t<\/div>\n\t\t\t\t<\/div>\n\t\t\t\t<div id=\"custom-collapse-0-0\" class=\"panel-collapse collapse\">\n\t\t\t\t\t<div class=\"panel-body\">\nZgodnie z Zarz\u0105dzeniem nr 107\/2025 Rektora Politechniki Bia\u0142ostockiej z dnia 5 listopada 2025 roku w sprawie powo\u0142ania Uczelnianej Komisji ds. Jako\u015bci Kszta\u0142cenia, zespo\u0142u ds. studi\u00f3w pierwszego stopnia, drugiego stopnia i jednolitych studi\u00f3w magisterskich UKdsJK, zespo\u0142u ds. studi\u00f3w podyplomowych UKdsJK, Komisji ds. Jako\u015bci Kszta\u0142cenia Szko\u0142y Doktorskiej Politechniki Bia\u0142ostockiej oraz Komisji ds. Program\u00f3w Kszta\u0142cenia Szko\u0142y Doktorskiej Politechniki Bia\u0142ostockiej, cz\u0142onkami Uczelnianej Komisji ds. Jako\u015bci Kszta\u0142cenia s\u0105:<\/p>\n<ul>\n<li>dr in\u017c. Zofia Tyszkiewicz \u2013 przewodnicz\u0105ca (WBiN\u015a);<\/li>\n<li>dr hab. in\u017c. Zbigniew Skibko, prof. PB \u2013 zast\u0119pca przewodnicz\u0105cej (WE);<\/li>\n<li>mgr Monika Bogacewicz &#8211; sekretarz (DJK);<\/li>\n<li>dr hab. Agnieszka Dardzi\u0144ska-G\u0142\u0119bocka, prof. PB \u2013 Pe\u0142nomocnik Rektora ds. akredytacji i certyfikacji (WM);<\/li>\n<li>dr in\u017c. Joanna Kr\u0119towska, prof. PB \u2013 kierownik Dzia\u0142u Jako\u015bci Kszta\u0142cenia (WBiN\u015a);<\/li>\n<li>dr hab. in\u017c. Joanna Kazimierowicz, prof. PB &#8211; Prodziekan ds. studenckich i kszta\u0142cenia (WBiN\u015a);<\/li>\n<li>dr in\u017c. Andrzej Chmielewski, prof. PB &#8211; Prodziekan ds. studenckich i kszta\u0142cenia (WI);<\/li>\n<li>dr hab. in\u017c. Edyta Pawluczuk &#8211; Prodziekan ds. studenckich i kszta\u0142cenia (WBiN\u015a);<\/li>\n<li>dr in\u017c. Adam Bajkowski &#8211; Prodziekan ds. studenckich i kszta\u0142cenia (WM);<\/li>\n<li>dr in\u017c. S\u0142awomir Kwie\u0107kowski &#8211; Prodziekan ds. studenckich i kszta\u0142cenia (WE);<\/li>\n<li>dr Julia Siderska &#8211; Prodziekan ds. studenckich i kszta\u0142cenia (WIZ);<\/li>\n<li>dr Magdalena Toczyd\u0142owska &#8211; Prodziekan ds. studenckich i kszta\u0142cenia (WA);<\/li>\n<li>dr hab. in\u017c. Andrzej Kazberuk, prof. PB (WM);<\/li>\n<li>dr hab. in\u017c. Grzegorz Mieczkowski, prof. PB (WM);<\/li>\n<li>dr in\u017c. Anna Olszewska, prof. PB (WIZ);<\/li>\n<li>dr in\u017c. Anna Siemieniuk, prof. PB (WBiN\u015a);<\/li>\n<li>dr El\u017cbieta Go\u0142\u0105beska, prof. PB (WBiN\u015a);<\/li>\n<li>dr Marta Jarocka, prof. PB (WIZ);<\/li>\n<li>dr in\u017c. arch. Monika Magdziak (WA);<\/li>\n<li>dr in\u017c. arch. Robert Misiuk (WA);<\/li>\n<li>dr in\u017c. Piotr Jankowski (WM);<\/li>\n<li>dr in\u017c. Krzysztof Kulikowski (WE);<\/li>\n<li>dr in\u017c. Krzysztof \u0141ukaszewicz (WIZ);<\/li>\n<li>dr in\u017c. Anna \u0141upi\u0144ska-Dubicka (WI);<\/li>\n<li>dr in\u017c. Ma\u0142gorzata Rauba (WBiN\u015a);<\/li>\n<li>dr Marzena Filipowicz-Chomko (WI);<\/li>\n<li>dr Justyna Grze\u015b-Buk\u0142aho \u2013 Kierownik Sekcji ds. Organizacji Kszta\u0142cenia (WIZ);<\/li>\n<li>mgr Violetta Grabi\u0144ska \u2013 Kierownik Studium J\u0119zyk\u00f3w Obcych;<\/li>\n<li>mgr Justyna Walendziewicz \u2013 zast\u0119pca kierownika CSSDR;<\/li>\n<li>Maria Czarniecka (SSPB);<\/li>\n<li>Bart\u0142omiej Pieczy\u0144ski (SSPB).<\/li>\n<\/ul>\n<\/div>\n\t\t\t\t<\/div>\n\t\t\t<\/div>\n<div class=\"panel panel-default\">\n\t\t\t\t<div class=\"panel-heading\">\n\t\t\t\t\t<div class=\"panel-title\">\n\t\t\t\t\t\t<a class=\"collapsed h4\" data-toggle=\"collapse\" data-parent=\"#custom-collapse-0\" href=\"#custom-collapse-0-1\">Zesp\u00f3\u0142 ds. studi\u00f3w pierwszego i drugiego stopnia oraz jednolitych studi\u00f3w magisterskich UKdsJK<\/a>\n\t\t\t\t\t<\/div>\n\t\t\t\t<\/div>\n\t\t\t\t<div id=\"custom-collapse-0-1\" class=\"panel-collapse collapse\">\n\t\t\t\t\t<div class=\"panel-body\">\nW ramach Uczelnianej Komisji ds. Jako\u015bci Kszta\u0142cenia powo\u0142any jest zesp\u00f3\u0142 ds. studi\u00f3w pierwszego stopnia, drugiego stopnia i jednolitych studi\u00f3w magisterskich w nast\u0119puj\u0105cym sk\u0142adzie osobowym:<\/p>\n<ul>\n<li>dr in\u017c. Zofia Tyszkiewicz \u2013 przewodnicz\u0105ca (WBiN\u015a);<\/li>\n<li>dr hab. in\u017c. Zbigniew Skibko, prof. PB \u2013 zast\u0119pca przewodnicz\u0105cej (WE);<\/li>\n<li>dr hab. Agnieszka Dardzi\u0144ska-G\u0142\u0119bocka, prof. PB \u2013 Pe\u0142nomocnik Rektora ds. akredytacji i certyfikacji (WM);<\/li>\n<li>dr hab. in\u017c. Andrzej Kazberuk, prof. PB (WM);<\/li>\n<li>dr hab. in\u017c. Joanna Kazimierowicz, prof. PB (WBiN\u015a);<\/li>\n<li>dr hab. in\u017c. Grzegorz Mieczkowski, prof. PB (WM);<\/li>\n<li>dr in\u017c. Andrzej Chmielewski, prof. PB (WI);<\/li>\n<li>dr in\u017c. Anna Olszewska, prof. PB (WIZ);<\/li>\n<li>dr in\u017c. Anna Siemieniuk, prof. PB (WBiN\u015a);<\/li>\n<li>dr El\u017cbieta Go\u0142\u0105beska, prof. PB (WBiN\u015a);<\/li>\n<li>dr Marta Jarocka, prof. PB (WIZ);<\/li>\n<li>dr hab. in\u017c. Edyta Pawluczuk (WBiN\u015a);<\/li>\n<li>dr in\u017c. arch. Monika Magdziak (WA);<\/li>\n<li>dr in\u017c. arch. Robert Misiuk (WA);<\/li>\n<li>dr in\u017c. Adam Bajkowski (WM);<\/li>\n<li>dr in\u017c. Piotr Jankowski (WM);<\/li>\n<li>dr in\u017c. Krzysztof Kulikowski (WE);<\/li>\n<li>dr in\u017c. S\u0142awomir Kwie\u0107kowski (WE);<\/li>\n<li>dr in\u017c. Krzysztof \u0141ukaszewicz (WIZ);<\/li>\n<li>dr Marzena Filipowicz-Chomko (WI);<\/li>\n<li>dr Magdalena Toczyd\u0142owska (WA);<\/li>\n<li>mgr Violetta Grabi\u0144ska (SJO);<\/li>\n<li>mgr Justyna Walendziewicz \u2013 (CSSDR);<\/li>\n<li>Maria Czarniecka (SSPB);<\/li>\n<li>Bart\u0142omiej Pieczy\u0144ski (SSPB).<\/li>\n<\/ul>\n<\/div>\n\t\t\t\t<\/div>\n\t\t\t<\/div>\n<div class=\"panel panel-default\">\n\t\t\t\t<div class=\"panel-heading\">\n\t\t\t\t\t<div class=\"panel-title\">\n\t\t\t\t\t\t<a class=\"collapsed h4\" data-toggle=\"collapse\" data-parent=\"#custom-collapse-0\" href=\"#custom-collapse-0-2\">Zesp\u00f3\u0142 ds. studi\u00f3w podyplomowych UKdsJK<\/a>\n\t\t\t\t\t<\/div>\n\t\t\t\t<\/div>\n\t\t\t\t<div id=\"custom-collapse-0-2\" class=\"panel-collapse collapse\">\n\t\t\t\t\t<div class=\"panel-body\">\nW ramach Uczelnianej Komisji ds. Jako\u015bci Kszta\u0142cenia powo\u0142any jest zesp\u00f3\u0142 ds. studi\u00f3w podyplomowych w nast\u0119puj\u0105cym sk\u0142adzie osobowym:<\/p>\n<ul>\n<li>dr in\u017c. Zofia Tyszkiewicz \u2013 przewodnicz\u0105ca (WBiN\u015a);<\/li>\n<li>dr hab. in\u017c. Zbigniew Skibko, prof. PB \u2013 zast\u0119pca przewodnicz\u0105cej (WE);<\/li>\n<li>dr in\u017c. Anna \u0141upi\u0144ska-Dubicka (WI);<\/li>\n<li>dr in\u017c. Ma\u0142gorzata Rauba (WBiN\u015a);<\/li>\n<li>dr Justyna Grze\u015b-Buk\u0142aho (WIZ);<\/li>\n<li>dr Julia Siderska (WIZ).<\/li>\n<\/ul>\n<\/div>\n\t\t\t\t<\/div>\n\t\t\t<\/div>\n<\/div>\n&nbsp;<\/p>\n<p><a class=\"pdf\" href=\"https:\/\/pb.edu.pl\/djk\/wp-content\/uploads\/sites\/95\/2024\/04\/Harmonogram-prac-UKdsJK.pdf\" target=\"_blank\" rel=\"noopener\" data-id=\"1704\">Harmonogram prac UKdsJK (PDF, 83 KB, otworzy si\u0119 w nowej karcie)<\/a><br \/>\n&nbsp;<\/p>\n","protected":false},"excerpt":{"rendered":"<p>Uczelnian\u0105 Komisj\u0119 ds. Jako\u015bci Kszta\u0142cenia (UKdsJK) wsp\u00f3\u0142tworz\u0105 przedstawiciele wydzia\u0142\u00f3w, centr\u00f3w dydaktycznych i jednostek administracji uczelnianej<\/p>\n","protected":false},"author":2,"featured_media":0,"parent":1031,"menu_order":1,"comment_status":"closed","ping_status":"closed","template":"","meta":{"_acf_changed":false,"ngg_post_thumbnail":0,"footnotes":""},"class_list":["post-1145","page","type-page","status-publish","hentry"],"acf":[],"_links":{"self":[{"href":"https:\/\/pb.edu.pl\/djk\/wp-json\/wp\/v2\/pages\/1145","targetHints":{"allow":["GET"]}}],"collection":[{"href":"https:\/\/pb.edu.pl\/djk\/wp-json\/wp\/v2\/pages"}],"about":[{"href":"https:\/\/pb.edu.pl\/djk\/wp-json\/wp\/v2\/types\/page"}],"author":[{"embeddable":true,"href":"https:\/\/pb.edu.pl\/djk\/wp-json\/wp\/v2\/users\/2"}],"replies":[{"embeddable":true,"href":"https:\/\/pb.edu.pl\/djk\/wp-json\/wp\/v2\/comments?post=1145"}],"version-history":[{"count":0,"href":"https:\/\/pb.edu.pl\/djk\/wp-json\/wp\/v2\/pages\/1145\/revisions"}],"up":[{"embeddable":true,"href":"https:\/\/pb.edu.pl\/djk\/wp-json\/wp\/v2\/pages\/1031"}],"wp:attachment":[{"href":"https:\/\/pb.edu.pl\/djk\/wp-json\/wp\/v2\/media?parent=1145"}],"curies":[{"name":"wp","href":"https:\/\/api.w.org\/{rel}","templated":true}]}}