{"id":1118,"date":"2023-02-10T21:08:46","date_gmt":"2023-02-10T20:08:46","guid":{"rendered":"https:\/\/pb.edu.pl\/djk\/?page_id=1118"},"modified":"2025-12-11T20:16:06","modified_gmt":"2025-12-11T19:16:06","slug":"ksiega-procedur","status":"publish","type":"page","link":"https:\/\/pb.edu.pl\/djk\/system-zapewnienia-jakosci-ksztalcenia-w-pb\/ksiega-procedur\/","title":{"rendered":"Ksi\u0119ga procedur"},"content":{"rendered":"<p><a  class=\"pdf\" href=\"https:\/\/pb.edu.pl\/djk\/wp-content\/uploads\/sites\/95\/2025\/12\/ksiega-procedur-zapewnienia-jakosci-ksztalcenia-PB.pdf\" target=\"_blank\" data-id=\"1936\" >Ksi\u0119ga procedur zapewnienia jako\u015bci kszta\u0142cenia w PB <span>(PDF, 2 MB, otworzy si\u0119 w nowej karcie)<\/span><\/a><\/p>\n","protected":false},"excerpt":{"rendered":"<p>Ksi\u0119ga procedur zapewnienia jako\u015bci kszta\u0142cenia w PB (PDF, 2 MB, otworzy si\u0119 w nowej karcie)<\/p>\n","protected":false},"author":2,"featured_media":0,"parent":1028,"menu_order":2,"comment_status":"closed","ping_status":"closed","template":"","meta":{"_acf_changed":false,"ngg_post_thumbnail":0,"footnotes":""},"class_list":["post-1118","page","type-page","status-publish","hentry"],"acf":[],"_links":{"self":[{"href":"https:\/\/pb.edu.pl\/djk\/wp-json\/wp\/v2\/pages\/1118","targetHints":{"allow":["GET"]}}],"collection":[{"href":"https:\/\/pb.edu.pl\/djk\/wp-json\/wp\/v2\/pages"}],"about":[{"href":"https:\/\/pb.edu.pl\/djk\/wp-json\/wp\/v2\/types\/page"}],"author":[{"embeddable":true,"href":"https:\/\/pb.edu.pl\/djk\/wp-json\/wp\/v2\/users\/2"}],"replies":[{"embeddable":true,"href":"https:\/\/pb.edu.pl\/djk\/wp-json\/wp\/v2\/comments?post=1118"}],"version-history":[{"count":0,"href":"https:\/\/pb.edu.pl\/djk\/wp-json\/wp\/v2\/pages\/1118\/revisions"}],"up":[{"embeddable":true,"href":"https:\/\/pb.edu.pl\/djk\/wp-json\/wp\/v2\/pages\/1028"}],"wp:attachment":[{"href":"https:\/\/pb.edu.pl\/djk\/wp-json\/wp\/v2\/media?parent=1118"}],"curies":[{"name":"wp","href":"https:\/\/api.w.org\/{rel}","templated":true}]}}