{"id":1070,"date":"2023-02-08T22:25:54","date_gmt":"2023-02-08T21:25:54","guid":{"rendered":"https:\/\/pb.edu.pl\/djk\/?page_id=1070"},"modified":"2026-03-25T15:35:16","modified_gmt":"2026-03-25T14:35:16","slug":"akty-prawne","status":"publish","type":"page","link":"https:\/\/pb.edu.pl\/djk\/akty-prawne\/","title":{"rendered":"Akty prawne"},"content":{"rendered":"<div class=\"h3\">Ustawy i Rozporz\u0105dzenia<\/div>\n<p><a  class=\"pdf\" href=\"https:\/\/pb.edu.pl\/djk\/wp-content\/uploads\/sites\/95\/2025\/09\/Ustawa-z-dnia-20-lipca-2018-Prawo-o-szkolnictwie-wyzszym-i-nauce.pdf\" target=\"_blank\" data-id=\"1859\" >Ustawa z dnia 20 lipca 2018 r. Prawo o szkolnictwie wy\u017cszym i nauce <span>(PDF, 2 MB, otworzy si\u0119 w nowej karcie)<\/span><\/a><\/p>\n<p><a class=\"pdf\" href=\"https:\/\/pb.edu.pl\/djk\/wp-content\/uploads\/sites\/95\/2023\/02\/Ustawa-z-dnia-13-stycznia-2023-r.-o-zmianie-ustawy-Prawo-o-szkolnictwie-wyzszym-i-nauce-oraz-niektorych-innych-ustaw.pdf\" target=\"_blank\" data-id=\"1448\" rel=\"noopener\">Ustawa z dnia 13 stycznia 2023 r. o zmianie ustawy &#8211; Prawo o szkolnictwie wy\u017cszym i nauce oraz niekt\u00f3rych innych ustaw <span>(PDF, 321 KB, otworzy si\u0119 w nowej karcie)<\/span><\/a><\/p>\n<p><a  class=\"pdf\" href=\"https:\/\/pb.edu.pl\/djk\/wp-content\/uploads\/sites\/95\/2025\/02\/Ustawa-z-dnia-22-grudnia-2015-r-o-Zintegrowanym-Systemie-Kwalifikacji.pdf\" target=\"_blank\" data-id=\"1808\" >Ustawa z dnia 22 grudnia 2015 r. o Zintegrowanym Systemie Kwalifikacji <span>(PDF, 899 KB, otworzy si\u0119 w nowej karcie)<\/span><\/a><\/p>\n<p><a class=\"pdf\" href=\"https:\/\/pb.edu.pl\/wp-content\/uploads\/2021\/03\/Rozporzadzenie-MNiSW-z-dnia-27-wrzesnia-2018-r.-w-sprawie-studiow-TEKST-UJEDNOLICONY.pdf\" target=\"_blank\" rel=\"noopener\" data-id=\"48446\">Rozporz\u0105dzenie MNiSW z dnia 27 wrze\u015bnia 2018 r. w sprawie studi\u00f3w TEKST UJEDNOLICONY (PDF, 506 KB, otworzy si\u0119 w nowej karcie)<\/a><\/p>\n<p><a class=\"pdf\" href=\"https:\/\/isap.sejm.gov.pl\/isap.nsf\/download.xsp\/WDU20220001869\/O\/D20221869.pdf\">Rozporz\u0105dzenie Ministra Edukacji i Nauki z dnia 26 sierpnia 2022 r. zmieniaj\u0105ce rozporz\u0105dzenie w sprawie studi\u00f3w<\/a><\/p>\n<p><a class=\"pdf\" href=\"https:\/\/pb.edu.pl\/wp-content\/uploads\/2020\/10\/Rozporz\u0105dzenie-MNiSW-z-dnia-14-listopada-2018-r.-w-sprawie-charakterystyk-drugiego-stopnia-efekt\u00f3w-uczenia-si\u0119.pdf\">Rozporz\u0105dzenie MNiSW z dnia 14 listopada 2018 r. w sprawie charakterystyk drugiego stopnia efekt\u00f3w uczenia si\u0119 (PDF, 147 KB, otworzy si\u0119 w nowej karcie)<\/a><\/p>\n<p><a class=\"pdf\" href=\"https:\/\/pb.edu.pl\/wp-content\/uploads\/2022\/11\/Rozporzadzenie-Ministra-Edukacji-i-Nauki-z-dnia-11-pazdziernika-2022-r.-w-sprawie-dziedzin-nauki-i-dyscyplin-naukowych-oraz-dyscyplin-artystycznych.pdf\" target=\"_blank\" rel=\"noopener\" data-id=\"79635\">Rozporz\u0105dzenie Ministra Edukacji i Nauki z dnia 11 pa\u017adziernika 2022 r. w sprawie dziedzin nauki i dyscyplin naukowych oraz dyscyplin artystycznych (PDF, 312 KB, otworzy si\u0119 w nowej karcie)<\/a><br \/>\n&nbsp;<\/p>\n<div class=\"h3\">Uchwa\u0142y Senatu PB oraz Zarz\u0105dzenie Rektora PB zwi\u0105zane z jako\u015bci\u0105 kszta\u0142cenia<\/div>\n<p><a  class=\"pdf\" href=\"https:\/\/pb.edu.pl\/djk\/wp-content\/uploads\/sites\/95\/2026\/03\/Wykaz-najwazniejszych-dokumentow-zwiazanych-z-jakoscia-ksztalcenia-w-Politechnice-Bialostockiej.pdf\" target=\"_blank\" data-id=\"1948\" >Wykaz najwa\u017cniejszych dokument\u00f3w zwi\u0105zanych z jako\u015bci\u0105 kszta\u0142cenia w Politechnice Bia\u0142ostockiej <span>(PDF, 181 KB, otworzy si\u0119 w nowej karcie)<\/span><\/a><\/p>\n<p>&nbsp;<\/p>\n<div class=\"h3\">Wa\u017cne linki<\/div>\n<p><a href=\"http:\/\/www.pka.edu.pl\/\">Polska Komisja Akredytacyjna<\/a><\/p>\n<p><a href=\"https:\/\/www.gov.pl\/web\/nauka\">Ministerstwo Nauki i Szkolnictwa Wy\u017cszego<\/a><\/p>\n<p><a href=\"https:\/\/www.kaut.agh.edu.pl\/\">Komisja Akredytacyjna Uczelni Technicznych<\/a><\/p>\n<\/div>\n","protected":false},"excerpt":{"rendered":"<p>Ustawy i Rozporz\u0105dzenia Ustawa z dnia 20 lipca 2018 r. Prawo o szkolnictwie wy\u017cszym i<\/p>\n","protected":false},"author":2,"featured_media":0,"parent":0,"menu_order":9,"comment_status":"closed","ping_status":"closed","template":"","meta":{"_acf_changed":false,"ngg_post_thumbnail":0,"footnotes":""},"class_list":["post-1070","page","type-page","status-publish","hentry"],"acf":[],"_links":{"self":[{"href":"https:\/\/pb.edu.pl\/djk\/wp-json\/wp\/v2\/pages\/1070","targetHints":{"allow":["GET"]}}],"collection":[{"href":"https:\/\/pb.edu.pl\/djk\/wp-json\/wp\/v2\/pages"}],"about":[{"href":"https:\/\/pb.edu.pl\/djk\/wp-json\/wp\/v2\/types\/page"}],"author":[{"embeddable":true,"href":"https:\/\/pb.edu.pl\/djk\/wp-json\/wp\/v2\/users\/2"}],"replies":[{"embeddable":true,"href":"https:\/\/pb.edu.pl\/djk\/wp-json\/wp\/v2\/comments?post=1070"}],"version-history":[{"count":4,"href":"https:\/\/pb.edu.pl\/djk\/wp-json\/wp\/v2\/pages\/1070\/revisions"}],"predecessor-version":[{"id":1949,"href":"https:\/\/pb.edu.pl\/djk\/wp-json\/wp\/v2\/pages\/1070\/revisions\/1949"}],"wp:attachment":[{"href":"https:\/\/pb.edu.pl\/djk\/wp-json\/wp\/v2\/media?parent=1070"}],"curies":[{"name":"wp","href":"https:\/\/api.w.org\/{rel}","templated":true}]}}