{"id":1064,"date":"2023-02-08T22:20:29","date_gmt":"2023-02-08T21:20:29","guid":{"rendered":"https:\/\/pb.edu.pl\/djk\/?page_id=1064"},"modified":"2025-12-04T11:40:51","modified_gmt":"2025-12-04T10:40:51","slug":"inne-formy-ksztalcenia","status":"publish","type":"page","link":"https:\/\/pb.edu.pl\/djk\/inne-formy-ksztalcenia\/","title":{"rendered":"Inne formy kszta\u0142cenia"},"content":{"rendered":"<p><a href=\"https:\/\/bd.uci.pb.edu.pl\/468-ulubione\/d\/699\/5\/\">Zarz\u0105dzenie nr 82\/2023 Rektora Politechniki Bia\u0142ostockiej z dnia 16 sierpnia 2023 roku w sprawie ustalenia \u201eRegulaminu innych form kszta\u0142cenia Politechniki Bia\u0142ostockiej\u201d oraz wzor\u00f3w dokument\u00f3w obowi\u0105zuj\u0105cych przy uruchomieniu i prowadzeniu innych form kszta\u0142cenia w Politechnice Bia\u0142ostockiej<\/a><br \/>\n&nbsp;<\/p>\n<p><a class=\"h3\" href=\"https:\/\/pb.edu.pl\/kursy-i-szkolenia\/oferta\/\">Oferta kurs\u00f3w i szkole\u0144 Politechniki Bia\u0142ostockiej<\/a><\/p>\n","protected":false},"excerpt":{"rendered":"<p>Zarz\u0105dzenie nr 82\/2023 Rektora Politechniki Bia\u0142ostockiej z dnia 16 sierpnia 2023 roku w sprawie ustalenia<\/p>\n","protected":false},"author":2,"featured_media":0,"parent":0,"menu_order":7,"comment_status":"closed","ping_status":"closed","template":"","meta":{"_acf_changed":false,"ngg_post_thumbnail":0,"footnotes":""},"class_list":["post-1064","page","type-page","status-publish","hentry"],"acf":[],"_links":{"self":[{"href":"https:\/\/pb.edu.pl\/djk\/wp-json\/wp\/v2\/pages\/1064","targetHints":{"allow":["GET"]}}],"collection":[{"href":"https:\/\/pb.edu.pl\/djk\/wp-json\/wp\/v2\/pages"}],"about":[{"href":"https:\/\/pb.edu.pl\/djk\/wp-json\/wp\/v2\/types\/page"}],"author":[{"embeddable":true,"href":"https:\/\/pb.edu.pl\/djk\/wp-json\/wp\/v2\/users\/2"}],"replies":[{"embeddable":true,"href":"https:\/\/pb.edu.pl\/djk\/wp-json\/wp\/v2\/comments?post=1064"}],"version-history":[{"count":0,"href":"https:\/\/pb.edu.pl\/djk\/wp-json\/wp\/v2\/pages\/1064\/revisions"}],"wp:attachment":[{"href":"https:\/\/pb.edu.pl\/djk\/wp-json\/wp\/v2\/media?parent=1064"}],"curies":[{"name":"wp","href":"https:\/\/api.w.org\/{rel}","templated":true}]}}