{"id":1040,"date":"2023-02-07T22:15:43","date_gmt":"2023-02-07T21:15:43","guid":{"rendered":"https:\/\/pb.edu.pl\/djk\/?page_id=1040"},"modified":"2025-12-10T14:18:37","modified_gmt":"2025-12-10T13:18:37","slug":"ankietyzacja-studentow","status":"publish","type":"page","link":"https:\/\/pb.edu.pl\/djk\/ankietyzacja-studentow\/","title":{"rendered":"Ankietyzacja student\u00f3w"},"content":{"rendered":"<p>Przeprowadzenie anonimowej ankiety s\u0142u\u017cy pozyskaniu opinii student\u00f3w, doktorant\u00f3w oraz uczestnik\u00f3w studi\u00f3w doktoranckich i studi\u00f3w podyplomowych o wype\u0142nianiu obowi\u0105zk\u00f3w dydaktycznych przez nauczyciela akademickiego lub inn\u0105 osob\u0119 prowadz\u0105c\u0105 zaj\u0119cia w Politechnice Bia\u0142ostockiej. Wyniki ankietyzacji student\u00f3w oraz doktorant\u00f3w stanowi\u0105 jeden z element\u00f3w obowi\u0105zkowej okresowej oceny nauczyciela akademickiego w zakresie wype\u0142niania obowi\u0105zk\u00f3w zwi\u0105zanych z kszta\u0142ceniem.<\/p>\n<div class=\"h3\">Zarz\u0105dzenia Rektora PB<\/div>\n<p><a href=\"https:\/\/bd.uci.pb.edu.pl\/423-lista\/d\/408\/5\/\">Zarz\u0105dzenie nr 66\/2024 Rektora Politechniki Bia\u0142ostockiej z dnia 26 sierpnia 2024 roku w sprawie wprowadzenia \u201eRegulaminu okre\u015blaj\u0105cego tryb i zasady przeprowadzania ankiety na studiach pierwszego stopnia, drugiego stopnia, jednolitych studiach magisterskich i studiach podyplomowych dotycz\u0105cej warunk\u00f3w studiowania oraz wype\u0142niania obowi\u0105zk\u00f3w dydaktycznych przez nauczyciela akademickiego lub inn\u0105 osob\u0119 prowadz\u0105c\u0105 zaj\u0119cia a tak\u017ce opracowywania zebranych danych<\/a><\/p>\n<p><a href=\"https:\/\/bd.uci.pb.edu.pl\/423-lista\/d\/335\/5\/\">Zarz\u0105dzenie nr 42\/2021 Rektora Politechniki Bia\u0142ostockiej z dnia 28 kwietnia 2021 roku w sprawie wprowadzenia w \u017cycie \u201eRegulaminu przyznawania nagr\u00f3d spo\u0142eczno\u015bci studenckiej Politechniki Bia\u0142ostockiej za wype\u0142nienie ankiet wyra\u017caj\u0105cych opinie student\u00f3w o wype\u0142nianiu obowi\u0105zk\u00f3w dydaktycznych przez nauczyciela akademickiego lub inn\u0105 osob\u0119 prowadz\u0105c\u0105 zaj\u0119cia\u201d <\/a><\/p>\n","protected":false},"excerpt":{"rendered":"<p>Przeprowadzenie anonimowej ankiety s\u0142u\u017cy pozyskaniu opinii student\u00f3w, doktorant\u00f3w oraz uczestnik\u00f3w studi\u00f3w doktoranckich i studi\u00f3w podyplomowych<\/p>\n","protected":false},"author":2,"featured_media":0,"parent":0,"menu_order":5,"comment_status":"closed","ping_status":"closed","template":"","meta":{"_acf_changed":false,"ngg_post_thumbnail":0,"footnotes":""},"class_list":["post-1040","page","type-page","status-publish","hentry"],"acf":[],"_links":{"self":[{"href":"https:\/\/pb.edu.pl\/djk\/wp-json\/wp\/v2\/pages\/1040","targetHints":{"allow":["GET"]}}],"collection":[{"href":"https:\/\/pb.edu.pl\/djk\/wp-json\/wp\/v2\/pages"}],"about":[{"href":"https:\/\/pb.edu.pl\/djk\/wp-json\/wp\/v2\/types\/page"}],"author":[{"embeddable":true,"href":"https:\/\/pb.edu.pl\/djk\/wp-json\/wp\/v2\/users\/2"}],"replies":[{"embeddable":true,"href":"https:\/\/pb.edu.pl\/djk\/wp-json\/wp\/v2\/comments?post=1040"}],"version-history":[{"count":0,"href":"https:\/\/pb.edu.pl\/djk\/wp-json\/wp\/v2\/pages\/1040\/revisions"}],"wp:attachment":[{"href":"https:\/\/pb.edu.pl\/djk\/wp-json\/wp\/v2\/media?parent=1040"}],"curies":[{"name":"wp","href":"https:\/\/api.w.org\/{rel}","templated":true}]}}