{"id":1028,"date":"2023-02-07T22:08:26","date_gmt":"2023-02-07T21:08:26","guid":{"rendered":"https:\/\/pb.edu.pl\/djk\/?page_id=1028"},"modified":"2025-12-05T11:21:52","modified_gmt":"2025-12-05T10:21:52","slug":"system-zapewnienia-jakosci-ksztalcenia-w-pb","status":"publish","type":"page","link":"https:\/\/pb.edu.pl\/djk\/system-zapewnienia-jakosci-ksztalcenia-w-pb\/","title":{"rendered":"System Zapewnienia Jako\u015bci Kszta\u0142cenia w Politechnice Bia\u0142ostockiej"},"content":{"rendered":"<p>Funkcjonowanie Systemu Zapewnienia Jako\u015bci Kszta\u0142cenia w Politechnice Bia\u0142ostockiej ma na celu doskonalenie systemu kszta\u0142cenia student\u00f3w, doktorant\u00f3w i uczestnik\u00f3w studi\u00f3w podyplomowych.<\/p>\n<p>System ten opiera si\u0119 na planowaniu zada\u0144, ich realizacji, analizie informacji zwrotnych, wdra\u017caniu dzia\u0142a\u0144 naprawczych i promowaniu dobrych praktyk.<\/p>\n<p><a href=\"https:\/\/bd.uci.pb.edu.pl\/423-lista\/d\/1216\/5\/\">UCHWA\u0141A nr 423\/XXXV\/XVI\/2024 Senatu Politechniki Bia\u0142ostockiej z dnia 25 stycznia 2024 roku w sprawie zaopiniowania Systemu Zapewnienia Jako\u015bci Kszta\u0142cenia w Politechnice Bia\u0142ostockiej<\/a><\/p>\n<p><a href=\"https:\/\/bd.uci.pb.edu.pl\/423-lista\/d\/341\/5\/\">Zarz\u0105dzenie nr 36\/2024 Rektora Politechniki Bia\u0142ostockiej z dnia 12 kwietnia 2024 roku w sprawie wprowadzenia w \u017cycie \u201eSystemu Zapewnienia Jako\u015bci Kszta\u0142cenia w Politechnice Bia\u0142ostockiej&#8221;<\/a><\/p>\n","protected":false},"excerpt":{"rendered":"<p>Funkcjonowanie Systemu Zapewnienia Jako\u015bci Kszta\u0142cenia w Politechnice Bia\u0142ostockiej ma na celu doskonalenie systemu kszta\u0142cenia student\u00f3w,<\/p>\n","protected":false},"author":2,"featured_media":0,"parent":0,"menu_order":1,"comment_status":"closed","ping_status":"closed","template":"","meta":{"_acf_changed":false,"ngg_post_thumbnail":0,"footnotes":""},"class_list":["post-1028","page","type-page","status-publish","hentry"],"acf":[],"_links":{"self":[{"href":"https:\/\/pb.edu.pl\/djk\/wp-json\/wp\/v2\/pages\/1028","targetHints":{"allow":["GET"]}}],"collection":[{"href":"https:\/\/pb.edu.pl\/djk\/wp-json\/wp\/v2\/pages"}],"about":[{"href":"https:\/\/pb.edu.pl\/djk\/wp-json\/wp\/v2\/types\/page"}],"author":[{"embeddable":true,"href":"https:\/\/pb.edu.pl\/djk\/wp-json\/wp\/v2\/users\/2"}],"replies":[{"embeddable":true,"href":"https:\/\/pb.edu.pl\/djk\/wp-json\/wp\/v2\/comments?post=1028"}],"version-history":[{"count":0,"href":"https:\/\/pb.edu.pl\/djk\/wp-json\/wp\/v2\/pages\/1028\/revisions"}],"wp:attachment":[{"href":"https:\/\/pb.edu.pl\/djk\/wp-json\/wp\/v2\/media?parent=1028"}],"curies":[{"name":"wp","href":"https:\/\/api.w.org\/{rel}","templated":true}]}}