{"id":661,"date":"2023-01-24T22:59:12","date_gmt":"2023-01-24T21:59:12","guid":{"rendered":"https:\/\/pb.edu.pl\/daz\/?page_id=661"},"modified":"2024-05-15T10:05:23","modified_gmt":"2024-05-15T08:05:23","slug":"zapytania-ofertowe","status":"publish","type":"page","link":"https:\/\/pb.edu.pl\/daz\/zapytania-ofertowe\/","title":{"rendered":"Zapytania ofertowe"},"content":{"rendered":"<p>Zakupy z wniosk\u00f3w, kt\u00f3rych warto\u015b\u0107 przekracza 20 000 z\u0142 netto podlegaj\u0105 procedurze zapytania ofertowego.<\/p>\n<p>Warunkiem wszcz\u0119cia procedury jest dostarczenie przez Wnioskodawc\u0119 do Dzia\u0142u Aparatury kompletu dokument\u00f3w:<\/p>\n<ul>\n<li>danych do procedury zapytania ofertowego wraz z opisem przedmiotu zam\u00f3wienia,<\/li>\n<li>informacji dot. szacowania przedmiotu zam\u00f3wienia wraz z ofertami.<\/li>\n<\/ul>\n<p><strong>Formularze powy\u017cszych dokument\u00f3w w za\u0142\u0105czniku:<\/strong><\/p>\n<p><a class=\"docx\" title=\"pobierz plik\" href=\"https:\/\/pb.edu.pl\/daz\/wp-content\/uploads\/sites\/94\/2024\/05\/Zalaczniknr3-dane-do-zapytania.docx\" data-id=\"855\">Za\u0142\u0105cznik+nr+3 &#8211; dane do zapytania (DOCX, 53 KB)<\/a><\/p>\n","protected":false},"excerpt":{"rendered":"<p>Zakupy z wniosk\u00f3w, kt\u00f3rych warto\u015b\u0107 przekracza 20 000 z\u0142 netto podlegaj\u0105 procedurze zapytania ofertowego. Warunkiem<\/p>\n","protected":false},"author":2,"featured_media":0,"parent":0,"menu_order":9,"comment_status":"closed","ping_status":"closed","template":"","meta":{"_acf_changed":false,"ngg_post_thumbnail":0,"footnotes":""},"class_list":["post-661","page","type-page","status-publish","hentry"],"acf":[],"_links":{"self":[{"href":"https:\/\/pb.edu.pl\/daz\/wp-json\/wp\/v2\/pages\/661","targetHints":{"allow":["GET"]}}],"collection":[{"href":"https:\/\/pb.edu.pl\/daz\/wp-json\/wp\/v2\/pages"}],"about":[{"href":"https:\/\/pb.edu.pl\/daz\/wp-json\/wp\/v2\/types\/page"}],"author":[{"embeddable":true,"href":"https:\/\/pb.edu.pl\/daz\/wp-json\/wp\/v2\/users\/2"}],"replies":[{"embeddable":true,"href":"https:\/\/pb.edu.pl\/daz\/wp-json\/wp\/v2\/comments?post=661"}],"version-history":[{"count":0,"href":"https:\/\/pb.edu.pl\/daz\/wp-json\/wp\/v2\/pages\/661\/revisions"}],"wp:attachment":[{"href":"https:\/\/pb.edu.pl\/daz\/wp-json\/wp\/v2\/media?parent=661"}],"curies":[{"name":"wp","href":"https:\/\/api.w.org\/{rel}","templated":true}]}}