{"id":653,"date":"2023-01-24T22:41:08","date_gmt":"2023-01-24T21:41:08","guid":{"rendered":"https:\/\/pb.edu.pl\/daz\/?page_id=653"},"modified":"2026-03-30T08:40:12","modified_gmt":"2026-03-30T06:40:12","slug":"dostawy-sukcesywne","status":"publish","type":"page","link":"https:\/\/pb.edu.pl\/daz\/dostawy-sukcesywne\/","title":{"rendered":"Dostawy sukcesywne"},"content":{"rendered":"<p>Za pomoc\u0105 poni\u017cszego formularza mo\u017cna zamawia\u0107 asortyment obj\u0119ty nast\u0119puj\u0105cymi umowami:<\/p>\n<ol>\n<li style=\"list-style-type: none\">\n<ol>\n<li style=\"list-style-type: none\">\n<ol>\n<li id=\"isPasted\">Sukcesywna dostawa&nbsp;<strong>toner\u00f3w i tuszy do drukarek<\/strong> \u2013&nbsp; w przygotowaniu&#8230;<\/li>\n<li id=\"isPasted\">Sukcesywna dostawa <strong>papieru<\/strong>&nbsp;\u2013 &nbsp;nr umowy ZK-DZP.262.001.2026, symbol umowy&nbsp;<span style=\"color: #ff6600\"><strong>TETA: UZRK\/ZK-DAZ\/2026\/00001<\/strong><\/span>.<br \/>\nSk\u0142adaj\u0105c wniosek nale\u017cy wybra\u0107 indeks:&nbsp;<span style=\"color: #ff6600\"><strong>ZD-0120 MATERIA\u0141Y PAPIERNICZE<\/strong><\/span>. Zam\u00f3wienia mo\u017cna sk\u0142ada\u0107 do dnia&nbsp;<strong>15.06.2026 r.&nbsp;<\/strong>lub do wyczerpania kwoty umowy. Za realizacj\u0119 umowy odpowiedzialny jest Norbert Litwi\u0144czuk (tel. 9188,&nbsp;<a href=\"mailto:n.litwinczuk@pb.edu.pl\" target=\"_blank\" rel=\"noopener noreferrer\">n.litwinczuk@pb.edu.pl<\/a>).&nbsp;<span id=\"isPasted\"><span id=\"isPasted\">Zam\u00f3wienia mo\u017cna sk\u0142ada\u0107 wype\u0142niaj\u0105c Formularz zam\u00f3wienia.<\/span><\/span><\/li>\n<li id=\"isPasted\">Sukcesywna dostawa&nbsp;<strong>materia\u0142\u00f3w biurowych<\/strong>&nbsp;\u2013 &nbsp;nr umowy ZK-DZP.262.002.2026, symbol umowy&nbsp;<span style=\"color: #99cc00\"><strong>TETA: UZRK\/ZK-DAZ\/2026\/00002<\/strong><\/span>.<br \/>\nSk\u0142adaj\u0105c wniosek nale\u017cy wybra\u0107 indeks:&nbsp;<span style=\"color: #99cc00\"><strong>ZD-0119 MATERIA\u0141Y BIUROWE<\/strong><\/span>. Zam\u00f3wienia mo\u017cna sk\u0142ada\u0107 do dnia&nbsp;<strong>15.06.2026 r.&nbsp;<\/strong>lub do wyczerpania kwoty umowy. Za realizacj\u0119 umowy odpowiedzialny jest Norbert Litwi\u0144czuk (tel. 9188,&nbsp;<a href=\"mailto:n.litwinczuk@pb.edu.pl\" target=\"_blank\" rel=\"noopener noreferrer\">n.litwinczuk@pb.edu.pl<\/a>).&nbsp;<span id=\"isPasted\"><span id=\"isPasted\">Zam\u00f3wienia mo\u017cna sk\u0142ada\u0107 wype\u0142niaj\u0105c Formularz zam\u00f3wienia.<\/span><\/span><\/li>\n<li>Sukcesywna <strong>dostawa sprz\u0119tu komputerowego<\/strong> &#8211; w przygotowaniu&#8230;<\/li>\n<li>Sukcesywna <strong>dostawa element\u00f3w komputerowych<\/strong> &#8211; w przygotowaniu&#8230;<\/li>\n<li>Sukcesywna <strong>dostawa piecz\u0105tek<\/strong> &#8211; nr umowy ZK-DAZ.262.509.2025.&nbsp; <strong>Brak obowi\u0105zku wpisywania numeru umowy w TETA przy tworzeniu wniosku<\/strong>. Zam\u00f3wienia mo\u017cna sk\u0142ada\u0107 do dnia <strong>15.12.2026<\/strong> <strong>r. <\/strong>lub do wyczerpania kwoty umowy. Za realizacj\u0119 umowy odpowiedzialna jest Bo\u017cena Moczulska (tel.&nbsp; 9032, b.moczulska@pb.edu.pl)<\/li>\n<li>Sukcesywna <strong>dostawa artyku\u0142\u00f3w higienicznych<\/strong> &#8211; nr umowy ZK-DZP.262.59.2024, symbol umowy <strong><span style=\"color: #cc99ff\">TETA: UZRK\/K-DA\/2024\/00007<\/span><\/strong>. Sk\u0142adaj\u0105c wniosek nale\u017cy wybra\u0107 indeks<strong><span style=\"color: #cc99ff\"> ZD-0135 ARTYKU\u0141Y HIGIENICZ<\/span><span style=\"color: #cc99ff\">N<\/span><span style=\"color: #cc99ff\">E<\/span><\/strong>. Zam\u00f3wienia mo\u017cna sk\u0142ada\u0107 do dnia <strong>09.02.2026&nbsp;r. <\/strong>lub do wyczerpania kwoty umowy. Okres obowi\u0105zywania umowy do 19.02.2026. Za realizacj\u0119 umowy odpowiedzialny jest Norbert Litwi\u0144czuk (tel.9188, n.litwinczuk@pb.edu.pl). Zam\u00f3wienia mo\u017cna sk\u0142ada\u0107 przez e-mail, przesy\u0142aj\u0105c wype\u0142niony w Excelu formularz zam\u00f3wienia.<\/li>\n<li>Sukcesywna dostawa <strong>artyku\u0142\u00f3w gospodarstwa domoweg<\/strong>o &#8211;&nbsp; nr umowy ZK-DZP.262.60.2024, symbol umowy <strong><span style=\"color: #ff00ff\">TETA: UZRK\/K-DA\/2024\/00008<\/span><\/strong>. Sk\u0142adaj\u0105c wniosek nale\u017cy wybra\u0107 indeks <span style=\"color: #ff00ff\"><strong>ZD-0122<\/strong> <strong>DROBNE ARTYKU\u0141Y GOSPODARSTWA DOMOWEGO<\/strong>.<\/span> Zam\u00f3wienia mo\u017cna sk\u0142ada\u0107 do dnia <strong>09.02.2026<\/strong><strong>&nbsp;r. <\/strong>lub do wyczerpania kwoty umowy. Okres obowi\u0105zywania umowy do 19.02.2026. Za realizacj\u0119 umowy odpowiedzialny jest Norbert Litwi\u0144czuk (tel.9188, n.litwinczuk@pb.edu.pl). Zam\u00f3wienia mo\u017cna sk\u0142ada\u0107 przez e-mail, przesy\u0142aj\u0105c wype\u0142niony w Excelu formularz zam\u00f3wienia.<\/li>\n<li>Sukcesywna <strong>dostawa \u015brodk\u00f3w czysto\u015bci<\/strong> &#8211;&nbsp; nr umowy ZK-DZP.262.54.2024, symbol umowy <strong><span style=\"color: #339966\">TETA: UZRK\/K-DA\/2024\/00009<\/span>.<\/strong> Sk\u0142adaj\u0105c wniosek nale\u017cy wybra\u0107 indeks <span style=\"color: #008000\"><strong>ZD-0134 \u015aRODKI CZYSTO\u015aCI<\/strong><\/span> Zam\u00f3wienia mo\u017cna sk\u0142ada\u0107 do dnia<strong> 26.02.2026 r. <\/strong>lub do wyczerpania kwoty umowy. Okres obowi\u0105zywania umowy do 09.03.2026. Za realizacj\u0119 umowy odpowiedzialny jest Norbert Litwi\u0144czuk (tel. 9188,&nbsp;<a href=\"mailto:n.litwinczuk@pb.edu.pl\" target=\"_blank\" rel=\"noopener\">n.litwinczuk@pb.edu.pl<\/a>). Zam\u00f3wienia mo\u017cna sk\u0142ada\u0107 przez e-mail, przesy\u0142aj\u0105c wype\u0142niony w Excelu formularz zam\u00f3wienia.<\/li>\n<li>Sukcesywna<span style=\"color: #000000\"><strong> dostawa odzie\u017cy ochronnej<\/strong>, <strong>obuwia roboczego oraz \u015brodk\u00f3w ochrony indywidualnej<\/strong> <\/span>&#8211; nr umowy ZK-DAZ.262.483.2025r. Zam\u00f3wienia mo\u017cna sk\u0142ada\u0107 do dnia <strong>15.12.2026<\/strong> <strong>r. <\/strong>lub do wyczerpania kwoty umowy. Za realizacj\u0119 umowy odpowiedzialny jest Krzysztof Wojew\u00f3dzki (tel. 85 746-90-33, 509-801-552, k.wojewodzki@pb.edu.pl)<\/li>\n<li>Sukcesywne <strong>\u015bwiadczenie us\u0142ug cateringowych<\/strong> &#8211; nr umowy ZK-DZP.262.007.2026, Sk\u0142adaj\u0105c wniosek nale\u017cy wybra\u0107 indeks <strong><span style=\"color: #00ccff\">U-0198 US\u0141UGA PODAWANIA POSI\u0141K\u00d3W. <\/span><\/strong>Zam\u00f3wienia mo\u017cna sk\u0142ada\u0107 do dnia <strong>25.05.2026 r. <\/strong>lub do wyczerpania kwoty umowy. Okres obowi\u0105zywania umowy do 31.05.20266. Za realizacj\u0119 umowy odpowiedzialny jest Jakub Za\u0142uska (tel.85 746 90 34, 501 800 515, j.zaluska@pb.edu.pl).<strong> Zam\u00f3wienia mo\u017cna sk\u0142ada\u0107 przez e-mail na <span style=\"color: #ff0000\">7 dni<\/span> przed planowan\u0105 uroczysto\u015bci\u0105.<\/strong><\/li>\n<li>Sukcesywna <strong>dostawa materia\u0142\u00f3w elektrycznych<\/strong> &#8211; nr umowy ZK-DZP.262.4.2025, symbol umowy <strong><span style=\"color: #00ff00\">TETA: UZRK\/K-CDE\/2025\/00001<\/span>.<\/strong> Sk\u0142adaj\u0105c wniosek nale\u017cy wybra\u0107 indeks <span style=\"color: #993366\"><strong><span style=\"color: #00ff00\">ZD &#8211;<\/span> <span style=\"color: #00ff00\">0188 MATERIA\u0141Y ELEKTRYCZNE<\/span><\/strong><\/span>.&nbsp;Zam\u00f3wienia mo\u017cna sk\u0142ada\u0107 do dnia <strong>12.12<\/strong><strong>.2025 r. <\/strong>lub do wyczerpania kwoty umowy. Okres obowi\u0105zywania umowy do 26.03.2026. Za realizacj\u0119 umowy odpowiedzialny jest <span style=\"color: #00ff00\"><strong>Dzia\u0142 Elektroenergetyczny<\/strong><\/span>. Zam\u00f3wienia mo\u017cna sk\u0142ada\u0107 przez e-mail: t.chodakowski@pb.edu.pl&nbsp; (Tomasz Chodakowski tel.797 903 156).<\/li>\n<li><strong>Ubezpieczenie nast\u0119pstw nieszcz\u0119\u015bliwych wypadk\u00f3w (NNW)<\/strong> student\u00f3w i doktorant\u00f3w odbywaj\u0105cych sta\u017ce i praktyki poza PB. Za realizacj\u0119 umowy odpowiedzialna jest <span style=\"color: #993366\"><strong>Sekcja ds. Analiz<\/strong><\/span>: Beata Jakuszewicz, email: <a href=\"mailto:b.jakuszewicz@pb.edu.pl\">b.jakuszewicz@pb.edu.pl<\/a> tel. 85&nbsp;746 7170<\/li>\n<li><strong>Ubezpieczenie koszt\u00f3w leczenia os\u00f3b delegowanych poza teren RP<\/strong> celem wykonywania swoich obowi\u0105zk\u00f3w s\u0142u\u017cbowych oraz w celu udzia\u0142u w konferencjach i innych spotkaniach naukowych, a tak\u017ce delegowanych przez Politechnik\u0119 Bia\u0142ostock\u0105 student\u00f3w oraz doktorant\u00f3w w ramach konferencji, szkole\u0144, spotka\u0144 naukowych itp. Za realizacj\u0119 umowy odpowiedzialna jest <span style=\"color: #993366\"><strong>Sekcja ds. Analiz<\/strong><\/span>: Beata Jakuszewicz, email: <a href=\"mailto:b.jakuszewicz@pb.edu.pl\">b.jakuszewicz@pb.edu.pl<\/a> tel. 85 746 7170&nbsp;<\/li>\n<\/ol>\n<\/li>\n<\/ol>\n<p>W przypadku braku mo\u017cliwo\u015bci zakwalifikowania si\u0119 do powy\u017cszych <strong>ubezpiecze\u0144<\/strong> prosz\u0119 o zg\u0142aszanie si\u0119 indywidualnie na email:&nbsp;<a href=\"mailto:b.jakuszewicz@pb.edu.pl\" target=\"_blank\" rel=\"noopener noreferrer\">b.jakuszewicz@pb.edu.pl<\/a><\/li>\n<\/ol>\n<div class=\"h2\">Za\u0142\u0105cznik:<\/div>\n<p><a class=\"xlsx\" title=\"pobierz plik\" href=\"https:\/\/pb.edu.pl\/daz\/wp-content\/uploads\/sites\/94\/2026\/01\/Papier-I-polrocze-2026-wykaz.xlsx\" data-id=\"1044\">Papier &#8211; I p\u00f3\u0142rocze 2026 &#8211; wykaz (XLSX, 19 KB)<\/a><\/p>\n<p><a class=\"xlsx\" title=\"pobierz plik\" href=\"https:\/\/pb.edu.pl\/daz\/wp-content\/uploads\/sites\/94\/2026\/01\/Materialy-biurowe-I-polrocze-2026-wykaz.xlsx\" data-id=\"1045\">Materia\u0142y biurowe &#8211; I p\u00f3\u0142rocze 2026 &#8211; wykaz (XLSX, 44 KB)<\/a><\/p>\n<p><a class=\"xlsx\" title=\"pobierz plik\" href=\"https:\/\/pb.edu.pl\/daz\/wp-content\/uploads\/sites\/94\/2025\/08\/Drobne-artykuly-gospodarstwa-domowego-wykaz-i-formularz-zamowienia-1.xlsx\" data-id=\"992\">Drobne artyku\u0142y gospodarstwa domowego &#8211; wykaz i formularz zam\u00f3wienia (XLSX, 35 KB)<\/a><\/p>\n<p><a class=\"xlsx\" title=\"pobierz plik\" href=\"https:\/\/pb.edu.pl\/daz\/wp-content\/uploads\/sites\/94\/2025\/08\/Artykuly-higieniczne-wykaz-i-formularz-zamowienia-1.xlsx\" data-id=\"990\">Artyku\u0142y higieniczne &#8211; wykaz i formularz zam\u00f3wienia (1) (XLSX, 21 KB)<\/a><\/p>\n<p><a class=\"xlsx\" title=\"pobierz plik\" href=\"https:\/\/pb.edu.pl\/daz\/wp-content\/uploads\/sites\/94\/2025\/08\/Srodki-czystosci-wykaz-i-formularz-zamowienia-2.xlsx\" data-id=\"991\">\u015arodki czysto\u015bci &#8211; wykaz i formularz zam\u00f3wienia (XLSX, 28 KB)<\/a><\/p>\n<p><a class=\"pdf\" href=\"https:\/\/pb.edu.pl\/daz\/wp-content\/uploads\/sites\/94\/2026\/02\/Umowa-ZK-DAZ.262.007.2026-sig-sig.pdf\" target=\"_blank\" rel=\"noopener\" data-id=\"1048\">CATERING Umowa ZK-DAZ.262.007.2026 (PDF, 3 MB, otworzy si\u0119 w nowej karcie)<\/a><\/p>\n<p><a class=\"pdf\" href=\"https:\/\/pb.edu.pl\/daz\/wp-content\/uploads\/sites\/94\/2026\/03\/MENU-WILLA-TRADYCJA-1.pdf\" target=\"_blank\" rel=\"noopener\" data-id=\"1054\">MENU WILLA TRADYCJA (1) (PDF, 59 KB, otworzy si\u0119 w nowej karcie)<\/a><\/p>\n<p><a class=\"xlsx\" title=\"pobierz plik\" href=\"https:\/\/pb.edu.pl\/daz\/wp-content\/uploads\/sites\/94\/2025\/04\/4-25-Nowa-Specyfikacja-zamowienia-Formularz-cenowy-mat.-elektrycznych-2025-KKC-1.xlsx\" data-id=\"971\">Materia\u0142y elektryczne 2025 (XLSX, 89 KB)<\/a><\/p>\n<p><a title=\"Dostawy sukcesywne prowadzone przez inne jednostki PB\" href=\"https:\/\/pb.edu.pl\/dzp\/umowy\/\" target=\"_blank\" rel=\"noopener\">Dostawy sukcesywne prowadzone przez inne jednostki PB<\/a><\/p>\n<p><a class=\"pdf\" href=\"https:\/\/pb.edu.pl\/daz\/wp-content\/uploads\/sites\/94\/2026\/01\/Zarzadzenie-Nr-5.2026.pdf\" target=\"_blank\" rel=\"noopener\" data-id=\"1038\">Zarzadzenie Nr 5.2026 &#8211; PIECZ\u0104TKI (PDF, 1 MB, otworzy si\u0119 w nowej karcie)<\/a><\/p>\n<p><a href=\"https:\/\/pb.edu.pl\/daz\/wp-content\/uploads\/sites\/94\/2026\/01\/Odziez-ochronna.pdf\">Odzie\u017c ochronna<\/a><\/p>\n<p>&nbsp;<\/p>\n<p>&nbsp;<\/p>\n<div class=\"h2\">Formularz zam\u00f3wienia<\/div>\n<div class=\"h3\">Dodaj zlecenie zakupu<\/div>\n<p>Pola oznaczone (*) musz\u0105 by\u0107 wype\u0142nione obowi\u0105zkowo.<\/p>\n\n<div class=\"wpcf7 no-js\" id=\"wpcf7-f737-o1\" lang=\"pl-PL\" dir=\"ltr\" data-wpcf7-id=\"737\">\n<div class=\"screen-reader-response\"><p role=\"status\" aria-live=\"polite\" aria-atomic=\"true\"><\/p> <ul><\/ul><\/div>\n<form action=\"\/daz\/wp-json\/wp\/v2\/pages\/653#wpcf7-f737-o1\" method=\"post\" class=\"wpcf7-form init\" aria-label=\"Formularz kontaktowy\" novalidate=\"novalidate\" data-status=\"init\">\n<fieldset class=\"hidden-fields-container\"><input type=\"hidden\" name=\"_wpcf7\" value=\"737\" \/><input type=\"hidden\" name=\"_wpcf7_version\" value=\"6.1.5\" \/><input type=\"hidden\" name=\"_wpcf7_locale\" value=\"pl_PL\" \/><input type=\"hidden\" name=\"_wpcf7_unit_tag\" value=\"wpcf7-f737-o1\" \/><input type=\"hidden\" name=\"_wpcf7_container_post\" value=\"0\" \/><input type=\"hidden\" name=\"_wpcf7_posted_data_hash\" value=\"\" \/><input type=\"hidden\" name=\"_wpcf7cf_hidden_group_fields\" value=\"[]\" \/><input type=\"hidden\" name=\"_wpcf7cf_hidden_groups\" value=\"[]\" \/><input type=\"hidden\" name=\"_wpcf7cf_visible_groups\" value=\"[]\" \/><input type=\"hidden\" name=\"_wpcf7cf_repeaters\" value=\"[]\" \/><input type=\"hidden\" name=\"_wpcf7cf_steps\" value=\"{}\" \/><input type=\"hidden\" name=\"_wpcf7cf_options\" value=\"{&quot;form_id&quot;:737,&quot;conditions&quot;:[],&quot;settings&quot;:{&quot;animation&quot;:&quot;yes&quot;,&quot;animation_intime&quot;:200,&quot;animation_outtime&quot;:200,&quot;conditions_ui&quot;:&quot;normal&quot;,&quot;notice_dismissed&quot;:false,&quot;notice_dismissed_update-cf7-5.6.2&quot;:true}}\" \/>\n<\/fieldset>\n<div class=\"wpcf7-turnstile cf-turnstile\" data-sitekey=\"0x4AAAAAACDP-G-k0g-pygWP\" data-response-field-name=\"_wpcf7_turnstile_response\"><\/div>\n\n<div class=\"row\">\n\t<div class=\"col-md-12 mx-auto\">\n\t\t<div class=\"row\">\n\t\t\t<div class=\"col-md-3\">\n\t\t\t\t<p><label for=\"field_zam_rodzaj\"> Rodzaj dostawy sukcesywnej: *<\/label><br \/>\n<span class=\"wpcf7-form-control-wrap\" data-name=\"field_zam_rodzaj\"><select class=\"wpcf7-form-control wpcf7-select\" id=\"field_zam_rodzaj\" aria-invalid=\"false\" name=\"field_zam_rodzaj\"><option value=\"\">&#8212;Prosz\u0119 wybra\u0107 opcj\u0119&#8212;<\/option><option value=\"Elementy komputerowe\">Elementy komputerowe<\/option><option value=\"Materia\u0142y biurowe\">Materia\u0142y biurowe<\/option><option value=\"Papier do drukarek\">Papier do drukarek<\/option><option value=\"Tonery i tusze\">Tonery i tusze<\/option><option value=\"Sprz\u0119t komputerowy\">Sprz\u0119t komputerowy<\/option><\/select><\/span>\n\t\t\t\t<\/p>\n\t\t\t<\/div>\n\t\t<\/div>\n\t\t<div class=\"row\">\n\t\t\t<div class=\"col-md-12\">\n\t\t\t\t<p style=\"font-size: 1.65rem;font-weight:bold\">Zg\u0142aszaj\u0105cy\n\t\t\t\t<\/p>\n\t\t\t<\/div>\n\t\t\t<div class=\"col-md-6\">\n\t\t\t\t<p><label for=\"field_zg_jo\"> Jednostka organizacyjna Uczelni: *<\/label><br \/>\n<span class=\"wpcf7-form-control-wrap\" data-name=\"field_zg_jo\"><input size=\"40\" maxlength=\"400\" class=\"wpcf7-form-control wpcf7-text wpcf7-validates-as-required\" id=\"field_zg_jo\" aria-required=\"true\" aria-invalid=\"false\" value=\"\" type=\"text\" name=\"field_zg_jo\" \/><\/span>\n\t\t\t\t<\/p>\n\t\t\t<\/div>\n\t\t<\/div>\n\t\t<div class=\"row\">\n\t\t\t<div class=\"col-md-3\">\n\t\t\t\t<p><label for=\"field_zg_nazwisko\"> Nazwisko: *<\/label><br \/>\n<span class=\"wpcf7-form-control-wrap\" data-name=\"field_zg_nazwisko\"><input size=\"40\" maxlength=\"400\" class=\"wpcf7-form-control wpcf7-text wpcf7-validates-as-required\" id=\"field_zg_nazwisko\" aria-required=\"true\" aria-invalid=\"false\" value=\"\" type=\"text\" name=\"field_zg_nazwisko\" \/><\/span>\n\t\t\t\t<\/p>\n\t\t\t<\/div>\n\t\t\t<div class=\"col-md-3\">\n\t\t\t\t<p><label for=\"field_zg_imie\"> Imi\u0119: *<\/label><br \/>\n<span class=\"wpcf7-form-control-wrap\" data-name=\"field_zg_imie\"><input size=\"40\" maxlength=\"400\" class=\"wpcf7-form-control wpcf7-text wpcf7-validates-as-required\" id=\"field_zg_imie\" aria-required=\"true\" aria-invalid=\"false\" value=\"\" type=\"text\" name=\"field_zg_imie\" \/><\/span>\n\t\t\t\t<\/p>\n\t\t\t<\/div>\n\t\t<\/div>\n\t\t<div class=\"row\">\n\t\t\t<div class=\"col-md-3\">\n\t\t\t\t<p><label for=\"field-zg-email\"> Adres e-mail: *<\/label><br \/>\n<span class=\"wpcf7-form-control-wrap\" data-name=\"field-zg-email\"><input size=\"40\" maxlength=\"400\" class=\"wpcf7-form-control wpcf7-email wpcf7-validates-as-required wpcf7-text wpcf7-validates-as-email\" id=\"field-zg-email\" aria-required=\"true\" aria-invalid=\"false\" value=\"\" type=\"email\" name=\"field-zg-email\" \/><\/span>\n\t\t\t\t<\/p>\n\t\t\t<\/div>\n\t\t\t<div class=\"col-md-3\">\n\t\t\t\t<p><label for=\"field_zg_tel_kon\"> Telefon do kontaktu: *<\/label><br \/>\n<span class=\"wpcf7-form-control-wrap\" data-name=\"field_zg_tel_kon\"><input size=\"40\" maxlength=\"400\" class=\"wpcf7-form-control wpcf7-text wpcf7-validates-as-required\" id=\"field_zg_tel_kon\" aria-required=\"true\" aria-invalid=\"false\" value=\"\" type=\"text\" name=\"field_zg_tel_kon\" \/><\/span>\n\t\t\t\t<\/p>\n\t\t\t<\/div>\n\t\t<\/div>\n\t\t<div class=\"row\">\n\t\t\t<div class=\"col-md-8\">\n\t\t\t<hr style=\"color: rgba(2, 64, 108, 0.1);\" \/>\n\t\t\t<\/div>\n\t\t<\/div>\n\t\t<div class=\"row\">\n\t\t\t<div class=\"col-md-12\">\n\t\t\t\t<p style=\"font-size: 1.65rem;font-weight:bold\">Miejsce dostawy\n\t\t\t\t<\/p>\n\t\t\t<\/div>\n\t\t\t<div class=\"col-md-4\">\n\t\t\t\t<p><label for=\"field_zg_adres\"> Adres dostawy: *<\/label><br \/>\n<span class=\"wpcf7-form-control-wrap\" data-name=\"field_zg_adres\"><input size=\"40\" maxlength=\"400\" class=\"wpcf7-form-control wpcf7-text wpcf7-validates-as-required\" id=\"field_zg_adres\" aria-required=\"true\" aria-invalid=\"false\" value=\"\" type=\"text\" name=\"field_zg_adres\" \/><\/span>\n\t\t\t\t<\/p>\n\t\t\t<\/div>\n\t\t\t<div class=\"col-md-2\">\n\t\t\t\t<p><label for=\"field_zg_num_bud\"> Numer budynku: *<\/label><br \/>\n<span class=\"wpcf7-form-control-wrap\" data-name=\"field_zg_num_bud\"><input size=\"40\" maxlength=\"400\" class=\"wpcf7-form-control wpcf7-text wpcf7-validates-as-required\" id=\"field_zg_num_bud\" aria-required=\"true\" aria-invalid=\"false\" value=\"\" type=\"text\" name=\"field_zg_num_bud\" \/><\/span>\n\t\t\t\t<\/p>\n\t\t\t<\/div>\n\t\t\t<div class=\"col-md-2\">\n\t\t\t\t<p><label for=\"field_zg_num_pok\"> Numer pokoju: *<\/label><br \/>\n<span class=\"wpcf7-form-control-wrap\" data-name=\"field_zg_num_pok\"><input size=\"40\" maxlength=\"400\" class=\"wpcf7-form-control wpcf7-text wpcf7-validates-as-required\" id=\"field_zg_num_pok\" aria-required=\"true\" aria-invalid=\"false\" value=\"\" type=\"text\" name=\"field_zg_num_pok\" \/><\/span>\n\t\t\t\t<\/p>\n\t\t\t<\/div>\n\t\t\t<div class=\"col-md-8\">\n\t\t\t\t<p><label for=\"field_zg_uwagi\"> Uwagi: *<\/label><br \/>\n<span class=\"wpcf7-form-control-wrap\" data-name=\"field_zg_uwagi\"><textarea cols=\"40\" rows=\"10\" maxlength=\"2000\" class=\"wpcf7-form-control wpcf7-textarea wpcf7-validates-as-required\" id=\"field_zg_uwagi\" aria-required=\"true\" aria-invalid=\"false\" name=\"field_zg_uwagi\"><\/textarea><\/span>\n\t\t\t\t<\/p>\n\t\t\t<\/div>\n\t\t<\/div>\n\t\t<div class=\"row\">\n\t\t\t<div class=\"col-md-8\">\n\t\t\t<hr style=\"color: rgba(2, 64, 108, 0.1);\" \/>\n\t\t\t<\/div>\n\t\t<\/div>\n\t\t<div class=\"row\">\n\t\t\t<div class=\"col-md-12\">\n\t\t\t\t<p style=\"font-size: 1.65rem;font-weight:bold\">Wniosek zakupowy\n\t\t\t\t<\/p>\n\t\t\t<\/div>\n\t\t\t<div class=\"col-md-4\">\n\t\t\t\t<p><label for=\"field_zg_wniosek\"> Numer wniosku o zakup: *<\/label><br \/>\n<span class=\"wpcf7-form-control-wrap\" data-name=\"field_zg_wniosek\"><input size=\"40\" maxlength=\"400\" class=\"wpcf7-form-control wpcf7-text wpcf7-validates-as-required\" id=\"field_zg_wniosek\" aria-required=\"true\" aria-invalid=\"false\" value=\"\" type=\"text\" name=\"field_zg_wniosek\" \/><\/span>\n\t\t\t\t<\/p>\n\t\t\t<\/div>\n\t\t\t<div class=\"col-md-4\">\n\t\t\t\t<p><label for=\"field_zg_pozycja\"> Pozycja z wniosku o zakup: *<\/label><br \/>\n<span class=\"wpcf7-form-control-wrap\" data-name=\"field_zg_pozycja\"><input size=\"40\" maxlength=\"400\" class=\"wpcf7-form-control wpcf7-text wpcf7-validates-as-required\" id=\"field_zg_pozycja\" aria-required=\"true\" aria-invalid=\"false\" value=\"\" type=\"text\" name=\"field_zg_pozycja\" \/><\/span>\n\t\t\t\t<\/p>\n\t\t\t<\/div>\n\t\t<\/div>\n\t\t<div class=\"row\">\n\t\t\t<div class=\"col-md-8\">\n\t\t\t<hr style=\"color: rgba(2, 64, 108, 0.1);\" \/>\n\t\t\t<\/div>\n\t\t<\/div>\n\t\t<div class=\"row\">\n\t\t\t<div class=\"col-md-12\">\n\t\t\t\t<p style=\"font-size: 1.65rem;font-weight:bold\">Opis zam\u00f3wienia\n\t\t\t\t<\/p>\n\t\t\t\t<p>Przy wype\u0142nianiu nale\u017cy skorzysta\u0107 z <a href=\"https:\/\/pb.edu.pl\/daz\/dostawy-sukcesywne\/\">zamieszczonych wykaz\u00f3w poszczeg\u00f3lnych dostaw sukcesywnych<\/a>\n\t\t\t\t<\/p>\n\t\t\t<\/div>\n\t\t\t<div class=\"col-md-8\">\n\t\t\t\t<p><label for=\"field_zg_szcz\"> Szczeg\u00f3\u0142owy opis zam\u00f3wienia: *<\/label><br \/>\n<span class=\"wpcf7-form-control-wrap\" data-name=\"field_zg_szcz\"><textarea cols=\"40\" rows=\"10\" maxlength=\"2000\" class=\"wpcf7-form-control wpcf7-textarea wpcf7-validates-as-required\" id=\"field_zg_szcz\" aria-required=\"true\" aria-invalid=\"false\" name=\"field_zg_szcz\">nr pozycji:\nsymbol \/ opis:\nilo\u015b\u0107:\ncena\/sztuka:\n---\nwarto\u015b\u0107 ca\u0142ego zam\u00f3wienia:<\/textarea><\/span>\n\t\t\t\t<\/p>\n\t\t\t<\/div>\n\t\t<\/div>\n\t\t<div class=\"row\">\n\t\t\t<div class=\"col-md-8 text-right\">\n\t\t\t\t<p><input class=\"wpcf7-form-control wpcf7-submit has-spinner\" type=\"submit\" value=\"Wy\u015blij zlecenie\" \/>\n\t\t\t\t<\/p>\n\t\t\t<\/div>\n\t\t<\/div>\n\t<\/div>\n<\/div><div class=\"wpcf7-response-output\" aria-hidden=\"true\"><\/div>\n<\/form>\n<\/div>\n\n","protected":false},"excerpt":{"rendered":"<p>Za pomoc\u0105 poni\u017cszego formularza mo\u017cna zamawia\u0107 asortyment obj\u0119ty nast\u0119puj\u0105cymi umowami: Sukcesywna dostawa&nbsp;toner\u00f3w i tuszy do<\/p>\n","protected":false},"author":2,"featured_media":0,"parent":0,"menu_order":6,"comment_status":"closed","ping_status":"closed","template":"","meta":{"_acf_changed":false,"ngg_post_thumbnail":0,"footnotes":""},"class_list":["post-653","page","type-page","status-publish","hentry"],"acf":[],"_links":{"self":[{"href":"https:\/\/pb.edu.pl\/daz\/wp-json\/wp\/v2\/pages\/653","targetHints":{"allow":["GET"]}}],"collection":[{"href":"https:\/\/pb.edu.pl\/daz\/wp-json\/wp\/v2\/pages"}],"about":[{"href":"https:\/\/pb.edu.pl\/daz\/wp-json\/wp\/v2\/types\/page"}],"author":[{"embeddable":true,"href":"https:\/\/pb.edu.pl\/daz\/wp-json\/wp\/v2\/users\/2"}],"replies":[{"embeddable":true,"href":"https:\/\/pb.edu.pl\/daz\/wp-json\/wp\/v2\/comments?post=653"}],"version-history":[{"count":9,"href":"https:\/\/pb.edu.pl\/daz\/wp-json\/wp\/v2\/pages\/653\/revisions"}],"predecessor-version":[{"id":1061,"href":"https:\/\/pb.edu.pl\/daz\/wp-json\/wp\/v2\/pages\/653\/revisions\/1061"}],"wp:attachment":[{"href":"https:\/\/pb.edu.pl\/daz\/wp-json\/wp\/v2\/media?parent=653"}],"curies":[{"name":"wp","href":"https:\/\/api.w.org\/{rel}","templated":true}]}}