{"id":641,"date":"2023-01-24T22:34:21","date_gmt":"2023-01-24T21:34:21","guid":{"rendered":"https:\/\/pb.edu.pl\/daz\/?page_id=641"},"modified":"2024-07-25T08:23:04","modified_gmt":"2024-07-25T06:23:04","slug":"sprzet-komputerowy","status":"publish","type":"page","link":"https:\/\/pb.edu.pl\/daz\/sprzet-komputerowy\/","title":{"rendered":"Sprz\u0119t komputerowy"},"content":{"rendered":"<div class=\"h3\">Od 29 lipca 2022 roku zakup sprz\u0119tu komputerowego regulowany jest pismem<br \/>\nJM Rektor dr hab. in\u017c. Marty Kosior-Kazberuk, prof PB.<\/div>\n<div class=\"h3\">Za\u0142\u0105cznik:<\/div>\n<p><a class=\"pdf\" href=\"https:\/\/pb.edu.pl\/daz\/wp-content\/uploads\/sites\/94\/2023\/01\/ZASADY-ZAKUPU.pdf\" target=\"_blank\" rel=\"noopener\" data-id=\"645\">ZASADY ZAKUPU (PDF, 626 KB, otworzy si\u0119 w nowej karcie)<\/a><\/p>\n<p><a class=\"pdf\" href=\"https:\/\/pb.edu.pl\/daz\/wp-content\/uploads\/sites\/94\/2023\/01\/Sprzet-komputerowy-parametry-techniczne..pdf\" target=\"_blank\" rel=\"noopener\" data-id=\"646\">Sprz\u0119t komputerowy &#8211; parametry techniczne (PDF, 157 KB, otworzy si\u0119 w nowej karcie)<\/a><\/p>\n<p><a class=\"pdf\" href=\"https:\/\/pb.edu.pl\/daz\/wp-content\/uploads\/sites\/94\/2023\/01\/KONFIGURACJA-NIESTANDARDOWA-oswiadczenie.pdf\" target=\"_blank\" rel=\"noopener\" data-id=\"647\">KONFIGURACJA NIESTANDARDOWA &#8211; o\u015bwiadczenie (PDF, 196 KB, otworzy si\u0119 w nowej karcie)<\/a><\/p>\n<p><a class=\"docx\" title=\"pobierz plik\" href=\"https:\/\/pb.edu.pl\/daz\/wp-content\/uploads\/sites\/94\/2023\/01\/KONFIGURACJA-NIESTANDARDOWA-oswiadczenie.docx\" data-id=\"648\">KONFIGURACJA NIESTANDARDOWA &#8211; o\u015bwiadczenie (DOCX, 14 KB)<\/a><\/p>\n<p>&nbsp;<\/p>\n<p><span style=\"color: #0000ff\"><strong>Wnioski na zakup sprz\u0119tu komputerowego powinny by\u0107 sk\u0142adane z uwzgl\u0119dnieniem podatku VAT w wysoko\u015bci 23%.<\/strong><\/span><\/p>\n<p><span style=\"color: #0000ff\"><strong>W przypadku zestaw\u00f3w komputerowych, monitor i komputer powinny by\u0107 w oddzielnych pozycjach wniosku.<\/strong><\/span><\/p>\n","protected":false},"excerpt":{"rendered":"<p>Od 29 lipca 2022 roku zakup sprz\u0119tu komputerowego regulowany jest pismem JM Rektor dr hab.<\/p>\n","protected":false},"author":2,"featured_media":0,"parent":0,"menu_order":5,"comment_status":"closed","ping_status":"closed","template":"","meta":{"_acf_changed":false,"ngg_post_thumbnail":0,"footnotes":""},"class_list":["post-641","page","type-page","status-publish","hentry"],"acf":[],"_links":{"self":[{"href":"https:\/\/pb.edu.pl\/daz\/wp-json\/wp\/v2\/pages\/641","targetHints":{"allow":["GET"]}}],"collection":[{"href":"https:\/\/pb.edu.pl\/daz\/wp-json\/wp\/v2\/pages"}],"about":[{"href":"https:\/\/pb.edu.pl\/daz\/wp-json\/wp\/v2\/types\/page"}],"author":[{"embeddable":true,"href":"https:\/\/pb.edu.pl\/daz\/wp-json\/wp\/v2\/users\/2"}],"replies":[{"embeddable":true,"href":"https:\/\/pb.edu.pl\/daz\/wp-json\/wp\/v2\/comments?post=641"}],"version-history":[{"count":0,"href":"https:\/\/pb.edu.pl\/daz\/wp-json\/wp\/v2\/pages\/641\/revisions"}],"wp:attachment":[{"href":"https:\/\/pb.edu.pl\/daz\/wp-json\/wp\/v2\/media?parent=641"}],"curies":[{"name":"wp","href":"https:\/\/api.w.org\/{rel}","templated":true}]}}