{"id":638,"date":"2023-01-24T22:28:17","date_gmt":"2023-01-24T21:28:17","guid":{"rendered":"https:\/\/pb.edu.pl\/daz\/?page_id=638"},"modified":"2024-07-08T14:28:44","modified_gmt":"2024-07-08T12:28:44","slug":"zgloszenie-serwisowe-telefonia-voip","status":"publish","type":"page","link":"https:\/\/pb.edu.pl\/daz\/zgloszenie-serwisowe-telefonia-voip\/","title":{"rendered":"Zg\u0142oszenie serwisowe (telefonia VoIP)"},"content":{"rendered":"<h2>Dodaj zlecenie serwisowe &#8211; telefonia VoIP<\/h2>\n<p>Pola oznaczone (*) musz\u0105 by\u0107 wype\u0142nione obowi\u0105zkowo.<\/p>\n\n<div class=\"wpcf7 no-js\" id=\"wpcf7-f732-o1\" lang=\"pl-PL\" dir=\"ltr\" data-wpcf7-id=\"732\">\n<div class=\"screen-reader-response\"><p role=\"status\" aria-live=\"polite\" aria-atomic=\"true\"><\/p> <ul><\/ul><\/div>\n<form action=\"\/daz\/wp-json\/wp\/v2\/pages\/638#wpcf7-f732-o1\" method=\"post\" class=\"wpcf7-form init\" aria-label=\"Formularz kontaktowy\" novalidate=\"novalidate\" data-status=\"init\">\n<fieldset class=\"hidden-fields-container\"><input type=\"hidden\" name=\"_wpcf7\" value=\"732\" \/><input type=\"hidden\" name=\"_wpcf7_version\" value=\"6.1.5\" \/><input type=\"hidden\" name=\"_wpcf7_locale\" value=\"pl_PL\" \/><input type=\"hidden\" name=\"_wpcf7_unit_tag\" value=\"wpcf7-f732-o1\" \/><input type=\"hidden\" name=\"_wpcf7_container_post\" value=\"0\" \/><input type=\"hidden\" name=\"_wpcf7_posted_data_hash\" value=\"\" \/><input type=\"hidden\" name=\"_wpcf7cf_hidden_group_fields\" value=\"[]\" \/><input type=\"hidden\" name=\"_wpcf7cf_hidden_groups\" value=\"[]\" \/><input type=\"hidden\" name=\"_wpcf7cf_visible_groups\" value=\"[]\" \/><input type=\"hidden\" name=\"_wpcf7cf_repeaters\" value=\"[]\" \/><input type=\"hidden\" name=\"_wpcf7cf_steps\" value=\"{}\" \/><input type=\"hidden\" name=\"_wpcf7cf_options\" value=\"{&quot;form_id&quot;:732,&quot;conditions&quot;:[],&quot;settings&quot;:{&quot;animation&quot;:&quot;yes&quot;,&quot;animation_intime&quot;:200,&quot;animation_outtime&quot;:200,&quot;conditions_ui&quot;:&quot;normal&quot;,&quot;notice_dismissed&quot;:false,&quot;notice_dismissed_update-cf7-5.6.2&quot;:true}}\" \/>\n<\/fieldset>\n<div class=\"wpcf7-turnstile cf-turnstile\" data-sitekey=\"0x4AAAAAACDP-G-k0g-pygWP\" data-response-field-name=\"_wpcf7_turnstile_response\"><\/div>\n\n<div class=\"row\">\n\t<div class=\"col-md-12 mx-auto\">\n\t\t<div class=\"row\">\n\t\t\t<div class=\"col-md-8\">\n\t\t\t\t<p><label for=\"field_zg_jo\"> Jednostka organizacyjna Uczelni: *<\/label><br \/>\n<span class=\"wpcf7-form-control-wrap\" data-name=\"field_zg_jo\"><input size=\"40\" maxlength=\"400\" class=\"wpcf7-form-control wpcf7-text wpcf7-validates-as-required\" id=\"field_zg_jo\" aria-required=\"true\" aria-invalid=\"false\" value=\"\" type=\"text\" name=\"field_zg_jo\" \/><\/span>\n\t\t\t\t<\/p>\n\t\t\t<\/div>\n\t\t<\/div>\n\t\t<div class=\"row\">\n\t\t\t<div class=\"col-md-2\">\n\t\t\t\t<p><label for=\"field_zg_imie\"> Imi\u0119: *<\/label><br \/>\n<span class=\"wpcf7-form-control-wrap\" data-name=\"field_zg_imie\"><input size=\"40\" maxlength=\"400\" class=\"wpcf7-form-control wpcf7-text wpcf7-validates-as-required\" id=\"field_zg_imie\" aria-required=\"true\" aria-invalid=\"false\" value=\"\" type=\"text\" name=\"field_zg_imie\" \/><\/span>\n\t\t\t\t<\/p>\n\t\t\t<\/div>\n\t\t\t<div class=\"col-md-2\">\n\t\t\t\t<p><label for=\"field_zg_nazwisko\"> Nazwisko: *<\/label><br \/>\n<span class=\"wpcf7-form-control-wrap\" data-name=\"field_zg_nazwisko\"><input size=\"40\" maxlength=\"400\" class=\"wpcf7-form-control wpcf7-text wpcf7-validates-as-required\" id=\"field_zg_nazwisko\" aria-required=\"true\" aria-invalid=\"false\" value=\"\" type=\"text\" name=\"field_zg_nazwisko\" \/><\/span>\n\t\t\t\t<\/p>\n\t\t\t<\/div>\n\t\t\t<div class=\"col-md-2\">\n\t\t\t\t<p><label for=\"field-zg-email\"> Adres e-mail: *<\/label><br \/>\n<span class=\"wpcf7-form-control-wrap\" data-name=\"field-zg-email\"><input size=\"40\" maxlength=\"400\" class=\"wpcf7-form-control wpcf7-email wpcf7-validates-as-required wpcf7-text wpcf7-validates-as-email\" id=\"field-zg-email\" aria-required=\"true\" aria-invalid=\"false\" value=\"\" type=\"email\" name=\"field-zg-email\" \/><\/span>\n\t\t\t\t<\/p>\n\t\t\t<\/div>\n\t\t\t<div class=\"col-md-2\">\n\t\t\t\t<p><label for=\"field_telefon\"> Numer telefonu: *<\/label><br \/>\n<span class=\"wpcf7-form-control-wrap\" data-name=\"field_telefon\"><input size=\"40\" maxlength=\"400\" class=\"wpcf7-form-control wpcf7-text wpcf7-validates-as-required\" id=\"field_telefon\" aria-required=\"true\" aria-invalid=\"false\" value=\"\" type=\"text\" name=\"field_telefon\" \/><\/span>\n\t\t\t\t<\/p>\n\t\t\t<\/div>\n\t\t<\/div>\n\t\t<div class=\"row\">\n\t\t\t<div class=\"col-md-12\">\n\t\t\t<hr \/>\n\t\t\t<\/div>\n\t\t<\/div>\n\t\t<div class=\"row\">\n\t\t\t<div class=\"col-md-4\">\n\t\t\t\t<p><label for=\"field_zg_adres\"> Adres: *<\/label><br \/>\n<span class=\"wpcf7-form-control-wrap\" data-name=\"field_zg_adres\"><input size=\"40\" maxlength=\"400\" class=\"wpcf7-form-control wpcf7-text wpcf7-validates-as-required\" id=\"field_zg_adres\" aria-required=\"true\" aria-invalid=\"false\" value=\"\" type=\"text\" name=\"field_zg_adres\" \/><\/span>\n\t\t\t\t<\/p>\n\t\t\t<\/div>\n\t\t\t<div class=\"col-md-2\">\n\t\t\t\t<p><label for=\"field_zg_num_bud\"> Numer budynku: *<\/label><br \/>\n<span class=\"wpcf7-form-control-wrap\" data-name=\"field_zg_num_bud\"><input size=\"40\" maxlength=\"400\" class=\"wpcf7-form-control wpcf7-text wpcf7-validates-as-required\" id=\"field_zg_num_bud\" aria-required=\"true\" aria-invalid=\"false\" value=\"\" type=\"text\" name=\"field_zg_num_bud\" \/><\/span>\n\t\t\t\t<\/p>\n\t\t\t<\/div>\n\t\t\t<div class=\"col-md-2\">\n\t\t\t\t<p><label for=\"field_zg_num_pok\"> Numer pokoju: *<\/label><br \/>\n<span class=\"wpcf7-form-control-wrap\" data-name=\"field_zg_num_pok\"><input size=\"40\" maxlength=\"400\" class=\"wpcf7-form-control wpcf7-text wpcf7-validates-as-required\" id=\"field_zg_num_pok\" aria-required=\"true\" aria-invalid=\"false\" value=\"\" type=\"text\" name=\"field_zg_num_pok\" \/><\/span>\n\t\t\t\t<\/p>\n\t\t\t<\/div>\n\t\t<\/div>\n\t\t<div class=\"row\">\n\t\t\t<div class=\"col-md-12\">\n\t\t\t<hr \/>\n\t\t\t<\/div>\n\t\t<\/div>\n\t\t<div class=\"row\">\n\t\t\t<div class=\"col-md-8\">\n\t\t\t\t<p><label for=\"field_zg_uwagi\"> Opis problemu: podaj koniecznie MAC Adres (bazy lub telefonu) lub IPEI *<\/label><br \/>\n<span class=\"wpcf7-form-control-wrap\" data-name=\"field_zg_uwagi\"><textarea cols=\"40\" rows=\"10\" maxlength=\"2000\" class=\"wpcf7-form-control wpcf7-textarea wpcf7-validates-as-required\" id=\"field_zg_uwagi\" aria-required=\"true\" aria-invalid=\"false\" name=\"field_zg_uwagi\"><\/textarea><\/span>\n\t\t\t\t<\/p>\n\t\t\t<\/div>\n\t\t<\/div>\n\t\t<div class=\"row\">\n\t\t\t<div class=\"col-md-8 text-right\">\n\t\t\t\t<p><input class=\"wpcf7-form-control wpcf7-submit has-spinner\" type=\"submit\" value=\"Wy\u015blij zg\u0142oszenie\" \/>\n\t\t\t\t<\/p>\n\t\t\t<\/div>\n\t\t<\/div>\n\t<\/div>\n<\/div><div class=\"wpcf7-response-output\" aria-hidden=\"true\"><\/div>\n<\/form>\n<\/div>\n\n<p>&nbsp;<\/p>\n<p><strong>Instrukcja zalogowania s\u0142uchawki w telefonach bezprzewodowych:<\/strong><\/p>\n<p>Na stacji bazowej naci\u015bnij przycisk HANDSET LOCATOR przez co najmniej cztery sekundy, a nast\u0119pnie zwolnij przycisk. Obie diody LED na stacji bazowej zaczn\u0105 miga\u0107. Naci\u015bnij przycisk # na s\u0142uchawce, aby rozpocz\u0105\u0107 rejestracj\u0119. Na ekranie zostanie wy\u015bwietlony komunikat &#8222;Rejestracja, prosz\u0119 czeka\u0107&#8221;. Proces ten trwa do 10 sekund. Po zako\u0144czeniu rejestracji s\u0142uchawka wyemituje sygna\u0142 d\u017awi\u0119kowy i wy\u015bwietli komunikat &#8222;Handset Registered&#8221;. Je\u015bli s\u0142uchawka nie zarejestruje si\u0119, umie\u015b\u0107 j\u0105 ponownie w \u0142adowarce na kilka sekund, wyjmij j\u0105 i powt\u00f3rz procedur\u0119 rejestracji.<br \/>\nSzczeg\u00f3\u0142owy opis na stronie 27-29 instrukcji M10.<\/p>\n<p>Instrukcje telefon\u00f3w VoIP:<\/p>\n<p><a class=\"pdf\" title=\"\" href=\"https:\/\/pb.edu.pl\/daz\/wp-content\/uploads\/sites\/94\/2024\/01\/D713.pdf\" target=\"_blank\" rel=\"noopener\" data-id=\"779\">D713 <\/a><\/p>\n<p><a class=\"pdf\" title=\"\" href=\"https:\/\/pb.edu.pl\/daz\/wp-content\/uploads\/sites\/94\/2024\/01\/D717_User_Manual_PL1-2.pdf\" target=\"_blank\" rel=\"noopener\" data-id=\"778\">D717<\/a><\/p>\n<p><a class=\"pdf\" title=\"D785\" href=\"https:\/\/pb.edu.pl\/daz\/wp-content\/uploads\/sites\/94\/2024\/07\/D785_D785N_PL.pdf\" target=\"_blank\" rel=\"noopener\" data-id=\"868\">D785_D785N<\/a><\/p>\n<p><a class=\"pdf\" title=\"\" href=\"https:\/\/pb.edu.pl\/daz\/wp-content\/uploads\/sites\/94\/2024\/01\/IP112.pdf\" target=\"_blank\" rel=\"noopener\" data-id=\"781\">IP112<\/a><\/p>\n<p><a class=\"pdf\" title=\"\" href=\"https:\/\/pb.edu.pl\/daz\/wp-content\/uploads\/sites\/94\/2024\/01\/M10.pdf\" target=\"_blank\" rel=\"noopener\" data-id=\"782\">M10<\/a><\/p>\n<p><a class=\"pdf\" title=\"\" href=\"https:\/\/pb.edu.pl\/daz\/wp-content\/uploads\/sites\/94\/2024\/01\/M70.pdf\" target=\"_blank\" rel=\"noopener\" data-id=\"783\">M70 <\/a><\/p>\n<p>&nbsp;<\/p>\n<p>&nbsp;<\/p>\n<p>&nbsp;<\/p>\n","protected":false},"excerpt":{"rendered":"<p>Dodaj zlecenie serwisowe &#8211; telefonia VoIP Pola oznaczone (*) musz\u0105 by\u0107 wype\u0142nione obowi\u0105zkowo. &nbsp; Instrukcja<\/p>\n","protected":false},"author":2,"featured_media":0,"parent":0,"menu_order":4,"comment_status":"closed","ping_status":"closed","template":"","meta":{"_acf_changed":false,"ngg_post_thumbnail":0,"footnotes":""},"class_list":["post-638","page","type-page","status-publish","hentry"],"acf":[],"_links":{"self":[{"href":"https:\/\/pb.edu.pl\/daz\/wp-json\/wp\/v2\/pages\/638","targetHints":{"allow":["GET"]}}],"collection":[{"href":"https:\/\/pb.edu.pl\/daz\/wp-json\/wp\/v2\/pages"}],"about":[{"href":"https:\/\/pb.edu.pl\/daz\/wp-json\/wp\/v2\/types\/page"}],"author":[{"embeddable":true,"href":"https:\/\/pb.edu.pl\/daz\/wp-json\/wp\/v2\/users\/2"}],"replies":[{"embeddable":true,"href":"https:\/\/pb.edu.pl\/daz\/wp-json\/wp\/v2\/comments?post=638"}],"version-history":[{"count":0,"href":"https:\/\/pb.edu.pl\/daz\/wp-json\/wp\/v2\/pages\/638\/revisions"}],"wp:attachment":[{"href":"https:\/\/pb.edu.pl\/daz\/wp-json\/wp\/v2\/media?parent=638"}],"curies":[{"name":"wp","href":"https:\/\/api.w.org\/{rel}","templated":true}]}}