{"id":633,"date":"2023-01-24T22:25:24","date_gmt":"2023-01-24T21:25:24","guid":{"rendered":"https:\/\/pb.edu.pl\/daz\/?page_id=633"},"modified":"2023-04-03T16:59:41","modified_gmt":"2023-04-03T14:59:41","slug":"zgloszenie-serwisowe-naprawy-awarie","status":"publish","type":"page","link":"https:\/\/pb.edu.pl\/daz\/zgloszenie-serwisowe-naprawy-awarie\/","title":{"rendered":"Zg\u0142oszenie serwisowe (naprawy \/ awarie)"},"content":{"rendered":"<p>Procedura zg\u0142aszania awarii zgodnie z <a href=\"https:\/\/bip.pb.edu.pl\/index.php?event=informacja&#038;id=6949\">Zarz\u0105dzeniem NR 74 Rektora Politechniki Bia\u0142ostockiej z dnia 19 lipca 2012 roku w sprawie ustalenia \u201eProcedury zg\u0142aszania awarii i naprawy sprz\u0119tu komputerowego, multimedialnego oraz biurowego w Politechnice Bia\u0142ostockiej\u201d<\/a><\/p>\n<p>Pola oznaczone (*) musz\u0105 by\u0107 wype\u0142nione obowi\u0105zkowo.<\/p>\n\n<div class=\"wpcf7 no-js\" id=\"wpcf7-f150-o1\" lang=\"pl-PL\" dir=\"ltr\" data-wpcf7-id=\"150\">\n<div class=\"screen-reader-response\"><p role=\"status\" aria-live=\"polite\" aria-atomic=\"true\"><\/p> <ul><\/ul><\/div>\n<form action=\"\/daz\/wp-json\/wp\/v2\/pages\/633#wpcf7-f150-o1\" method=\"post\" class=\"wpcf7-form init\" aria-label=\"Formularz kontaktowy\" novalidate=\"novalidate\" data-status=\"init\">\n<fieldset class=\"hidden-fields-container\"><input type=\"hidden\" name=\"_wpcf7\" value=\"150\" \/><input type=\"hidden\" name=\"_wpcf7_version\" value=\"6.1.5\" \/><input type=\"hidden\" name=\"_wpcf7_locale\" value=\"pl_PL\" \/><input type=\"hidden\" name=\"_wpcf7_unit_tag\" value=\"wpcf7-f150-o1\" \/><input type=\"hidden\" name=\"_wpcf7_container_post\" value=\"0\" \/><input type=\"hidden\" name=\"_wpcf7_posted_data_hash\" value=\"\" \/><input type=\"hidden\" name=\"_wpcf7cf_hidden_group_fields\" value=\"[]\" \/><input type=\"hidden\" name=\"_wpcf7cf_hidden_groups\" value=\"[]\" \/><input type=\"hidden\" name=\"_wpcf7cf_visible_groups\" value=\"[]\" \/><input type=\"hidden\" name=\"_wpcf7cf_repeaters\" value=\"[]\" \/><input type=\"hidden\" name=\"_wpcf7cf_steps\" value=\"{}\" \/><input type=\"hidden\" name=\"_wpcf7cf_options\" value=\"{&quot;form_id&quot;:150,&quot;conditions&quot;:[],&quot;settings&quot;:{&quot;animation&quot;:&quot;yes&quot;,&quot;animation_intime&quot;:200,&quot;animation_outtime&quot;:200,&quot;conditions_ui&quot;:&quot;normal&quot;,&quot;notice_dismissed&quot;:false,&quot;notice_dismissed_update-cf7-5.6.2&quot;:true}}\" \/>\n<\/fieldset>\n<div class=\"wpcf7-turnstile cf-turnstile\" data-sitekey=\"0x4AAAAAACDP-G-k0g-pygWP\" data-response-field-name=\"_wpcf7_turnstile_response\"><\/div>\n\n<div class=\"row\">\n\t<div class=\"col-md-12 mx-auto\">\n\t\t<p style=\"font-size: 1.65rem;font-weight:bold\"><span class=\"wpcf7-form-control-wrap\" data-name=\"acceptance-104\"><span class=\"wpcf7-form-control wpcf7-acceptance\"><span class=\"wpcf7-list-item\"><label><input type=\"checkbox\" name=\"acceptance-104\" value=\"1\" aria-invalid=\"false\" \/><span class=\"wpcf7-list-item-label\">Zg\u0142aszaj\u0105cy o\u015bwiadcza, \u017ce zg\u0142oszenie serwisowe jest sk\u0142adane za wiedz\u0105 osoby odpowiedzialnej materialnie.<\/span><\/label><\/span><\/span><\/span>\n\t\t<\/p>\n\t\t<div class=\"row\">\n\t\t\t<div class=\"col-md-8\">\n\t\t\t\t<p><label for=\"jednostka\"> Jednostka organizacyjna Uczelni: *<\/label><br \/>\n<span class=\"wpcf7-form-control-wrap\" data-name=\"jednostka\"><input size=\"40\" maxlength=\"400\" class=\"wpcf7-form-control wpcf7-text wpcf7-validates-as-required\" id=\"jednostka\" aria-required=\"true\" aria-invalid=\"false\" value=\"\" type=\"text\" name=\"jednostka\" \/><\/span>\n\t\t\t\t<\/p>\n\t\t\t<\/div>\n\t\t<\/div>\n\t\t<div class=\"row\">\n\t\t\t<div class=\"col-md-2\">\n\t\t\t\t<p><label for=\"imie\"> Imi\u0119: *<\/label><br \/>\n<span class=\"wpcf7-form-control-wrap\" data-name=\"imie\"><input size=\"40\" maxlength=\"400\" class=\"wpcf7-form-control wpcf7-text wpcf7-validates-as-required\" id=\"imie\" aria-required=\"true\" aria-invalid=\"false\" value=\"\" type=\"text\" name=\"imie\" \/><\/span>\n\t\t\t\t<\/p>\n\t\t\t<\/div>\n\t\t\t<div class=\"col-md-2\">\n\t\t\t\t<p><label for=\"nazwisko\"> Nazwisko: *<\/label><br \/>\n<span class=\"wpcf7-form-control-wrap\" data-name=\"nazwisko\"><input size=\"40\" maxlength=\"400\" class=\"wpcf7-form-control wpcf7-text wpcf7-validates-as-required\" id=\"nazwisko\" aria-required=\"true\" aria-invalid=\"false\" value=\"\" type=\"text\" name=\"nazwisko\" \/><\/span>\n\t\t\t\t<\/p>\n\t\t\t<\/div>\n\t\t\t<div class=\"col-md-4\">\n\t\t\t\t<p><label for=\"field-zg-email\"> Adres e-mail: *<\/label><br \/>\n<span class=\"wpcf7-form-control-wrap\" data-name=\"field-zg-email\"><input size=\"40\" maxlength=\"400\" class=\"wpcf7-form-control wpcf7-email wpcf7-validates-as-required wpcf7-text wpcf7-validates-as-email\" id=\"field-zg-email\" aria-required=\"true\" aria-invalid=\"false\" value=\"\" type=\"email\" name=\"field-zg-email\" \/><\/span>\n\t\t\t\t<\/p>\n\t\t\t<\/div>\n\t\t<\/div>\n\t\t<div class=\"row\">\n\t\t\t<div class=\"col-md-12\">\n\t\t\t<hr style=\"color: rgba(2, 64, 108, 0.1);\" \/>\n\t\t\t<\/div>\n\t\t<\/div>\n\t\t<div class=\"row\">\n\t\t\t<div class=\"col-md-8\">\n\t\t\t\t<p><label for=\"osoba\"> Imi\u0119 i nazwisko osoby odpowiedzialnej materialnie: *<\/label><br \/>\n<span class=\"wpcf7-form-control-wrap\" data-name=\"osoba\"><input size=\"40\" maxlength=\"400\" class=\"wpcf7-form-control wpcf7-text wpcf7-validates-as-required\" id=\"osoba\" aria-required=\"true\" aria-invalid=\"false\" value=\"\" type=\"text\" name=\"osoba\" \/><\/span>\n\t\t\t\t<\/p>\n\t\t\t<\/div>\n\t\t<\/div>\n\t\t<div class=\"row\">\n\t\t\t<div class=\"col-md-12\">\n\t\t\t<hr style=\"color: rgba(2, 64, 108, 0.1);\" \/>\n\t\t\t<\/div>\n\t\t<\/div>\n\t\t<div class=\"row\">\n\t\t\t<div class=\"col-md-12\">\n\t\t\t\t<p style=\"font-size: 1.65rem;font-weight:bold\">Opis urz\u0105dzenia \/ aparatury\n\t\t\t\t<\/p>\n\t\t\t<\/div>\n\t\t\t<div class=\"col-md-8\">\n\t\t\t\t<p><label for=\"nazwa\"> Nazwa urz\u0105dzenia\/aparatury: *<\/label><br \/>\n<span class=\"wpcf7-form-control-wrap\" data-name=\"nazwa\"><textarea cols=\"40\" rows=\"10\" maxlength=\"2000\" class=\"wpcf7-form-control wpcf7-textarea wpcf7-validates-as-required\" id=\"nazwa\" aria-required=\"true\" aria-invalid=\"false\" name=\"nazwa\"><\/textarea><\/span>\n\t\t\t\t<\/p>\n\t\t\t<\/div>\n\t\t<\/div>\n\t\t<div class=\"row\">\n\t\t\t<div class=\"col-md-4\">\n\t\t\t\t<p><label for=\"numer-inwentarzowy\"> Numer inwentarzowy: *<\/label><br \/>\n<span class=\"wpcf7-form-control-wrap\" data-name=\"numer-inwentarzowy\"><input size=\"40\" maxlength=\"400\" class=\"wpcf7-form-control wpcf7-text wpcf7-validates-as-required\" id=\"numer-inwentarzowy\" aria-required=\"true\" aria-invalid=\"false\" value=\"\" type=\"text\" name=\"numer-inwentarzowy\" \/><\/span>\n\t\t\t\t<\/p>\n\t\t\t<\/div>\n\t\t\t<div class=\"col-md-4\">\n\t\t\t\t<p><label for=\"numer-seryjny\"> Numer seryjny: <\/label><br \/>\n<span class=\"wpcf7-form-control-wrap\" data-name=\"numer-seryjny\"><input size=\"40\" maxlength=\"400\" class=\"wpcf7-form-control wpcf7-text\" id=\"numer-seryjny\" aria-invalid=\"false\" value=\"\" type=\"text\" name=\"numer-seryjny\" \/><\/span>\n\t\t\t\t<\/p>\n\t\t\t<\/div>\n\t\t<\/div>\n\t\t<div class=\"row\">\n\t\t\t<div class=\"col-md-4\">\n\t\t\t\t<p><label for=\"termin-zakupu\"> Przybli\u017cony termin zakupu urz\u0105dzenia: <\/label><br \/>\n<span class=\"wpcf7-form-control-wrap\" data-name=\"termin-zakupu\"><input size=\"40\" maxlength=\"400\" class=\"wpcf7-form-control wpcf7-text\" id=\"termin-zakupu\" aria-invalid=\"false\" value=\"\" type=\"text\" name=\"termin-zakupu\" \/><\/span>\n\t\t\t\t<\/p>\n\t\t\t<\/div>\n\t\t\t<div class=\"col-md-4\">\n\t\t\t\t<p><label for=\"dostawca\"> Dostawca urz\u0105dzenia: <\/label><br \/>\n<span class=\"wpcf7-form-control-wrap\" data-name=\"dostawca\"><input size=\"40\" maxlength=\"400\" class=\"wpcf7-form-control wpcf7-text\" id=\"dostawca\" aria-invalid=\"false\" value=\"\" type=\"text\" name=\"dostawca\" \/><\/span>\n\t\t\t\t<\/p>\n\t\t\t<\/div>\n\t\t<\/div>\n\t\t<div class=\"row\">\n\t\t\t<div class=\"col-md-12\">\n\t\t\t\t<p style=\"font-size: 1.65rem;font-weight:bold\">Wniosek zakupowy\n\t\t\t\t<\/p>\n\t\t\t<\/div>\n\t\t\t<div class=\"col-md-4\">\n\t\t\t\t<p><label for=\"numer-zakup\"> Numer wniosku o zakup: *<\/label><br \/>\n<span class=\"wpcf7-form-control-wrap\" data-name=\"numer-zakup\"><input size=\"40\" maxlength=\"400\" class=\"wpcf7-form-control wpcf7-text wpcf7-validates-as-required\" id=\"numer-zakup\" aria-required=\"true\" aria-invalid=\"false\" value=\"\" type=\"text\" name=\"numer-zakup\" \/><\/span>\n\t\t\t\t<\/p>\n\t\t\t<\/div>\n\t\t\t<div class=\"col-md-4\">\n\t\t\t\t<p><label for=\"pozycja-wniosku\"> Pozycja z wniosku o zakup: *<\/label><br \/>\n<span class=\"wpcf7-form-control-wrap\" data-name=\"pozycja-wniosku\"><input size=\"40\" maxlength=\"400\" class=\"wpcf7-form-control wpcf7-text wpcf7-validates-as-required\" id=\"pozycja-wniosku\" aria-required=\"true\" aria-invalid=\"false\" value=\"\" type=\"text\" name=\"pozycja-wniosku\" \/><\/span>\n\t\t\t\t<\/p>\n\t\t\t<\/div>\n\t\t<\/div>\n\t\t<div class=\"row\">\n\t\t\t<div class=\"col-md-12\">\n\t\t\t\t<p style=\"font-size: 1.65rem;font-weight:bold\">Dodatkowe informacje\n\t\t\t\t<\/p>\n\t\t\t<\/div>\n\t\t\t<div class=\"col-md-8\">\n\t\t\t\t<p><label for=\"opis-usterki\"> Szczeg\u00f3\u0142owy opis usterki\/zg\u0142oszenia: *<\/label><br \/>\n<span class=\"wpcf7-form-control-wrap\" data-name=\"opis-usterki\"><textarea cols=\"40\" rows=\"10\" maxlength=\"2000\" class=\"wpcf7-form-control wpcf7-textarea wpcf7-validates-as-required\" id=\"opis-usterki\" aria-required=\"true\" aria-invalid=\"false\" name=\"opis-usterki\"><\/textarea><\/span>\n\t\t\t\t<\/p>\n\t\t\t<\/div>\n\t\t\t<div class=\"col-md-8\">\n\t\t\t\t<p><label for=\"lokalizacja\"> Urz\u0105dzenie mo\u017cna odebra\u0107 do naprawy (dok\u0142adna lokalizacja urz\u0105dzenia): *<\/label><br \/>\n<span class=\"wpcf7-form-control-wrap\" data-name=\"lokalizacja\"><textarea cols=\"40\" rows=\"10\" maxlength=\"2000\" class=\"wpcf7-form-control wpcf7-textarea wpcf7-validates-as-required\" id=\"lokalizacja\" aria-required=\"true\" aria-invalid=\"false\" name=\"lokalizacja\"><\/textarea><\/span>\n\t\t\t\t<\/p>\n\t\t\t<\/div>\n\t\t<\/div>\n\t\t<div class=\"row\">\n\t\t\t<div class=\"col-md-8 text-right\">\n\t\t\t\t<p><input class=\"wpcf7-form-control wpcf7-submit has-spinner\" type=\"submit\" value=\"Wy\u015blij zg\u0142oszenie\" \/>\n\t\t\t\t<\/p>\n\t\t\t<\/div>\n\t\t<\/div>\n\t<\/div>\n<\/div><div class=\"wpcf7-response-output\" aria-hidden=\"true\"><\/div>\n<\/form>\n<\/div>\n\n","protected":false},"excerpt":{"rendered":"<p>Procedura zg\u0142aszania awarii zgodnie z Zarz\u0105dzeniem NR 74 Rektora Politechniki Bia\u0142ostockiej z dnia 19 lipca<\/p>\n","protected":false},"author":2,"featured_media":0,"parent":0,"menu_order":3,"comment_status":"closed","ping_status":"closed","template":"","meta":{"_acf_changed":false,"ngg_post_thumbnail":0,"footnotes":""},"class_list":["post-633","page","type-page","status-publish","hentry"],"acf":[],"_links":{"self":[{"href":"https:\/\/pb.edu.pl\/daz\/wp-json\/wp\/v2\/pages\/633","targetHints":{"allow":["GET"]}}],"collection":[{"href":"https:\/\/pb.edu.pl\/daz\/wp-json\/wp\/v2\/pages"}],"about":[{"href":"https:\/\/pb.edu.pl\/daz\/wp-json\/wp\/v2\/types\/page"}],"author":[{"embeddable":true,"href":"https:\/\/pb.edu.pl\/daz\/wp-json\/wp\/v2\/users\/2"}],"replies":[{"embeddable":true,"href":"https:\/\/pb.edu.pl\/daz\/wp-json\/wp\/v2\/comments?post=633"}],"version-history":[{"count":0,"href":"https:\/\/pb.edu.pl\/daz\/wp-json\/wp\/v2\/pages\/633\/revisions"}],"wp:attachment":[{"href":"https:\/\/pb.edu.pl\/daz\/wp-json\/wp\/v2\/media?parent=633"}],"curies":[{"name":"wp","href":"https:\/\/api.w.org\/{rel}","templated":true}]}}