{"id":627,"date":"2023-01-24T22:14:32","date_gmt":"2023-01-24T21:14:32","guid":{"rendered":"https:\/\/pb.edu.pl\/daz\/?page_id=627"},"modified":"2025-08-29T13:56:44","modified_gmt":"2025-08-29T11:56:44","slug":"telefony-komorkowe-zasady-zakupu","status":"publish","type":"page","link":"https:\/\/pb.edu.pl\/daz\/telefony-komorkowe-zasady-zakupu\/","title":{"rendered":"Telefony kom\u00f3rkowe &#8211; zasady zakupu i u\u017cytkowania"},"content":{"rendered":"<div class=\"h3\"><span style=\"color: #008000\"><strong><span style=\"font-size: 14pt\">Telefony kom\u00f3rkowe &#8211; zasady zakupu<\/span><\/strong><\/span><\/div>\n<p>Zakup telefon\u00f3w kom\u00f3rkowych odbywa si\u0119 wed\u0142ug poni\u017cszych zasad:<\/p>\n<ol>\n<li>Do korzystania z telefon\u00f3w kom\u00f3rkowych upowa\u017cnieni s\u0105 pracownicy, kt\u00f3rzy ze wzgl\u0119du na rodzaj pe\u0142nionych obowi\u0105zk\u00f3w s\u0142u\u017cbowych musz\u0105 by\u0107 dyspozycyjni bez wzgl\u0119du na miejsce aktualnego przebywania.<\/li>\n<li>Rektor wyra\u017ca zgod\u0119 na przyznanie s\u0142u\u017cbowego telefonu kom\u00f3rkowego na podstawie indywidualnego wniosku pracownika. Wz\u00f3r wniosku stanowi Za\u0142\u0105cznik nr 1 do Zarz\u0105dzenia 21\/2024.<\/li>\n<li>Zakup telefonu nast\u0119puje na podstawie z\u0142o\u017conego wniosku o zakup, szczeg\u00f3\u0142owo uzasadniaj\u0105cego konieczno\u015b\u0107 korzystania z telefonu.<\/li>\n<li>Zakup nowego telefonu kom\u00f3rkowego mo\u017ce nast\u0105pi\u0107 nie wcze\u015bniej ni\u017c po up\u0142ywie 3 lat od momentu poprzedniego zakupu.<\/li>\n<li>Ustala si\u0119 nast\u0119puj\u0105ce limity cenowe na zakup telefon\u00f3w kom\u00f3rkowych:\n<ul>\n<li>Kierownicy jednostek \u2013 <strong>1000,00 z\u0142 brutto<\/strong><\/li>\n<li>Pracownicy jednostek \u2013 <strong>800,00 z\u0142 brutto<\/strong><\/li>\n<\/ul>\n<\/li>\n<\/ol>\n<p><strong>Zakup telefonu kom\u00f3rkowego powy\u017cej ustalonych limit\u00f3w cenowych mo\u017cliwy jest po przedstawieniu szczeg\u00f3\u0142owego uzasadnienia, na podstawie kt\u00f3rego zostanie wydana opinia Dzia\u0142u Aparatury i Zakup\u00f3w o celowo\u015bci zakupu.<\/strong><\/p>\n<div class=\"h3\">Za\u0142\u0105cznik:<\/div>\n<p>&nbsp;<\/p>\n<p><a class=\"pdf\" href=\"https:\/\/pb.edu.pl\/daz\/wp-content\/uploads\/sites\/94\/2024\/09\/Zarzadzenie-nr-21-wersja-skanowana-32.pdf\" target=\"_blank\" rel=\"noopener\" data-id=\"882\">Zarz\u0105dzenie nr 21 wersja skanowana-3(2) (PDF, 928 KB, otworzy si\u0119 w nowej karcie)<\/a><\/p>\n<p>&nbsp;<\/p>\n<p><span style=\"color: #008000\"><strong><span style=\"font-size: 14pt\">Telefony kom\u00f3rkowe &#8211; zasady&nbsp; u\u017cytkowania<\/span><\/strong><\/span><\/p>\n<p style=\"text-align: center\"><strong>INFORMACJA <\/strong><\/p>\n<p style=\"text-align: center\"><strong>o us\u0142ugach telekomunikacyjnych i internetowych wchodz\u0105cych w zakres abonamentu<br \/>\noraz najcz\u0119\u015bciej pojawiaj\u0105cych si\u0119 w PB us\u0142ugach p\u0142atnych.<\/strong><\/p>\n<div>\n<table style=\"height: 751px;width: 93.4992%\">\n<tbody>\n<tr style=\"height: 63px\">\n<td style=\"border-style: solid;height: 63px;width: 201.136%\" colspan=\"2\" width=\"604\">\n<p style=\"text-align: center\"><strong>ABONAMENT<\/strong><\/p>\n<p style=\"text-align: center\"><strong>&nbsp;<\/strong><\/p>\n<\/td>\n<\/tr>\n<tr style=\"height: 163px\">\n<td style=\"border-style: solid;height: 163px;width: 50.1623%\" width=\"302\">Abonament GSM obejmuje: nielimitowane po\u0142\u0105czeniami g\u0142osowe, SMS i MMS do wszystkich operator\u00f3w GSM w kraju i min 30 GB transmisji danych oraz nielimitowane po\u0142\u0105czenia g\u0142osowe na numery stacjonarne krajowych operator\u00f3w telekomunikacyjnych<\/p>\n<p>&nbsp;<\/td>\n<td style=\"border-style: solid;height: 163px;width: 150.974%\" width=\"302\">W abonamencie miesi\u0119cznym<\/td>\n<\/tr>\n<tr style=\"height: 63px\">\n<td style=\"border-style: solid;height: 63px;width: 201.136%\" colspan=\"2\" width=\"604\">\n<p style=\"text-align: center\"><strong>USUGI P\u0141ATNE POZA ABONAMENTEM<\/strong><\/p>\n<p style=\"text-align: center\"><strong>&nbsp;<\/strong><\/p>\n<\/td>\n<\/tr>\n<tr style=\"height: 63px\">\n<td style=\"border-style: solid;height: 63px;width: 50.1623%\" width=\"302\">SMS na telefony stacjonarne krajowe<\/p>\n<p>&nbsp;<\/td>\n<td style=\"border-style: solid;height: 63px;width: 150.974%\" width=\"302\">Op\u0142ata za ka\u017cdy SMS<\/td>\n<\/tr>\n<tr style=\"height: 84px\">\n<td style=\"border-style: solid;height: 84px;width: 50.1623%\" width=\"302\">SMS specjalne krajowe ( np. konkursy, akcje, zbi\u00f3rki, loterie)<\/p>\n<p>&nbsp;<\/td>\n<td style=\"border-style: solid;height: 84px;width: 150.974%\" width=\"302\">Op\u0142ata za ka\u017cdy SMS<\/td>\n<\/tr>\n<tr style=\"height: 63px\">\n<td style=\"border-style: solid;height: 63px;width: 50.1623%\" width=\"302\">Przesy\u0142anie danych za granic\u0105&nbsp;<\/p>\n<p>&nbsp;<\/td>\n<td style=\"border-style: solid;height: 63px;width: 150.974%\" width=\"302\">Op\u0142ata za 1 MB transmisji danych<\/td>\n<\/tr>\n<tr style=\"height: 84px\">\n<td style=\"border-style: solid;height: 84px;width: 50.1623%\" width=\"302\">Po\u0142\u0105czenia oraz SMS i MMS mi\u0119dzynarodowe<\/p>\n<p>&nbsp;<\/td>\n<td style=\"border-style: solid;height: 84px;width: 150.974%\" width=\"302\">Op\u0142ata za minut\u0119 lub SMS i MMS<\/td>\n<\/tr>\n<tr style=\"height: 105px\">\n<td style=\"border-style: solid;height: 105px;width: 50.1623%\" width=\"302\">Po\u0142\u0105czenia z Biurem Obs\u0142ugi Klienta, Biurem Numer\u00f3w Orange i innymi infoliniami<\/p>\n<p>&nbsp;<\/td>\n<td style=\"border-style: solid;height: 105px;width: 150.974%\" width=\"302\">Op\u0142ata za ka\u017cde po\u0142\u0105czenie<\/td>\n<\/tr>\n<tr style=\"height: 63px\">\n<td style=\"border-style: solid;height: 63px;width: 50.1623%\" width=\"302\">Pozosta\u0142e us\u0142ugi<\/p>\n<p>&nbsp;<\/td>\n<td style=\"border-style: solid;height: 63px;width: 150.974%\" width=\"302\">Op\u0142aty wg cennika operatora<\/td>\n<\/tr>\n<\/tbody>\n<\/table>\n<\/div>\n<div><em style=\"font-size: 1.5rem\">Wysoko\u015b\u0107 op\u0142at &nbsp;za us\u0142ugi mi\u0119dzynarodowe uzale\u017cnione &nbsp;od strefy geograficznej<\/em><\/div>\n<div>\n<p>&nbsp;<\/p>\n<p><span style=\"color: #339966\"><strong><span style=\"font-size: 12pt\">Aby unikn\u0105\u0107 zb\u0119dnych op\u0142at zaleca si\u0119:<\/span><\/strong><\/span><\/p>\n<ul>\n<li>wykonywanie kr\u00f3tkich transmisji danych za granic\u0105,<\/li>\n<li>wykonywanie kr\u00f3tkich po\u0142\u0105cze\u0144 za granic\u0105.<\/li>\n<li>rezygnowanie z wysy\u0142ania SMS-\u00f3w na telefony stacjonarne;<\/li>\n<li>nieu\u017cywanie automatycznych odpowiedzi na po\u0142\u0105czenia (opcj\u0119 automatycznego wysy\u0142ania SMS na nieodebrane po\u0142\u0105czenia mo\u017cna wy\u0142\u0105czy\u0107 w aparacie);<\/li>\n<li>wykonywanie po\u0142\u0105cze\u0144 z m.in. Biurem Obs\u0142ugi Klienta, Biurem Numer\u00f3w Orange oraz innymi infoliniami wy\u0142\u0105cznie w nag\u0142ych sytuacjach;<\/li>\n<li>zwracanie szczeg\u00f3lnej uwagi na SMS-y specjalne, kt\u00f3rych nie nale\u017cy odbiera\u0107 i na nie odpowiada\u0107 oraz nie wyra\u017ca\u0107 zgody na w\u0142\u0105czenie dodatkowych op\u0142at.<\/li>\n<\/ul>\n<p>Wszystkie telefony s\u0142u\u017cbowe maj\u0105 zablokowane us\u0142ugi Premium, jednak mog\u0105 zdarzy\u0107<br \/>\nsi\u0119 wiadomo\u015bci, kt\u00f3rych wys\u0142anie czy odebranie wymaga zgody abonenta na dodatkowe op\u0142aty.<\/p>\n<\/div>\n<div>&nbsp;<\/div>\n<div>&nbsp;<\/div>\n<p>&nbsp;<\/p>\n","protected":false},"excerpt":{"rendered":"<p>Telefony kom\u00f3rkowe &#8211; zasady zakupu Zakup telefon\u00f3w kom\u00f3rkowych odbywa si\u0119 wed\u0142ug poni\u017cszych zasad: Do korzystania<\/p>\n","protected":false},"author":2,"featured_media":0,"parent":0,"menu_order":2,"comment_status":"closed","ping_status":"closed","template":"","meta":{"_acf_changed":false,"ngg_post_thumbnail":0,"footnotes":""},"class_list":["post-627","page","type-page","status-publish","hentry"],"acf":[],"_links":{"self":[{"href":"https:\/\/pb.edu.pl\/daz\/wp-json\/wp\/v2\/pages\/627","targetHints":{"allow":["GET"]}}],"collection":[{"href":"https:\/\/pb.edu.pl\/daz\/wp-json\/wp\/v2\/pages"}],"about":[{"href":"https:\/\/pb.edu.pl\/daz\/wp-json\/wp\/v2\/types\/page"}],"author":[{"embeddable":true,"href":"https:\/\/pb.edu.pl\/daz\/wp-json\/wp\/v2\/users\/2"}],"replies":[{"embeddable":true,"href":"https:\/\/pb.edu.pl\/daz\/wp-json\/wp\/v2\/comments?post=627"}],"version-history":[{"count":0,"href":"https:\/\/pb.edu.pl\/daz\/wp-json\/wp\/v2\/pages\/627\/revisions"}],"wp:attachment":[{"href":"https:\/\/pb.edu.pl\/daz\/wp-json\/wp\/v2\/media?parent=627"}],"curies":[{"name":"wp","href":"https:\/\/api.w.org\/{rel}","templated":true}]}}