{"id":624,"date":"2023-01-24T22:10:53","date_gmt":"2023-01-24T21:10:53","guid":{"rendered":"https:\/\/pb.edu.pl\/daz\/?page_id=624"},"modified":"2024-05-15T10:02:33","modified_gmt":"2024-05-15T08:02:33","slug":"zakup-aparatury-i-sprzetu-komputerowego","status":"publish","type":"page","link":"https:\/\/pb.edu.pl\/daz\/zakup-aparatury-i-sprzetu-komputerowego\/","title":{"rendered":"Zakup aparatury i sprz\u0119tu komputerowego"},"content":{"rendered":"<p>Zakup sprz\u0119tu komputerowego podlega procedurze Prawa zam\u00f3wie\u0144 publicznych (Pzp).<\/p>\n<p>Zakup aparatury powy\u017cej 130 tys. z\u0142 netto podlega procedurze Pzp.<\/p>\n<p><strong>Warunkiem wszcz\u0119cia procedury<\/strong> jest dostarczenie przez Wnioskodawc\u0119 do Dzia\u0142u Aparatury kompletu dokument\u00f3w:<\/p>\n<ul>\n<li>danych do procedury Pzp wraz z opisem przedmiotu zam\u00f3wienia,<\/li>\n<li>informacji dot. szacowania przedmiotu zam\u00f3wienia wraz z ofertami,<\/li>\n<li>o\u015bwiadczenia dot. opisu przedmiotu zam\u00f3wienia,<\/li>\n<li>analizy potrzeb &#8211; w przypadku zam\u00f3wie\u0144 o warto\u015bci wi\u0119kszej ni\u017c progi unijne.<\/li>\n<\/ul>\n<p><strong>Formularze powy\u017cszych dokument\u00f3w w za\u0142\u0105czniku:<\/strong><\/p>\n<p><a class=\"docx\" title=\"pobierz plik\" href=\"https:\/\/pb.edu.pl\/daz\/wp-content\/uploads\/sites\/94\/2024\/05\/Zalaczniknr8-dane-do-procedury-PZP.docx\" data-id=\"851\">Za\u0142\u0105cznik+nr+8 &#8211; dane do procedury PZP (DOCX, 62 KB)<\/a><\/p>\n","protected":false},"excerpt":{"rendered":"<p>Zakup sprz\u0119tu komputerowego podlega procedurze Prawa zam\u00f3wie\u0144 publicznych (Pzp). Zakup aparatury powy\u017cej 130 tys. z\u0142<\/p>\n","protected":false},"author":2,"featured_media":0,"parent":0,"menu_order":1,"comment_status":"closed","ping_status":"closed","template":"","meta":{"_acf_changed":false,"ngg_post_thumbnail":0,"footnotes":""},"class_list":["post-624","page","type-page","status-publish","hentry"],"acf":[],"_links":{"self":[{"href":"https:\/\/pb.edu.pl\/daz\/wp-json\/wp\/v2\/pages\/624","targetHints":{"allow":["GET"]}}],"collection":[{"href":"https:\/\/pb.edu.pl\/daz\/wp-json\/wp\/v2\/pages"}],"about":[{"href":"https:\/\/pb.edu.pl\/daz\/wp-json\/wp\/v2\/types\/page"}],"author":[{"embeddable":true,"href":"https:\/\/pb.edu.pl\/daz\/wp-json\/wp\/v2\/users\/2"}],"replies":[{"embeddable":true,"href":"https:\/\/pb.edu.pl\/daz\/wp-json\/wp\/v2\/comments?post=624"}],"version-history":[{"count":0,"href":"https:\/\/pb.edu.pl\/daz\/wp-json\/wp\/v2\/pages\/624\/revisions"}],"wp:attachment":[{"href":"https:\/\/pb.edu.pl\/daz\/wp-json\/wp\/v2\/media?parent=624"}],"curies":[{"name":"wp","href":"https:\/\/api.w.org\/{rel}","templated":true}]}}