{"id":538,"date":"2023-01-19T17:13:25","date_gmt":"2023-01-19T16:13:25","guid":{"rendered":"https:\/\/pb.edu.pl\/daz\/?page_id=538"},"modified":"2025-12-03T10:07:28","modified_gmt":"2025-12-03T09:07:28","slug":"pracownicy","status":"publish","type":"page","link":"https:\/\/pb.edu.pl\/daz\/kontakt\/pracownicy\/","title":{"rendered":"Pracownicy"},"content":{"rendered":"<p><strong>kierownik \u2013 in\u017c. Mariusz Seroka<\/strong><br \/>\n<i class=\"fal fa-phone\"><\/i> 85 746-90-31<br \/>\n<i class=\"fal fa-mobile\"><\/i> 797-994-890<\/p>\n<p>m.seroka@pb.edu.pl<\/p>\n<ul>\n<li>Zakupy zagraniczne<\/li>\n<li>Przetargi &#8211; aparatura<\/li>\n<li>Projekty unijne &#8211; aparatura<\/li>\n<\/ul>\n<hr>\n<p><strong>zast\u0119pca kierownika &#8211; mgr Marta Izabela Gudel<\/strong><br \/>\n<i class=\"fal fa-phone\"><\/i> 85 746-70-42<br \/>\n<i class=\"fal fa-mobile\"><\/i> 507-640-832<\/p>\n<p>m.gudel@pb.edu.pl<\/p>\n<ul>\n<li>Zakupy zagraniczne<\/li>\n<li>Przetargi &#8211; aparatura<\/li>\n<li>Projekty unijne &#8211; aparatura<\/li>\n<\/ul>\n<hr>\n<p><strong>Krzysztof Wojew\u00f3dzki<\/strong><br \/>\n<i class=\"fal fa-phone\"><\/i> 85 746-90-33<br \/>\n<i class=\"fal fa-mobile\"><\/i> 509-801-552<\/p>\n<p>k.wojewodzki@pb.edu.pl<\/p>\n<ul>\n<li>Warsztat Dzia\u0142u Aparatury<\/li>\n<li>Zg\u0142oszenia serwisowe gwarancyjne i pogwarancyjne&nbsp;<\/li>\n<li>Zakup baterii i akumulator\u00f3w<\/li>\n<li>Dostawy sukcesywne: odzie\u017cy ochronnej<\/li>\n<\/ul>\n<hr>\n<p><strong>Robert Gorzelak<\/strong><br \/>\n<i class=\"fal fa-phone\"><\/i> 85 746-70-41<br \/>\n<i class=\"fal fa-mobile\"><\/i> 797-343-663<\/p>\n<p>r.gorzelak@pb.edu.pl<\/p>\n<ul>\n<li>Zakupy sprz\u0119tu komputerowego&nbsp;<\/li>\n<li>Zakupy sprz\u0119tu multimedialnego&nbsp;<\/li>\n<li>Dostawa sukcesywna sprz\u0119tu komputerowego, element\u00f3w komputerowych<\/li>\n<\/ul>\n<hr>\n<p><strong>dr in\u017c. Norbert Litwi\u0144czuk<\/strong><br \/>\n<i class=\"fal fa-phone\"><\/i> 85 746-91-88<\/p>\n<p>n.litwinczuk@pb.edu.pl<\/p>\n<ul>\n<li>Dostawy sukcesywne: toner\u00f3w, papieru do drukarek, materia\u0142\u00f3w biurowych, \u015brodk\u00f3w czysto\u015bci, artyku\u0142\u00f3w gospodarstwa domowego, artyku\u0142\u00f3w higienicznych, prasy codziennej<\/li>\n<li>Prenumerata i dostawa prasy<\/li>\n<li>Zg\u0142oszenia serwisowe &#8211; telefonia VoIP<\/li>\n<li>Umowa na \u0142\u0105cze dost\u0119powe do telefonii VoiP<\/li>\n<li>Umowa na \u015bwiadczenie us\u0142ug telefonii kom\u00f3rkowej<\/li>\n<\/ul>\n<hr>\n<p><strong>mgr Jakub Za\u0142uska<\/strong><br \/>\n<i class=\"fal fa-phone\"><\/i> 85 746-90-34<br \/>\n<i class=\"fal fa-mobile\"><\/i> 501-800-515<\/p>\n<p>j.zaluska@pb.edu.pl<\/p>\n<ul>\n<li>Zakupy aparatury, sprz\u0119tu biurowego, telefon\u00f3w kom\u00f3rkowych<\/li>\n<li>Zakupy oprogramowania specjalistycznego<\/li>\n<li>Dostawy sukcesywne: us\u0142ug cateringowych<\/li>\n<\/ul>\n<hr>\n<p><b>mgr Bo\u017cena Moczulska<\/b><\/p>\n<p>85 746-90-32<\/p>\n<p>b.moczulska@pb.edu.pl<\/p>\n<ul>\n<li>Dostawy sukcesywne: piecz\u0105tek<\/li>\n<li>Umowa na \u015bwiadczenie us\u0142ug telefonii kom\u00f3rkowej<\/li>\n<\/ul>\n<hr>\n<p><strong>mgr in\u017c. Mateusz Kondracki<\/strong><br \/>\n<i class=\"fal fa-phone\"><\/i> 85 746-90-35<\/p>\n<p>mateusz.kondracki@pb.edu.pl<\/p>\n<ul>\n<li>Zakupy aparatury, sprz\u0119tu biurowego, telefon\u00f3w kom\u00f3rkowych<\/li>\n<li>Zakupy oprogramowania specjalistycznego<\/li>\n<li>Dostawy sukcesywne: piecz\u0105tek<\/li>\n<\/ul>\n","protected":false},"excerpt":{"rendered":"<p>kierownik \u2013 in\u017c. Mariusz Seroka 85 746-90-31 797-994-890 m.seroka@pb.edu.pl Zakupy zagraniczne Przetargi &#8211; aparatura Projekty<\/p>\n","protected":false},"author":2,"featured_media":0,"parent":50,"menu_order":8,"comment_status":"closed","ping_status":"closed","template":"","meta":{"_acf_changed":false,"ngg_post_thumbnail":0,"footnotes":""},"class_list":["post-538","page","type-page","status-publish","hentry"],"acf":[],"_links":{"self":[{"href":"https:\/\/pb.edu.pl\/daz\/wp-json\/wp\/v2\/pages\/538","targetHints":{"allow":["GET"]}}],"collection":[{"href":"https:\/\/pb.edu.pl\/daz\/wp-json\/wp\/v2\/pages"}],"about":[{"href":"https:\/\/pb.edu.pl\/daz\/wp-json\/wp\/v2\/types\/page"}],"author":[{"embeddable":true,"href":"https:\/\/pb.edu.pl\/daz\/wp-json\/wp\/v2\/users\/2"}],"replies":[{"embeddable":true,"href":"https:\/\/pb.edu.pl\/daz\/wp-json\/wp\/v2\/comments?post=538"}],"version-history":[{"count":0,"href":"https:\/\/pb.edu.pl\/daz\/wp-json\/wp\/v2\/pages\/538\/revisions"}],"up":[{"embeddable":true,"href":"https:\/\/pb.edu.pl\/daz\/wp-json\/wp\/v2\/pages\/50"}],"wp:attachment":[{"href":"https:\/\/pb.edu.pl\/daz\/wp-json\/wp\/v2\/media?parent=538"}],"curies":[{"name":"wp","href":"https:\/\/api.w.org\/{rel}","templated":true}]}}