{"id":50,"date":"2020-09-22T23:53:29","date_gmt":"2020-09-22T21:53:29","guid":{"rendered":"https:\/\/pb.edu.pl\/daz\/?page_id=50"},"modified":"2025-01-13T10:15:03","modified_gmt":"2025-01-13T09:15:03","slug":"kontakt","status":"publish","type":"page","link":"https:\/\/pb.edu.pl\/daz\/kontakt\/","title":{"rendered":"Kontakt"},"content":{"rendered":"<div class=\"h2\">Dzia\u0142 Aparatury i Zakup\u00f3w Politechniki Bia\u0142ostockiej<\/div>\n<p>ul. Zwierzyniecka 10, pok. 5, 6, 7, 8<br \/>\n15-333 Bia\u0142ystok<\/p>\n<p> <i class=\"fal fa-envelope\"><\/i> <a href=\"#\" rel=\"nofollow\"  onclick=\"this.href='mailto:' + 'aparatura' + '@' + 'pb.edu.pl'\">aparatura [at] pb.edu.pl<\/a>\n&nbsp;<\/p>\n","protected":false},"excerpt":{"rendered":"<p>Dzia\u0142 Aparatury i Zakup\u00f3w Politechniki Bia\u0142ostockiej ul. Zwierzyniecka 10, pok. 5, 6, 7, 8 15-333<\/p>\n","protected":false},"author":2,"featured_media":0,"parent":0,"menu_order":6,"comment_status":"closed","ping_status":"closed","template":"","meta":{"_acf_changed":false,"ngg_post_thumbnail":0,"footnotes":""},"class_list":["post-50","page","type-page","status-publish","hentry"],"acf":[],"_links":{"self":[{"href":"https:\/\/pb.edu.pl\/daz\/wp-json\/wp\/v2\/pages\/50","targetHints":{"allow":["GET"]}}],"collection":[{"href":"https:\/\/pb.edu.pl\/daz\/wp-json\/wp\/v2\/pages"}],"about":[{"href":"https:\/\/pb.edu.pl\/daz\/wp-json\/wp\/v2\/types\/page"}],"author":[{"embeddable":true,"href":"https:\/\/pb.edu.pl\/daz\/wp-json\/wp\/v2\/users\/2"}],"replies":[{"embeddable":true,"href":"https:\/\/pb.edu.pl\/daz\/wp-json\/wp\/v2\/comments?post=50"}],"version-history":[{"count":0,"href":"https:\/\/pb.edu.pl\/daz\/wp-json\/wp\/v2\/pages\/50\/revisions"}],"wp:attachment":[{"href":"https:\/\/pb.edu.pl\/daz\/wp-json\/wp\/v2\/media?parent=50"}],"curies":[{"name":"wp","href":"https:\/\/api.w.org\/{rel}","templated":true}]}}