{"id":18,"date":"2020-09-22T23:35:35","date_gmt":"2020-09-22T21:35:35","guid":{"rendered":"https:\/\/pb.edu.pl\/daz\/?page_id=18"},"modified":"2026-03-24T21:26:18","modified_gmt":"2026-03-24T20:26:18","slug":"home","status":"publish","type":"page","link":"https:\/\/pb.edu.pl\/daz\/","title":{"rendered":""},"content":{"rendered":"<p>&nbsp;<\/p>\n<div id=\"box-menu\" class=\"href\"><\/div>\n<div class=\"row\">\n<div class=\"col-md-3\">\n\t<div class=\"boxlink animated zoomIn \">\n\t\t<a href=\"\/daz\/zakup-aparatury-i-sprzetu-komputerowego\/\" class=\"no-icon\">\n\t\t\t<div class=\"boxlink-title\">Zakup aparatury<br \/>\ni sprz\u0119tu komputerowego<span><\/span><\/div>\n\t\t\t<div class=\"boxlink-content\">\n\t\t\t\t<img loading=\"lazy\" decoding=\"async\" class=\"aligncenter size-full wp-image-683\" src=\"https:\/\/pb.edu.pl\/daz\/wp-content\/uploads\/sites\/94\/2023\/01\/Zakup-aparatury-i-sprzetu-komputerowego.jpg\" alt=\"\" width=\"600\" height=\"353\" srcset=\"https:\/\/pb.edu.pl\/daz\/wp-content\/uploads\/sites\/94\/2023\/01\/Zakup-aparatury-i-sprzetu-komputerowego.jpg 600w, https:\/\/pb.edu.pl\/daz\/wp-content\/uploads\/sites\/94\/2023\/01\/Zakup-aparatury-i-sprzetu-komputerowego-300x177.jpg 300w\" sizes=\"auto, (max-width: 600px) 100vw, 600px\" \/>\t\t\t<\/div>\n\t\t<\/a>\n\t<\/div>\n\n<\/div>\n<div class=\"col-md-3\">\n\t<div class=\"boxlink animated zoomIn \">\n\t\t<a href=\"\/daz\/telefony-komorkowe-zasady-zakupu\/\" class=\"no-icon\">\n\t\t\t<div class=\"boxlink-title\">Telefony kom\u00f3rkowe<br \/>\n\u2013 zasady zakupu i u\u017cytkowania<span><\/span><\/div>\n\t\t\t<div class=\"boxlink-content\">\n\t\t\t\t<img loading=\"lazy\" decoding=\"async\" class=\"aligncenter size-full wp-image-682\" src=\"https:\/\/pb.edu.pl\/daz\/wp-content\/uploads\/sites\/94\/2023\/01\/Telefony-komorkowe-\u2013-zasady-zakupu.jpg\" alt=\"\" width=\"600\" height=\"353\" srcset=\"https:\/\/pb.edu.pl\/daz\/wp-content\/uploads\/sites\/94\/2023\/01\/Telefony-komorkowe-\u2013-zasady-zakupu.jpg 600w, https:\/\/pb.edu.pl\/daz\/wp-content\/uploads\/sites\/94\/2023\/01\/Telefony-komorkowe-\u2013-zasady-zakupu-300x177.jpg 300w\" sizes=\"auto, (max-width: 600px) 100vw, 600px\" \/>\t\t\t<\/div>\n\t\t<\/a>\n\t<\/div>\n\n<\/div>\n<div class=\"col-md-3\">\n\t<div class=\"boxlink animated zoomIn \">\n\t\t<a href=\"\/daz\/zgloszenie-serwisowe-naprawy-awarie\/\" class=\"no-icon\">\n\t\t\t<div class=\"boxlink-title\">Zg\u0142oszenie serwisowe (naprawy \/ awarie)<span><\/span><\/div>\n\t\t\t<div class=\"boxlink-content\">\n\t\t\t\t<img loading=\"lazy\" decoding=\"async\" class=\"aligncenter size-full wp-image-686\" src=\"https:\/\/pb.edu.pl\/daz\/wp-content\/uploads\/sites\/94\/2023\/01\/Zgloszenie-serwisowe.jpg\" alt=\"\" width=\"600\" height=\"353\" srcset=\"https:\/\/pb.edu.pl\/daz\/wp-content\/uploads\/sites\/94\/2023\/01\/Zgloszenie-serwisowe.jpg 600w, https:\/\/pb.edu.pl\/daz\/wp-content\/uploads\/sites\/94\/2023\/01\/Zgloszenie-serwisowe-300x177.jpg 300w\" sizes=\"auto, (max-width: 600px) 100vw, 600px\" \/>\t\t\t<\/div>\n\t\t<\/a>\n\t<\/div>\n\n<\/div>\n<div class=\"col-md-3\">\n\t<div class=\"boxlink animated zoomIn \">\n\t\t<a href=\"\/daz\/zgloszenie-serwisowe-telefonia-voip\/\" class=\"no-icon\">\n\t\t\t<div class=\"boxlink-title\">Zg\u0142oszenie serwisowe (telefonia VoIP)<span><\/span><\/div>\n\t\t\t<div class=\"boxlink-content\">\n\t\t\t\t<img loading=\"lazy\" decoding=\"async\" class=\"aligncenter size-full wp-image-685\" src=\"https:\/\/pb.edu.pl\/daz\/wp-content\/uploads\/sites\/94\/2023\/01\/Zgloszenie-serwisowe-telefony-stacjonarne.jpg\" alt=\"\" width=\"600\" height=\"353\" srcset=\"https:\/\/pb.edu.pl\/daz\/wp-content\/uploads\/sites\/94\/2023\/01\/Zgloszenie-serwisowe-telefony-stacjonarne.jpg 600w, https:\/\/pb.edu.pl\/daz\/wp-content\/uploads\/sites\/94\/2023\/01\/Zgloszenie-serwisowe-telefony-stacjonarne-300x177.jpg 300w\" sizes=\"auto, (max-width: 600px) 100vw, 600px\" \/>\t\t\t<\/div>\n\t\t<\/a>\n\t<\/div>\n\n<\/div>\n<\/div>\n<div class=\"row\">\n<div class=\"col-md-3\">\n\t<div class=\"boxlink animated zoomIn \">\n\t\t<a href=\"\/daz\/sprzet-komputerowy\/\" class=\"no-icon\">\n\t\t\t<div class=\"boxlink-title\">Sprz\u0119t komputerowy<span><\/span><\/div>\n\t\t\t<div class=\"boxlink-content\">\n\t\t\t\t<img loading=\"lazy\" decoding=\"async\" class=\"aligncenter size-full wp-image-681\" src=\"https:\/\/pb.edu.pl\/daz\/wp-content\/uploads\/sites\/94\/2023\/01\/Sprzet-komputerowy.jpg\" alt=\"\" width=\"600\" height=\"353\" srcset=\"https:\/\/pb.edu.pl\/daz\/wp-content\/uploads\/sites\/94\/2023\/01\/Sprzet-komputerowy.jpg 600w, https:\/\/pb.edu.pl\/daz\/wp-content\/uploads\/sites\/94\/2023\/01\/Sprzet-komputerowy-300x177.jpg 300w\" sizes=\"auto, (max-width: 600px) 100vw, 600px\" \/>\t\t\t<\/div>\n\t\t<\/a>\n\t<\/div>\n\n<\/div>\n<div class=\"col-md-3\">\n\t<div class=\"boxlink animated zoomIn \">\n\t\t<a href=\"\/daz\/dostawy-sukcesywne\/\" class=\"no-icon\">\n\t\t\t<div class=\"boxlink-title\">Dostawy sukcesywne<span><\/span><\/div>\n\t\t\t<div class=\"boxlink-content\">\n\t\t\t\t<img loading=\"lazy\" decoding=\"async\" class=\"aligncenter size-full wp-image-678\" src=\"https:\/\/pb.edu.pl\/daz\/wp-content\/uploads\/sites\/94\/2023\/01\/Dostawy-sukcesywne.jpg\" alt=\"\" width=\"600\" height=\"353\" srcset=\"https:\/\/pb.edu.pl\/daz\/wp-content\/uploads\/sites\/94\/2023\/01\/Dostawy-sukcesywne.jpg 600w, https:\/\/pb.edu.pl\/daz\/wp-content\/uploads\/sites\/94\/2023\/01\/Dostawy-sukcesywne-300x177.jpg 300w\" sizes=\"auto, (max-width: 600px) 100vw, 600px\" \/>\t\t\t<\/div>\n\t\t<\/a>\n\t<\/div>\n\n<\/div>\n<div class=\"col-md-3\">\n\t<div class=\"boxlink animated zoomIn \">\n\t\t<a href=\"\/daz\/zapytania-ofertowe\" class=\"no-icon\">\n\t\t\t<div class=\"boxlink-title\">Zapytania ofertowe<span><\/span><\/div>\n\t\t\t<div class=\"boxlink-content\">\n\t\t\t\t<img loading=\"lazy\" decoding=\"async\" class=\"aligncenter size-full wp-image-679\" src=\"https:\/\/pb.edu.pl\/daz\/wp-content\/uploads\/sites\/94\/2023\/01\/Kod-CPV.jpg\" alt=\"\" width=\"600\" height=\"353\" srcset=\"https:\/\/pb.edu.pl\/daz\/wp-content\/uploads\/sites\/94\/2023\/01\/Kod-CPV.jpg 600w, https:\/\/pb.edu.pl\/daz\/wp-content\/uploads\/sites\/94\/2023\/01\/Kod-CPV-300x177.jpg 300w\" sizes=\"auto, (max-width: 600px) 100vw, 600px\" \/>\t\t\t<\/div>\n\t\t<\/a>\n\t<\/div>\n\n<\/div>\n<div class=\"col-md-3\">\n\t<div class=\"boxlink animated zoomIn \">\n\t\t<a href=\"\/daz\/kontakt\/\" class=\"no-icon\">\n\t\t\t<div class=\"boxlink-title\">Kontakt<span><\/span><\/div>\n\t\t\t<div class=\"boxlink-content\">\n\t\t\t\t<img loading=\"lazy\" decoding=\"async\" class=\"aligncenter size-full wp-image-680\" src=\"https:\/\/pb.edu.pl\/daz\/wp-content\/uploads\/sites\/94\/2023\/01\/Kontakt.jpg\" alt=\"\" width=\"600\" height=\"353\" srcset=\"https:\/\/pb.edu.pl\/daz\/wp-content\/uploads\/sites\/94\/2023\/01\/Kontakt.jpg 600w, https:\/\/pb.edu.pl\/daz\/wp-content\/uploads\/sites\/94\/2023\/01\/Kontakt-300x177.jpg 300w\" sizes=\"auto, (max-width: 600px) 100vw, 600px\" \/>\t\t\t<\/div>\n\t\t<\/a>\n\t<\/div>\n\n<\/div>\n<\/div>\n<div class=\"row\">\n<div class=\"col-sm-12 text-center\">\n<a class=\"button btn-zgloszenie text-center animated zoomIn lead font-500\" style=\"width:100%\" href=\"\/daz\/centralna-ksiazka-telefoniczna-ldap\/\">CENTRALNA KSI\u0104\u017bKA TELEFONICZNA POLITECHNIKI BIA\u0141OSTOCKIEJ (LDAP)<\/a>\n<\/div>\n<\/div>\n","protected":false},"excerpt":{"rendered":"<p>&nbsp; CENTRALNA KSI\u0104\u017bKA TELEFONICZNA POLITECHNIKI BIA\u0141OSTOCKIEJ (LDAP)<\/p>\n","protected":false},"author":2,"featured_media":0,"parent":0,"menu_order":0,"comment_status":"closed","ping_status":"closed","template":"","meta":{"_acf_changed":false,"ngg_post_thumbnail":0,"footnotes":""},"class_list":["post-18","page","type-page","status-publish","hentry"],"acf":[],"_links":{"self":[{"href":"https:\/\/pb.edu.pl\/daz\/wp-json\/wp\/v2\/pages\/18","targetHints":{"allow":["GET"]}}],"collection":[{"href":"https:\/\/pb.edu.pl\/daz\/wp-json\/wp\/v2\/pages"}],"about":[{"href":"https:\/\/pb.edu.pl\/daz\/wp-json\/wp\/v2\/types\/page"}],"author":[{"embeddable":true,"href":"https:\/\/pb.edu.pl\/daz\/wp-json\/wp\/v2\/users\/2"}],"replies":[{"embeddable":true,"href":"https:\/\/pb.edu.pl\/daz\/wp-json\/wp\/v2\/comments?post=18"}],"version-history":[{"count":1,"href":"https:\/\/pb.edu.pl\/daz\/wp-json\/wp\/v2\/pages\/18\/revisions"}],"predecessor-version":[{"id":1057,"href":"https:\/\/pb.edu.pl\/daz\/wp-json\/wp\/v2\/pages\/18\/revisions\/1057"}],"wp:attachment":[{"href":"https:\/\/pb.edu.pl\/daz\/wp-json\/wp\/v2\/media?parent=18"}],"curies":[{"name":"wp","href":"https:\/\/api.w.org\/{rel}","templated":true}]}}