{"id":828,"date":"2021-12-21T16:03:33","date_gmt":"2021-12-21T15:03:33","guid":{"rendered":"https:\/\/pb.edu.pl\/cwpc\/?page_id=828"},"modified":"2022-03-08T15:12:14","modified_gmt":"2022-03-08T14:12:14","slug":"konkurs-fotograficzny-chiny-piekno-zatrzymane-w-kadrze","status":"publish","type":"page","link":"https:\/\/pb.edu.pl\/cwpc\/konkurs-fotograficzny-chiny-piekno-zatrzymane-w-kadrze\/","title":{"rendered":"Konkurs fotograficzny: \u201eChiny \u2013 pi\u0119kno zatrzymane w kadrze\u201d"},"content":{"rendered":"<div class=\"h2\">Konkurs fotograficzny \u201eChiny \u2013 pi\u0119kno zatrzymane w kadrze\u201d.<\/div>\n<div class=\"h3\">Ide\u0105 konkursu jest popularyzacja kultury chi\u0144skiej i wiedzy o Chinach.<\/div>\n<p>&nbsp;<br \/>\n<img loading=\"lazy\" decoding=\"async\" class=\"alignleft wp-image-872\" src=\"https:\/\/pb.edu.pl\/cwpc\/wp-content\/uploads\/sites\/140\/2022\/01\/2022-konkurs-fotograficzny-chiny.jpg\" alt=\"konkur fotograficzny Chiny \u2013 pi\u0119kno zatrzymane w kadrze\" width=\"550\" height=\"309\" srcset=\"https:\/\/pb.edu.pl\/cwpc\/wp-content\/uploads\/sites\/140\/2022\/01\/2022-konkurs-fotograficzny-chiny.jpg 1130w, https:\/\/pb.edu.pl\/cwpc\/wp-content\/uploads\/sites\/140\/2022\/01\/2022-konkurs-fotograficzny-chiny-300x169.jpg 300w, https:\/\/pb.edu.pl\/cwpc\/wp-content\/uploads\/sites\/140\/2022\/01\/2022-konkurs-fotograficzny-chiny-1024x575.jpg 1024w, https:\/\/pb.edu.pl\/cwpc\/wp-content\/uploads\/sites\/140\/2022\/01\/2022-konkurs-fotograficzny-chiny-768x432.jpg 768w\" sizes=\"auto, (max-width: 550px) 100vw, 550px\" \/><strong>Laureaci konkursu:<\/strong><\/p>\n<p><strong><br \/>\nI miejsce <\/strong>\u2013 Dorota Lipska<strong><br \/>\nII miejsce <\/strong>\u2013 Adrian Kawecki<strong><br \/>\nIII miejsce <\/strong>\u2013 Lidia D\u0105browska<\/p>\n<p><strong>Wyr\u00f3\u017cnienia<\/strong> &#8211; Anna D\u0142ugopolska i Martyna Wilczewska<\/p>\n<p>&nbsp;<\/p>\n<p><strong style=\"color: #af091c\">W konkursie przewidziano nagrody<\/strong> &#8211; szczeg\u00f3\u0142y w regulaminie.<br \/>\n&nbsp;<\/p>\n<p><a class=\"pdf\" title=\"otworzy si\u0119 w nowej karcie\" href=\"https:\/\/pb.edu.pl\/cwpc\/wp-content\/uploads\/sites\/140\/2022\/01\/Regulamin-Konkursu-Chiny-piekno-zatrzymane-w-kadrze.pdf\" target=\"_blank\" rel=\"noopener\" data-id=\"885\">Regulamin Konkursu fotograficznego \u201eChiny &#8211; pi\u0119kno zatrzymane w kadrze\u201d (PDF, wersja dost\u0119pna cyfrowo, 128 KB)<\/a><\/p>\n<div style=\"clear: both\">&nbsp;<\/div>\nngg_shortcode_0_placeholder\n<div class=\"h2\">Kontakt<\/div>\n<p><i class=\"fal fa-envelope\"><\/i> <a href=\"#\" rel=\"nofollow\"  onclick=\"this.href='mailto:' + 'chinski' + '@' + 'pb.edu.pl'\">chinski [at] pb.edu.pl<\/a>; &nbsp; <i class=\"fal fa-phone\"><\/i> 85 746-70-45<\/p>\n<div class=\"h2\">Organizator konkursu<\/div>\n<p><a href=\"https:\/\/pb.edu.pl\/\">Politechnika Bia\u0142ostocka<\/a><\/p>\n<p><a href=\"https:\/\/pb.edu.pl\/cwpc\">Klasa Konfucja\u0144ska PB &#8211; Centrum Wsp\u00f3\u0142pracy Polsko-Chi\u0144skiej<\/a><br \/>\n&nbsp;<\/p>\n","protected":false},"excerpt":{"rendered":"<p>Konkurs fotograficzny \u201eChiny \u2013 pi\u0119kno zatrzymane w kadrze\u201d. Ide\u0105 konkursu jest popularyzacja kultury chi\u0144skiej i<\/p>\n","protected":false},"author":2,"featured_media":0,"parent":0,"menu_order":20,"comment_status":"closed","ping_status":"closed","template":"","meta":{"_acf_changed":false,"ngg_post_thumbnail":0,"footnotes":""},"class_list":["post-828","page","type-page","status-publish","hentry"],"acf":[],"yoast_head":"<!-- This site is optimized with the Yoast SEO plugin v27.0 - https:\/\/yoast.com\/product\/yoast-seo-wordpress\/ -->\n<title>Konkurs fotograficzny: \u201eChiny \u2013 pi\u0119kno zatrzymane w kadrze\u201d - Centrum Wsp\u00f3\u0142pracy Polsko-Chi\u0144skiej<\/title>\n<meta name=\"description\" content=\"Konkurs fotograficzny \u201eChiny \u2013 pi\u0119kno zatrzymane w kadrze\u201d. Ide\u0105 konkursu jest popularyzacja kultury chi\u0144skiej i wiedzy o Chinach. &nbsp; Laureaci\" \/>\n<meta name=\"robots\" content=\"index, follow, max-snippet:-1, max-image-preview:large, max-video-preview:-1\" \/>\n<link rel=\"canonical\" href=\"https:\/\/pb.edu.pl\/cwpc\/konkurs-fotograficzny-chiny-piekno-zatrzymane-w-kadrze\/\" \/>\n<meta property=\"og:locale\" content=\"pl_PL\" \/>\n<meta property=\"og:type\" content=\"article\" \/>\n<meta property=\"og:title\" content=\"Konkurs fotograficzny: \u201eChiny \u2013 pi\u0119kno zatrzymane w kadrze\u201d - Centrum Wsp\u00f3\u0142pracy Polsko-Chi\u0144skiej\" \/>\n<meta property=\"og:description\" content=\"Konkurs fotograficzny \u201eChiny \u2013 pi\u0119kno zatrzymane w kadrze\u201d. Ide\u0105 konkursu jest popularyzacja kultury chi\u0144skiej i wiedzy o Chinach. &nbsp; Laureaci\" \/>\n<meta property=\"og:url\" content=\"https:\/\/pb.edu.pl\/cwpc\/konkurs-fotograficzny-chiny-piekno-zatrzymane-w-kadrze\/\" \/>\n<meta property=\"og:site_name\" content=\"Centrum Wsp\u00f3\u0142pracy Polsko-Chi\u0144skiej\" \/>\n<meta property=\"article:modified_time\" content=\"2022-03-08T14:12:14+00:00\" \/>\n<meta property=\"og:image\" content=\"https:\/\/pb.edu.pl\/cwpc\/wp-content\/uploads\/sites\/140\/2022\/01\/2022-konkurs-fotograficzny-chiny.jpg\" \/>\n<meta name=\"twitter:card\" content=\"summary_large_image\" \/>\n<meta name=\"twitter:label1\" content=\"Szacowany czas czytania\" \/>\n\t<meta name=\"twitter:data1\" content=\"1 minuta\" \/>\n<script type=\"application\/ld+json\" class=\"yoast-schema-graph\">{\"@context\":\"https:\/\/schema.org\",\"@graph\":[{\"@type\":\"WebPage\",\"@id\":\"https:\/\/pb.edu.pl\/cwpc\/konkurs-fotograficzny-chiny-piekno-zatrzymane-w-kadrze\/\",\"url\":\"https:\/\/pb.edu.pl\/cwpc\/konkurs-fotograficzny-chiny-piekno-zatrzymane-w-kadrze\/\",\"name\":\"Konkurs fotograficzny: \u201eChiny \u2013 pi\u0119kno zatrzymane w kadrze\u201d - Centrum Wsp\u00f3\u0142pracy Polsko-Chi\u0144skiej\",\"isPartOf\":{\"@id\":\"https:\/\/pb.edu.pl\/cwpc\/#website\"},\"primaryImageOfPage\":{\"@id\":\"https:\/\/pb.edu.pl\/cwpc\/konkurs-fotograficzny-chiny-piekno-zatrzymane-w-kadrze\/#primaryimage\"},\"image\":{\"@id\":\"https:\/\/pb.edu.pl\/cwpc\/konkurs-fotograficzny-chiny-piekno-zatrzymane-w-kadrze\/#primaryimage\"},\"thumbnailUrl\":\"https:\/\/pb.edu.pl\/cwpc\/wp-content\/uploads\/sites\/140\/2022\/01\/2022-konkurs-fotograficzny-chiny.jpg\",\"datePublished\":\"2021-12-21T15:03:33+00:00\",\"dateModified\":\"2022-03-08T14:12:14+00:00\",\"description\":\"Konkurs fotograficzny \u201eChiny \u2013 pi\u0119kno zatrzymane w kadrze\u201d. Ide\u0105 konkursu jest popularyzacja kultury chi\u0144skiej i wiedzy o Chinach. &nbsp; Laureaci\",\"breadcrumb\":{\"@id\":\"https:\/\/pb.edu.pl\/cwpc\/konkurs-fotograficzny-chiny-piekno-zatrzymane-w-kadrze\/#breadcrumb\"},\"inLanguage\":\"pl-PL\",\"potentialAction\":[{\"@type\":\"ReadAction\",\"target\":[\"https:\/\/pb.edu.pl\/cwpc\/konkurs-fotograficzny-chiny-piekno-zatrzymane-w-kadrze\/\"]}]},{\"@type\":\"ImageObject\",\"inLanguage\":\"pl-PL\",\"@id\":\"https:\/\/pb.edu.pl\/cwpc\/konkurs-fotograficzny-chiny-piekno-zatrzymane-w-kadrze\/#primaryimage\",\"url\":\"\",\"contentUrl\":\"\"},{\"@type\":\"BreadcrumbList\",\"@id\":\"https:\/\/pb.edu.pl\/cwpc\/konkurs-fotograficzny-chiny-piekno-zatrzymane-w-kadrze\/#breadcrumb\",\"itemListElement\":[{\"@type\":\"ListItem\",\"position\":1,\"name\":\"Strona g\u0142\u00f3wna\",\"item\":\"https:\/\/pb.edu.pl\/cwpc\/\"},{\"@type\":\"ListItem\",\"position\":2,\"name\":\"Konkurs fotograficzny: \u201eChiny \u2013 pi\u0119kno zatrzymane w kadrze\u201d\"}]},{\"@type\":\"WebSite\",\"@id\":\"https:\/\/pb.edu.pl\/cwpc\/#website\",\"url\":\"https:\/\/pb.edu.pl\/cwpc\/\",\"name\":\"Centrum Wsp\u00f3\u0142pracy Polsko-Chi\u0144skiej\",\"description\":\"\",\"potentialAction\":[{\"@type\":\"SearchAction\",\"target\":{\"@type\":\"EntryPoint\",\"urlTemplate\":\"https:\/\/pb.edu.pl\/cwpc\/?s={search_term_string}\"},\"query-input\":{\"@type\":\"PropertyValueSpecification\",\"valueRequired\":true,\"valueName\":\"search_term_string\"}}],\"inLanguage\":\"pl-PL\"}]}<\/script>\n<!-- \/ Yoast SEO plugin. -->","yoast_head_json":{"title":"Konkurs fotograficzny: \u201eChiny \u2013 pi\u0119kno zatrzymane w kadrze\u201d - Centrum Wsp\u00f3\u0142pracy Polsko-Chi\u0144skiej","description":"Konkurs fotograficzny \u201eChiny \u2013 pi\u0119kno zatrzymane w kadrze\u201d. Ide\u0105 konkursu jest popularyzacja kultury chi\u0144skiej i wiedzy o Chinach. &nbsp; Laureaci","robots":{"index":"index","follow":"follow","max-snippet":"max-snippet:-1","max-image-preview":"max-image-preview:large","max-video-preview":"max-video-preview:-1"},"canonical":"https:\/\/pb.edu.pl\/cwpc\/konkurs-fotograficzny-chiny-piekno-zatrzymane-w-kadrze\/","og_locale":"pl_PL","og_type":"article","og_title":"Konkurs fotograficzny: \u201eChiny \u2013 pi\u0119kno zatrzymane w kadrze\u201d - Centrum Wsp\u00f3\u0142pracy Polsko-Chi\u0144skiej","og_description":"Konkurs fotograficzny \u201eChiny \u2013 pi\u0119kno zatrzymane w kadrze\u201d. Ide\u0105 konkursu jest popularyzacja kultury chi\u0144skiej i wiedzy o Chinach. &nbsp; Laureaci","og_url":"https:\/\/pb.edu.pl\/cwpc\/konkurs-fotograficzny-chiny-piekno-zatrzymane-w-kadrze\/","og_site_name":"Centrum Wsp\u00f3\u0142pracy Polsko-Chi\u0144skiej","article_modified_time":"2022-03-08T14:12:14+00:00","og_image":[{"url":"https:\/\/pb.edu.pl\/cwpc\/wp-content\/uploads\/sites\/140\/2022\/01\/2022-konkurs-fotograficzny-chiny.jpg","type":"","width":"","height":""}],"twitter_card":"summary_large_image","twitter_misc":{"Szacowany czas czytania":"1 minuta"},"schema":{"@context":"https:\/\/schema.org","@graph":[{"@type":"WebPage","@id":"https:\/\/pb.edu.pl\/cwpc\/konkurs-fotograficzny-chiny-piekno-zatrzymane-w-kadrze\/","url":"https:\/\/pb.edu.pl\/cwpc\/konkurs-fotograficzny-chiny-piekno-zatrzymane-w-kadrze\/","name":"Konkurs fotograficzny: \u201eChiny \u2013 pi\u0119kno zatrzymane w kadrze\u201d - Centrum Wsp\u00f3\u0142pracy Polsko-Chi\u0144skiej","isPartOf":{"@id":"https:\/\/pb.edu.pl\/cwpc\/#website"},"primaryImageOfPage":{"@id":"https:\/\/pb.edu.pl\/cwpc\/konkurs-fotograficzny-chiny-piekno-zatrzymane-w-kadrze\/#primaryimage"},"image":{"@id":"https:\/\/pb.edu.pl\/cwpc\/konkurs-fotograficzny-chiny-piekno-zatrzymane-w-kadrze\/#primaryimage"},"thumbnailUrl":"https:\/\/pb.edu.pl\/cwpc\/wp-content\/uploads\/sites\/140\/2022\/01\/2022-konkurs-fotograficzny-chiny.jpg","datePublished":"2021-12-21T15:03:33+00:00","dateModified":"2022-03-08T14:12:14+00:00","description":"Konkurs fotograficzny \u201eChiny \u2013 pi\u0119kno zatrzymane w kadrze\u201d. Ide\u0105 konkursu jest popularyzacja kultury chi\u0144skiej i wiedzy o Chinach. &nbsp; Laureaci","breadcrumb":{"@id":"https:\/\/pb.edu.pl\/cwpc\/konkurs-fotograficzny-chiny-piekno-zatrzymane-w-kadrze\/#breadcrumb"},"inLanguage":"pl-PL","potentialAction":[{"@type":"ReadAction","target":["https:\/\/pb.edu.pl\/cwpc\/konkurs-fotograficzny-chiny-piekno-zatrzymane-w-kadrze\/"]}]},{"@type":"ImageObject","inLanguage":"pl-PL","@id":"https:\/\/pb.edu.pl\/cwpc\/konkurs-fotograficzny-chiny-piekno-zatrzymane-w-kadrze\/#primaryimage","url":"","contentUrl":""},{"@type":"BreadcrumbList","@id":"https:\/\/pb.edu.pl\/cwpc\/konkurs-fotograficzny-chiny-piekno-zatrzymane-w-kadrze\/#breadcrumb","itemListElement":[{"@type":"ListItem","position":1,"name":"Strona g\u0142\u00f3wna","item":"https:\/\/pb.edu.pl\/cwpc\/"},{"@type":"ListItem","position":2,"name":"Konkurs fotograficzny: \u201eChiny \u2013 pi\u0119kno zatrzymane w kadrze\u201d"}]},{"@type":"WebSite","@id":"https:\/\/pb.edu.pl\/cwpc\/#website","url":"https:\/\/pb.edu.pl\/cwpc\/","name":"Centrum Wsp\u00f3\u0142pracy Polsko-Chi\u0144skiej","description":"","potentialAction":[{"@type":"SearchAction","target":{"@type":"EntryPoint","urlTemplate":"https:\/\/pb.edu.pl\/cwpc\/?s={search_term_string}"},"query-input":{"@type":"PropertyValueSpecification","valueRequired":true,"valueName":"search_term_string"}}],"inLanguage":"pl-PL"}]}},"_links":{"self":[{"href":"https:\/\/pb.edu.pl\/cwpc\/wp-json\/wp\/v2\/pages\/828","targetHints":{"allow":["GET"]}}],"collection":[{"href":"https:\/\/pb.edu.pl\/cwpc\/wp-json\/wp\/v2\/pages"}],"about":[{"href":"https:\/\/pb.edu.pl\/cwpc\/wp-json\/wp\/v2\/types\/page"}],"author":[{"embeddable":true,"href":"https:\/\/pb.edu.pl\/cwpc\/wp-json\/wp\/v2\/users\/2"}],"replies":[{"embeddable":true,"href":"https:\/\/pb.edu.pl\/cwpc\/wp-json\/wp\/v2\/comments?post=828"}],"version-history":[{"count":0,"href":"https:\/\/pb.edu.pl\/cwpc\/wp-json\/wp\/v2\/pages\/828\/revisions"}],"wp:attachment":[{"href":"https:\/\/pb.edu.pl\/cwpc\/wp-json\/wp\/v2\/media?parent=828"}],"curies":[{"name":"wp","href":"https:\/\/api.w.org\/{rel}","templated":true}]}}