{"id":53,"date":"2020-08-25T21:20:43","date_gmt":"2020-08-25T19:20:43","guid":{"rendered":"https:\/\/pb.edu.pl\/cwpc\/?page_id=53"},"modified":"2025-09-12T11:37:08","modified_gmt":"2025-09-12T09:37:08","slug":"kontakt","status":"publish","type":"page","link":"https:\/\/pb.edu.pl\/cwpc\/kontakt\/","title":{"rendered":"Kontakt"},"content":{"rendered":"<p>&nbsp;<\/p>\n<p><strong>Centrum Wsp\u00f3\u0142pracy Polsko-Chi\u0144skiej Politechniki Bia\u0142ostockiej<\/strong><\/p>\n<p><strong>Biuro:<\/strong> ul. Zwierzyniecka 14, pok. 4, 15-333 Bia\u0142ystok (poniedzia\u0142ek-pi\u0105tek, godz. 7:30-15:30)<\/p>\n<p><strong>Zaj\u0119cia:<\/strong> ul. Zwierzyniecka 14, pok. 4a i 5, 15-333 Bia\u0142ystok<\/p>\n<i class=\"fa fa-phone\" aria-hidden=\"true\"><\/i> +48 85 746-91-97<\/p>\n<p><i class=\"fal fa-envelope\"><\/i> <a href=\"#\" rel=\"nofollow\"  onclick=\"this.href='mailto:' + 'chinski' + '@' + 'pb.edu.pl'\">chinski [at] pb.edu.pl<\/a>\n&nbsp;<\/p>\n<p>&nbsp;<\/p>\n<p><strong>Pracownicy:<\/strong><\/p>\n<p>mgr Adrianna Grabowska<br \/>\n<i class=\"fal fa-envelope\"><\/i> <a href=\"#\" rel=\"nofollow\"  onclick=\"this.href='mailto:' + 'adrianna.grabowska' + '@' + 'pb.edu.pl'\">adrianna.grabowska [at] pb.edu.pl<\/a>\n<p>mgr Ewa \u015aleszy\u0144ska<br \/>\n<i class=\"fal fa-envelope\"><\/i> <a href=\"#\" rel=\"nofollow\"  onclick=\"this.href='mailto:' + 'ewa.sleszynska' + '@' + 'pb.edu.pl'\">ewa.sleszynska [at] pb.edu.pl<\/a>\n","protected":false},"excerpt":{"rendered":"<p>&nbsp; Centrum Wsp\u00f3\u0142pracy Polsko-Chi\u0144skiej Politechniki Bia\u0142ostockiej Biuro: ul. Zwierzyniecka 14, pok. 4, 15-333 Bia\u0142ystok (poniedzia\u0142ek-pi\u0105tek,<\/p>\n","protected":false},"author":2,"featured_media":0,"parent":0,"menu_order":7,"comment_status":"closed","ping_status":"closed","template":"","meta":{"_acf_changed":false,"ngg_post_thumbnail":0,"footnotes":""},"class_list":["post-53","page","type-page","status-publish","hentry"],"acf":[],"yoast_head":"<!-- This site is optimized with the Yoast SEO plugin v27.0 - https:\/\/yoast.com\/product\/yoast-seo-wordpress\/ -->\n<title>Kontakt - Centrum Wsp\u00f3\u0142pracy Polsko-Chi\u0144skiej<\/title>\n<meta name=\"description\" content=\"&nbsp; Centrum Wsp\u00f3\u0142pracy Polsko-Chi\u0144skiej Politechniki Bia\u0142ostockiej Biuro: ul. Zwierzyniecka 14, pok. 4, 15-333 Bia\u0142ystok (poniedzia\u0142ek-pi\u0105tek, godz.\" \/>\n<meta name=\"robots\" content=\"index, follow, max-snippet:-1, max-image-preview:large, max-video-preview:-1\" \/>\n<link rel=\"canonical\" href=\"https:\/\/pb.edu.pl\/cwpc\/kontakt\/\" \/>\n<meta property=\"og:locale\" content=\"pl_PL\" \/>\n<meta property=\"og:type\" content=\"article\" \/>\n<meta property=\"og:title\" content=\"Kontakt - Centrum Wsp\u00f3\u0142pracy Polsko-Chi\u0144skiej\" \/>\n<meta property=\"og:description\" content=\"&nbsp; Centrum Wsp\u00f3\u0142pracy Polsko-Chi\u0144skiej Politechniki Bia\u0142ostockiej Biuro: ul. Zwierzyniecka 14, pok. 4, 15-333 Bia\u0142ystok (poniedzia\u0142ek-pi\u0105tek, godz.\" \/>\n<meta property=\"og:url\" content=\"https:\/\/pb.edu.pl\/cwpc\/kontakt\/\" \/>\n<meta property=\"og:site_name\" content=\"Centrum Wsp\u00f3\u0142pracy Polsko-Chi\u0144skiej\" \/>\n<meta property=\"article:modified_time\" content=\"2025-09-12T09:37:08+00:00\" \/>\n<meta name=\"twitter:card\" content=\"summary_large_image\" \/>\n<meta name=\"twitter:label1\" content=\"Szacowany czas czytania\" \/>\n\t<meta name=\"twitter:data1\" content=\"1 minuta\" \/>\n<script type=\"application\/ld+json\" class=\"yoast-schema-graph\">{\"@context\":\"https:\/\/schema.org\",\"@graph\":[{\"@type\":\"WebPage\",\"@id\":\"https:\/\/pb.edu.pl\/cwpc\/kontakt\/\",\"url\":\"https:\/\/pb.edu.pl\/cwpc\/kontakt\/\",\"name\":\"Kontakt - Centrum Wsp\u00f3\u0142pracy Polsko-Chi\u0144skiej\",\"isPartOf\":{\"@id\":\"https:\/\/pb.edu.pl\/cwpc\/#website\"},\"datePublished\":\"2020-08-25T19:20:43+00:00\",\"dateModified\":\"2025-09-12T09:37:08+00:00\",\"description\":\"&nbsp; Centrum Wsp\u00f3\u0142pracy Polsko-Chi\u0144skiej Politechniki Bia\u0142ostockiej Biuro: ul. Zwierzyniecka 14, pok. 4, 15-333 Bia\u0142ystok (poniedzia\u0142ek-pi\u0105tek, godz.\",\"breadcrumb\":{\"@id\":\"https:\/\/pb.edu.pl\/cwpc\/kontakt\/#breadcrumb\"},\"inLanguage\":\"pl-PL\",\"potentialAction\":[{\"@type\":\"ReadAction\",\"target\":[\"https:\/\/pb.edu.pl\/cwpc\/kontakt\/\"]}]},{\"@type\":\"BreadcrumbList\",\"@id\":\"https:\/\/pb.edu.pl\/cwpc\/kontakt\/#breadcrumb\",\"itemListElement\":[{\"@type\":\"ListItem\",\"position\":1,\"name\":\"Strona g\u0142\u00f3wna\",\"item\":\"https:\/\/pb.edu.pl\/cwpc\/\"},{\"@type\":\"ListItem\",\"position\":2,\"name\":\"Kontakt\"}]},{\"@type\":\"WebSite\",\"@id\":\"https:\/\/pb.edu.pl\/cwpc\/#website\",\"url\":\"https:\/\/pb.edu.pl\/cwpc\/\",\"name\":\"Centrum Wsp\u00f3\u0142pracy Polsko-Chi\u0144skiej\",\"description\":\"\",\"potentialAction\":[{\"@type\":\"SearchAction\",\"target\":{\"@type\":\"EntryPoint\",\"urlTemplate\":\"https:\/\/pb.edu.pl\/cwpc\/?s={search_term_string}\"},\"query-input\":{\"@type\":\"PropertyValueSpecification\",\"valueRequired\":true,\"valueName\":\"search_term_string\"}}],\"inLanguage\":\"pl-PL\"}]}<\/script>\n<!-- \/ Yoast SEO plugin. -->","yoast_head_json":{"title":"Kontakt - Centrum Wsp\u00f3\u0142pracy Polsko-Chi\u0144skiej","description":"&nbsp; Centrum Wsp\u00f3\u0142pracy Polsko-Chi\u0144skiej Politechniki Bia\u0142ostockiej Biuro: ul. Zwierzyniecka 14, pok. 4, 15-333 Bia\u0142ystok (poniedzia\u0142ek-pi\u0105tek, godz.","robots":{"index":"index","follow":"follow","max-snippet":"max-snippet:-1","max-image-preview":"max-image-preview:large","max-video-preview":"max-video-preview:-1"},"canonical":"https:\/\/pb.edu.pl\/cwpc\/kontakt\/","og_locale":"pl_PL","og_type":"article","og_title":"Kontakt - Centrum Wsp\u00f3\u0142pracy Polsko-Chi\u0144skiej","og_description":"&nbsp; Centrum Wsp\u00f3\u0142pracy Polsko-Chi\u0144skiej Politechniki Bia\u0142ostockiej Biuro: ul. Zwierzyniecka 14, pok. 4, 15-333 Bia\u0142ystok (poniedzia\u0142ek-pi\u0105tek, godz.","og_url":"https:\/\/pb.edu.pl\/cwpc\/kontakt\/","og_site_name":"Centrum Wsp\u00f3\u0142pracy Polsko-Chi\u0144skiej","article_modified_time":"2025-09-12T09:37:08+00:00","twitter_card":"summary_large_image","twitter_misc":{"Szacowany czas czytania":"1 minuta"},"schema":{"@context":"https:\/\/schema.org","@graph":[{"@type":"WebPage","@id":"https:\/\/pb.edu.pl\/cwpc\/kontakt\/","url":"https:\/\/pb.edu.pl\/cwpc\/kontakt\/","name":"Kontakt - Centrum Wsp\u00f3\u0142pracy Polsko-Chi\u0144skiej","isPartOf":{"@id":"https:\/\/pb.edu.pl\/cwpc\/#website"},"datePublished":"2020-08-25T19:20:43+00:00","dateModified":"2025-09-12T09:37:08+00:00","description":"&nbsp; Centrum Wsp\u00f3\u0142pracy Polsko-Chi\u0144skiej Politechniki Bia\u0142ostockiej Biuro: ul. Zwierzyniecka 14, pok. 4, 15-333 Bia\u0142ystok (poniedzia\u0142ek-pi\u0105tek, godz.","breadcrumb":{"@id":"https:\/\/pb.edu.pl\/cwpc\/kontakt\/#breadcrumb"},"inLanguage":"pl-PL","potentialAction":[{"@type":"ReadAction","target":["https:\/\/pb.edu.pl\/cwpc\/kontakt\/"]}]},{"@type":"BreadcrumbList","@id":"https:\/\/pb.edu.pl\/cwpc\/kontakt\/#breadcrumb","itemListElement":[{"@type":"ListItem","position":1,"name":"Strona g\u0142\u00f3wna","item":"https:\/\/pb.edu.pl\/cwpc\/"},{"@type":"ListItem","position":2,"name":"Kontakt"}]},{"@type":"WebSite","@id":"https:\/\/pb.edu.pl\/cwpc\/#website","url":"https:\/\/pb.edu.pl\/cwpc\/","name":"Centrum Wsp\u00f3\u0142pracy Polsko-Chi\u0144skiej","description":"","potentialAction":[{"@type":"SearchAction","target":{"@type":"EntryPoint","urlTemplate":"https:\/\/pb.edu.pl\/cwpc\/?s={search_term_string}"},"query-input":{"@type":"PropertyValueSpecification","valueRequired":true,"valueName":"search_term_string"}}],"inLanguage":"pl-PL"}]}},"_links":{"self":[{"href":"https:\/\/pb.edu.pl\/cwpc\/wp-json\/wp\/v2\/pages\/53","targetHints":{"allow":["GET"]}}],"collection":[{"href":"https:\/\/pb.edu.pl\/cwpc\/wp-json\/wp\/v2\/pages"}],"about":[{"href":"https:\/\/pb.edu.pl\/cwpc\/wp-json\/wp\/v2\/types\/page"}],"author":[{"embeddable":true,"href":"https:\/\/pb.edu.pl\/cwpc\/wp-json\/wp\/v2\/users\/2"}],"replies":[{"embeddable":true,"href":"https:\/\/pb.edu.pl\/cwpc\/wp-json\/wp\/v2\/comments?post=53"}],"version-history":[{"count":0,"href":"https:\/\/pb.edu.pl\/cwpc\/wp-json\/wp\/v2\/pages\/53\/revisions"}],"wp:attachment":[{"href":"https:\/\/pb.edu.pl\/cwpc\/wp-json\/wp\/v2\/media?parent=53"}],"curies":[{"name":"wp","href":"https:\/\/api.w.org\/{rel}","templated":true}]}}