{"id":51,"date":"2020-08-25T21:20:18","date_gmt":"2020-08-25T19:20:18","guid":{"rendered":"https:\/\/pb.edu.pl\/cwpc\/?page_id=51"},"modified":"2023-02-28T08:45:06","modified_gmt":"2023-02-28T07:45:06","slug":"programy-stypendialne","status":"publish","type":"page","link":"https:\/\/pb.edu.pl\/cwpc\/programy-stypendialne\/","title":{"rendered":"Programy stypendialne"},"content":{"rendered":"<p>Klasa Konfucja\u0144ska Politechniki Bia\u0142ostockiej przy wsp\u00f3\u0142pracy z Instytutem Konfucjusza w Opolu, Politechnik\u0105 Peki\u0144sk\u0105 oraz Center for Language Education and Cooperation (CLEC) oferuje liczne programy stypendialne w Chinach.&nbsp;<\/p>\n<h2><span style=\"font-size: 14pt\">Stypendia konfucja\u0144skie 2023<\/span><\/h2>\n<p>W celu wykszta\u0142cenia wykwalifikowanych nauczycieli j\u0119zyka chi\u0144skiego oraz rozwoju edukacji w j\u0119zyku chi\u0144skim w innych krajach, Center for Language Education and Cooperation (CLEC) oferuje program Mi\u0119dzynarodowego Stypendium dla Nauczycieli J\u0119zyka Chi\u0144skiego (Stypendium Instytutu Konfucjusza). Instytuty Konfucjusza i niezale\u017cne Klasy Konfucja\u0144skie w r\u00f3\u017cnych krajach, chi\u0144skie centra egzaminacyjne oraz wydzia\u0142y edukacyjne i kulturalne chi\u0144skich ambasad i konsulat\u00f3w s\u0105 instytucjami rekomenduj\u0105cymi, odpowiedzialnymi za rekrutacj\u0119 na stypendia, selekcj\u0119 kandydat\u00f3w, sprawdzanie dokument\u00f3w aplikacyjnych, kontakt z instytucjami przyjmuj\u0105cymi oraz dostarczenie odpowiednich dokument\u00f3w os\u00f3b aplikuj\u0105cych do instytucji przyjmuj\u0105cych.<\/p>\n<p>Wszystkich zainteresowanych zapraszamy do zapoznania si\u0119 z przewodnikiem rekrutacyjnym:<\/p>\n<ol>\n<li><a class=\"pdf\" href=\"https:\/\/pb.edu.pl\/cwpc\/wp-content\/uploads\/sites\/140\/2023\/02\/Application-Guidelines-for-International-Chinese-Language-Teachers-Scholarship-2023.pdf\" target=\"_blank\" rel=\"noopener\" data-id=\"1246\">Application Guidelines for International Chinese Language Teachers Scholarship 2023 (PDF, 212 KB, otworzy si\u0119 w nowej karcie)<\/a><\/li>\n<\/ol>\n<p>Ch\u0119tnie odpowiemy na wszelkie pytania os\u00f3b zainteresowanych i udzielimy niezb\u0119dnej pomocy przy rekrutacji.<\/p>\n","protected":false},"excerpt":{"rendered":"<p>Klasa Konfucja\u0144ska Politechniki Bia\u0142ostockiej przy wsp\u00f3\u0142pracy z Instytutem Konfucjusza w Opolu, Politechnik\u0105 Peki\u0144sk\u0105 oraz Center<\/p>\n","protected":false},"author":2,"featured_media":0,"parent":0,"menu_order":6,"comment_status":"closed","ping_status":"closed","template":"","meta":{"_acf_changed":false,"ngg_post_thumbnail":0,"footnotes":""},"class_list":["post-51","page","type-page","status-publish","hentry"],"acf":[],"yoast_head":"<!-- This site is optimized with the Yoast SEO plugin v27.0 - https:\/\/yoast.com\/product\/yoast-seo-wordpress\/ -->\n<title>Programy stypendialne - Centrum Wsp\u00f3\u0142pracy Polsko-Chi\u0144skiej<\/title>\n<meta name=\"description\" content=\"Klasa Konfucja\u0144ska Politechniki Bia\u0142ostockiej przy wsp\u00f3\u0142pracy z Instytutem Konfucjusza w Opolu, Politechnik\u0105 Peki\u0144sk\u0105 oraz Center for Language Education\" \/>\n<meta name=\"robots\" content=\"index, follow, max-snippet:-1, max-image-preview:large, max-video-preview:-1\" \/>\n<link rel=\"canonical\" href=\"https:\/\/pb.edu.pl\/cwpc\/programy-stypendialne\/\" \/>\n<meta property=\"og:locale\" content=\"pl_PL\" \/>\n<meta property=\"og:type\" content=\"article\" \/>\n<meta property=\"og:title\" content=\"Programy stypendialne - Centrum Wsp\u00f3\u0142pracy Polsko-Chi\u0144skiej\" \/>\n<meta property=\"og:description\" content=\"Klasa Konfucja\u0144ska Politechniki Bia\u0142ostockiej przy wsp\u00f3\u0142pracy z Instytutem Konfucjusza w Opolu, Politechnik\u0105 Peki\u0144sk\u0105 oraz Center for Language Education\" \/>\n<meta property=\"og:url\" content=\"https:\/\/pb.edu.pl\/cwpc\/programy-stypendialne\/\" \/>\n<meta property=\"og:site_name\" content=\"Centrum Wsp\u00f3\u0142pracy Polsko-Chi\u0144skiej\" \/>\n<meta property=\"article:modified_time\" content=\"2023-02-28T07:45:06+00:00\" \/>\n<meta name=\"twitter:card\" content=\"summary_large_image\" \/>\n<meta name=\"twitter:label1\" content=\"Szacowany czas czytania\" \/>\n\t<meta name=\"twitter:data1\" content=\"1 minuta\" \/>\n<script type=\"application\/ld+json\" class=\"yoast-schema-graph\">{\"@context\":\"https:\/\/schema.org\",\"@graph\":[{\"@type\":\"WebPage\",\"@id\":\"https:\/\/pb.edu.pl\/cwpc\/programy-stypendialne\/\",\"url\":\"https:\/\/pb.edu.pl\/cwpc\/programy-stypendialne\/\",\"name\":\"Programy stypendialne - Centrum Wsp\u00f3\u0142pracy Polsko-Chi\u0144skiej\",\"isPartOf\":{\"@id\":\"https:\/\/pb.edu.pl\/cwpc\/#website\"},\"datePublished\":\"2020-08-25T19:20:18+00:00\",\"dateModified\":\"2023-02-28T07:45:06+00:00\",\"description\":\"Klasa Konfucja\u0144ska Politechniki Bia\u0142ostockiej przy wsp\u00f3\u0142pracy z Instytutem Konfucjusza w Opolu, Politechnik\u0105 Peki\u0144sk\u0105 oraz Center for Language Education\",\"breadcrumb\":{\"@id\":\"https:\/\/pb.edu.pl\/cwpc\/programy-stypendialne\/#breadcrumb\"},\"inLanguage\":\"pl-PL\",\"potentialAction\":[{\"@type\":\"ReadAction\",\"target\":[\"https:\/\/pb.edu.pl\/cwpc\/programy-stypendialne\/\"]}]},{\"@type\":\"BreadcrumbList\",\"@id\":\"https:\/\/pb.edu.pl\/cwpc\/programy-stypendialne\/#breadcrumb\",\"itemListElement\":[{\"@type\":\"ListItem\",\"position\":1,\"name\":\"Strona g\u0142\u00f3wna\",\"item\":\"https:\/\/pb.edu.pl\/cwpc\/\"},{\"@type\":\"ListItem\",\"position\":2,\"name\":\"Programy stypendialne\"}]},{\"@type\":\"WebSite\",\"@id\":\"https:\/\/pb.edu.pl\/cwpc\/#website\",\"url\":\"https:\/\/pb.edu.pl\/cwpc\/\",\"name\":\"Centrum Wsp\u00f3\u0142pracy Polsko-Chi\u0144skiej\",\"description\":\"\",\"potentialAction\":[{\"@type\":\"SearchAction\",\"target\":{\"@type\":\"EntryPoint\",\"urlTemplate\":\"https:\/\/pb.edu.pl\/cwpc\/?s={search_term_string}\"},\"query-input\":{\"@type\":\"PropertyValueSpecification\",\"valueRequired\":true,\"valueName\":\"search_term_string\"}}],\"inLanguage\":\"pl-PL\"}]}<\/script>\n<!-- \/ Yoast SEO plugin. -->","yoast_head_json":{"title":"Programy stypendialne - Centrum Wsp\u00f3\u0142pracy Polsko-Chi\u0144skiej","description":"Klasa Konfucja\u0144ska Politechniki Bia\u0142ostockiej przy wsp\u00f3\u0142pracy z Instytutem Konfucjusza w Opolu, Politechnik\u0105 Peki\u0144sk\u0105 oraz Center for Language Education","robots":{"index":"index","follow":"follow","max-snippet":"max-snippet:-1","max-image-preview":"max-image-preview:large","max-video-preview":"max-video-preview:-1"},"canonical":"https:\/\/pb.edu.pl\/cwpc\/programy-stypendialne\/","og_locale":"pl_PL","og_type":"article","og_title":"Programy stypendialne - Centrum Wsp\u00f3\u0142pracy Polsko-Chi\u0144skiej","og_description":"Klasa Konfucja\u0144ska Politechniki Bia\u0142ostockiej przy wsp\u00f3\u0142pracy z Instytutem Konfucjusza w Opolu, Politechnik\u0105 Peki\u0144sk\u0105 oraz Center for Language Education","og_url":"https:\/\/pb.edu.pl\/cwpc\/programy-stypendialne\/","og_site_name":"Centrum Wsp\u00f3\u0142pracy Polsko-Chi\u0144skiej","article_modified_time":"2023-02-28T07:45:06+00:00","twitter_card":"summary_large_image","twitter_misc":{"Szacowany czas czytania":"1 minuta"},"schema":{"@context":"https:\/\/schema.org","@graph":[{"@type":"WebPage","@id":"https:\/\/pb.edu.pl\/cwpc\/programy-stypendialne\/","url":"https:\/\/pb.edu.pl\/cwpc\/programy-stypendialne\/","name":"Programy stypendialne - Centrum Wsp\u00f3\u0142pracy Polsko-Chi\u0144skiej","isPartOf":{"@id":"https:\/\/pb.edu.pl\/cwpc\/#website"},"datePublished":"2020-08-25T19:20:18+00:00","dateModified":"2023-02-28T07:45:06+00:00","description":"Klasa Konfucja\u0144ska Politechniki Bia\u0142ostockiej przy wsp\u00f3\u0142pracy z Instytutem Konfucjusza w Opolu, Politechnik\u0105 Peki\u0144sk\u0105 oraz Center for Language Education","breadcrumb":{"@id":"https:\/\/pb.edu.pl\/cwpc\/programy-stypendialne\/#breadcrumb"},"inLanguage":"pl-PL","potentialAction":[{"@type":"ReadAction","target":["https:\/\/pb.edu.pl\/cwpc\/programy-stypendialne\/"]}]},{"@type":"BreadcrumbList","@id":"https:\/\/pb.edu.pl\/cwpc\/programy-stypendialne\/#breadcrumb","itemListElement":[{"@type":"ListItem","position":1,"name":"Strona g\u0142\u00f3wna","item":"https:\/\/pb.edu.pl\/cwpc\/"},{"@type":"ListItem","position":2,"name":"Programy stypendialne"}]},{"@type":"WebSite","@id":"https:\/\/pb.edu.pl\/cwpc\/#website","url":"https:\/\/pb.edu.pl\/cwpc\/","name":"Centrum Wsp\u00f3\u0142pracy Polsko-Chi\u0144skiej","description":"","potentialAction":[{"@type":"SearchAction","target":{"@type":"EntryPoint","urlTemplate":"https:\/\/pb.edu.pl\/cwpc\/?s={search_term_string}"},"query-input":{"@type":"PropertyValueSpecification","valueRequired":true,"valueName":"search_term_string"}}],"inLanguage":"pl-PL"}]}},"_links":{"self":[{"href":"https:\/\/pb.edu.pl\/cwpc\/wp-json\/wp\/v2\/pages\/51","targetHints":{"allow":["GET"]}}],"collection":[{"href":"https:\/\/pb.edu.pl\/cwpc\/wp-json\/wp\/v2\/pages"}],"about":[{"href":"https:\/\/pb.edu.pl\/cwpc\/wp-json\/wp\/v2\/types\/page"}],"author":[{"embeddable":true,"href":"https:\/\/pb.edu.pl\/cwpc\/wp-json\/wp\/v2\/users\/2"}],"replies":[{"embeddable":true,"href":"https:\/\/pb.edu.pl\/cwpc\/wp-json\/wp\/v2\/comments?post=51"}],"version-history":[{"count":0,"href":"https:\/\/pb.edu.pl\/cwpc\/wp-json\/wp\/v2\/pages\/51\/revisions"}],"wp:attachment":[{"href":"https:\/\/pb.edu.pl\/cwpc\/wp-json\/wp\/v2\/media?parent=51"}],"curies":[{"name":"wp","href":"https:\/\/api.w.org\/{rel}","templated":true}]}}