{"id":47,"date":"2020-08-25T21:19:39","date_gmt":"2020-08-25T19:19:39","guid":{"rendered":"https:\/\/pb.edu.pl\/cwpc\/?page_id=47"},"modified":"2024-09-10T12:08:41","modified_gmt":"2024-09-10T10:08:41","slug":"wspolpraca","status":"publish","type":"page","link":"https:\/\/pb.edu.pl\/cwpc\/wspolpraca\/","title":{"rendered":"Wsp\u00f3\u0142praca"},"content":{"rendered":"<h2>Wsp\u00f3\u0142praca z partnerami chi\u0144skimi<\/h2>\n<p>&nbsp;<\/p>\n<p>Politechnika Bia\u0142ostocka &nbsp;realizuje wsp\u00f3\u0142prac\u0119 z uczelniami i o\u015brodkami naukowymi z ChRL &nbsp;w ramach ok. 20 podpisanych mi\u0119dzyuczelnianych um\u00f3w&nbsp; mi\u0119dzynarodowych.<\/p>\n<p>Umowy bilateralne stanowi\u0105 podstaw\u0119 do podejmowania z naszymi partnerami chi\u0144skimi wsp\u00f3lnych i coraz bardziej r\u00f3\u017cnorodnych dzia\u0142a\u0144, jak np.:<\/p>\n<p>&nbsp;<\/p>\n<ol>\n<li><strong>Tianjin Chengjian University:<\/strong><\/li>\n<\/ol>\n<ul>\n<li>wymiana profesor\u00f3w wizytuj\u0105cych;<\/li>\n<li>program podw\u00f3jnego dyplomowania dla student\u00f3w z Chin na kierunku budownictwo;<\/li>\n<li>wsp\u00f3\u0142praca w ramach programu Erasmus+ (Kraje Partnerskie) umo\u017cliwia realizacj\u0119 mobilno\u015bci przyjazdowej i wyjazdowej w celu przeprowadzenia wyk\u0142ad\u00f3w, odbycia szkolenia czy nauki<\/li>\n<li>utworzenie Mi\u0119dzynarodowej Szko\u0142y In\u017cynierskiej przy wsp\u00f3\u0142pracy TCU, PB i Politechniki Krakowskiej. Projekt zak\u0142ada zorganizowanie procesu kszta\u0142cenia student\u00f3w z Chin na terenie kampusu TCU, ale studenci mog\u0105 te\u017c przyjecha\u0107 na cz\u0119\u015b\u0107 studi\u00f3w do Polski. Jest to projekt bardzo innowacyjny i jedyne dotychczas tego rodzaju przedsi\u0119wzi\u0119cie w Polsce, kt\u00f3remu sukces ma zapewni\u0107 akredytacja Ministerstwa Edukacji ChRL i pe\u0142ne poparcie Ministerstwa Nauki i Szkolnictwa Wy\u017cszego. Podpisanie pierwszej umowy dotycz\u0105cej International School of Engineering odby\u0142o si\u0119 w obecno\u015bci przedstawicieli&nbsp; MNiSW w maju 2017. Uroczyste otwarcie odby\u0142o si\u0119 27 wrze\u015bnia 2020 r. w Chinach.<\/li>\n<\/ul>\n<p>&nbsp;<\/p>\n<ol start=\"2\">\n<li><strong>Tianjin University of Technolgy:<\/strong><\/li>\n<\/ol>\n<ul>\n<li>og\u00f3lna umowa o wsp\u00f3\u0142pracy i wymianie umo\u017cliwia wsp\u00f3\u0142prac\u0119 naukow\u0105 i wzajemn\u0105 i bezp\u0142atn\u0105 wymian\u0119 student\u00f3w.<\/li>\n<\/ul>\n<p>&nbsp;<\/p>\n<ol start=\"3\">\n<li><strong>Tianjin Normal University:<\/strong><\/li>\n<\/ol>\n<ul>\n<li>og\u00f3lna umowa o wsp\u00f3\u0142pracy oraz Umowa o Wymianie i Odbywaniu Studi\u00f3w. Student PB otrzyma\u0142 od tej uczelni stypendium na roczn\u0105 nauk\u0119 j\u0119zyka chi\u0144skiego w Tianjinie, a studenci TNU byli stypendystami programu Erasmus+ i odbyli cz\u0119\u015b\u0107 studi\u00f3w w PB.<\/li>\n<\/ul>\n<p>&nbsp;<\/p>\n<ol start=\"4\">\n<li><strong>NingboTech University, wcze\u015bniejsza nazwa: Ningbo Institute of Technology, Zheijiang University:<\/strong><\/li>\n<\/ol>\n<ul>\n<li>organizacja cyklicznej Polsko-Chi\u0144skiej Szko\u0142y Letniej dla student\u00f3w logistyki;<\/li>\n<li>umowa o podw\u00f3jnym dyplomowaniu dla student\u00f3w na kierunku Logistyka<\/li>\n<li>utworzenie wsp\u00f3lnego \u201eMi\u0119dzynarodowego Instytutu Logistyki i In\u017cynierii Us\u0142ug\u201d.<\/li>\n<\/ul>\n<p>Celem przedsi\u0119wzi\u0119cia jest wsp\u00f3lne prowadzenie dzia\u0142alno\u015bci naukowej i&nbsp;dydaktycznej w&nbsp;obszarze logistyki i in\u017cynierii us\u0142ug oraz obszarach pokrewnych. Instytut zmieni\u0142 nazw\u0119 na Mi\u0119dzynarodowa Katedra Logistyki i In\u017cynierii Us\u0142ug.<\/p>\n<ul>\n<li>wymiana student\u00f3w i profesor\u00f3w wizytuj\u0105cych<\/li>\n<li>przyznanie tytu\u0142u Honorowego Profesora PB, Panu Hao Wang<\/li>\n<li>przyznanie tytu\u0142u Honorowego Profesora Zhejiang University, Panu prof. J. Nazarce.<\/li>\n<\/ul>\n<p>&nbsp;<\/p>\n<ol start=\"5\">\n<li><strong>Podpisanie \u201ePorozumienia pomi\u0119dzy Uczelniami miasta Chongqing i Konferencj\u0105 Rektor\u00f3w Polskich Uczelni Technicznych\u201d w 2016 r.<\/strong><\/li>\n<\/ol>\n<p>Porozumienie pomi\u0119dzy cz\u0142onkami KRPUT a 7 uczelniami miasta Chongqing ma na celu rozw\u00f3j obustronnych relacji, wsp\u00f3\u0142prac\u0119 w celu wzbogacenia kultury, rozwoju naukowego oraz zacie\u015bnianiu przyjacielskich wi\u0119zi.<\/p>\n<p>Ta wsp\u00f3\u0142praca umo\u017cliwia naukowcom PB m.in. realizacj\u0119 wizyt stypendialnych w Chinach, organizacj\u0119 wsp\u00f3lnych konferencji, sympozj\u00f3w i seminari\u00f3w.<\/p>\n<p>Kontynuacj\u0105 dzia\u0142a\u0144 rozpocz\u0119tych w Chongqing, w duchu realizacji polityki \u201eBelt and Road\u201d by\u0142o podpisanie Listu Intencyjnego dotycz\u0105cego utworzenia Polsko-Chi\u0144skiego Konsorcjum Uniwersytet\u00f3w- Sino-Polish&nbsp; University Consortium.<\/p>\n<p>&nbsp;<\/p>\n<ol start=\"6\">\n<li><strong>\u201eBelt and Road\u201d Sino-Polish University Consortium<\/strong><\/li>\n<\/ol>\n<p>Politechnika Bia\u0142ostocka jest cz\u0142onkiem <a href=\"http:\/\/spuc.en.bjut.edu.cn\/index.htm\">Polsko-Chi\u0144skiego Konsorcjum&nbsp; SPUC (\u201eBelt and Road\u201d Sino-Polish University Consortium)<\/a>. Konsorcjum 12 polskich i 15 chi\u0144skich uczelni ma na celu wzmocnienie relacji mi\u0119dzy poszczeg\u00f3lnymi instytucjami. Umo\u017cliwia podnoszenie jako\u015bci kszta\u0142cenia, prowadzenie wsp\u00f3lnych bada\u0144 naukowych oraz innowacyjnych dzia\u0142a\u0144 z zakresu techniki. W jego ramach s\u0105 organizowane wsp\u00f3lne wydarzenia naukowe i kulturalne, s\u0142u\u017c\u0105ce wzmocnieniu polsko-chi\u0144skiej wsp\u00f3\u0142pracy akademickiej. Obejmuj\u0105 m.in. rozw\u00f3j bada\u0144 naukowych i nowych technologii oraz wymian\u0119 student\u00f3w i pracownik\u00f3w, zar\u00f3wno w obszarze nauki, jak r\u00f3wnie\u017c kultury, sztuki i sportu.<\/p>\n<p>Przyk\u0142adem takiego dzia\u0142ania by\u0142a pierwsza edycja polsko-chi\u0144skiej szko\u0142y letniej dla 29 student\u00f3w z 15 r\u00f3\u017cnych chi\u0144skich uczelni nale\u017c\u0105cych do Konsorcjum \u201eSPUC\u201d. &nbsp;Organizacj\u0119 pierwszego \u201eSino-Polish Railway Express-Mutual Connectivity &#8211; Youth Summer Camp\u201d powierzono Politechnice Bia\u0142ostockiej, a za realizacj\u0119 odpowiada\u0142a Klasa Konfucja\u0144ska PB. &nbsp;<\/p>\n<p>Dwutygodniowy program pobytu student\u00f3w z Chin, w dn. 13-26 lipca 2019, powsta\u0142 przy finansowym wsparciu polskich konsorcjant\u00f3w. Program szko\u0142y letniej obejmowa\u0142 warsztaty z robotyki, zaj\u0119cia z kultury i j. polskiego, wizyty w muzeach, warsztaty kulinarne, zaj\u0119cia sportowe, spotkania z polsk\u0105 m\u0142odzie\u017c\u0105. &nbsp;Uczestnicy zwiedzili Bia\u0142ystok, August\u00f3w, Bia\u0142owie\u017c\u0119, Warszaw\u0119, Krak\u00f3w, O\u015bwi\u0119cim i Katowice.&nbsp;<\/p>\n<p>Chi\u0144ska cz\u0119\u015b\u0107 konsorcjum r\u00f3wnie\u017c zorganizowa\u0142a na zasadzie wzajemno\u015bci podobny ob\u00f3z dla polskich uczestnik\u00f3w w Pekinie, kt\u00f3ry odby\u0142 si\u0119 w terminie<br \/>\n1-14 lipca 2019. W obozie uczestniczy\u0142o 2 student\u00f3w PB. Strona chi\u0144ska pokry\u0142a w ca\u0142o\u015bci koszty pobytu i realizacji programu przez uczestnik\u00f3w z Polski.<\/p>\n<p>&nbsp;<\/p>\n<p>Lista 15 chi\u0144skich konsorcjant\u00f3w Sino &#8211; Polish University Consortium:<\/p>\n<ul>\n<li><a href=\"http:\/\/www.cqjtu.edu.cn\/info\/1096\/1051.htm\">Chongqing Jiaotong University<\/a><\/li>\n<li><a href=\"https:\/\/en.ctbu.edu.cn\/\">Chongqing Technology and Business University<\/a><\/li>\n<li><a href=\"http:\/\/english.cqu.edu.cn\/\">Chongqing University<\/a><\/li>\n<li><a href=\"https:\/\/english.cqupt.edu.cn\/\">Chongqing University of Posts and Telecommunications<\/a><\/li>\n<li><a href=\"http:\/\/www.cqust.edu.cn\/index\/English\/Home.htm\">Chongqing University of Science and Technology<\/a><\/li>\n<li><a href=\"https:\/\/www.cqut.edu.cn\/\">Chongqing University of Technology<\/a><\/li>\n<li><a href=\"http:\/\/gjxy.swu.edu.cn\/en\/\">Southwest University in Chongqing<\/a><\/li>\n<li><a href=\"http:\/\/english.bjut.edu.cn\/\">Beijing University of Technology<\/a><\/li>\n<li><a href=\"https:\/\/english.bistu.edu.cn\/\">Beijing Information Science and Technology University<\/a><\/li>\n<li><a href=\"http:\/\/www.bipt.edu.cn\/pub\/en\/\">Beijing Institute of Petrochemical Technology<\/a><\/li>\n<li><a href=\"http:\/\/en.bisu.edu.cn\/\">Beijing International Studies University<\/a><\/li>\n<li><a href=\"http:\/\/english.bucea.edu.cn\/\">Beijing University of Civil Engineering and Architecture<\/a><\/li>\n<li><a href=\"https:\/\/english.cueb.edu.cn\/\">Capital University of Economics and Business<\/a><\/li>\n<li><a href=\"http:\/\/en.ncut.edu.cn\/\">North China University of Technology<\/a><\/li>\n<li><a href=\"http:\/\/chinese.tjut.edu.cn\/\">Tianjin University of Technology<\/a><\/li>\n<\/ul>\n<p>&nbsp;<\/p>\n<h2>Wsp\u00f3\u0142praca z podmiotami lokalnymi<\/h2>\n<p>Jednym z naszych zada\u0144 jest promocja i popularyzacja j\u0119zyka, k<span style=\"font-size: 1.5rem\">ultury, sztuki chi\u0144skiej w\u015br\u00f3d lokalnej spo\u0142eczno\u015bci, dlatego w naszych wydarzeniach mog\u0105 uczestniczy\u0107 r\u00f3wnie\u017c osoby spoza naszej uczelni.<\/span><\/p>\n<p>Na specjalne zam\u00f3wienie, mo\u017cem<span style=\"font-size: 1.5rem\">y zorganizowa\u0107 kurs j\u0119zyka chi\u0144skiego na terenie szk\u00f3\u0142. Zale\u017cy to jednak od liczby aktualnie wsp\u00f3\u0142pracuj\u0105cych z nami nauczycieli chi\u0144skich.<\/span><\/p>\n<p>Mo\u017cemy zaoferowa\u0107 szko\u0142om zorganizowanie spotkania z kultur\u0105, sztuk\u0105, kaligrafi\u0105 chi\u0144sk\u0105.<\/p>\n<p>Zainteresowanych prosimy o kontakt:<\/p>\n<p><strong>Centrum Wsp\u00f3\u0142pracy Polsko-Chi\u0144skiej Politechniki Bia\u0142ostockiej<\/strong><br \/>\nZwierzyniecka 14, pok. 4<br \/>\n15-333 Bia\u0142ystok<\/p>\n<i class=\"fa fa-phone\" aria-hidden=\"true\"><\/i> +48 85 746 91-97<\/p>\n<i class=\"fa fa-envelope-o\" aria-hidden=\"true\"><\/i> <a href=\"#\" rel=\"nofollow\"  onclick=\"this.href='mailto:' + 'chinski' + '@' + 'pb.edu.pl'\">chinski [at] pb.edu.pl<\/a>\n","protected":false},"excerpt":{"rendered":"<p>Wsp\u00f3\u0142praca z partnerami chi\u0144skimi &nbsp; Politechnika Bia\u0142ostocka &nbsp;realizuje wsp\u00f3\u0142prac\u0119 z uczelniami i o\u015brodkami naukowymi z<\/p>\n","protected":false},"author":2,"featured_media":0,"parent":0,"menu_order":4,"comment_status":"closed","ping_status":"closed","template":"","meta":{"_acf_changed":false,"ngg_post_thumbnail":0,"footnotes":""},"class_list":["post-47","page","type-page","status-publish","hentry"],"acf":[],"yoast_head":"<!-- This site is optimized with the Yoast SEO plugin v27.0 - https:\/\/yoast.com\/product\/yoast-seo-wordpress\/ -->\n<title>Wsp\u00f3\u0142praca - Centrum Wsp\u00f3\u0142pracy Polsko-Chi\u0144skiej<\/title>\n<meta name=\"description\" content=\"Wsp\u00f3\u0142praca z partnerami chi\u0144skimi &nbsp; Politechnika Bia\u0142ostocka &nbsp;realizuje wsp\u00f3\u0142prac\u0119 z uczelniami i o\u015brodkami naukowymi z ChRL &nbsp;w ramach ok.\" \/>\n<meta name=\"robots\" content=\"index, follow, max-snippet:-1, max-image-preview:large, max-video-preview:-1\" \/>\n<link rel=\"canonical\" href=\"https:\/\/pb.edu.pl\/cwpc\/wspolpraca\/\" \/>\n<meta property=\"og:locale\" content=\"pl_PL\" \/>\n<meta property=\"og:type\" content=\"article\" \/>\n<meta property=\"og:title\" content=\"Wsp\u00f3\u0142praca - Centrum Wsp\u00f3\u0142pracy Polsko-Chi\u0144skiej\" \/>\n<meta property=\"og:description\" content=\"Wsp\u00f3\u0142praca z partnerami chi\u0144skimi &nbsp; Politechnika Bia\u0142ostocka &nbsp;realizuje wsp\u00f3\u0142prac\u0119 z uczelniami i o\u015brodkami naukowymi z ChRL &nbsp;w ramach ok.\" \/>\n<meta property=\"og:url\" content=\"https:\/\/pb.edu.pl\/cwpc\/wspolpraca\/\" \/>\n<meta property=\"og:site_name\" content=\"Centrum Wsp\u00f3\u0142pracy Polsko-Chi\u0144skiej\" \/>\n<meta property=\"article:modified_time\" content=\"2024-09-10T10:08:41+00:00\" \/>\n<meta name=\"twitter:card\" content=\"summary_large_image\" \/>\n<meta name=\"twitter:label1\" content=\"Szacowany czas czytania\" \/>\n\t<meta name=\"twitter:data1\" content=\"5 minut\" \/>\n<script type=\"application\/ld+json\" class=\"yoast-schema-graph\">{\"@context\":\"https:\/\/schema.org\",\"@graph\":[{\"@type\":\"WebPage\",\"@id\":\"https:\/\/pb.edu.pl\/cwpc\/wspolpraca\/\",\"url\":\"https:\/\/pb.edu.pl\/cwpc\/wspolpraca\/\",\"name\":\"Wsp\u00f3\u0142praca - Centrum Wsp\u00f3\u0142pracy Polsko-Chi\u0144skiej\",\"isPartOf\":{\"@id\":\"https:\/\/pb.edu.pl\/cwpc\/#website\"},\"datePublished\":\"2020-08-25T19:19:39+00:00\",\"dateModified\":\"2024-09-10T10:08:41+00:00\",\"description\":\"Wsp\u00f3\u0142praca z partnerami chi\u0144skimi &nbsp; Politechnika Bia\u0142ostocka &nbsp;realizuje wsp\u00f3\u0142prac\u0119 z uczelniami i o\u015brodkami naukowymi z ChRL &nbsp;w ramach ok.\",\"breadcrumb\":{\"@id\":\"https:\/\/pb.edu.pl\/cwpc\/wspolpraca\/#breadcrumb\"},\"inLanguage\":\"pl-PL\",\"potentialAction\":[{\"@type\":\"ReadAction\",\"target\":[\"https:\/\/pb.edu.pl\/cwpc\/wspolpraca\/\"]}]},{\"@type\":\"BreadcrumbList\",\"@id\":\"https:\/\/pb.edu.pl\/cwpc\/wspolpraca\/#breadcrumb\",\"itemListElement\":[{\"@type\":\"ListItem\",\"position\":1,\"name\":\"Strona g\u0142\u00f3wna\",\"item\":\"https:\/\/pb.edu.pl\/cwpc\/\"},{\"@type\":\"ListItem\",\"position\":2,\"name\":\"Wsp\u00f3\u0142praca\"}]},{\"@type\":\"WebSite\",\"@id\":\"https:\/\/pb.edu.pl\/cwpc\/#website\",\"url\":\"https:\/\/pb.edu.pl\/cwpc\/\",\"name\":\"Centrum Wsp\u00f3\u0142pracy Polsko-Chi\u0144skiej\",\"description\":\"\",\"potentialAction\":[{\"@type\":\"SearchAction\",\"target\":{\"@type\":\"EntryPoint\",\"urlTemplate\":\"https:\/\/pb.edu.pl\/cwpc\/?s={search_term_string}\"},\"query-input\":{\"@type\":\"PropertyValueSpecification\",\"valueRequired\":true,\"valueName\":\"search_term_string\"}}],\"inLanguage\":\"pl-PL\"}]}<\/script>\n<!-- \/ Yoast SEO plugin. -->","yoast_head_json":{"title":"Wsp\u00f3\u0142praca - Centrum Wsp\u00f3\u0142pracy Polsko-Chi\u0144skiej","description":"Wsp\u00f3\u0142praca z partnerami chi\u0144skimi &nbsp; Politechnika Bia\u0142ostocka &nbsp;realizuje wsp\u00f3\u0142prac\u0119 z uczelniami i o\u015brodkami naukowymi z ChRL &nbsp;w ramach ok.","robots":{"index":"index","follow":"follow","max-snippet":"max-snippet:-1","max-image-preview":"max-image-preview:large","max-video-preview":"max-video-preview:-1"},"canonical":"https:\/\/pb.edu.pl\/cwpc\/wspolpraca\/","og_locale":"pl_PL","og_type":"article","og_title":"Wsp\u00f3\u0142praca - Centrum Wsp\u00f3\u0142pracy Polsko-Chi\u0144skiej","og_description":"Wsp\u00f3\u0142praca z partnerami chi\u0144skimi &nbsp; Politechnika Bia\u0142ostocka &nbsp;realizuje wsp\u00f3\u0142prac\u0119 z uczelniami i o\u015brodkami naukowymi z ChRL &nbsp;w ramach ok.","og_url":"https:\/\/pb.edu.pl\/cwpc\/wspolpraca\/","og_site_name":"Centrum Wsp\u00f3\u0142pracy Polsko-Chi\u0144skiej","article_modified_time":"2024-09-10T10:08:41+00:00","twitter_card":"summary_large_image","twitter_misc":{"Szacowany czas czytania":"5 minut"},"schema":{"@context":"https:\/\/schema.org","@graph":[{"@type":"WebPage","@id":"https:\/\/pb.edu.pl\/cwpc\/wspolpraca\/","url":"https:\/\/pb.edu.pl\/cwpc\/wspolpraca\/","name":"Wsp\u00f3\u0142praca - Centrum Wsp\u00f3\u0142pracy Polsko-Chi\u0144skiej","isPartOf":{"@id":"https:\/\/pb.edu.pl\/cwpc\/#website"},"datePublished":"2020-08-25T19:19:39+00:00","dateModified":"2024-09-10T10:08:41+00:00","description":"Wsp\u00f3\u0142praca z partnerami chi\u0144skimi &nbsp; Politechnika Bia\u0142ostocka &nbsp;realizuje wsp\u00f3\u0142prac\u0119 z uczelniami i o\u015brodkami naukowymi z ChRL &nbsp;w ramach ok.","breadcrumb":{"@id":"https:\/\/pb.edu.pl\/cwpc\/wspolpraca\/#breadcrumb"},"inLanguage":"pl-PL","potentialAction":[{"@type":"ReadAction","target":["https:\/\/pb.edu.pl\/cwpc\/wspolpraca\/"]}]},{"@type":"BreadcrumbList","@id":"https:\/\/pb.edu.pl\/cwpc\/wspolpraca\/#breadcrumb","itemListElement":[{"@type":"ListItem","position":1,"name":"Strona g\u0142\u00f3wna","item":"https:\/\/pb.edu.pl\/cwpc\/"},{"@type":"ListItem","position":2,"name":"Wsp\u00f3\u0142praca"}]},{"@type":"WebSite","@id":"https:\/\/pb.edu.pl\/cwpc\/#website","url":"https:\/\/pb.edu.pl\/cwpc\/","name":"Centrum Wsp\u00f3\u0142pracy Polsko-Chi\u0144skiej","description":"","potentialAction":[{"@type":"SearchAction","target":{"@type":"EntryPoint","urlTemplate":"https:\/\/pb.edu.pl\/cwpc\/?s={search_term_string}"},"query-input":{"@type":"PropertyValueSpecification","valueRequired":true,"valueName":"search_term_string"}}],"inLanguage":"pl-PL"}]}},"_links":{"self":[{"href":"https:\/\/pb.edu.pl\/cwpc\/wp-json\/wp\/v2\/pages\/47","targetHints":{"allow":["GET"]}}],"collection":[{"href":"https:\/\/pb.edu.pl\/cwpc\/wp-json\/wp\/v2\/pages"}],"about":[{"href":"https:\/\/pb.edu.pl\/cwpc\/wp-json\/wp\/v2\/types\/page"}],"author":[{"embeddable":true,"href":"https:\/\/pb.edu.pl\/cwpc\/wp-json\/wp\/v2\/users\/2"}],"replies":[{"embeddable":true,"href":"https:\/\/pb.edu.pl\/cwpc\/wp-json\/wp\/v2\/comments?post=47"}],"version-history":[{"count":0,"href":"https:\/\/pb.edu.pl\/cwpc\/wp-json\/wp\/v2\/pages\/47\/revisions"}],"wp:attachment":[{"href":"https:\/\/pb.edu.pl\/cwpc\/wp-json\/wp\/v2\/media?parent=47"}],"curies":[{"name":"wp","href":"https:\/\/api.w.org\/{rel}","templated":true}]}}