{"id":40,"date":"2020-08-25T21:18:17","date_gmt":"2020-08-25T19:18:17","guid":{"rendered":"https:\/\/pb.edu.pl\/cwpc\/?page_id=40"},"modified":"2024-11-19T12:02:23","modified_gmt":"2024-11-19T11:02:23","slug":"aktualnosci","status":"publish","type":"page","link":"https:\/\/pb.edu.pl\/cwpc\/aktualnosci\/","title":{"rendered":"Aktualno\u015bci"},"content":{"rendered":"\t\t<div class=\"box news-box \">\n\t\t<div class=\"row\">\n\t\t\t\n\t\t\t\n\t\t\t\t\n\t\t\t\t\t\t\t\t\t\t<div class=\"col-sm-3\">\n\t\t\t\t\t\t\t\n<article class=\"format-standard\">\n    <span class=\"date text-right\"><i class=\"fal fa-calendar-alt\"><\/i> 18-02-2026<\/span>\n    <a href=\"https:\/\/pb.edu.pl\/cwpc\/2026\/02\/18\/obchody-chinskiego-swieta-wiosny-w-politechnice-bialostockiej\/\">\n      <div class=\"article-image\">\n        <img loading=\"lazy\" decoding=\"async\" width=\"480\" height=\"300\" src=\"https:\/\/pb.edu.pl\/cwpc\/wp-content\/uploads\/sites\/140\/2026\/02\/obrazek-wyrozniajacy-480x300.png\" class=\"attachment-medium-image-16x10 size-medium-image-16x10 wp-post-image\" alt=\"\" srcset=\"https:\/\/pb.edu.pl\/cwpc\/wp-content\/uploads\/sites\/140\/2026\/02\/obrazek-wyrozniajacy-480x300.png 480w, https:\/\/pb.edu.pl\/cwpc\/wp-content\/uploads\/sites\/140\/2026\/02\/obrazek-wyrozniajacy-300x188.png 300w, https:\/\/pb.edu.pl\/cwpc\/wp-content\/uploads\/sites\/140\/2026\/02\/obrazek-wyrozniajacy-1024x640.png 1024w, https:\/\/pb.edu.pl\/cwpc\/wp-content\/uploads\/sites\/140\/2026\/02\/obrazek-wyrozniajacy-768x480.png 768w, https:\/\/pb.edu.pl\/cwpc\/wp-content\/uploads\/sites\/140\/2026\/02\/obrazek-wyrozniajacy.png 1536w\" sizes=\"auto, (max-width: 480px) 100vw, 480px\" \/>      <\/div>\n      <h3>Obchody chi\u0144skiego \u015awi\u0119ta Wiosny w Politechnice Bia\u0142ostockiej<\/h3>\n      16 lutego wsp\u00f3lnie powitali\u015bmy Rok Konia podczas wydarzenia po\u015bwi\u0119conego obchodom chi\u0144skiego    <\/a>\n<\/article>\t\t\t\t\t\t<\/div>\n\t\t\t\t\t\t\t\t\t\t\t<div class=\"col-sm-3\">\n\t\t\t\t\t\t\t\n<article class=\"format-standard\">\n    <span class=\"date text-right\"><i class=\"fal fa-calendar-alt\"><\/i> 29-01-2026<\/span>\n    <a href=\"https:\/\/pb.edu.pl\/cwpc\/2026\/01\/29\/pierwsza-sesja-egzaminow-hsk-w-politechnice-bialostockiej-w-2026-roku\/\">\n      <div class=\"article-image\">\n        <img loading=\"lazy\" decoding=\"async\" width=\"480\" height=\"300\" src=\"https:\/\/pb.edu.pl\/cwpc\/wp-content\/uploads\/sites\/140\/2026\/01\/obrazek-wyrozniajacy-hskmarzec-480x300.png\" class=\"attachment-medium-image-16x10 size-medium-image-16x10 wp-post-image\" alt=\"\" srcset=\"https:\/\/pb.edu.pl\/cwpc\/wp-content\/uploads\/sites\/140\/2026\/01\/obrazek-wyrozniajacy-hskmarzec-480x300.png 480w, https:\/\/pb.edu.pl\/cwpc\/wp-content\/uploads\/sites\/140\/2026\/01\/obrazek-wyrozniajacy-hskmarzec-300x188.png 300w, https:\/\/pb.edu.pl\/cwpc\/wp-content\/uploads\/sites\/140\/2026\/01\/obrazek-wyrozniajacy-hskmarzec-1024x640.png 1024w, https:\/\/pb.edu.pl\/cwpc\/wp-content\/uploads\/sites\/140\/2026\/01\/obrazek-wyrozniajacy-hskmarzec-768x480.png 768w, https:\/\/pb.edu.pl\/cwpc\/wp-content\/uploads\/sites\/140\/2026\/01\/obrazek-wyrozniajacy-hskmarzec-1536x960.png 1536w, https:\/\/pb.edu.pl\/cwpc\/wp-content\/uploads\/sites\/140\/2026\/01\/obrazek-wyrozniajacy-hskmarzec.png 2048w\" sizes=\"auto, (max-width: 480px) 100vw, 480px\" \/>      <\/div>\n      <h3>Pierwsza sesja egzamin\u00f3w HSK w Politechnice Bia\u0142ostockiej w 2026 roku <\/h3>\n      Trwaj\u0105 zapisy na oficjalne egzaminy znajomo\u015bci j\u0119zyka chi\u0144skiego HSK i HSKK,    <\/a>\n<\/article>\t\t\t\t\t\t<\/div>\n\t\t\t\t\t\t\t\t\t\t\t<div class=\"col-sm-3\">\n\t\t\t\t\t\t\t\n<article class=\"format-standard\">\n    <span class=\"date text-right\"><i class=\"fal fa-calendar-alt\"><\/i> 28-01-2026<\/span>\n    <a href=\"https:\/\/pb.edu.pl\/cwpc\/2026\/01\/28\/obchody-chinskiego-nowego-roku-w-pb\/\">\n      <div class=\"article-image\">\n        <img loading=\"lazy\" decoding=\"async\" width=\"480\" height=\"300\" src=\"https:\/\/pb.edu.pl\/cwpc\/wp-content\/uploads\/sites\/140\/2026\/01\/obrazek-wyrozniajacy-tinified-480x300.png\" class=\"attachment-medium-image-16x10 size-medium-image-16x10 wp-post-image\" alt=\"\" srcset=\"https:\/\/pb.edu.pl\/cwpc\/wp-content\/uploads\/sites\/140\/2026\/01\/obrazek-wyrozniajacy-tinified-480x300.png 480w, https:\/\/pb.edu.pl\/cwpc\/wp-content\/uploads\/sites\/140\/2026\/01\/obrazek-wyrozniajacy-tinified-300x188.png 300w, https:\/\/pb.edu.pl\/cwpc\/wp-content\/uploads\/sites\/140\/2026\/01\/obrazek-wyrozniajacy-tinified-1024x640.png 1024w, https:\/\/pb.edu.pl\/cwpc\/wp-content\/uploads\/sites\/140\/2026\/01\/obrazek-wyrozniajacy-tinified-768x480.png 768w, https:\/\/pb.edu.pl\/cwpc\/wp-content\/uploads\/sites\/140\/2026\/01\/obrazek-wyrozniajacy-tinified-1536x960.png 1536w, https:\/\/pb.edu.pl\/cwpc\/wp-content\/uploads\/sites\/140\/2026\/01\/obrazek-wyrozniajacy-tinified.png 2048w\" sizes=\"auto, (max-width: 480px) 100vw, 480px\" \/>      <\/div>\n      <h3>Obchody Chi\u0144skiego Nowego Roku w PB<\/h3>\n      Wielkimi krokami zbli\u017ca si\u0119 \u015awi\u0119to Wiosny (\u6625\u8282, Ch\u016bnji\u00e9), znane r\u00f3wnie\u017c pod    <\/a>\n<\/article>\t\t\t\t\t\t<\/div>\n\t\t\t\t\t\t\t\t\t\t\t<div class=\"col-sm-3\">\n\t\t\t\t\t\t\t\n<article class=\"format-standard\">\n    <span class=\"date text-right\"><i class=\"fal fa-calendar-alt\"><\/i> 09-01-2026<\/span>\n    <a href=\"https:\/\/pb.edu.pl\/cwpc\/2026\/01\/09\/v-spotkanie-wspolnego-komitetu-zarzadzajacego-i-komitetu-akademickiego-ise\/\">\n      <div class=\"article-image\">\n        <img loading=\"lazy\" decoding=\"async\" width=\"480\" height=\"300\" src=\"https:\/\/pb.edu.pl\/cwpc\/wp-content\/uploads\/sites\/140\/2026\/01\/2026-01-09-V-spotkanie-Wspolnego-Komitetu-Zarzadzajacego-i-Komitetu-Akademickiego-ISE-fot-Iryna-Mikhno-PB-1-2048x1280-1-480x300.jpg\" class=\"attachment-medium-image-16x10 size-medium-image-16x10 wp-post-image\" alt=\"\" srcset=\"https:\/\/pb.edu.pl\/cwpc\/wp-content\/uploads\/sites\/140\/2026\/01\/2026-01-09-V-spotkanie-Wspolnego-Komitetu-Zarzadzajacego-i-Komitetu-Akademickiego-ISE-fot-Iryna-Mikhno-PB-1-2048x1280-1-480x300.jpg 480w, https:\/\/pb.edu.pl\/cwpc\/wp-content\/uploads\/sites\/140\/2026\/01\/2026-01-09-V-spotkanie-Wspolnego-Komitetu-Zarzadzajacego-i-Komitetu-Akademickiego-ISE-fot-Iryna-Mikhno-PB-1-2048x1280-1-300x188.jpg 300w, https:\/\/pb.edu.pl\/cwpc\/wp-content\/uploads\/sites\/140\/2026\/01\/2026-01-09-V-spotkanie-Wspolnego-Komitetu-Zarzadzajacego-i-Komitetu-Akademickiego-ISE-fot-Iryna-Mikhno-PB-1-2048x1280-1-1024x640.jpg 1024w, https:\/\/pb.edu.pl\/cwpc\/wp-content\/uploads\/sites\/140\/2026\/01\/2026-01-09-V-spotkanie-Wspolnego-Komitetu-Zarzadzajacego-i-Komitetu-Akademickiego-ISE-fot-Iryna-Mikhno-PB-1-2048x1280-1-768x480.jpg 768w, https:\/\/pb.edu.pl\/cwpc\/wp-content\/uploads\/sites\/140\/2026\/01\/2026-01-09-V-spotkanie-Wspolnego-Komitetu-Zarzadzajacego-i-Komitetu-Akademickiego-ISE-fot-Iryna-Mikhno-PB-1-2048x1280-1-1536x960.jpg 1536w, https:\/\/pb.edu.pl\/cwpc\/wp-content\/uploads\/sites\/140\/2026\/01\/2026-01-09-V-spotkanie-Wspolnego-Komitetu-Zarzadzajacego-i-Komitetu-Akademickiego-ISE-fot-Iryna-Mikhno-PB-1-2048x1280-1.jpg 2048w\" sizes=\"auto, (max-width: 480px) 100vw, 480px\" \/>      <\/div>\n      <h3>V spotkanie Wsp\u00f3lnego Komitetu Zarz\u0105dzaj\u0105cego i Komitetu Akademickiego ISE<\/h3>\n      Podsumowanie dzia\u0142alno\u015bci i plany na przysz\u0142o\u015b\u0107.    <\/a>\n<\/article>\t\t\t\t\t\t<\/div>\n\t\t\t\t\t\t\t\t\t\t\t<div class=\"col-sm-3\">\n\t\t\t\t\t\t\t\n<article class=\"format-standard\">\n    <span class=\"date text-right\"><i class=\"fal fa-calendar-alt\"><\/i> 11-12-2025<\/span>\n    <a href=\"https:\/\/pb.edu.pl\/cwpc\/2025\/12\/11\/za-nami-ostatnia-sesja-egzaminow-hsk-w-2025-roku\/\">\n      <div class=\"article-image\">\n        <img loading=\"lazy\" decoding=\"async\" width=\"400\" height=\"250\" src=\"https:\/\/pb.edu.pl\/cwpc\/wp-content\/uploads\/sites\/140\/2025\/12\/obrazek-wyrozniajacy.jpg\" class=\"attachment-medium-image-16x10 size-medium-image-16x10 wp-post-image\" alt=\"\" srcset=\"https:\/\/pb.edu.pl\/cwpc\/wp-content\/uploads\/sites\/140\/2025\/12\/obrazek-wyrozniajacy.jpg 400w, https:\/\/pb.edu.pl\/cwpc\/wp-content\/uploads\/sites\/140\/2025\/12\/obrazek-wyrozniajacy-300x188.jpg 300w\" sizes=\"auto, (max-width: 400px) 100vw, 400px\" \/>      <\/div>\n      <h3>Za nami ostatnia sesja egzamin\u00f3w HSK w 2025 roku<\/h3>\n      7 grudnia przeprowadzili\u015bmy kolejn\u0105 ju\u017c sesj\u0119 oficjalnych egzamin\u00f3w znajomo\u015bci j\u0119zyka chi\u0144skiego    <\/a>\n<\/article>\t\t\t\t\t\t<\/div>\n\t\t\t\t\t\t\t\t\t\t\t<div class=\"col-sm-3\">\n\t\t\t\t\t\t\t\n<article class=\"format-standard\">\n    <span class=\"date text-right\"><i class=\"fal fa-calendar-alt\"><\/i> 03-11-2025<\/span>\n    <a href=\"https:\/\/pb.edu.pl\/cwpc\/2025\/11\/03\/dzien-klasy-konfucjanskiej-politechniki-bialostockiej\/\">\n      <div class=\"article-image\">\n        <img loading=\"lazy\" decoding=\"async\" width=\"480\" height=\"300\" src=\"https:\/\/pb.edu.pl\/cwpc\/wp-content\/uploads\/sites\/140\/2025\/11\/2025-10-29-Dzien-Klasy-Konfucjanskiej-PB-fot-Iryna-Mikhno-PB-1-2048x1280-1-480x300.jpg\" class=\"attachment-medium-image-16x10 size-medium-image-16x10 wp-post-image\" alt=\"\" srcset=\"https:\/\/pb.edu.pl\/cwpc\/wp-content\/uploads\/sites\/140\/2025\/11\/2025-10-29-Dzien-Klasy-Konfucjanskiej-PB-fot-Iryna-Mikhno-PB-1-2048x1280-1-480x300.jpg 480w, https:\/\/pb.edu.pl\/cwpc\/wp-content\/uploads\/sites\/140\/2025\/11\/2025-10-29-Dzien-Klasy-Konfucjanskiej-PB-fot-Iryna-Mikhno-PB-1-2048x1280-1-300x188.jpg 300w, https:\/\/pb.edu.pl\/cwpc\/wp-content\/uploads\/sites\/140\/2025\/11\/2025-10-29-Dzien-Klasy-Konfucjanskiej-PB-fot-Iryna-Mikhno-PB-1-2048x1280-1-1024x640.jpg 1024w, https:\/\/pb.edu.pl\/cwpc\/wp-content\/uploads\/sites\/140\/2025\/11\/2025-10-29-Dzien-Klasy-Konfucjanskiej-PB-fot-Iryna-Mikhno-PB-1-2048x1280-1-768x480.jpg 768w, https:\/\/pb.edu.pl\/cwpc\/wp-content\/uploads\/sites\/140\/2025\/11\/2025-10-29-Dzien-Klasy-Konfucjanskiej-PB-fot-Iryna-Mikhno-PB-1-2048x1280-1-1536x960.jpg 1536w, https:\/\/pb.edu.pl\/cwpc\/wp-content\/uploads\/sites\/140\/2025\/11\/2025-10-29-Dzien-Klasy-Konfucjanskiej-PB-fot-Iryna-Mikhno-PB-1-2048x1280-1.jpg 2048w\" sizes=\"auto, (max-width: 480px) 100vw, 480px\" \/>      <\/div>\n      <h3>Dzie\u0144 Klasy Konfucja\u0144skiej PB<\/h3>\n      \u015awi\u0119towali\u015bmy Dzie\u0144 Klasy Konfucja\u0144skiej Politechniki Bia\u0142ostockiej.    <\/a>\n<\/article>\t\t\t\t\t\t<\/div>\n\t\t\t\t\t\t\t\t\t\t\t<div class=\"col-sm-3\">\n\t\t\t\t\t\t\t\n<article class=\"format-standard\">\n    <span class=\"date text-right\"><i class=\"fal fa-calendar-alt\"><\/i> 22-10-2025<\/span>\n    <a href=\"https:\/\/pb.edu.pl\/cwpc\/2025\/10\/22\/dzien-klasy-konfucjanskiej-pb\/\">\n      <div class=\"article-image\">\n        <img loading=\"lazy\" decoding=\"async\" width=\"400\" height=\"250\" src=\"https:\/\/pb.edu.pl\/cwpc\/wp-content\/uploads\/sites\/140\/2025\/10\/obrazek-wyrozniajacy.png\" class=\"attachment-medium-image-16x10 size-medium-image-16x10 wp-post-image\" alt=\"\" srcset=\"https:\/\/pb.edu.pl\/cwpc\/wp-content\/uploads\/sites\/140\/2025\/10\/obrazek-wyrozniajacy.png 400w, https:\/\/pb.edu.pl\/cwpc\/wp-content\/uploads\/sites\/140\/2025\/10\/obrazek-wyrozniajacy-300x188.png 300w\" sizes=\"auto, (max-width: 400px) 100vw, 400px\" \/>      <\/div>\n      <h3>Dzie\u0144 Klasy Konfucja\u0144skiej PB - 29 pa\u017adziernika 2025 r.<\/h3>\n      Serdecznie zapraszamy na obchody Dnia Klasy Konfucja\u0144skiej, kt\u00f3re odb\u0119d\u0105 si\u0119 29    <\/a>\n<\/article>\t\t\t\t\t\t<\/div>\n\t\t\t\t\t\t\t\t\t\t\t<div class=\"col-sm-3\">\n\t\t\t\t\t\t\t\n<article class=\"format-standard\">\n    <span class=\"date text-right\"><i class=\"fal fa-calendar-alt\"><\/i> 16-09-2025<\/span>\n    <a href=\"https:\/\/pb.edu.pl\/cwpc\/2025\/09\/16\/poznaj-tai-chi-w-ramach-zajec-prowadzonych-w-politechnice-bialostockiej\/\">\n      <div class=\"article-image\">\n        <img loading=\"lazy\" decoding=\"async\" width=\"400\" height=\"250\" src=\"https:\/\/pb.edu.pl\/cwpc\/wp-content\/uploads\/sites\/140\/2025\/09\/obrazek-wyrozniajacy-1.png\" class=\"attachment-medium-image-16x10 size-medium-image-16x10 wp-post-image\" alt=\"\" srcset=\"https:\/\/pb.edu.pl\/cwpc\/wp-content\/uploads\/sites\/140\/2025\/09\/obrazek-wyrozniajacy-1.png 400w, https:\/\/pb.edu.pl\/cwpc\/wp-content\/uploads\/sites\/140\/2025\/09\/obrazek-wyrozniajacy-1-300x188.png 300w\" sizes=\"auto, (max-width: 400px) 100vw, 400px\" \/>      <\/div>\n      <h3>Poznaj Tai Chi w ramach zaj\u0119\u0107 prowadzonych w PB<\/h3>\n      Trwaj\u0105 zapisy na zaj\u0119cia Tai Chi organizowane przez Centrum Wsp\u00f3\u0142pracy Polsko-Chi\u0144skiej    <\/a>\n<\/article>\t\t\t\t\t\t<\/div>\n\t\t\t\t\t\t\t\t\t\t\t<div class=\"col-sm-3\">\n\t\t\t\t\t\t\t\n<article class=\"format-standard\">\n    <span class=\"date text-right\"><i class=\"fal fa-calendar-alt\"><\/i> 01-09-2025<\/span>\n    <a href=\"https:\/\/pb.edu.pl\/cwpc\/2025\/09\/01\/ruszyly-zapisy-na-kurs-jezyka-chinskiego\/\">\n      <div class=\"article-image\">\n        <img loading=\"lazy\" decoding=\"async\" width=\"400\" height=\"250\" src=\"https:\/\/pb.edu.pl\/cwpc\/wp-content\/uploads\/sites\/140\/2025\/09\/obrazek-wyrozniajacy.png\" class=\"attachment-medium-image-16x10 size-medium-image-16x10 wp-post-image\" alt=\"\" srcset=\"https:\/\/pb.edu.pl\/cwpc\/wp-content\/uploads\/sites\/140\/2025\/09\/obrazek-wyrozniajacy.png 400w, https:\/\/pb.edu.pl\/cwpc\/wp-content\/uploads\/sites\/140\/2025\/09\/obrazek-wyrozniajacy-300x188.png 300w\" sizes=\"auto, (max-width: 400px) 100vw, 400px\" \/>      <\/div>\n      <h3>Ruszy\u0142y zapisy na kurs j\u0119zyka chi\u0144skiego w roku akademickim 2025\/2026<\/h3>\n      W\u0142a\u015bnie ruszy\u0142y zapisy na kurs j\u0119zyka chi\u0144skiego organizowany przez Centrum Wsp\u00f3\u0142pracy    <\/a>\n<\/article>\t\t\t\t\t\t<\/div>\n\t\t\t\t\t\t\t\t\t\t\t<div class=\"col-sm-3\">\n\t\t\t\t\t\t\t\n<article class=\"format-standard\">\n    <span class=\"date text-right\"><i class=\"fal fa-calendar-alt\"><\/i> 29-07-2025<\/span>\n    <a href=\"https:\/\/pb.edu.pl\/cwpc\/2025\/07\/29\/wizyta-przedstawiciela-university-of-malaya-malezja-na-politechnice-bialostockiej\/\">\n      <div class=\"article-image\">\n        <img loading=\"lazy\" decoding=\"async\" width=\"400\" height=\"250\" src=\"https:\/\/pb.edu.pl\/cwpc\/wp-content\/uploads\/sites\/140\/2025\/07\/obrazek-wyrozniajacy-1.png\" class=\"attachment-medium-image-16x10 size-medium-image-16x10 wp-post-image\" alt=\"\" srcset=\"https:\/\/pb.edu.pl\/cwpc\/wp-content\/uploads\/sites\/140\/2025\/07\/obrazek-wyrozniajacy-1.png 400w, https:\/\/pb.edu.pl\/cwpc\/wp-content\/uploads\/sites\/140\/2025\/07\/obrazek-wyrozniajacy-1-300x188.png 300w\" sizes=\"auto, (max-width: 400px) 100vw, 400px\" \/>      <\/div>\n      <h3>Wizyta przedstawiciela University of Malaya na Politechnice Bia\u0142ostockiej<\/h3>\n          <\/a>\n<\/article>\t\t\t\t\t\t<\/div>\n\t\t\t\t\t\t\t\t\t\t\t<div class=\"col-sm-3\">\n\t\t\t\t\t\t\t\n<article class=\"format-standard\">\n    <span class=\"date text-right\"><i class=\"fal fa-calendar-alt\"><\/i> 09-07-2025<\/span>\n    <a href=\"https:\/\/pb.edu.pl\/cwpc\/2025\/07\/09\/kolejni-absolwenci-ise-odebrali-dyplomy-politechniki-bialostockiej\/\">\n      <div class=\"article-image\">\n        <img loading=\"lazy\" decoding=\"async\" width=\"400\" height=\"250\" src=\"https:\/\/pb.edu.pl\/cwpc\/wp-content\/uploads\/sites\/140\/2025\/07\/obrazek-wyrozniajacy.png\" class=\"attachment-medium-image-16x10 size-medium-image-16x10 wp-post-image\" alt=\"\" srcset=\"https:\/\/pb.edu.pl\/cwpc\/wp-content\/uploads\/sites\/140\/2025\/07\/obrazek-wyrozniajacy.png 400w, https:\/\/pb.edu.pl\/cwpc\/wp-content\/uploads\/sites\/140\/2025\/07\/obrazek-wyrozniajacy-300x188.png 300w\" sizes=\"auto, (max-width: 400px) 100vw, 400px\" \/>      <\/div>\n      <h3>Kolejni absolwenci Mi\u0119dzynarodowej Szko\u0142y In\u017cynierskiej (ISE) przy Uniwersytecie Tianjin Chengjian odebrali dyplomy Politechniki Bia\u0142ostockiej. <\/h3>\n      Uroczysta ceremonia rozdania dyplom\u00f3w odby\u0142a si\u0119 27 czerwca w Tianjinie \u2013    <\/a>\n<\/article>\t\t\t\t\t\t<\/div>\n\t\t\t\t\t\t\t\t\t\t\t<div class=\"col-sm-3\">\n\t\t\t\t\t\t\t\n<article class=\"format-standard\">\n    <span class=\"date text-right\"><i class=\"fal fa-calendar-alt\"><\/i> 15-05-2025<\/span>\n    <a href=\"https:\/\/pb.edu.pl\/cwpc\/2025\/05\/15\/xxi-podlaski-festiwal-nauki-i-sztuki-uczestnicy-wydarzenia-poznawali-tajniki-chinskiej-kaligrafii\/\">\n      <div class=\"article-image\">\n        <img loading=\"lazy\" decoding=\"async\" width=\"400\" height=\"250\" src=\"https:\/\/pb.edu.pl\/cwpc\/wp-content\/uploads\/sites\/140\/2025\/05\/obrazek-wyrozniajacy-2.png\" class=\"attachment-medium-image-16x10 size-medium-image-16x10 wp-post-image\" alt=\"\" srcset=\"https:\/\/pb.edu.pl\/cwpc\/wp-content\/uploads\/sites\/140\/2025\/05\/obrazek-wyrozniajacy-2.png 400w, https:\/\/pb.edu.pl\/cwpc\/wp-content\/uploads\/sites\/140\/2025\/05\/obrazek-wyrozniajacy-2-300x188.png 300w\" sizes=\"auto, (max-width: 400px) 100vw, 400px\" \/>      <\/div>\n      <h3>XXI Podlaski Festiwal Nauki i Sztuki<\/h3>\n      12 maja uczestnicy XXI Podlaskiego Festiwalu Nauki i Sztuki wzi\u0119li udzia\u0142    <\/a>\n<\/article>\t\t\t\t\t\t<\/div>\n\t\t\t\t\t\n\t\t\t\t\n\t\t\t\t\t<\/div>\n\t\t\n\t<nav class=\"navigation pagination\" aria-label=\"Stronicowanie wpis\u00f3w\">\n\t\t<h2 class=\"screen-reader-text\">Stronicowanie wpis\u00f3w<\/h2>\n\t\t<div class=\"nav-links\"><span aria-current=\"page\" class=\"page-numbers current\">1<\/span>\n<a class=\"page-numbers\" href=\"https:\/\/pb.edu.pl\/cwpc\/wp-json\/wp\/v2\/pages\/40\/page\/2\/\">2<\/a>\n<a class=\"page-numbers\" href=\"https:\/\/pb.edu.pl\/cwpc\/wp-json\/wp\/v2\/pages\/40\/page\/3\/\">3<\/a>\n<span class=\"page-numbers dots\">&hellip;<\/span>\n<a class=\"page-numbers\" href=\"https:\/\/pb.edu.pl\/cwpc\/wp-json\/wp\/v2\/pages\/40\/page\/8\/\">8<\/a>\n<a class=\"next page-numbers\" href=\"https:\/\/pb.edu.pl\/cwpc\/wp-json\/wp\/v2\/pages\/40\/page\/2\/\">Nast\u0119pne<\/a><\/div>\n\t<\/nav>\t\t\t<\/div>\n\n","protected":false},"excerpt":{"rendered":"","protected":false},"author":2,"featured_media":0,"parent":0,"menu_order":1,"comment_status":"closed","ping_status":"closed","template":"","meta":{"_acf_changed":false,"ngg_post_thumbnail":0,"footnotes":""},"class_list":["post-40","page","type-page","status-publish","hentry"],"acf":[],"yoast_head":"<!-- This site is optimized with the Yoast SEO plugin v27.0 - https:\/\/yoast.com\/product\/yoast-seo-wordpress\/ -->\n<title>Aktualno\u015bci - Centrum Wsp\u00f3\u0142pracy Polsko-Chi\u0144skiej<\/title>\n<meta name=\"robots\" content=\"index, follow, max-snippet:-1, max-image-preview:large, max-video-preview:-1\" \/>\n<link rel=\"canonical\" href=\"https:\/\/pb.edu.pl\/cwpc\/aktualnosci\/\" \/>\n<meta property=\"og:locale\" content=\"pl_PL\" \/>\n<meta property=\"og:type\" content=\"article\" \/>\n<meta property=\"og:title\" content=\"Aktualno\u015bci - Centrum Wsp\u00f3\u0142pracy Polsko-Chi\u0144skiej\" \/>\n<meta property=\"og:url\" content=\"https:\/\/pb.edu.pl\/cwpc\/aktualnosci\/\" \/>\n<meta property=\"og:site_name\" content=\"Centrum Wsp\u00f3\u0142pracy Polsko-Chi\u0144skiej\" \/>\n<meta property=\"article:modified_time\" content=\"2024-11-19T11:02:23+00:00\" \/>\n<meta name=\"twitter:card\" content=\"summary_large_image\" \/>\n<meta name=\"twitter:label1\" content=\"Szacowany czas czytania\" \/>\n\t<meta name=\"twitter:data1\" content=\"1 minuta\" \/>\n<script type=\"application\/ld+json\" class=\"yoast-schema-graph\">{\"@context\":\"https:\/\/schema.org\",\"@graph\":[{\"@type\":\"WebPage\",\"@id\":\"https:\/\/pb.edu.pl\/cwpc\/aktualnosci\/\",\"url\":\"https:\/\/pb.edu.pl\/cwpc\/aktualnosci\/\",\"name\":\"Aktualno\u015bci - Centrum Wsp\u00f3\u0142pracy Polsko-Chi\u0144skiej\",\"isPartOf\":{\"@id\":\"https:\/\/pb.edu.pl\/cwpc\/#website\"},\"datePublished\":\"2020-08-25T19:18:17+00:00\",\"dateModified\":\"2024-11-19T11:02:23+00:00\",\"breadcrumb\":{\"@id\":\"https:\/\/pb.edu.pl\/cwpc\/aktualnosci\/#breadcrumb\"},\"inLanguage\":\"pl-PL\",\"potentialAction\":[{\"@type\":\"ReadAction\",\"target\":[\"https:\/\/pb.edu.pl\/cwpc\/aktualnosci\/\"]}]},{\"@type\":\"BreadcrumbList\",\"@id\":\"https:\/\/pb.edu.pl\/cwpc\/aktualnosci\/#breadcrumb\",\"itemListElement\":[{\"@type\":\"ListItem\",\"position\":1,\"name\":\"Strona g\u0142\u00f3wna\",\"item\":\"https:\/\/pb.edu.pl\/cwpc\/\"},{\"@type\":\"ListItem\",\"position\":2,\"name\":\"Aktualno\u015bci\"}]},{\"@type\":\"WebSite\",\"@id\":\"https:\/\/pb.edu.pl\/cwpc\/#website\",\"url\":\"https:\/\/pb.edu.pl\/cwpc\/\",\"name\":\"Centrum Wsp\u00f3\u0142pracy Polsko-Chi\u0144skiej\",\"description\":\"\",\"potentialAction\":[{\"@type\":\"SearchAction\",\"target\":{\"@type\":\"EntryPoint\",\"urlTemplate\":\"https:\/\/pb.edu.pl\/cwpc\/?s={search_term_string}\"},\"query-input\":{\"@type\":\"PropertyValueSpecification\",\"valueRequired\":true,\"valueName\":\"search_term_string\"}}],\"inLanguage\":\"pl-PL\"}]}<\/script>\n<!-- \/ Yoast SEO plugin. -->","yoast_head_json":{"title":"Aktualno\u015bci - Centrum Wsp\u00f3\u0142pracy Polsko-Chi\u0144skiej","robots":{"index":"index","follow":"follow","max-snippet":"max-snippet:-1","max-image-preview":"max-image-preview:large","max-video-preview":"max-video-preview:-1"},"canonical":"https:\/\/pb.edu.pl\/cwpc\/aktualnosci\/","og_locale":"pl_PL","og_type":"article","og_title":"Aktualno\u015bci - Centrum Wsp\u00f3\u0142pracy Polsko-Chi\u0144skiej","og_url":"https:\/\/pb.edu.pl\/cwpc\/aktualnosci\/","og_site_name":"Centrum Wsp\u00f3\u0142pracy Polsko-Chi\u0144skiej","article_modified_time":"2024-11-19T11:02:23+00:00","twitter_card":"summary_large_image","twitter_misc":{"Szacowany czas czytania":"1 minuta"},"schema":{"@context":"https:\/\/schema.org","@graph":[{"@type":"WebPage","@id":"https:\/\/pb.edu.pl\/cwpc\/aktualnosci\/","url":"https:\/\/pb.edu.pl\/cwpc\/aktualnosci\/","name":"Aktualno\u015bci - Centrum Wsp\u00f3\u0142pracy Polsko-Chi\u0144skiej","isPartOf":{"@id":"https:\/\/pb.edu.pl\/cwpc\/#website"},"datePublished":"2020-08-25T19:18:17+00:00","dateModified":"2024-11-19T11:02:23+00:00","breadcrumb":{"@id":"https:\/\/pb.edu.pl\/cwpc\/aktualnosci\/#breadcrumb"},"inLanguage":"pl-PL","potentialAction":[{"@type":"ReadAction","target":["https:\/\/pb.edu.pl\/cwpc\/aktualnosci\/"]}]},{"@type":"BreadcrumbList","@id":"https:\/\/pb.edu.pl\/cwpc\/aktualnosci\/#breadcrumb","itemListElement":[{"@type":"ListItem","position":1,"name":"Strona g\u0142\u00f3wna","item":"https:\/\/pb.edu.pl\/cwpc\/"},{"@type":"ListItem","position":2,"name":"Aktualno\u015bci"}]},{"@type":"WebSite","@id":"https:\/\/pb.edu.pl\/cwpc\/#website","url":"https:\/\/pb.edu.pl\/cwpc\/","name":"Centrum Wsp\u00f3\u0142pracy Polsko-Chi\u0144skiej","description":"","potentialAction":[{"@type":"SearchAction","target":{"@type":"EntryPoint","urlTemplate":"https:\/\/pb.edu.pl\/cwpc\/?s={search_term_string}"},"query-input":{"@type":"PropertyValueSpecification","valueRequired":true,"valueName":"search_term_string"}}],"inLanguage":"pl-PL"}]}},"_links":{"self":[{"href":"https:\/\/pb.edu.pl\/cwpc\/wp-json\/wp\/v2\/pages\/40","targetHints":{"allow":["GET"]}}],"collection":[{"href":"https:\/\/pb.edu.pl\/cwpc\/wp-json\/wp\/v2\/pages"}],"about":[{"href":"https:\/\/pb.edu.pl\/cwpc\/wp-json\/wp\/v2\/types\/page"}],"author":[{"embeddable":true,"href":"https:\/\/pb.edu.pl\/cwpc\/wp-json\/wp\/v2\/users\/2"}],"replies":[{"embeddable":true,"href":"https:\/\/pb.edu.pl\/cwpc\/wp-json\/wp\/v2\/comments?post=40"}],"version-history":[{"count":0,"href":"https:\/\/pb.edu.pl\/cwpc\/wp-json\/wp\/v2\/pages\/40\/revisions"}],"wp:attachment":[{"href":"https:\/\/pb.edu.pl\/cwpc\/wp-json\/wp\/v2\/media?parent=40"}],"curies":[{"name":"wp","href":"https:\/\/api.w.org\/{rel}","templated":true}]}}