{"id":11,"date":"2020-08-25T20:12:37","date_gmt":"2020-08-25T18:12:37","guid":{"rendered":"https:\/\/pb.edu.pl\/cwpc\/?page_id=11"},"modified":"2025-03-10T19:18:37","modified_gmt":"2025-03-10T18:18:37","slug":"home","status":"publish","type":"page","link":"https:\/\/pb.edu.pl\/cwpc\/","title":{"rendered":""},"content":{"rendered":"<div class=\"img-full\"><img decoding=\"async\" src=\"https:\/\/pb.edu.pl\/cwpc\/wp-content\/uploads\/sites\/140\/2024\/11\/cwpc-baner-new.png\" alt=\"Chi\u0144ski mur\" \/><\/div>\n<div id=\"btn-projekt\" class=\"href\">&nbsp;<\/div>\n<div id=\"box-menu\" class=\"href\">&nbsp;<\/div>\n<div class=\"row\">\n<div class=\"col-sm-4\">\n<div class=\"panel panel-default panel-sport animated zoomIn\">\n<div class=\"panel-heading text-center\"><span class=\"lead\">Aktualno\u015bci<\/span><\/div>\n<div class=\"panel-body\">\n<div class=\"image\"><a href=\"\/cwpc\/aktualnosci\/\"><img loading=\"lazy\" decoding=\"async\" class=\"aligncenter size-full wp-image-121\" src=\"https:\/\/pb.edu.pl\/cwpc\/wp-content\/uploads\/sites\/140\/2020\/09\/2020_09_Klasa_Konfukcjanska_box_aktualnosci.jpg\" alt=\"Aktualno\u015bci\" width=\"600\" height=\"363\" srcset=\"https:\/\/pb.edu.pl\/cwpc\/wp-content\/uploads\/sites\/140\/2020\/09\/2020_09_Klasa_Konfukcjanska_box_aktualnosci.jpg 600w, https:\/\/pb.edu.pl\/cwpc\/wp-content\/uploads\/sites\/140\/2020\/09\/2020_09_Klasa_Konfukcjanska_box_aktualnosci-300x182.jpg 300w\" sizes=\"auto, (max-width: 600px) 100vw, 600px\" \/><\/a><\/div>\n<\/div>\n<\/div>\n<\/div>\n<div class=\"col-sm-4\">\n<div class=\"panel panel-default panel-sport animated zoomIn\">\n<div class=\"panel-heading text-center\"><span class=\"lead\">O nas<\/span><\/div>\n<div class=\"panel-body\">\n<div class=\"image\"><a href=\"\/cwpc\/o-nas\/\"><img loading=\"lazy\" decoding=\"async\" class=\"aligncenter size-full wp-image-125\" src=\"https:\/\/pb.edu.pl\/cwpc\/wp-content\/uploads\/sites\/140\/2024\/09\/box-o-nas.png\" alt=\"O nas\" width=\"600\" height=\"363\"><\/a><\/div>\n<\/div>\n<\/div>\n<\/div>\n<div class=\"col-sm-4\">\n<div class=\"panel panel-default panel-sport animated zoomIn\">\n<div class=\"panel-heading text-center\"><span class=\"lead\">Wsp\u00f3\u0142praca<\/span><\/div>\n<div class=\"panel-body\">\n<div class=\"image\"><a href=\"\/cwpc\/wspolpraca\/\"><img loading=\"lazy\" decoding=\"async\" class=\"aligncenter size-full wp-image-127\" src=\"https:\/\/pb.edu.pl\/cwpc\/wp-content\/uploads\/sites\/140\/2020\/09\/2020_09_Klasa_Konfukcjanska_box_wspolpraca.jpg\" alt=\"Wsp\u00f3\u0142praca\" width=\"600\" height=\"363\" srcset=\"https:\/\/pb.edu.pl\/cwpc\/wp-content\/uploads\/sites\/140\/2020\/09\/2020_09_Klasa_Konfukcjanska_box_wspolpraca.jpg 600w, https:\/\/pb.edu.pl\/cwpc\/wp-content\/uploads\/sites\/140\/2020\/09\/2020_09_Klasa_Konfukcjanska_box_wspolpraca-300x182.jpg 300w\" sizes=\"auto, (max-width: 600px) 100vw, 600px\" \/><\/a><\/div>\n<\/div>\n<\/div>\n<\/div>\n<\/div>\n<div class=\"row\">\n<div class=\"col-sm-4\">\n<div class=\"panel panel-default panel-sport animated zoomIn\">\n<div class=\"panel-heading text-center\"><span class=\"lead\">Mi\u0119dzynarodowa Szko\u0142a In\u017cynierska<\/span><\/div>\n<div class=\"panel-body\">\n<div class=\"image\"><a href=\"https:\/\/wb.pb.edu.pl\/umiedzynarodowienie\/miedzynarodowa-szkola-inzynierska-przy-tcu\/\"><img loading=\"lazy\" decoding=\"async\" class=\"aligncenter wp-image-1379 size-medium\" src=\"https:\/\/pb.edu.pl\/cwpc\/wp-content\/uploads\/sites\/140\/2024\/09\/Miedzynarodowa-Szkola-Inzynierska-przy-TCU.png\" alt=\"\" width=\"600\" height=\"363\"><\/a><\/div>\n<\/div>\n<\/div>\n<\/div>\n<div class=\"col-sm-4\">\n<div class=\"panel panel-default panel-sport animated zoomIn\">\n<div class=\"panel-heading text-center\"><span class=\"lead\">Centrum egzaminacyjne<\/span><\/div>\n<div class=\"panel-body\">\n<div class=\"image\"><a title=\"Centrum egzaminacyjne HSK na Politechnice Bia\u0142ostockiej\" href=\"\/cwpc\/egzaminy-jezykowe\/\"><img loading=\"lazy\" decoding=\"async\" class=\"aligncenter size-full wp-image-122\" src=\"https:\/\/pb.edu.pl\/cwpc\/wp-content\/uploads\/sites\/140\/2020\/09\/2020_09_Klasa_Konfukcjanska_box_egzaminy_jezykowe.jpg\" alt=\"Egzaminy j\u0119zykowe\" width=\"600\" height=\"363\" srcset=\"https:\/\/pb.edu.pl\/cwpc\/wp-content\/uploads\/sites\/140\/2020\/09\/2020_09_Klasa_Konfukcjanska_box_egzaminy_jezykowe.jpg 600w, https:\/\/pb.edu.pl\/cwpc\/wp-content\/uploads\/sites\/140\/2020\/09\/2020_09_Klasa_Konfukcjanska_box_egzaminy_jezykowe-300x182.jpg 300w\" sizes=\"auto, (max-width: 600px) 100vw, 600px\" \/><\/a><\/div>\n<\/div>\n<\/div>\n<\/div>\n<div class=\"col-sm-4\">\n<div class=\"panel panel-default panel-sport animated zoomIn\">\n<div class=\"panel-heading text-center\"><span class=\"lead\">Kontakt<\/span><\/div>\n<div class=\"panel-body\">\n<div class=\"image\"><a href=\"\/cwpc\/kontakt\/\"><img loading=\"lazy\" decoding=\"async\" class=\"aligncenter size-full wp-image-123\" src=\"https:\/\/pb.edu.pl\/cwpc\/wp-content\/uploads\/sites\/140\/2020\/09\/2020_09_Klasa_Konfukcjanska_box_kontakt.jpg\" alt=\"Kontakt\" width=\"600\" height=\"363\" srcset=\"https:\/\/pb.edu.pl\/cwpc\/wp-content\/uploads\/sites\/140\/2020\/09\/2020_09_Klasa_Konfukcjanska_box_kontakt.jpg 600w, https:\/\/pb.edu.pl\/cwpc\/wp-content\/uploads\/sites\/140\/2020\/09\/2020_09_Klasa_Konfukcjanska_box_kontakt-300x182.jpg 300w\" sizes=\"auto, (max-width: 600px) 100vw, 600px\" \/><\/a><\/div>\n<\/div>\n<\/div>\n<\/div>\n<\/div>\n<div id=\"klasa-konfucjanska\" class=\"href\">&nbsp;<\/div>\n<div class=\"h1 text-center\">Klasa Konfucja\u0144ska<\/div>\n<p>&nbsp;<\/p>\n<div class=\"row\">\n<div class=\"col-sm-4\">\n<div class=\"panel panel-default panel-sport animated zoomIn\">\n<div class=\"panel-heading text-center\"><span class=\"lead\">Kurs j\u0119zyka chi\u0144skiego<\/span><\/div>\n<div class=\"panel-body\">\n<div class=\"image\"><a href=\"\/cwpc\/kurs-jezyka-chinskiego\/\"><img loading=\"lazy\" decoding=\"async\" class=\"aligncenter size-full wp-image-124\" src=\"https:\/\/pb.edu.pl\/cwpc\/wp-content\/uploads\/sites\/140\/2024\/09\/kurs-jezyka-chinskiego-box-pl.png\" alt=\"Kurs j\u0119z. chi\u0144skiego\" width=\"600\" height=\"363\"><\/a><\/div>\n<\/div>\n<\/div>\n<\/div>\n<div class=\"col-sm-4\">\n<div class=\"panel panel-default panel-sport animated zoomIn\">\n<div class=\"panel-heading text-center\"><span class=\"lead\">Zaj\u0119cia Tai Chi<\/span><\/div>\n<div class=\"panel-body\">\n<div class=\"image\"><a href=\"\/cwpc\/zajecia-tai-chi\/\"><img loading=\"lazy\" decoding=\"async\" class=\"aligncenter wp-image-1379 size-medium\" src=\"https:\/\/pb.edu.pl\/cwpc\/wp-content\/uploads\/sites\/140\/2024\/09\/zajecia-Tai-Chi-box-pl.png\" alt=\"\" width=\"600\" height=\"363\"><\/a><\/div>\n<\/div>\n<\/div>\n<\/div>\n<div class=\"col-sm-4\">\n<div class=\"panel panel-default panel-sport animated zoomIn\">\n<div class=\"panel-heading text-center\"><span class=\"lead\">Programy stypendialne<\/span><\/div>\n<div class=\"panel-body\">\n<div class=\"image\"><a href=\"\/cwpc\/programy-stypendialne\/\"><img loading=\"lazy\" decoding=\"async\" class=\"aligncenter size-full wp-image-126\" src=\"https:\/\/pb.edu.pl\/cwpc\/wp-content\/uploads\/sites\/140\/2020\/09\/2020_09_Klasa_Konfukcjanska_box_programy_stypendialne.jpg\" alt=\"Programy stypendialne\" width=\"600\" height=\"363\" srcset=\"https:\/\/pb.edu.pl\/cwpc\/wp-content\/uploads\/sites\/140\/2020\/09\/2020_09_Klasa_Konfukcjanska_box_programy_stypendialne.jpg 600w, https:\/\/pb.edu.pl\/cwpc\/wp-content\/uploads\/sites\/140\/2020\/09\/2020_09_Klasa_Konfukcjanska_box_programy_stypendialne-300x182.jpg 300w\" sizes=\"auto, (max-width: 600px) 100vw, 600px\" \/><\/a><\/div>\n<\/div>\n<\/div>\n<\/div>\n<\/div>\n<div class=\"row\">\n<div class=\"col-sm-12 text-center\"><a class=\"button text-center animated zoomIn lead\" style=\"width: 100%\" href=\"\/cwpc\/konkurs-fotograficzny-chiny-piekno-zatrzymane-w-kadrze\/\"><strong style=\"letter-spacing: 2px\">Konkurs fotograficzny: \u201eChiny \u2013 pi\u0119kno zatrzymane w kadrze\u201d<\/strong><\/a><\/div>\n<\/div>\n","protected":false},"excerpt":{"rendered":"<p>&nbsp; &nbsp; Aktualno\u015bci O nas Wsp\u00f3\u0142praca Mi\u0119dzynarodowa Szko\u0142a In\u017cynierska Centrum egzaminacyjne Kontakt &nbsp; Klasa Konfucja\u0144ska<\/p>\n","protected":false},"author":2,"featured_media":0,"parent":0,"menu_order":0,"comment_status":"closed","ping_status":"closed","template":"","meta":{"_acf_changed":false,"ngg_post_thumbnail":0,"footnotes":""},"class_list":["post-11","page","type-page","status-publish","hentry"],"acf":[],"yoast_head":"<!-- This site is optimized with the Yoast SEO plugin v27.0 - https:\/\/yoast.com\/product\/yoast-seo-wordpress\/ -->\n<title>Centrum Wsp\u00f3\u0142pracy Polsko-Chi\u0144skiej<\/title>\n<meta name=\"description\" content=\"Dzia\u0142ania Klasy Konfucja\u0144skiej PB: promocj\u0119 i popularyzacj\u0119 j\u0119zyka, kultury, sztuki chi\u0144skiej, ...\" \/>\n<meta name=\"robots\" content=\"index, follow, max-snippet:-1, max-image-preview:large, max-video-preview:-1\" \/>\n<link rel=\"canonical\" href=\"https:\/\/pb.edu.pl\/cwpc\/\" \/>\n<meta property=\"og:locale\" content=\"pl_PL\" \/>\n<meta property=\"og:type\" content=\"article\" \/>\n<meta property=\"og:title\" content=\"Centrum Wsp\u00f3\u0142pracy Polsko-Chi\u0144skiej\" \/>\n<meta property=\"og:description\" content=\"Dzia\u0142ania Klasy Konfucja\u0144skiej PB: promocj\u0119 i popularyzacj\u0119 j\u0119zyka, kultury, sztuki chi\u0144skiej, ...\" \/>\n<meta property=\"og:url\" content=\"https:\/\/pb.edu.pl\/cwpc\/\" \/>\n<meta property=\"og:site_name\" content=\"Centrum Wsp\u00f3\u0142pracy Polsko-Chi\u0144skiej\" \/>\n<meta property=\"article:modified_time\" content=\"2025-03-10T18:18:37+00:00\" \/>\n<meta property=\"og:image\" content=\"https:\/\/pb.edu.pl\/cwpc\/wp-content\/uploads\/sites\/140\/2024\/11\/cwpc-baner-new.png\" \/>\n<meta name=\"twitter:card\" content=\"summary_large_image\" \/>\n<meta name=\"twitter:label1\" content=\"Szacowany czas czytania\" \/>\n\t<meta name=\"twitter:data1\" content=\"3 minuty\" \/>\n<script type=\"application\/ld+json\" class=\"yoast-schema-graph\">{\"@context\":\"https:\/\/schema.org\",\"@graph\":[{\"@type\":\"WebPage\",\"@id\":\"https:\/\/pb.edu.pl\/cwpc\/\",\"url\":\"https:\/\/pb.edu.pl\/cwpc\/\",\"name\":\"Centrum Wsp\u00f3\u0142pracy Polsko-Chi\u0144skiej\",\"isPartOf\":{\"@id\":\"https:\/\/pb.edu.pl\/cwpc\/#website\"},\"primaryImageOfPage\":{\"@id\":\"https:\/\/pb.edu.pl\/cwpc\/#primaryimage\"},\"image\":{\"@id\":\"https:\/\/pb.edu.pl\/cwpc\/#primaryimage\"},\"thumbnailUrl\":\"https:\/\/pb.edu.pl\/cwpc\/wp-content\/uploads\/sites\/140\/2024\/11\/cwpc-baner-new.png\",\"datePublished\":\"2020-08-25T18:12:37+00:00\",\"dateModified\":\"2025-03-10T18:18:37+00:00\",\"description\":\"Dzia\u0142ania Klasy Konfucja\u0144skiej PB: promocj\u0119 i popularyzacj\u0119 j\u0119zyka, kultury, sztuki chi\u0144skiej, ...\",\"inLanguage\":\"pl-PL\",\"potentialAction\":[{\"@type\":\"ReadAction\",\"target\":[\"https:\/\/pb.edu.pl\/cwpc\/\"]}]},{\"@type\":\"ImageObject\",\"inLanguage\":\"pl-PL\",\"@id\":\"https:\/\/pb.edu.pl\/cwpc\/#primaryimage\",\"url\":\"https:\/\/pb.edu.pl\/cwpc\/wp-content\/uploads\/sites\/140\/2024\/11\/cwpc-baner-new.png\",\"contentUrl\":\"https:\/\/pb.edu.pl\/cwpc\/wp-content\/uploads\/sites\/140\/2024\/11\/cwpc-baner-new.png\",\"width\":1910,\"height\":585,\"caption\":\"Chi\u0144ski mur\"},{\"@type\":\"WebSite\",\"@id\":\"https:\/\/pb.edu.pl\/cwpc\/#website\",\"url\":\"https:\/\/pb.edu.pl\/cwpc\/\",\"name\":\"Centrum Wsp\u00f3\u0142pracy Polsko-Chi\u0144skiej\",\"description\":\"\",\"potentialAction\":[{\"@type\":\"SearchAction\",\"target\":{\"@type\":\"EntryPoint\",\"urlTemplate\":\"https:\/\/pb.edu.pl\/cwpc\/?s={search_term_string}\"},\"query-input\":{\"@type\":\"PropertyValueSpecification\",\"valueRequired\":true,\"valueName\":\"search_term_string\"}}],\"inLanguage\":\"pl-PL\"}]}<\/script>\n<!-- \/ Yoast SEO plugin. -->","yoast_head_json":{"title":"Centrum Wsp\u00f3\u0142pracy Polsko-Chi\u0144skiej","description":"Dzia\u0142ania Klasy Konfucja\u0144skiej PB: promocj\u0119 i popularyzacj\u0119 j\u0119zyka, kultury, sztuki chi\u0144skiej, ...","robots":{"index":"index","follow":"follow","max-snippet":"max-snippet:-1","max-image-preview":"max-image-preview:large","max-video-preview":"max-video-preview:-1"},"canonical":"https:\/\/pb.edu.pl\/cwpc\/","og_locale":"pl_PL","og_type":"article","og_title":"Centrum Wsp\u00f3\u0142pracy Polsko-Chi\u0144skiej","og_description":"Dzia\u0142ania Klasy Konfucja\u0144skiej PB: promocj\u0119 i popularyzacj\u0119 j\u0119zyka, kultury, sztuki chi\u0144skiej, ...","og_url":"https:\/\/pb.edu.pl\/cwpc\/","og_site_name":"Centrum Wsp\u00f3\u0142pracy Polsko-Chi\u0144skiej","article_modified_time":"2025-03-10T18:18:37+00:00","og_image":[{"url":"https:\/\/pb.edu.pl\/cwpc\/wp-content\/uploads\/sites\/140\/2024\/11\/cwpc-baner-new.png","type":"","width":"","height":""}],"twitter_card":"summary_large_image","twitter_misc":{"Szacowany czas czytania":"3 minuty"},"schema":{"@context":"https:\/\/schema.org","@graph":[{"@type":"WebPage","@id":"https:\/\/pb.edu.pl\/cwpc\/","url":"https:\/\/pb.edu.pl\/cwpc\/","name":"Centrum Wsp\u00f3\u0142pracy Polsko-Chi\u0144skiej","isPartOf":{"@id":"https:\/\/pb.edu.pl\/cwpc\/#website"},"primaryImageOfPage":{"@id":"https:\/\/pb.edu.pl\/cwpc\/#primaryimage"},"image":{"@id":"https:\/\/pb.edu.pl\/cwpc\/#primaryimage"},"thumbnailUrl":"https:\/\/pb.edu.pl\/cwpc\/wp-content\/uploads\/sites\/140\/2024\/11\/cwpc-baner-new.png","datePublished":"2020-08-25T18:12:37+00:00","dateModified":"2025-03-10T18:18:37+00:00","description":"Dzia\u0142ania Klasy Konfucja\u0144skiej PB: promocj\u0119 i popularyzacj\u0119 j\u0119zyka, kultury, sztuki chi\u0144skiej, ...","inLanguage":"pl-PL","potentialAction":[{"@type":"ReadAction","target":["https:\/\/pb.edu.pl\/cwpc\/"]}]},{"@type":"ImageObject","inLanguage":"pl-PL","@id":"https:\/\/pb.edu.pl\/cwpc\/#primaryimage","url":"https:\/\/pb.edu.pl\/cwpc\/wp-content\/uploads\/sites\/140\/2024\/11\/cwpc-baner-new.png","contentUrl":"https:\/\/pb.edu.pl\/cwpc\/wp-content\/uploads\/sites\/140\/2024\/11\/cwpc-baner-new.png","width":1910,"height":585,"caption":"Chi\u0144ski mur"},{"@type":"WebSite","@id":"https:\/\/pb.edu.pl\/cwpc\/#website","url":"https:\/\/pb.edu.pl\/cwpc\/","name":"Centrum Wsp\u00f3\u0142pracy Polsko-Chi\u0144skiej","description":"","potentialAction":[{"@type":"SearchAction","target":{"@type":"EntryPoint","urlTemplate":"https:\/\/pb.edu.pl\/cwpc\/?s={search_term_string}"},"query-input":{"@type":"PropertyValueSpecification","valueRequired":true,"valueName":"search_term_string"}}],"inLanguage":"pl-PL"}]}},"_links":{"self":[{"href":"https:\/\/pb.edu.pl\/cwpc\/wp-json\/wp\/v2\/pages\/11","targetHints":{"allow":["GET"]}}],"collection":[{"href":"https:\/\/pb.edu.pl\/cwpc\/wp-json\/wp\/v2\/pages"}],"about":[{"href":"https:\/\/pb.edu.pl\/cwpc\/wp-json\/wp\/v2\/types\/page"}],"author":[{"embeddable":true,"href":"https:\/\/pb.edu.pl\/cwpc\/wp-json\/wp\/v2\/users\/2"}],"replies":[{"embeddable":true,"href":"https:\/\/pb.edu.pl\/cwpc\/wp-json\/wp\/v2\/comments?post=11"}],"version-history":[{"count":0,"href":"https:\/\/pb.edu.pl\/cwpc\/wp-json\/wp\/v2\/pages\/11\/revisions"}],"wp:attachment":[{"href":"https:\/\/pb.edu.pl\/cwpc\/wp-json\/wp\/v2\/media?parent=11"}],"curies":[{"name":"wp","href":"https:\/\/api.w.org\/{rel}","templated":true}]}}