{"id":2377,"date":"2020-08-25T21:19:07","date_gmt":"2020-08-25T19:19:07","guid":{"rendered":"https:\/\/pb.edu.pl\/cwpc\/kurs-jezyka-chinskiego\/"},"modified":"2024-11-24T17:47:42","modified_gmt":"2024-11-24T16:47:42","slug":"chinese-language-courses","status":"publish","type":"page","link":"https:\/\/pb.edu.pl\/cwpc\/en\/chinese-language-courses\/","title":{"rendered":"Chinese Language Courses"},"content":{"rendered":"<p><img loading=\"lazy\" decoding=\"async\" class=\"aligncenter wp-image-2444\" src=\"https:\/\/pb.edu.pl\/cwpc\/wp-content\/uploads\/sites\/140\/2024\/11\/www-BUT-chinese-language-courses.png\" alt=\"chinese language courses\" width=\"925\" height=\"425\" srcset=\"https:\/\/pb.edu.pl\/cwpc\/wp-content\/uploads\/sites\/140\/2024\/11\/www-BUT-chinese-language-courses.png 1140w, https:\/\/pb.edu.pl\/cwpc\/wp-content\/uploads\/sites\/140\/2024\/11\/www-BUT-chinese-language-courses-300x138.png 300w, https:\/\/pb.edu.pl\/cwpc\/wp-content\/uploads\/sites\/140\/2024\/11\/www-BUT-chinese-language-courses-1024x471.png 1024w, https:\/\/pb.edu.pl\/cwpc\/wp-content\/uploads\/sites\/140\/2024\/11\/www-BUT-chinese-language-courses-768x353.png 768w\" sizes=\"auto, (max-width: 925px) 100vw, 925px\" \/><\/p>\n<p>The goals and outcomes of the Chinese language course in the Confucius Classroom of BUT are defined in relation to the HSK standardized test of Chinese language proficiency and the YCT in the case of children&#8217;s groups. The course is designed for beginners and those continuing their studies. The offer is addressed to everyone interested in learning the language and getting to know Chinese culture &#8211; both from the Bialystok University of Technology and individuals not affiliated with our University.<\/p>\n<p><strong>We also invite people from outside Bialystok to join online groups!<\/strong><\/p>\n<p>&nbsp;<\/p>\n<p><strong><span style=\"font-size: 14pt;\">General information<\/span><\/strong><\/p>\n<p>Classes of the groups in the winter semester will be held in the system of meetings 1x or 2x a week (52 or 104 academic hours) in the following modes:<\/p>\n<ul>\n<li>on-site in Polish-Chinese Cooperation Centre&#8217;s rooms decorated in Chinese style &#8211; 14 Zwierzyniecka Street, ground floor (Dormitory No. 1 &#8216;ALFA&#8217;)<\/li>\n<li>remotely on the MS Teams platform (each student will receive access to the platform).<\/li>\n<\/ul>\n<p>Lessons are held in English by teachers from China, delegated by the Chinese International Education Foundation and Beijing University of Technology.<\/p>\n<p>The material covered in classes is based on the <em>HSK Standard Course <\/em>and <em>YCT Standard Course<\/em> (children&#8217;s groups) textbooks, as well as additional materials prepared by the teachers.<\/p>\n<p>&nbsp;<\/p>\n<p><span style=\"font-size: 14pt;\"><strong>Price list of courses offered by the Polish-Chinese Cooperation Centre of BUT:<\/strong><\/span><\/p>\n<ul>\n<li>students of BUT, employees of BUT and members of their immediate family* &#8211; 5 z\u0142\/academic hour<\/li>\n<li>non-BP individuals &#8211; 15 z\u0142\/academic hour<\/li>\n<li><a href=\"https:\/\/pb.edu.pl\/en\/academic-secondary-school-of-but\/\">Academic Secondary School of BUT<\/a> students &#8211; <span style=\"color: #339966;\">exempt from fees<\/span><\/li>\n<\/ul>\n<p><img loading=\"lazy\" decoding=\"async\" class=\"aligncenter size-full wp-image-2447\" src=\"https:\/\/pb.edu.pl\/cwpc\/wp-content\/uploads\/sites\/140\/2024\/11\/pirce-list-chinese-language-course-but.png\" alt=\"pirce list chinese language course\" width=\"700\" height=\"524\" srcset=\"https:\/\/pb.edu.pl\/cwpc\/wp-content\/uploads\/sites\/140\/2024\/11\/pirce-list-chinese-language-course-but.png 700w, https:\/\/pb.edu.pl\/cwpc\/wp-content\/uploads\/sites\/140\/2024\/11\/pirce-list-chinese-language-course-but-300x225.png 300w\" sizes=\"auto, (max-width: 700px) 100vw, 700px\" \/><\/p>\n<p>*Family members of a BUT employee entitled to a discount are: spouse, children and students up to 25 years of age.<\/p>\n<p>&nbsp;<\/p>\n<p><strong><span style=\"font-size: 14pt;\">Payment<\/span><\/strong><\/p>\n<p>The course fee is paid by the participant in 2 instalments (2x 50%) paid in advance:<\/p>\n<ul>\n<li>first instalment by <strong>31-10-2024<\/strong>,<\/li>\n<li>the second instalment by <strong>28-02-2025<\/strong>.<\/li>\n<\/ul>\n<p>Fees should be paid to bank account number:<br \/>\n<strong>30 1240 1154 1111 0000 2148 7604<\/strong><br \/>\nTitle of transfer: <strong>first name, surname of Participant &#8211; Kurs j.chi\u0144skiego &#8211; 8 edycja.<\/strong><\/p>\n<p>&nbsp;<\/p>\n<p><strong><span style=\"font-size: 14pt;\">Courses in the winter semester of the 2024\/25 academic year<\/span><\/strong><\/p>\n<p><strong>Beginner groups:<\/strong><\/p>\n<p>In the 2024\/25 academic year, 4 groups for beginners are to be formed:<\/p>\n<ul>\n<li>HSK level 1.0 &#8211; intensive course, classes 2x a week (104 hours), on-site (Mon.\/Wed).<\/li>\n<li>HSK level 1.0 &#8211; intensive course, classes 2x a week (104 hours), online (Tues.\/Fri.)<\/li>\n<\/ul>\n<p>The aim of this course is to master all or most of the material required for HSK Level 1.<\/p>\n<p>&nbsp;<\/p>\n<ul>\n<li>HSK level 1.0 &#8211; classes 1 x week (52 hours), on-site (Wednesdays)<\/li>\n<li>HSK Level 1.0 &#8211; classes 1 x week (52 hours), online (Fridays)<\/li>\n<\/ul>\n<p>The aim of this course is to master around half of the material required for HSK level 1.<\/p>\n<p>&nbsp;<\/p>\n<p><strong>Continuing groups:<\/strong><\/p>\n<ul>\n<li>HSK level 1.1 SHENZHEN &#8211; classes 1 x week (52 hours), on-site (Fridays)<\/li>\n<li>HSK level 1.1 NINGBO &#8211; classes 1 x week (52 hours), online (Mondays)<\/li>\n<\/ul>\n<p>Groups covering a further part of the material required for HSK level 1.<\/p>\n<p>&nbsp;<\/p>\n<ul>\n<li>HSK 2.0 CHONGQING level &#8211; classes 2x a week (104 hours), on-site (Tues. \/ Thurs.)<\/li>\n<li>HSK 2.0 CHONGQING level &#8211; classes 1 x week (52 hours), online (Fridays)<\/li>\n<\/ul>\n<p>During the course, the material required for HSK level 1 will be completed and revised, after which the group will begin to study the material for HSK level 2.<\/p>\n<p>&nbsp;<\/p>\n<ul>\n<li>HSK level 2.1 SHANGHAI &#8211; classes 1 x week (52 hours), online (Fridays)<\/li>\n<\/ul>\n<p>Group covering a further part of the material required for HSK level 2.<\/p>\n<p>&nbsp;<\/p>\n<ul>\n<li>TIANJIN level 3.0 &#8211; classes 2x a week (104 hours), on-site (Mon.\/Wed.)<\/li>\n<li>NANKIN level 3.0 &#8211; classes 2x a week (104 hours), online (Tues.\/Thu.)<\/li>\n<\/ul>\n<p>During the course, the material required for HSK level 2 will be completed and revised, after which the group will begin to study the material for HSK level 3.<\/p>\n<p>&nbsp;<\/p>\n<ul>\n<li>level 4.0 XI&#8217;AN &#8211; classes 1x a week (52 hours), on-site (Fridays)<\/li>\n<li>level 4.0 BEIJING &#8211; classes 1x a week (52 hours), online (Tuesdays)<\/li>\n<\/ul>\n<p>During the course, the material required for HSK level 3 will be completed and revised, after which the group will begin to study the material for HSK level 4.<\/p>\n<p>&nbsp;<\/p>\n<ul>\n<li>HSK level 5.0 CHENGDU &#8211; classes 2x a week (104 hours), online (Mon.\/Wed.)<\/li>\n<\/ul>\n<p>During the course, the material required for HSK level 4 will be completed and revised, after which the group will begin to study the material for HSK level 5.<\/p>\n<p>&nbsp;<\/p>\n<p><span style=\"font-size: 12pt;\"><strong>Children&#8217;s groups:<\/strong><\/span><\/p>\n<p>The classes are designed for children of about 8-12 years of age. As the classes are conducted in English, the child should have a basic knowledge of the language.<\/p>\n<p><strong>Beginner group:<\/strong><\/p>\n<ul>\n<li>YCT level 1.0 PANDY &#8211; classes 1x a week (26 hours), on-site classes (Saturdays)<\/li>\n<\/ul>\n<p>A group for children who are beginning their adventure with learning Chinese. Approximately half or most of the material required for YCT level 1 will be covered during the course.<\/p>\n<p><strong>Continuing group:<\/strong><\/p>\n<ul>\n<li>YCT level 2.0 SMOKI &#8211; classes 1x a week (26 hours), on-site classes (Saturdays)<\/li>\n<\/ul>\n<p>A group for children who have already started learning Chinese. Approximately half or most of the material required for YCT level 2 will be covered during the course.<\/p>\n<p>&nbsp;<\/p>\n<p>Each group&#8217;s level of material is approximated. The pace of studying is adapted individually to the needs of the group.<\/p>\n<p>&nbsp;<\/p>\n<p><span style=\"font-size: 14pt;\"><strong>The timetable of classes scheduled for the upcoming semester:<\/strong><\/span><\/p>\n<p><span style=\"color: #ff0000;\"><strong><span style=\"font-size: 14pt;\">All groups in the winter semester will start classes starting the 14th of October 2024.<\/span><\/strong><\/span><\/p>\n<p><img loading=\"lazy\" decoding=\"async\" class=\"aligncenter wp-image-2450\" src=\"https:\/\/pb.edu.pl\/cwpc\/wp-content\/uploads\/sites\/140\/2024\/11\/grafik-zajec-sem-zimowy-1536x1080-1.png\" alt=\"The timetable of classes scheduled for the upcoming semester\" width=\"1000\" height=\"703\" srcset=\"https:\/\/pb.edu.pl\/cwpc\/wp-content\/uploads\/sites\/140\/2024\/11\/grafik-zajec-sem-zimowy-1536x1080-1.png 1536w, https:\/\/pb.edu.pl\/cwpc\/wp-content\/uploads\/sites\/140\/2024\/11\/grafik-zajec-sem-zimowy-1536x1080-1-300x211.png 300w, https:\/\/pb.edu.pl\/cwpc\/wp-content\/uploads\/sites\/140\/2024\/11\/grafik-zajec-sem-zimowy-1536x1080-1-1024x720.png 1024w, https:\/\/pb.edu.pl\/cwpc\/wp-content\/uploads\/sites\/140\/2024\/11\/grafik-zajec-sem-zimowy-1536x1080-1-768x540.png 768w\" sizes=\"auto, (max-width: 1000px) 100vw, 1000px\" \/><\/p>\n<p><span style=\"font-size: 14pt;\">Detailed schedule of classes:<\/span><\/p>\n<p><a class=\"pdf\" href=\"https:\/\/pb.edu.pl\/cwpc\/wp-content\/uploads\/sites\/140\/2024\/11\/HARMONOGRAM-sem-zimowy.pdf\" target=\"_blank\" rel=\"noopener\" data-id=\"2453\">SCHEDULE (winter semester) (PDF, 182 KB, will open on a new tab)<\/a><\/p>\n<p>Formation of groups depends on the number of applications, so the final schedule may possibily change.<br \/>\n&nbsp;<\/p>\n<p style=\"text-align: center;\"><span style=\"font-size: 18pt; color: #ff0000;\"><strong>Registration is open until the 10th of October 2024!<\/strong><\/span><\/p>\n<p>&nbsp;<\/p>\n<p><strong><span style=\"font-size: 14pt;\">Applications<\/span><\/strong><\/p>\n<p>Applications are processed through the IRK system:<\/p>\n<p><span style=\"color: #800000;\"><em>(Note: for underage students registering, please create an account in the IRK system using the personal details of the person who will be attending the classes &#8211; the system will automatically complete the application form with the student&#8217;s details).<\/em><\/span><\/p>\n<ul>\n<li><a href=\"https:\/\/irk2.uci.pb.edu.pl\/pl\/offer\/KURSY_BEZ_2024_2025\/programme\/CN_KURS_STACJONARNY_2024_2025\/\">Recruitment for on-site groups<\/a><\/li>\n<li><a href=\"https:\/\/irk2.uci.pb.edu.pl\/pl\/offer\/KURSY_Z_DOSTEPEM_2024_2025\/programme\/CN_KURS_ONLINE_2024_2025\/\">Recruitment for online groups<\/a><\/li>\n<\/ul>\n<p>&nbsp;<\/p>\n<p>&nbsp;<\/p>\n","protected":false},"excerpt":{"rendered":"<p>The goals and outcomes of the Chinese language course in the Confucius Classroom of BUT<\/p>\n","protected":false},"author":2,"featured_media":0,"parent":0,"menu_order":3,"comment_status":"closed","ping_status":"closed","template":"","meta":{"_acf_changed":false,"ngg_post_thumbnail":0,"footnotes":""},"class_list":["post-2377","page","type-page","status-publish","hentry"],"acf":[],"yoast_head":"<!-- This site is optimized with the Yoast SEO plugin v27.0 - https:\/\/yoast.com\/product\/yoast-seo-wordpress\/ -->\n<title>Chinese Language Courses - Polish-Chinese Cooperation Centre<\/title>\n<meta name=\"description\" content=\"The goals and outcomes of the Chinese language course in the Confucius Classroom of BUT are defined in relation to the HSK standardized test of Chinese Ucz si\u0119 j\u0119zyka chi\u0144skiego w Politechnice Bia\u0142ostockiej! Klasa Konfucja\u0144ska PB organizuje zaj\u0119cia prowadzone przez lektor\u00f3w z Chin. Kurs skierowany jest do wszystkich zainteresowanych - tych, kt\u00f3rzy wcze\u015bniej nie mieli styczno\u015bci z chi\u0144skim, jak r\u00f3wnie\u017c do os\u00f3b, kt\u00f3re podstawy tego j\u0119zyka maj\u0105 \u015bwietnie opanowane.\" \/>\n<meta name=\"robots\" content=\"index, follow, max-snippet:-1, max-image-preview:large, max-video-preview:-1\" \/>\n<link rel=\"canonical\" href=\"https:\/\/pb.edu.pl\/cwpc\/en\/chinese-language-courses\/\" \/>\n<meta property=\"og:locale\" content=\"en_US\" \/>\n<meta property=\"og:type\" content=\"article\" \/>\n<meta property=\"og:title\" content=\"Chinese Language Courses - Polish-Chinese Cooperation Centre\" \/>\n<meta property=\"og:description\" content=\"The goals and outcomes of the Chinese language course in the Confucius Classroom of BUT are defined in relation to the HSK standardized test of Chinese Ucz si\u0119 j\u0119zyka chi\u0144skiego w Politechnice Bia\u0142ostockiej! Klasa Konfucja\u0144ska PB organizuje zaj\u0119cia prowadzone przez lektor\u00f3w z Chin. Kurs skierowany jest do wszystkich zainteresowanych - tych, kt\u00f3rzy wcze\u015bniej nie mieli styczno\u015bci z chi\u0144skim, jak r\u00f3wnie\u017c do os\u00f3b, kt\u00f3re podstawy tego j\u0119zyka maj\u0105 \u015bwietnie opanowane.\" \/>\n<meta property=\"og:url\" content=\"https:\/\/pb.edu.pl\/cwpc\/en\/chinese-language-courses\/\" \/>\n<meta property=\"og:site_name\" content=\"Polish-Chinese Cooperation Centre\" \/>\n<meta property=\"article:modified_time\" content=\"2024-11-24T16:47:42+00:00\" \/>\n<meta property=\"og:image\" content=\"https:\/\/pb.edu.pl\/cwpc\/wp-content\/uploads\/sites\/140\/2024\/11\/www-BUT-chinese-language-courses.png\" \/>\n<meta name=\"twitter:card\" content=\"summary_large_image\" \/>\n<meta name=\"twitter:label1\" content=\"Est. reading time\" \/>\n\t<meta name=\"twitter:data1\" content=\"7 minutes\" \/>\n<script type=\"application\/ld+json\" class=\"yoast-schema-graph\">{\"@context\":\"https:\/\/schema.org\",\"@graph\":[{\"@type\":\"WebPage\",\"@id\":\"https:\/\/pb.edu.pl\/cwpc\/en\/chinese-language-courses\/\",\"url\":\"https:\/\/pb.edu.pl\/cwpc\/en\/chinese-language-courses\/\",\"name\":\"Chinese Language Courses - Polish-Chinese Cooperation Centre\",\"isPartOf\":{\"@id\":\"https:\/\/pb.edu.pl\/cwpc\/en\/#website\"},\"primaryImageOfPage\":{\"@id\":\"https:\/\/pb.edu.pl\/cwpc\/en\/chinese-language-courses\/#primaryimage\"},\"image\":{\"@id\":\"https:\/\/pb.edu.pl\/cwpc\/en\/chinese-language-courses\/#primaryimage\"},\"thumbnailUrl\":\"https:\/\/pb.edu.pl\/cwpc\/wp-content\/uploads\/sites\/140\/2024\/11\/www-BUT-chinese-language-courses.png\",\"datePublished\":\"2020-08-25T19:19:07+00:00\",\"dateModified\":\"2024-11-24T16:47:42+00:00\",\"description\":\"The goals and outcomes of the Chinese language course in the Confucius Classroom of BUT are defined in relation to the HSK standardized test of Chinese Ucz si\u0119 j\u0119zyka chi\u0144skiego w Politechnice Bia\u0142ostockiej! Klasa Konfucja\u0144ska PB organizuje zaj\u0119cia prowadzone przez lektor\u00f3w z Chin. Kurs skierowany jest do wszystkich zainteresowanych - tych, kt\u00f3rzy wcze\u015bniej nie mieli styczno\u015bci z chi\u0144skim, jak r\u00f3wnie\u017c do os\u00f3b, kt\u00f3re podstawy tego j\u0119zyka maj\u0105 \u015bwietnie opanowane.\",\"breadcrumb\":{\"@id\":\"https:\/\/pb.edu.pl\/cwpc\/en\/chinese-language-courses\/#breadcrumb\"},\"inLanguage\":\"en-US\",\"potentialAction\":[{\"@type\":\"ReadAction\",\"target\":[\"https:\/\/pb.edu.pl\/cwpc\/en\/chinese-language-courses\/\"]}]},{\"@type\":\"ImageObject\",\"inLanguage\":\"en-US\",\"@id\":\"https:\/\/pb.edu.pl\/cwpc\/en\/chinese-language-courses\/#primaryimage\",\"url\":\"https:\/\/pb.edu.pl\/cwpc\/wp-content\/uploads\/sites\/140\/2024\/11\/www-BUT-chinese-language-courses.png\",\"contentUrl\":\"https:\/\/pb.edu.pl\/cwpc\/wp-content\/uploads\/sites\/140\/2024\/11\/www-BUT-chinese-language-courses.png\"},{\"@type\":\"BreadcrumbList\",\"@id\":\"https:\/\/pb.edu.pl\/cwpc\/en\/chinese-language-courses\/#breadcrumb\",\"itemListElement\":[{\"@type\":\"ListItem\",\"position\":1,\"name\":\"Strona g\u0142\u00f3wna\",\"item\":\"https:\/\/pb.edu.pl\/cwpc\/en\/\"},{\"@type\":\"ListItem\",\"position\":2,\"name\":\"Chinese Language Courses\"}]},{\"@type\":\"WebSite\",\"@id\":\"https:\/\/pb.edu.pl\/cwpc\/en\/#website\",\"url\":\"https:\/\/pb.edu.pl\/cwpc\/en\/\",\"name\":\"Polish-Chinese Cooperation Centre\",\"description\":\"\",\"potentialAction\":[{\"@type\":\"SearchAction\",\"target\":{\"@type\":\"EntryPoint\",\"urlTemplate\":\"https:\/\/pb.edu.pl\/cwpc\/en\/?s={search_term_string}\"},\"query-input\":{\"@type\":\"PropertyValueSpecification\",\"valueRequired\":true,\"valueName\":\"search_term_string\"}}],\"inLanguage\":\"en-US\"}]}<\/script>\n<!-- \/ Yoast SEO plugin. -->","yoast_head_json":{"title":"Chinese Language Courses - Polish-Chinese Cooperation Centre","description":"The goals and outcomes of the Chinese language course in the Confucius Classroom of BUT are defined in relation to the HSK standardized test of Chinese Ucz si\u0119 j\u0119zyka chi\u0144skiego w Politechnice Bia\u0142ostockiej! Klasa Konfucja\u0144ska PB organizuje zaj\u0119cia prowadzone przez lektor\u00f3w z Chin. Kurs skierowany jest do wszystkich zainteresowanych - tych, kt\u00f3rzy wcze\u015bniej nie mieli styczno\u015bci z chi\u0144skim, jak r\u00f3wnie\u017c do os\u00f3b, kt\u00f3re podstawy tego j\u0119zyka maj\u0105 \u015bwietnie opanowane.","robots":{"index":"index","follow":"follow","max-snippet":"max-snippet:-1","max-image-preview":"max-image-preview:large","max-video-preview":"max-video-preview:-1"},"canonical":"https:\/\/pb.edu.pl\/cwpc\/en\/chinese-language-courses\/","og_locale":"en_US","og_type":"article","og_title":"Chinese Language Courses - Polish-Chinese Cooperation Centre","og_description":"The goals and outcomes of the Chinese language course in the Confucius Classroom of BUT are defined in relation to the HSK standardized test of Chinese Ucz si\u0119 j\u0119zyka chi\u0144skiego w Politechnice Bia\u0142ostockiej! Klasa Konfucja\u0144ska PB organizuje zaj\u0119cia prowadzone przez lektor\u00f3w z Chin. Kurs skierowany jest do wszystkich zainteresowanych - tych, kt\u00f3rzy wcze\u015bniej nie mieli styczno\u015bci z chi\u0144skim, jak r\u00f3wnie\u017c do os\u00f3b, kt\u00f3re podstawy tego j\u0119zyka maj\u0105 \u015bwietnie opanowane.","og_url":"https:\/\/pb.edu.pl\/cwpc\/en\/chinese-language-courses\/","og_site_name":"Polish-Chinese Cooperation Centre","article_modified_time":"2024-11-24T16:47:42+00:00","og_image":[{"url":"https:\/\/pb.edu.pl\/cwpc\/wp-content\/uploads\/sites\/140\/2024\/11\/www-BUT-chinese-language-courses.png","type":"","width":"","height":""}],"twitter_card":"summary_large_image","twitter_misc":{"Est. reading time":"7 minutes"},"schema":{"@context":"https:\/\/schema.org","@graph":[{"@type":"WebPage","@id":"https:\/\/pb.edu.pl\/cwpc\/en\/chinese-language-courses\/","url":"https:\/\/pb.edu.pl\/cwpc\/en\/chinese-language-courses\/","name":"Chinese Language Courses - Polish-Chinese Cooperation Centre","isPartOf":{"@id":"https:\/\/pb.edu.pl\/cwpc\/en\/#website"},"primaryImageOfPage":{"@id":"https:\/\/pb.edu.pl\/cwpc\/en\/chinese-language-courses\/#primaryimage"},"image":{"@id":"https:\/\/pb.edu.pl\/cwpc\/en\/chinese-language-courses\/#primaryimage"},"thumbnailUrl":"https:\/\/pb.edu.pl\/cwpc\/wp-content\/uploads\/sites\/140\/2024\/11\/www-BUT-chinese-language-courses.png","datePublished":"2020-08-25T19:19:07+00:00","dateModified":"2024-11-24T16:47:42+00:00","description":"The goals and outcomes of the Chinese language course in the Confucius Classroom of BUT are defined in relation to the HSK standardized test of Chinese Ucz si\u0119 j\u0119zyka chi\u0144skiego w Politechnice Bia\u0142ostockiej! Klasa Konfucja\u0144ska PB organizuje zaj\u0119cia prowadzone przez lektor\u00f3w z Chin. Kurs skierowany jest do wszystkich zainteresowanych - tych, kt\u00f3rzy wcze\u015bniej nie mieli styczno\u015bci z chi\u0144skim, jak r\u00f3wnie\u017c do os\u00f3b, kt\u00f3re podstawy tego j\u0119zyka maj\u0105 \u015bwietnie opanowane.","breadcrumb":{"@id":"https:\/\/pb.edu.pl\/cwpc\/en\/chinese-language-courses\/#breadcrumb"},"inLanguage":"en-US","potentialAction":[{"@type":"ReadAction","target":["https:\/\/pb.edu.pl\/cwpc\/en\/chinese-language-courses\/"]}]},{"@type":"ImageObject","inLanguage":"en-US","@id":"https:\/\/pb.edu.pl\/cwpc\/en\/chinese-language-courses\/#primaryimage","url":"https:\/\/pb.edu.pl\/cwpc\/wp-content\/uploads\/sites\/140\/2024\/11\/www-BUT-chinese-language-courses.png","contentUrl":"https:\/\/pb.edu.pl\/cwpc\/wp-content\/uploads\/sites\/140\/2024\/11\/www-BUT-chinese-language-courses.png"},{"@type":"BreadcrumbList","@id":"https:\/\/pb.edu.pl\/cwpc\/en\/chinese-language-courses\/#breadcrumb","itemListElement":[{"@type":"ListItem","position":1,"name":"Strona g\u0142\u00f3wna","item":"https:\/\/pb.edu.pl\/cwpc\/en\/"},{"@type":"ListItem","position":2,"name":"Chinese Language Courses"}]},{"@type":"WebSite","@id":"https:\/\/pb.edu.pl\/cwpc\/en\/#website","url":"https:\/\/pb.edu.pl\/cwpc\/en\/","name":"Polish-Chinese Cooperation Centre","description":"","potentialAction":[{"@type":"SearchAction","target":{"@type":"EntryPoint","urlTemplate":"https:\/\/pb.edu.pl\/cwpc\/en\/?s={search_term_string}"},"query-input":{"@type":"PropertyValueSpecification","valueRequired":true,"valueName":"search_term_string"}}],"inLanguage":"en-US"}]}},"_links":{"self":[{"href":"https:\/\/pb.edu.pl\/cwpc\/en\/wp-json\/wp\/v2\/pages\/2377","targetHints":{"allow":["GET"]}}],"collection":[{"href":"https:\/\/pb.edu.pl\/cwpc\/en\/wp-json\/wp\/v2\/pages"}],"about":[{"href":"https:\/\/pb.edu.pl\/cwpc\/en\/wp-json\/wp\/v2\/types\/page"}],"author":[{"embeddable":true,"href":"https:\/\/pb.edu.pl\/cwpc\/en\/wp-json\/wp\/v2\/users\/2"}],"replies":[{"embeddable":true,"href":"https:\/\/pb.edu.pl\/cwpc\/en\/wp-json\/wp\/v2\/comments?post=2377"}],"version-history":[{"count":0,"href":"https:\/\/pb.edu.pl\/cwpc\/en\/wp-json\/wp\/v2\/pages\/2377\/revisions"}],"wp:attachment":[{"href":"https:\/\/pb.edu.pl\/cwpc\/en\/wp-json\/wp\/v2\/media?parent=2377"}],"curies":[{"name":"wp","href":"https:\/\/api.w.org\/{rel}","templated":true}]}}