{"id":2355,"date":"2020-08-25T20:12:37","date_gmt":"2020-08-25T18:12:37","guid":{"rendered":"https:\/\/pb.edu.pl\/cwpc\/home\/"},"modified":"2025-03-10T19:21:55","modified_gmt":"2025-03-10T18:21:55","slug":"home","status":"publish","type":"page","link":"https:\/\/pb.edu.pl\/cwpc\/en\/","title":{"rendered":""},"content":{"rendered":"<div class=\"img-full\"><img decoding=\"async\" src=\"https:\/\/pb.edu.pl\/cwpc\/wp-content\/uploads\/sites\/140\/2024\/11\/cwpc-baner-en.png\" alt=\"China wall\" \/><\/div>\n<div id=\"btn-projekt\" class=\"href\">&nbsp;<\/div>\n<div id=\"box-menu\" class=\"href\">&nbsp;<\/div>\n<div class=\"row\">\n<div class=\"col-sm-4\">\n<div class=\"panel panel-default panel-sport animated zoomIn\">\n<div class=\"panel-heading text-center\"><span class=\"lead\">News and Events<\/span><\/div>\n<div class=\"panel-body\">\n<div class=\"image\"><a href=\"\/cwpc\/en\/news-and-events\/\"><img loading=\"lazy\" decoding=\"async\" class=\"aligncenter size-full wp-image-121\" src=\"https:\/\/pb.edu.pl\/cwpc\/wp-content\/uploads\/sites\/140\/2020\/09\/2020_09_Klasa_Konfukcjanska_box_aktualnosci.jpg\" alt=\"News and Events\" width=\"600\" height=\"363\" srcset=\"https:\/\/pb.edu.pl\/cwpc\/wp-content\/uploads\/sites\/140\/2020\/09\/2020_09_Klasa_Konfukcjanska_box_aktualnosci.jpg 600w, https:\/\/pb.edu.pl\/cwpc\/wp-content\/uploads\/sites\/140\/2020\/09\/2020_09_Klasa_Konfukcjanska_box_aktualnosci-300x182.jpg 300w\" sizes=\"auto, (max-width: 600px) 100vw, 600px\" \/><\/a><\/div>\n<\/div>\n<\/div>\n<\/div>\n<div class=\"col-sm-4\">\n<div class=\"panel panel-default panel-sport animated zoomIn\">\n<div class=\"panel-heading text-center\"><span class=\"lead\">About Us<\/span><\/div>\n<div class=\"panel-body\">\n<div class=\"image\"><a href=\"\/cwpc\/en\/about-us\/\"><img loading=\"lazy\" decoding=\"async\" class=\"aligncenter size-full wp-image-125\" src=\"https:\/\/pb.edu.pl\/cwpc\/wp-content\/uploads\/sites\/140\/2024\/09\/box-o-nas.png\" alt=\"About Us\" width=\"600\" height=\"363\"><\/a><\/div>\n<\/div>\n<\/div>\n<\/div>\n<div class=\"col-sm-4\">\n<div class=\"panel panel-default panel-sport animated zoomIn\">\n<div class=\"panel-heading text-center\"><span class=\"lead\">Cooperation<\/span><\/div>\n<div class=\"panel-body\">\n<div class=\"image\"><a href=\"\/cwpc\/en\/cooperation\/\"><img loading=\"lazy\" decoding=\"async\" class=\"aligncenter size-full wp-image-127\" src=\"https:\/\/pb.edu.pl\/cwpc\/wp-content\/uploads\/sites\/140\/2020\/09\/2020_09_Klasa_Konfukcjanska_box_wspolpraca.jpg\" alt=\"Cooperation\" width=\"600\" height=\"363\" srcset=\"https:\/\/pb.edu.pl\/cwpc\/wp-content\/uploads\/sites\/140\/2020\/09\/2020_09_Klasa_Konfukcjanska_box_wspolpraca.jpg 600w, https:\/\/pb.edu.pl\/cwpc\/wp-content\/uploads\/sites\/140\/2020\/09\/2020_09_Klasa_Konfukcjanska_box_wspolpraca-300x182.jpg 300w\" sizes=\"auto, (max-width: 600px) 100vw, 600px\" \/><\/a><\/div>\n<\/div>\n<\/div>\n<\/div>\n<\/div>\n<div class=\"row\">\n<div class=\"col-sm-4\">\n<div class=\"panel panel-default panel-sport animated zoomIn\">\n<div class=\"panel-heading text-center\"><span class=\"lead\">International School of Engineering<\/span><\/div>\n<div class=\"panel-body\">\n<div class=\"image\"><a href=\"https:\/\/wb.pb.edu.pl\/en\/international-cooperation\/international-school-of-engineering\/\"><img loading=\"lazy\" decoding=\"async\" class=\"aligncenter wp-image-1379 size-medium\" src=\"https:\/\/pb.edu.pl\/cwpc\/wp-content\/uploads\/sites\/140\/2024\/09\/Miedzynarodowa-Szkola-Inzynierska-przy-TCU.png\" alt=\"International School of Engineering\" width=\"600\" height=\"363\"><\/a><\/div>\n<\/div>\n<\/div>\n<\/div>\n<div class=\"col-sm-4\">\n<div class=\"panel panel-default panel-sport animated zoomIn\">\n<div class=\"panel-heading text-center\"><span class=\"lead\">Language Proficiency Test (HSK)<\/span><\/div>\n<div class=\"panel-body\">\n<div class=\"image\"><a href=\"\/cwpc\/en\/language-proficiency-test-hsk\/\"><img loading=\"lazy\" decoding=\"async\" class=\"aligncenter size-full wp-image-122\" src=\"https:\/\/pb.edu.pl\/cwpc\/wp-content\/uploads\/sites\/140\/2020\/09\/2020_09_Klasa_Konfukcjanska_box_egzaminy_jezykowe.jpg\" alt=\"Language Proficiency Test (HSK)\" width=\"600\" height=\"363\" srcset=\"https:\/\/pb.edu.pl\/cwpc\/wp-content\/uploads\/sites\/140\/2020\/09\/2020_09_Klasa_Konfukcjanska_box_egzaminy_jezykowe.jpg 600w, https:\/\/pb.edu.pl\/cwpc\/wp-content\/uploads\/sites\/140\/2020\/09\/2020_09_Klasa_Konfukcjanska_box_egzaminy_jezykowe-300x182.jpg 300w\" sizes=\"auto, (max-width: 600px) 100vw, 600px\" \/><\/a><\/div>\n<\/div>\n<\/div>\n<\/div>\n<div class=\"col-sm-4\">\n<div class=\"panel panel-default panel-sport animated zoomIn\">\n<div class=\"panel-heading text-center\"><span class=\"lead\">Contact<\/span><\/div>\n<div class=\"panel-body\">\n<div class=\"image\"><a href=\"\/cwpc\/en\/contact\/\"><img loading=\"lazy\" decoding=\"async\" class=\"aligncenter size-full wp-image-123\" src=\"https:\/\/pb.edu.pl\/cwpc\/wp-content\/uploads\/sites\/140\/2020\/09\/2020_09_Klasa_Konfukcjanska_box_kontakt.jpg\" alt=\"Contact\" width=\"600\" height=\"363\" srcset=\"https:\/\/pb.edu.pl\/cwpc\/wp-content\/uploads\/sites\/140\/2020\/09\/2020_09_Klasa_Konfukcjanska_box_kontakt.jpg 600w, https:\/\/pb.edu.pl\/cwpc\/wp-content\/uploads\/sites\/140\/2020\/09\/2020_09_Klasa_Konfukcjanska_box_kontakt-300x182.jpg 300w\" sizes=\"auto, (max-width: 600px) 100vw, 600px\" \/><\/a><\/div>\n<\/div>\n<\/div>\n<\/div>\n<\/div>\n<div id=\"confucius-classroom\" class=\"href\">&nbsp;<\/div>\n<div class=\"h1 text-center\">Confucius Classroom at Bialystok University of Technology<\/div>\n<p>&nbsp;<\/p>\n<div class=\"row\">\n<div class=\"col-sm-4\">\n<div class=\"panel panel-default panel-sport animated zoomIn\">\n<div class=\"panel-heading text-center\"><span class=\"lead\">Chinese Language Courses<\/span><\/div>\n<div class=\"panel-body\">\n<div class=\"image\"><a href=\"\/cwpc\/en\/chinese-language-courses\/\"><img loading=\"lazy\" decoding=\"async\" class=\"aligncenter size-full wp-image-124\" src=\"https:\/\/pb.edu.pl\/cwpc\/wp-content\/uploads\/sites\/140\/2024\/09\/kurs-jezyka-chinskiego-box-pl.png\" alt=\"Kurs j\u0119z. chi\u0144skiego\" width=\"600\" height=\"363\"><\/a><\/div>\n<\/div>\n<\/div>\n<\/div>\n<div class=\"col-sm-4\">\n<div class=\"panel panel-default panel-sport animated zoomIn\">\n<div class=\"panel-heading text-center\"><span class=\"lead\">Tai Chi Classes<\/span><\/div>\n<div class=\"panel-body\">\n<div class=\"image\"><a href=\"\/cwpc\/en\/tai-chi-classes\/\"><img loading=\"lazy\" decoding=\"async\" class=\"aligncenter wp-image-1379 size-medium\" src=\"https:\/\/pb.edu.pl\/cwpc\/wp-content\/uploads\/sites\/140\/2024\/09\/zajecia-Tai-Chi-box-pl.png\" alt=\"\" width=\"600\" height=\"363\"><\/a><\/div>\n<\/div>\n<\/div>\n<\/div>\n<div class=\"col-sm-4\">\n<div class=\"panel panel-default panel-sport animated zoomIn\">\n<div class=\"panel-heading text-center\"><span class=\"lead\">Scholarships<\/span><\/div>\n<div class=\"panel-body\">\n<div class=\"image\"><a href=\"\/cwpc\/en\/scholarships\/\"><img loading=\"lazy\" decoding=\"async\" class=\"aligncenter size-full wp-image-126\" src=\"https:\/\/pb.edu.pl\/cwpc\/wp-content\/uploads\/sites\/140\/2020\/09\/2020_09_Klasa_Konfukcjanska_box_programy_stypendialne.jpg\" alt=\"Programy stypendialne\" width=\"600\" height=\"363\" srcset=\"https:\/\/pb.edu.pl\/cwpc\/wp-content\/uploads\/sites\/140\/2020\/09\/2020_09_Klasa_Konfukcjanska_box_programy_stypendialne.jpg 600w, https:\/\/pb.edu.pl\/cwpc\/wp-content\/uploads\/sites\/140\/2020\/09\/2020_09_Klasa_Konfukcjanska_box_programy_stypendialne-300x182.jpg 300w\" sizes=\"auto, (max-width: 600px) 100vw, 600px\" \/><\/a><\/div>\n<\/div>\n<\/div>\n<\/div>\n<\/div>\n","protected":false},"excerpt":{"rendered":"<p>&nbsp; &nbsp; News and Events About Us Cooperation International School of Engineering Language Proficiency Test<\/p>\n","protected":false},"author":2,"featured_media":0,"parent":0,"menu_order":0,"comment_status":"closed","ping_status":"closed","template":"","meta":{"_acf_changed":false,"ngg_post_thumbnail":0,"footnotes":""},"class_list":["post-2355","page","type-page","status-publish","hentry"],"acf":[],"yoast_head":"<!-- This site is optimized with the Yoast SEO plugin v27.0 - https:\/\/yoast.com\/product\/yoast-seo-wordpress\/ -->\n<title>Polish-Chinese Cooperation Centre<\/title>\n<meta name=\"description\" content=\"Dzia\u0142ania Klasy Konfucja\u0144skiej PB: promocj\u0119 i popularyzacj\u0119 j\u0119zyka, kultury, sztuki chi\u0144skiej, ...\" \/>\n<meta name=\"robots\" content=\"index, follow, max-snippet:-1, max-image-preview:large, max-video-preview:-1\" \/>\n<link rel=\"canonical\" href=\"https:\/\/pb.edu.pl\/cwpc\/en\/\" \/>\n<meta property=\"og:locale\" content=\"en_US\" \/>\n<meta property=\"og:type\" content=\"article\" \/>\n<meta property=\"og:title\" content=\"Polish-Chinese Cooperation Centre\" \/>\n<meta property=\"og:description\" content=\"Dzia\u0142ania Klasy Konfucja\u0144skiej PB: promocj\u0119 i popularyzacj\u0119 j\u0119zyka, kultury, sztuki chi\u0144skiej, ...\" \/>\n<meta property=\"og:url\" content=\"https:\/\/pb.edu.pl\/cwpc\/en\/\" \/>\n<meta property=\"og:site_name\" content=\"Polish-Chinese Cooperation Centre\" \/>\n<meta property=\"article:modified_time\" content=\"2025-03-10T18:21:55+00:00\" \/>\n<meta property=\"og:image\" content=\"https:\/\/pb.edu.pl\/cwpc\/wp-content\/uploads\/sites\/140\/2024\/11\/cwpc-baner-en.png\" \/>\n<meta name=\"twitter:card\" content=\"summary_large_image\" \/>\n<meta name=\"twitter:label1\" content=\"Est. reading time\" \/>\n\t<meta name=\"twitter:data1\" content=\"3 minutes\" \/>\n<script type=\"application\/ld+json\" class=\"yoast-schema-graph\">{\"@context\":\"https:\/\/schema.org\",\"@graph\":[{\"@type\":\"WebPage\",\"@id\":\"https:\/\/pb.edu.pl\/cwpc\/en\/\",\"url\":\"https:\/\/pb.edu.pl\/cwpc\/en\/\",\"name\":\"Polish-Chinese Cooperation Centre\",\"isPartOf\":{\"@id\":\"https:\/\/pb.edu.pl\/cwpc\/en\/#website\"},\"primaryImageOfPage\":{\"@id\":\"https:\/\/pb.edu.pl\/cwpc\/en\/#primaryimage\"},\"image\":{\"@id\":\"https:\/\/pb.edu.pl\/cwpc\/en\/#primaryimage\"},\"thumbnailUrl\":\"https:\/\/pb.edu.pl\/cwpc\/wp-content\/uploads\/sites\/140\/2024\/11\/cwpc-baner-en.png\",\"datePublished\":\"2020-08-25T18:12:37+00:00\",\"dateModified\":\"2025-03-10T18:21:55+00:00\",\"description\":\"Dzia\u0142ania Klasy Konfucja\u0144skiej PB: promocj\u0119 i popularyzacj\u0119 j\u0119zyka, kultury, sztuki chi\u0144skiej, ...\",\"inLanguage\":\"en-US\",\"potentialAction\":[{\"@type\":\"ReadAction\",\"target\":[\"https:\/\/pb.edu.pl\/cwpc\/en\/\"]}]},{\"@type\":\"ImageObject\",\"inLanguage\":\"en-US\",\"@id\":\"https:\/\/pb.edu.pl\/cwpc\/en\/#primaryimage\",\"url\":\"https:\/\/pb.edu.pl\/cwpc\/wp-content\/uploads\/sites\/140\/2024\/11\/cwpc-baner-en.png\",\"contentUrl\":\"https:\/\/pb.edu.pl\/cwpc\/wp-content\/uploads\/sites\/140\/2024\/11\/cwpc-baner-en.png\"},{\"@type\":\"WebSite\",\"@id\":\"https:\/\/pb.edu.pl\/cwpc\/en\/#website\",\"url\":\"https:\/\/pb.edu.pl\/cwpc\/en\/\",\"name\":\"Polish-Chinese Cooperation Centre\",\"description\":\"\",\"potentialAction\":[{\"@type\":\"SearchAction\",\"target\":{\"@type\":\"EntryPoint\",\"urlTemplate\":\"https:\/\/pb.edu.pl\/cwpc\/en\/?s={search_term_string}\"},\"query-input\":{\"@type\":\"PropertyValueSpecification\",\"valueRequired\":true,\"valueName\":\"search_term_string\"}}],\"inLanguage\":\"en-US\"}]}<\/script>\n<!-- \/ Yoast SEO plugin. -->","yoast_head_json":{"title":"Polish-Chinese Cooperation Centre","description":"Dzia\u0142ania Klasy Konfucja\u0144skiej PB: promocj\u0119 i popularyzacj\u0119 j\u0119zyka, kultury, sztuki chi\u0144skiej, ...","robots":{"index":"index","follow":"follow","max-snippet":"max-snippet:-1","max-image-preview":"max-image-preview:large","max-video-preview":"max-video-preview:-1"},"canonical":"https:\/\/pb.edu.pl\/cwpc\/en\/","og_locale":"en_US","og_type":"article","og_title":"Polish-Chinese Cooperation Centre","og_description":"Dzia\u0142ania Klasy Konfucja\u0144skiej PB: promocj\u0119 i popularyzacj\u0119 j\u0119zyka, kultury, sztuki chi\u0144skiej, ...","og_url":"https:\/\/pb.edu.pl\/cwpc\/en\/","og_site_name":"Polish-Chinese Cooperation Centre","article_modified_time":"2025-03-10T18:21:55+00:00","og_image":[{"url":"https:\/\/pb.edu.pl\/cwpc\/wp-content\/uploads\/sites\/140\/2024\/11\/cwpc-baner-en.png","type":"","width":"","height":""}],"twitter_card":"summary_large_image","twitter_misc":{"Est. reading time":"3 minutes"},"schema":{"@context":"https:\/\/schema.org","@graph":[{"@type":"WebPage","@id":"https:\/\/pb.edu.pl\/cwpc\/en\/","url":"https:\/\/pb.edu.pl\/cwpc\/en\/","name":"Polish-Chinese Cooperation Centre","isPartOf":{"@id":"https:\/\/pb.edu.pl\/cwpc\/en\/#website"},"primaryImageOfPage":{"@id":"https:\/\/pb.edu.pl\/cwpc\/en\/#primaryimage"},"image":{"@id":"https:\/\/pb.edu.pl\/cwpc\/en\/#primaryimage"},"thumbnailUrl":"https:\/\/pb.edu.pl\/cwpc\/wp-content\/uploads\/sites\/140\/2024\/11\/cwpc-baner-en.png","datePublished":"2020-08-25T18:12:37+00:00","dateModified":"2025-03-10T18:21:55+00:00","description":"Dzia\u0142ania Klasy Konfucja\u0144skiej PB: promocj\u0119 i popularyzacj\u0119 j\u0119zyka, kultury, sztuki chi\u0144skiej, ...","inLanguage":"en-US","potentialAction":[{"@type":"ReadAction","target":["https:\/\/pb.edu.pl\/cwpc\/en\/"]}]},{"@type":"ImageObject","inLanguage":"en-US","@id":"https:\/\/pb.edu.pl\/cwpc\/en\/#primaryimage","url":"https:\/\/pb.edu.pl\/cwpc\/wp-content\/uploads\/sites\/140\/2024\/11\/cwpc-baner-en.png","contentUrl":"https:\/\/pb.edu.pl\/cwpc\/wp-content\/uploads\/sites\/140\/2024\/11\/cwpc-baner-en.png"},{"@type":"WebSite","@id":"https:\/\/pb.edu.pl\/cwpc\/en\/#website","url":"https:\/\/pb.edu.pl\/cwpc\/en\/","name":"Polish-Chinese Cooperation Centre","description":"","potentialAction":[{"@type":"SearchAction","target":{"@type":"EntryPoint","urlTemplate":"https:\/\/pb.edu.pl\/cwpc\/en\/?s={search_term_string}"},"query-input":{"@type":"PropertyValueSpecification","valueRequired":true,"valueName":"search_term_string"}}],"inLanguage":"en-US"}]}},"_links":{"self":[{"href":"https:\/\/pb.edu.pl\/cwpc\/en\/wp-json\/wp\/v2\/pages\/2355","targetHints":{"allow":["GET"]}}],"collection":[{"href":"https:\/\/pb.edu.pl\/cwpc\/en\/wp-json\/wp\/v2\/pages"}],"about":[{"href":"https:\/\/pb.edu.pl\/cwpc\/en\/wp-json\/wp\/v2\/types\/page"}],"author":[{"embeddable":true,"href":"https:\/\/pb.edu.pl\/cwpc\/en\/wp-json\/wp\/v2\/users\/2"}],"replies":[{"embeddable":true,"href":"https:\/\/pb.edu.pl\/cwpc\/en\/wp-json\/wp\/v2\/comments?post=2355"}],"version-history":[{"count":0,"href":"https:\/\/pb.edu.pl\/cwpc\/en\/wp-json\/wp\/v2\/pages\/2355\/revisions"}],"wp:attachment":[{"href":"https:\/\/pb.edu.pl\/cwpc\/en\/wp-json\/wp\/v2\/media?parent=2355"}],"curies":[{"name":"wp","href":"https:\/\/api.w.org\/{rel}","templated":true}]}}