{"id":30,"date":"2020-05-18T14:50:02","date_gmt":"2020-05-18T12:50:02","guid":{"rendered":"https:\/\/pb.edu.pl\/ctt\/?page_id=30"},"modified":"2026-03-16T11:17:22","modified_gmt":"2026-03-16T10:17:22","slug":"rejestracja","status":"publish","type":"page","link":"https:\/\/pb.edu.pl\/ctt\/rejestracja\/","title":{"rendered":"Rejestracja na szkolenie"},"content":{"rendered":"<p><strong>Zdolno\u015b\u0107 patentowa wynalazk\u00f3w z dziedziny mechaniki \u2013 badanie, procedury i analiza stanu techniki<\/strong><\/p>\n<p>Pola oznaczone (*) musz\u0105 by\u0107 wype\u0142nione obowi\u0105zkowo.<\/p>\n\n<div class=\"wpcf7 no-js\" id=\"wpcf7-f2729-o1\" lang=\"pl-PL\" dir=\"ltr\" data-wpcf7-id=\"2729\">\n<div class=\"screen-reader-response\"><p role=\"status\" aria-live=\"polite\" aria-atomic=\"true\"><\/p> <ul><\/ul><\/div>\n<form action=\"\/ctt\/wp-json\/wp\/v2\/pages\/30#wpcf7-f2729-o1\" method=\"post\" class=\"wpcf7-form init\" aria-label=\"Formularz kontaktowy\" novalidate=\"novalidate\" data-status=\"init\">\n<fieldset class=\"hidden-fields-container\"><input type=\"hidden\" name=\"_wpcf7\" value=\"2729\" \/><input type=\"hidden\" name=\"_wpcf7_version\" value=\"6.1.5\" \/><input type=\"hidden\" name=\"_wpcf7_locale\" value=\"pl_PL\" \/><input type=\"hidden\" name=\"_wpcf7_unit_tag\" value=\"wpcf7-f2729-o1\" \/><input type=\"hidden\" name=\"_wpcf7_container_post\" value=\"0\" \/><input type=\"hidden\" name=\"_wpcf7_posted_data_hash\" value=\"\" \/><input type=\"hidden\" name=\"_wpcf7cf_hidden_group_fields\" value=\"[]\" \/><input type=\"hidden\" name=\"_wpcf7cf_hidden_groups\" value=\"[]\" \/><input type=\"hidden\" name=\"_wpcf7cf_visible_groups\" value=\"[]\" \/><input type=\"hidden\" name=\"_wpcf7cf_repeaters\" value=\"[]\" \/><input type=\"hidden\" name=\"_wpcf7cf_steps\" value=\"{}\" \/><input type=\"hidden\" name=\"_wpcf7cf_options\" value=\"{&quot;form_id&quot;:2729,&quot;conditions&quot;:[{&quot;then_field&quot;:&quot;-1&quot;,&quot;and_rules&quot;:[{&quot;if_field&quot;:&quot;-1&quot;,&quot;operator&quot;:&quot;equals&quot;,&quot;if_value&quot;:&quot;Referat&quot;}]}],&quot;settings&quot;:{&quot;animation&quot;:&quot;yes&quot;,&quot;animation_intime&quot;:200,&quot;animation_outtime&quot;:200,&quot;conditions_ui&quot;:&quot;normal&quot;,&quot;notice_dismissed&quot;:false}}\" \/>\n<\/fieldset>\n<div class=\"wpcf7-turnstile cf-turnstile\" data-sitekey=\"0x4AAAAAACDP-G-k0g-pygWP\" data-response-field-name=\"_wpcf7_turnstile_response\"><\/div>\n\n<div class=\"row\">\n\t<div class=\"col-md-12 mx-auto\">\n\t\t<div class=\"row\">\n\t\t\t<div class=\"col-md-6\">\n\t\t\t\t<p><label for=\"nazwisko\"> Imi\u0119 i Nazwisko: *<\/label><br \/>\n<span class=\"wpcf7-form-control-wrap\" data-name=\"nazwisko\"><input size=\"40\" maxlength=\"400\" class=\"wpcf7-form-control wpcf7-text wpcf7-validates-as-required\" id=\"nazwisko\" aria-required=\"true\" aria-invalid=\"false\" value=\"\" type=\"text\" name=\"nazwisko\" \/><\/span>\n\t\t\t\t<\/p>\n\t\t\t<\/div>\n\t\t\t<div class=\"col-md-6\">\n\t\t\t\t<p><label for=\"email\"> E-mail: *<\/label><br \/>\n<span class=\"wpcf7-form-control-wrap\" data-name=\"email\"><input size=\"40\" maxlength=\"400\" class=\"wpcf7-form-control wpcf7-email wpcf7-validates-as-required wpcf7-text wpcf7-validates-as-email\" id=\"email\" aria-required=\"true\" aria-invalid=\"false\" value=\"\" type=\"email\" name=\"email\" \/><\/span>\n\t\t\t\t<\/p>\n\t\t\t<\/div>\n\t\t\t<div class=\"col-md-10\">\n\t\t\t\t<p><label for=\"uczestnik\"> Uczestnik: *<\/label><br \/>\n<span class=\"wpcf7-form-control-wrap\" data-name=\"uczestnik\"><span class=\"wpcf7-form-control wpcf7-radio\" id=\"uczestnik\"><span class=\"wpcf7-list-item first\"><label><input type=\"radio\" name=\"uczestnik\" value=\"student\" \/><span class=\"wpcf7-list-item-label\">student<\/span><\/label><\/span><span class=\"wpcf7-list-item\"><label><input type=\"radio\" name=\"uczestnik\" value=\"doktorant\" \/><span class=\"wpcf7-list-item-label\">doktorant<\/span><\/label><\/span><span class=\"wpcf7-list-item\"><label><input type=\"radio\" name=\"uczestnik\" value=\"pracownik\" \/><span class=\"wpcf7-list-item-label\">pracownik<\/span><\/label><\/span><span class=\"wpcf7-list-item\"><label><input type=\"radio\" name=\"uczestnik\" value=\"przedsi\u0119biorca\" \/><span class=\"wpcf7-list-item-label\">przedsi\u0119biorca<\/span><\/label><\/span><span class=\"wpcf7-list-item last\"><label><input type=\"radio\" name=\"uczestnik\" value=\"inny\" \/><span class=\"wpcf7-list-item-label\">inny<\/span><\/label><\/span><\/span><\/span>\n\t\t\t\t<\/p>\n\t\t\t<\/div>\n\t\t<\/div>\n\t\t<div class=\"row\">\n\t\t\t<div class=\"col-md-12\">\n\t\t\t<hr style=\"color: rgba(2, 64, 108, 1);\" \/>\n\t\t\t<\/div>\n\t\t<\/div>\n\t\t<div class=\"row\">\n\t\t\t<div class=\"col-md-12\">\n\t\t\t\t<p><span class=\"wpcf7-form-control-wrap\" data-name=\"acceptance-100\"><span class=\"wpcf7-form-control wpcf7-acceptance\"><span class=\"wpcf7-list-item\"><label><input type=\"checkbox\" name=\"acceptance-100\" value=\"1\" aria-invalid=\"false\" \/><span class=\"wpcf7-list-item-label\">Uprzejmie informujemy, \u017ce w celu informacyjno-promocyjnym organizowanego szkolenia dokonujemy rejestracji jego przebiegu za pomoc\u0105 relacji fotograficznych oraz audio-video. Wybrane fragmenty mog\u0105 by\u0107 upublicznione na naszej stronie internetowej. Dokonuj\u0105c rejestracji oraz uczestnicz\u0105c w szkoleniu wyra\u017caj\u0105 Pa\u0144stwo zgod\u0119 na przetwarzanie wizerunku zarejestrowanego podczas szkolenia.<\/span><\/label><\/span><\/span><\/span>\n\t\t\t\t<\/p>\n\t\t\t\t<p><span class=\"wpcf7-form-control-wrap\" data-name=\"acceptance-101\"><span class=\"wpcf7-form-control wpcf7-acceptance\"><span class=\"wpcf7-list-item\"><label><input type=\"checkbox\" name=\"acceptance-101\" value=\"1\" aria-invalid=\"false\" \/><span class=\"wpcf7-list-item-label\">O\u015bwiadczam, \u017ce zapozna\u0142am\/em si\u0119 z informacj\u0105 dotycz\u0105c\u0105 przetwarzania danych osobowych.<\/span><\/label><\/span><\/span><\/span>\n\t\t\t\t<\/p>\n\t\t\t\t<p style=\"text-indent: 32px;font-weight: 400;font-size: 1.65rem;\"><a  class=\"pdf\" href=\"https:\/\/pb.edu.pl\/ctt\/wp-content\/uploads\/sites\/142\/2026\/03\/Informacja-Administratora-szkolenie-CTT-.pdf\" target=\"_blank\" data-id=\"2732\" >Klauzula informacyjna <span>(PDF, 71 KB, otworzy si\u0119 w nowej karcie)<\/span><\/a>\n\t\t\t\t<\/p>\n\t\t\t<\/div>\n\t\t<\/div>\n\t\t<div class=\"row\">\n\t\t\t<div class=\"col-md-12\">\n\t\t\t<hr style=\"color: rgba(2, 64, 108, 1);\" \/>\n\t\t\t<\/div>\n\t\t<\/div>\n\t\t<div class=\"row\">\n\t\t\t<div class=\"col-md-12 text-right\">\n\t\t\t\t<p><input class=\"wpcf7-form-control wpcf7-submit has-spinner\" type=\"submit\" value=\"Wy\u015blij\" \/>\n\t\t\t\t<\/p>\n\t\t\t<\/div>\n\t\t<\/div>\n\t<\/div>\n<\/div><div class=\"wpcf7-response-output\" aria-hidden=\"true\"><\/div>\n<\/form>\n<\/div>\n\n","protected":false},"excerpt":{"rendered":"<p>Zdolno\u015b\u0107 patentowa wynalazk\u00f3w z dziedziny mechaniki \u2013 badanie, procedury i analiza stanu techniki Pola oznaczone<\/p>\n","protected":false},"author":2,"featured_media":0,"parent":0,"menu_order":2,"comment_status":"closed","ping_status":"closed","template":"","meta":{"_acf_changed":false,"ngg_post_thumbnail":0,"footnotes":""},"class_list":["post-30","page","type-page","status-publish","hentry"],"acf":[],"_links":{"self":[{"href":"https:\/\/pb.edu.pl\/ctt\/wp-json\/wp\/v2\/pages\/30","targetHints":{"allow":["GET"]}}],"collection":[{"href":"https:\/\/pb.edu.pl\/ctt\/wp-json\/wp\/v2\/pages"}],"about":[{"href":"https:\/\/pb.edu.pl\/ctt\/wp-json\/wp\/v2\/types\/page"}],"author":[{"embeddable":true,"href":"https:\/\/pb.edu.pl\/ctt\/wp-json\/wp\/v2\/users\/2"}],"replies":[{"embeddable":true,"href":"https:\/\/pb.edu.pl\/ctt\/wp-json\/wp\/v2\/comments?post=30"}],"version-history":[{"count":2,"href":"https:\/\/pb.edu.pl\/ctt\/wp-json\/wp\/v2\/pages\/30\/revisions"}],"predecessor-version":[{"id":2735,"href":"https:\/\/pb.edu.pl\/ctt\/wp-json\/wp\/v2\/pages\/30\/revisions\/2735"}],"wp:attachment":[{"href":"https:\/\/pb.edu.pl\/ctt\/wp-json\/wp\/v2\/media?parent=30"}],"curies":[{"name":"wp","href":"https:\/\/api.w.org\/{rel}","templated":true}]}}