{"id":2558,"date":"2025-09-17T11:41:34","date_gmt":"2025-09-17T09:41:34","guid":{"rendered":"https:\/\/pb.edu.pl\/ctt\/?page_id=2558"},"modified":"2025-09-17T14:39:58","modified_gmt":"2025-09-17T12:39:58","slug":"szkolenie","status":"publish","type":"page","link":"https:\/\/pb.edu.pl\/ctt\/szkolenie\/","title":{"rendered":"Szkolenie Ochrona i komercjalizacja w\u0142asno\u015bci intelektualnej"},"content":{"rendered":"<p><img loading=\"lazy\" decoding=\"async\" class=\"alignleft wp-image-2565\" src=\"https:\/\/pb.edu.pl\/ctt\/wp-content\/uploads\/sites\/142\/2025\/09\/2025-09-ochrona-wlasnosci-intelektualnej-1080x1080-3.jpg\" alt=\"Ulotka informacyjna o szkoleniu\" width=\"400\" height=\"400\" srcset=\"https:\/\/pb.edu.pl\/ctt\/wp-content\/uploads\/sites\/142\/2025\/09\/2025-09-ochrona-wlasnosci-intelektualnej-1080x1080-3.jpg 1080w, https:\/\/pb.edu.pl\/ctt\/wp-content\/uploads\/sites\/142\/2025\/09\/2025-09-ochrona-wlasnosci-intelektualnej-1080x1080-3-300x300.jpg 300w, https:\/\/pb.edu.pl\/ctt\/wp-content\/uploads\/sites\/142\/2025\/09\/2025-09-ochrona-wlasnosci-intelektualnej-1080x1080-3-1024x1024.jpg 1024w, https:\/\/pb.edu.pl\/ctt\/wp-content\/uploads\/sites\/142\/2025\/09\/2025-09-ochrona-wlasnosci-intelektualnej-1080x1080-3-150x150.jpg 150w, https:\/\/pb.edu.pl\/ctt\/wp-content\/uploads\/sites\/142\/2025\/09\/2025-09-ochrona-wlasnosci-intelektualnej-1080x1080-3-768x768.jpg 768w\" sizes=\"auto, (max-width: 400px) 100vw, 400px\" \/><strong>Centrum Transferu Technologii PB<\/strong> zaprasza pracownik\u00f3w Uczelni na szkolenie pt. &#8222;Ochrona i komercjalizacja w\u0142asno\u015bci intelektualnej&#8221;, kt\u00f3re <strong>25 i 26 wrze\u015bnia 2025 r.<\/strong> przeprowadzi Adwokat Katarzyna Ramotowska z Kancelarii Ramotowska &amp; Partnerzy. <\/p>\n<p>Wydarzenie odb\u0119dzie si\u0119 na <a href=\"https:\/\/we.pb.edu.pl\/kontakt\/plan-wydzialu\/\">Wydziale Elektrycznym PB<\/a> w Sali Rady Wydzia\u0142u.<\/p>\n<p>Dzia\u0142anie jest realizowane w ramach <a href=\"https:\/\/pb.edu.pl\/via-carpatia\/\">Politechnicznej Sieci VIA CARPATIA im. Prezydenta RP Lecha Kaczy\u0144skiego<\/a>.<\/p>\n<p>Organizatorem wydarzenia jest Politechnika Bia\u0142ostocka.<br \/>\n&nbsp;<\/p>\n<p><a class=\"h3\" href=\"\/ctt\/szkolenie\/rejestracja\/\">FORMULARZ REJESTRACYJNY<\/a><\/p>\n<div style=\"clear:both\"><\/div>\n<div class=\"h2\">PROGRAM SZKOLENIA<\/div>\n<div class=\"h3\">Dzie\u0144 I \u2013 Cz\u0119\u015b\u0107 teoretyczna (wyk\u0142ady)<\/div>\n<p><strong>9:00 \u2013 14:00 (przerwa 10:30 \u2013 11:00\/11:15)<\/strong><br \/>\nCzas trwania: 4 godziny, przerwa 30\u201345 minut<\/p>\n<p>Formy ochrony w\u0142asno\u015bci intelektualnej:<\/p>\n<ul>\n<li>prawa autorskie, prawa pokrewne, prawa do baz danych,<\/li>\n<li>prawa w\u0142asno\u015bci przemys\u0142owej (patenty, wzory u\u017cytkowe, wzory przemys\u0142owe, znaki towarowe),<\/li>\n<li>por\u00f3wnanie zakresu i czasu trwania ochrony.<\/li>\n<\/ul>\n<p>W\u0142asno\u015b\u0107 przemys\u0142owa a w\u0142asno\u015b\u0107 intelektualna:<\/p>\n<ul>\n<li>r\u00f3\u017cnice i punkty wsp\u00f3lne,<\/li>\n<li>mo\u017cliwo\u015bci r\u00f3wnoczesnej ochrony r\u00f3\u017cnych kategorii d\u00f3br niematerialnych.<\/li>\n<\/ul>\n<p>Ochrona know-how i tajemnicy przedsi\u0119biorstwa:<\/p>\n<ul>\n<li>przes\u0142anki prawne ochrony know-how,<\/li>\n<li>praktyczne sposoby zabezpieczenia poufnych informacji.<\/li>\n<\/ul>\n<p>Transfer i komercjalizacja wiedzy:<\/p>\n<ul>\n<li>modele komercjalizacji wynik\u00f3w bada\u0144 (bezpo\u015brednia, po\u015brednia, spin-off),<\/li>\n<li>narz\u0119dzia prawne i organizacyjne w procesie transferu technologii.<\/li>\n<\/ul>\n<div class=\"h3\">Dzie\u0144 II \u2013 Cz\u0119\u015b\u0107 praktyczna (warsztaty i case studies)<\/div>\n<p><strong>9:00 \u2013 14:00 (przerwa 10:30 \u2013 11:00\/11:15)<\/strong><br \/>\nCzas trwania: 4 godziny, przerwa 30\u201345 minut<\/p>\n<p>Skuteczne nabywanie praw w\u0142asno\u015bci intelektualnej od pracownik\u00f3w, wsp\u00f3\u0142pracownik\u00f3w i podwykonawc\u00f3w:<\/p>\n<ul>\n<li>przyk\u0142ady klauzul w umowach o prac\u0119, umowach B2B i umowach projektowych,<\/li>\n<li>analiza rzeczywistych problem\u00f3w z brakiem przeniesienia praw.<\/li>\n<\/ul>\n<p>Umowy licencyjne \u2013 warsztaty praktyczne:<\/p>\n<ul>\n<li>rodzaje licencji (wy\u0142\u0105czna, niewy\u0142\u0105czna, sublicencja)<\/li>\n<li>symulacja negocjacji zapis\u00f3w licencyjnych,<\/li>\n<li>analiza przyk\u0142adowych um\u00f3w.<\/li>\n<\/ul>\n<p>Ochrona w\u0142asno\u015bci przemys\u0142owej a nieuczciwa konkurencja:<\/p>\n<ul>\n<li>przyk\u0142ady narusze\u0144 (podszywanie si\u0119 pod mark\u0119, paso\u017cytnictwo, kopiowanie oznacze\u0144),<\/li>\n<li>analiza orzecznictwa i praktycznych scenariuszy z rynku.<\/li>\n<\/ul>\n<p>Nowe wyzwania: AI, NFT i Metaverse:<\/p>\n<ul>\n<li>studia przypadk\u00f3w dotycz\u0105ce ochrony wynik\u00f3w prac sztucznej inteligencji,<\/li>\n<li>analiza przyk\u0142adowych problem\u00f3w zwi\u0105zanych z NFT i w\u0142asno\u015bci\u0105 cyfrow\u0105,<\/li>\n<li>dyskusja moderowana: \u201eJak uczelnie mog\u0105 zabezpieczy\u0107 swoje dobra intelektualne w erze cyfrowej?\u201d<\/li>\n<\/ul>\n<hr>\n<p>&nbsp;<\/p>\n<p><img loading=\"lazy\" decoding=\"async\" class=\"alignleft wp-image-2563\" src=\"https:\/\/pb.edu.pl\/ctt\/wp-content\/uploads\/sites\/142\/2025\/09\/GMK_2480-683x1024-1.jpg\" alt=\"Katarzyna Ramotowska\" width=\"350\" height=\"525\" srcset=\"https:\/\/pb.edu.pl\/ctt\/wp-content\/uploads\/sites\/142\/2025\/09\/GMK_2480-683x1024-1.jpg 683w, https:\/\/pb.edu.pl\/ctt\/wp-content\/uploads\/sites\/142\/2025\/09\/GMK_2480-683x1024-1-200x300.jpg 200w\" sizes=\"auto, (max-width: 350px) 100vw, 350px\" \/><\/p>\n<div class=\"h2\">Katarzyna Ramotowska<\/div>\n<p><strong>Adwokat<\/strong><\/p>\n<p>Absolwentka aplikacji adwokackiej przy Okr\u0119gowej Radzie Adwokackiej w Warszawie oraz podyplomowego studium prawa w\u0142asno\u015bci intelektualnej na Wydziale Prawa i Administracji UW.<\/p>\n<p>Zawodowy pe\u0142nomocnik w sprawach dotycz\u0105cych znak\u00f3w towarowych przed EUIPO. Od 2024 r. &#8211; aplikant rzecznikowski przy Okr\u0119gowej Izbie Rzecznik\u00f3w Patentowych.<\/p>\n<p>W czerwcu 2022 roku uko\u0144czy\u0142a studia podyplomowe Ochrona danych osobowych i zarz\u0105dzanie bezpiecze\u0144stwem informacji na Akademii Nowych Technologii i Ochrony Danych na Uczelni \u0141azarskiego.<\/p>\n<p><strong>SPECJALIZACJE I DO\u015aWIADCZENIE<\/strong><\/p>\n<ul>\n<li>Prawna ochrona marki \u2013 rejestracja znak\u00f3w towarowych, badanie oznacze\u0144 pod wzgl\u0119dem zdolno\u015bci rejestrowej.<\/li>\n<li>Wsparcie prawne przy tworzeniu i wdra\u017caniu aplikacji mobilnych.<\/li>\n<li>Doradztwo w zakresie ochrony i zarz\u0105dzania danymi osobowymi.<\/li>\n<li>Tworzenie i zarz\u0105dzanie systemem ochrony danych osobowych.<\/li>\n<li>Prowadzenie post\u0119powa\u0144 przed organami nadzoru nad ochron\u0105 danych.<\/li>\n<li>Prawna ochrona wynalazk\u00f3w i know-how, badanie zdolno\u015bci patentowej.<\/li>\n<li>Wsparcie prawne dla tw\u00f3rc\u00f3w i ochrona praw autorskich.<\/li>\n<li>IP due diligence \/ IP scan. Strategie zarz\u0105dzania i komercjalizacji w\u0142asno\u015bci intelektualnej.<\/li>\n<li>Analiza kampanii reklamowych i dzia\u0142a\u0144 marketingowych pod wzgl\u0119dem prawnym.<\/li>\n<li>Wsparcie prawne influencer\u00f3w oraz dzia\u0142alno\u015bci online.<\/li>\n<\/ul>\n<p>&nbsp;<\/p>\n","protected":false},"excerpt":{"rendered":"<p>Centrum Transferu Technologii PB zaprasza pracownik\u00f3w Uczelni na szkolenie pt. &#8222;Ochrona i komercjalizacja w\u0142asno\u015bci intelektualnej&#8221;,<\/p>\n","protected":false},"author":2,"featured_media":0,"parent":0,"menu_order":0,"comment_status":"closed","ping_status":"closed","template":"","meta":{"_acf_changed":false,"ngg_post_thumbnail":0,"footnotes":""},"class_list":["post-2558","page","type-page","status-publish","hentry"],"acf":[],"_links":{"self":[{"href":"https:\/\/pb.edu.pl\/ctt\/wp-json\/wp\/v2\/pages\/2558","targetHints":{"allow":["GET"]}}],"collection":[{"href":"https:\/\/pb.edu.pl\/ctt\/wp-json\/wp\/v2\/pages"}],"about":[{"href":"https:\/\/pb.edu.pl\/ctt\/wp-json\/wp\/v2\/types\/page"}],"author":[{"embeddable":true,"href":"https:\/\/pb.edu.pl\/ctt\/wp-json\/wp\/v2\/users\/2"}],"replies":[{"embeddable":true,"href":"https:\/\/pb.edu.pl\/ctt\/wp-json\/wp\/v2\/comments?post=2558"}],"version-history":[{"count":0,"href":"https:\/\/pb.edu.pl\/ctt\/wp-json\/wp\/v2\/pages\/2558\/revisions"}],"wp:attachment":[{"href":"https:\/\/pb.edu.pl\/ctt\/wp-json\/wp\/v2\/media?parent=2558"}],"curies":[{"name":"wp","href":"https:\/\/api.w.org\/{rel}","templated":true}]}}