{"id":2430,"date":"2025-04-24T14:14:15","date_gmt":"2025-04-24T12:14:15","guid":{"rendered":"https:\/\/pb.edu.pl\/ctt\/?page_id=2430"},"modified":"2025-05-23T13:21:56","modified_gmt":"2025-05-23T11:21:56","slug":"innoeast2025","status":"publish","type":"page","link":"https:\/\/pb.edu.pl\/ctt\/innoeast2025\/","title":{"rendered":"Konferencja Inno-East 2025"},"content":{"rendered":"<p style=\"text-align: center\"><img loading=\"lazy\" decoding=\"async\" class=\"alignnone size-medium wp-image-2466\" src=\"https:\/\/pb.edu.pl\/ctt\/wp-content\/uploads\/sites\/142\/2025\/04\/2025-04-inno-east-fb-1-300x300.jpg\" alt=\"\" width=\"300\" height=\"300\" srcset=\"https:\/\/pb.edu.pl\/ctt\/wp-content\/uploads\/sites\/142\/2025\/04\/2025-04-inno-east-fb-1-300x300.jpg 300w, https:\/\/pb.edu.pl\/ctt\/wp-content\/uploads\/sites\/142\/2025\/04\/2025-04-inno-east-fb-1-1024x1024.jpg 1024w, https:\/\/pb.edu.pl\/ctt\/wp-content\/uploads\/sites\/142\/2025\/04\/2025-04-inno-east-fb-1-150x150.jpg 150w, https:\/\/pb.edu.pl\/ctt\/wp-content\/uploads\/sites\/142\/2025\/04\/2025-04-inno-east-fb-1-768x768.jpg 768w, https:\/\/pb.edu.pl\/ctt\/wp-content\/uploads\/sites\/142\/2025\/04\/2025-04-inno-east-fb-1.jpg 1080w\" sizes=\"auto, (max-width: 300px) 100vw, 300px\" \/><\/p>\n<div>\n<p><strong>Centrum Transferu Technologii PB<\/strong>&nbsp;zaprasza na wydarzenie pod nazw\u0105&nbsp;<a title=\"\" href=\"https:\/\/pb.edu.pl\/ctt\/innoeast2025\/\" target=\"_blank\" rel=\"noopener\"><strong>I<\/strong><\/a><a title=\"\" href=\"https:\/\/pb.edu.pl\/ctt\/innoeast2025\/\" target=\"_blank\" rel=\"noopener\"><strong>NNO-EAST Forum Innowacji, Wsp\u00f3\u0142pracy i Rozwoju<\/strong><\/a>, kt\u00f3re odb\u0119dzie si\u0119 w dniu 28 maja 2025 r. na&nbsp;<a href=\"https:\/\/we.pb.edu.pl\/kontakt\/plan-wydzialu\/\">Wydziale Elektrycznym PB<\/a>&nbsp;w Auli I.<\/p>\n<p><strong>Konferencja ma za zadanie<\/strong> przybli\u017cy\u0107 tematyk\u0119 innowacji oraz komercjalizacji pomys\u0142\u00f3w innowacyjnych. Wydarzenie ma charakter multidyscyplinarny, powi\u0105zane jest z kluczowymi projektami wojew\u00f3dztwa podlaskiego tj. Dolina Rolnicza 4.0 oraz z ofert\u0105 B+R uczelni wy\u017cszych regionu Polski p\u00f3\u0142nocno-wschodniej. W trakcie konferencji prezentowane b\u0119d\u0105 osi\u0105gni\u0119cia w zakresie innowacji i komercjalizacji Politechniki Bia\u0142ostockiej oraz pozosta\u0142ych o\u015brodk\u00f3w akademickich.<\/p>\n<p>W\u015br\u00f3d zaproszonych go\u015bci b\u0119d\u0105 przedstawiciele otoczenia spo\u0142eczno-gospodarczego, przedsi\u0119biorcy, NGO oraz pracownicy Politechniki Bia\u0142ostockiej.<\/p>\n<p><strong>Celem wydarzenia jest<\/strong>&nbsp;propagowanie wiedzy z zakresu innowacyjno\u015bci i komercjalizacji w\u015br\u00f3d pracownik\u00f3w i student\u00f3w PB oraz w\u015br\u00f3d przedsi\u0119biorc\u00f3w i w otoczeniu spo\u0142eczno-gospodarczym. Prezentowane b\u0119d\u0105 dyskusje identyfikuj\u0105ce stan obecny innowacyjno\u015bci w regionie, a tak\u017ce zaprezentowane b\u0119d\u0105 perspektywy rozwoju proces\u00f3w komercjalizacji w biznesie oraz na uczelniach.<\/p>\n<p><strong>Celem dodatkowym jest<\/strong>&nbsp;prezentacja oferty badawczej, rozwojowej i potencja\u0142u B+R Politechniki Bia\u0142ostockiej oraz potencja\u0142u wsp\u00f3\u0142organizator\u00f3w.<\/p>\n<p>Dzia\u0142anie jest realizowane w ramach&nbsp;<a href=\"https:\/\/pb.edu.pl\/via-carpatia\/\">Politechnicznej Sieci VIA CARPATIA im. Prezydenta RP Lecha Kaczy\u0144skiego<\/a>.<\/p>\n<p>Organizatorem wydarzenia jest&nbsp;<a href=\"https:\/\/pb.edu.pl\/\">Politechnika Bia\u0142ostocka<\/a>.<\/p>\n<\/div>\n<div class=\"h2 text-center\">PROGRAM KONFERENCJI<\/div>\n<div style=\"text-align: center\"><span style=\"font-size: 14pt\">&nbsp;INNO-EAST Forum Innowacji, Wsp\u00f3\u0142pracy i Rozwoju<\/span><\/div>\n<div class=\"h3 text-center\">data 28 maja 2025 r., 9.00 &#8211; 15.30<\/div>\n<div style=\"text-align: center\">miejsce: Politechnika Bia\u0142ostocka, Wydzia\u0142 Elektryczny, Aula I, ul. Wiejska 45D, 15-351 Bia\u0142ystok<\/div>\n<div>&nbsp;<\/div>\n<div>&nbsp;<\/div>\n<p id=\"isPasted\"><strong>9:00 \u2013 10:00<\/strong>&nbsp;\u2013 Rejestracja<\/p>\n<p><strong>10:00-10:30<\/strong> \u2013 Wyst\u0105pienia: Rektor Politechniki Bia\u0142ostockiej &#8211; dr hab. in\u017c. Marty Kosior-Kazberuk, prof. PB, Wojewody Podlaskiego \u2013 Jacka Brzozowskiego, Marsza\u0142ka Wojew\u00f3dztwa Podlaskiego &#8211; \u0141ukasza Prokoryma, Prezydenta Bia\u0142egostoku &#8211; Tadeusza Truskolaskiego,&nbsp; Prezesa Izby Przemys\u0142owo-Handlowej w Bia\u0142ymstoku \u2013 Jaros\u0142awa Antychowicza<\/p>\n<p><strong>10:30 \u2013 11:00<\/strong>&nbsp;\u2013 Prezentacja Regionalnych Inteligentnych Specjalizacji w woj. podlaskim, Doliny Rolniczej 4.0 i innych nowatorskich przedsi\u0119wzi\u0119\u0107 koordynowanych przez Urz\u0105d Marsza\u0142kowski Wojew\u00f3dztwa Podlaskiego<\/p>\n<p><strong>11:00 \u2013 11:30<\/strong>&nbsp;\u2013 prezentacja oferty HPK Polska Wschodnia, kt\u00f3ry wspiera instytucje i firmy w aplikowaniu o \u015brodki w programie Horyzont Europa oraz przybli\u017cenie&nbsp;nabor\u00f3w projekt\u00f3w B+R (Fundusze Europejskie dla Nowoczesnej Gospodarki, Fundusze Europejskie dla Podlaskiego), w ramach kt\u00f3rych uczelnie we wsp\u00f3\u0142pracy z przedsi\u0119biorcami mog\u0105 sk\u0142ada\u0107 wsp\u00f3lne wnioski o dofinansowanie na projekty B+R (Daniel Puch \u2013 Kierownik Biura ds. Rozwoju i Program\u00f3w Mi\u0119dzynarodowych Politechniki Bia\u0142ostockiej)<\/p>\n<p><strong>11:30 \u2013 13:00<\/strong> \u2013 Debata \u201eW\u0142asno\u015b\u0107 intelektualna a potrzeby regionu\u201d&nbsp; (prowadzenie: dr hab. Ada Wr\u00f3blewska, prof. UwB \u2013 Dyrektor Wschodniego O\u015brodka Transferu Technologii Uniwersytetu w Bia\u0142ymstoku)&nbsp;<\/p>\n<p><strong>13:00 \u2013 13:30<\/strong>&nbsp;\u2013 Przerwa kawowa<\/p>\n<p><strong>13:30 \u2013 15:00<\/strong> \u2013 Debata \u201eInnowacje w wojew\u00f3dztwie podlaskim\u201d (prowadzenie: dr Andrzej Ma\u0142kowski &#8211; Kierownik Biura Transferu Technologii Uniwersytetu Medycznego w Bia\u0142ymstoku)<\/p>\n<p><strong>15:00 \u2013 16.00<\/strong>&nbsp;\u2013 Podsumowanie i zako\u0144czenie, lunch<\/p>\n<p><strong>&nbsp;<\/strong><\/p>\n<p><a href=\"https:\/\/pb.edu.pl\/ctt\/innoeast2025\/rejestracja\/\">FORMULARZ REJESTRACYJNY<\/a><\/p>\n<p>&nbsp;<\/p>\n<p style=\"text-align: center\"><strong>Wsp\u00f3\u0142organizatorami wydarzenia i jego patronami s\u0105:<\/strong><\/p>\n<p style=\"text-align: left\">&nbsp;<\/p>\n<table style=\"border-collapse: collapse;width: 100%\">\n<tbody>\n<tr>\n<td style=\"width: 25%;text-align: center\"><a title=\"\" href=\"https:\/\/www.pb.edu.pl\/\" target=\"_blank\" rel=\"noopener\"><img loading=\"lazy\" decoding=\"async\" class=\"alignnone size-medium wp-image-2510\" src=\"https:\/\/pb.edu.pl\/ctt\/wp-content\/uploads\/sites\/142\/2025\/05\/Logo-PB-poziome-w-kolorze-podstawowym-zoom-300x126.webp\" alt=\"\" width=\"300\" height=\"126\" srcset=\"https:\/\/pb.edu.pl\/ctt\/wp-content\/uploads\/sites\/142\/2025\/05\/Logo-PB-poziome-w-kolorze-podstawowym-zoom-300x126.webp 300w, https:\/\/pb.edu.pl\/ctt\/wp-content\/uploads\/sites\/142\/2025\/05\/Logo-PB-poziome-w-kolorze-podstawowym-zoom-768x322.webp 768w, https:\/\/pb.edu.pl\/ctt\/wp-content\/uploads\/sites\/142\/2025\/05\/Logo-PB-poziome-w-kolorze-podstawowym-zoom.webp 954w\" sizes=\"auto, (max-width: 300px) 100vw, 300px\" \/><\/a><\/td>\n<td style=\"width: 25%;text-align: center\"><a title=\"\" href=\"http:\/\/umb.edu.pl\" target=\"_blank\" rel=\"noopener\"><img loading=\"lazy\" decoding=\"async\" class=\"alignnone wp-image-2491 aligncenter\" src=\"https:\/\/pb.edu.pl\/ctt\/wp-content\/uploads\/sites\/142\/2025\/04\/UMwB.png\" alt=\"\" width=\"123\" height=\"123\" srcset=\"https:\/\/pb.edu.pl\/ctt\/wp-content\/uploads\/sites\/142\/2025\/04\/UMwB.png 180w, https:\/\/pb.edu.pl\/ctt\/wp-content\/uploads\/sites\/142\/2025\/04\/UMwB-150x150.png 150w\" sizes=\"auto, (max-width: 123px) 100vw, 123px\" \/><\/a><\/td>\n<td style=\"width: 25%;text-align: center\"><a title=\"\" href=\"https:\/\/uwb.edu.pl\/\" target=\"_blank\" rel=\"noopener\"><img loading=\"lazy\" decoding=\"async\" class=\"alignnone wp-image-2484 aligncenter\" src=\"https:\/\/pb.edu.pl\/ctt\/wp-content\/uploads\/sites\/142\/2025\/04\/wuwbkolor-300x300.jpg\" alt=\"\" width=\"112\" height=\"112\" srcset=\"https:\/\/pb.edu.pl\/ctt\/wp-content\/uploads\/sites\/142\/2025\/04\/wuwbkolor-300x300.jpg 300w, https:\/\/pb.edu.pl\/ctt\/wp-content\/uploads\/sites\/142\/2025\/04\/wuwbkolor-1024x1024.jpg 1024w, https:\/\/pb.edu.pl\/ctt\/wp-content\/uploads\/sites\/142\/2025\/04\/wuwbkolor-150x150.jpg 150w, https:\/\/pb.edu.pl\/ctt\/wp-content\/uploads\/sites\/142\/2025\/04\/wuwbkolor-768x768.jpg 768w, https:\/\/pb.edu.pl\/ctt\/wp-content\/uploads\/sites\/142\/2025\/04\/wuwbkolor-1536x1536.jpg 1536w, https:\/\/pb.edu.pl\/ctt\/wp-content\/uploads\/sites\/142\/2025\/04\/wuwbkolor-2048x2048.jpg 2048w\" sizes=\"auto, (max-width: 112px) 100vw, 112px\" \/><\/a><\/td>\n<td style=\"width: 25%;text-align: center\"><a title=\"\" href=\"https:\/\/podlaskie.eu\/\" target=\"_blank\" rel=\"noopener\"><img loading=\"lazy\" decoding=\"async\" class=\"alignnone wp-image-2496\" src=\"https:\/\/pb.edu.pl\/ctt\/wp-content\/uploads\/sites\/142\/2025\/04\/UMWP-300x189.jpg\" alt=\"\" width=\"227\" height=\"143\" srcset=\"https:\/\/pb.edu.pl\/ctt\/wp-content\/uploads\/sites\/142\/2025\/04\/UMWP-300x189.jpg 300w, https:\/\/pb.edu.pl\/ctt\/wp-content\/uploads\/sites\/142\/2025\/04\/UMWP-480x300.jpg 480w, https:\/\/pb.edu.pl\/ctt\/wp-content\/uploads\/sites\/142\/2025\/04\/UMWP.jpg 580w\" sizes=\"auto, (max-width: 227px) 100vw, 227px\" \/><\/a><\/td>\n<\/tr>\n<\/tbody>\n<\/table>\n<p style=\"text-align: left\">&nbsp;<\/p>\n<p style=\"text-align: center\"><img loading=\"lazy\" decoding=\"async\" class=\"alignnone wp-image-2535\" src=\"https:\/\/pb.edu.pl\/ctt\/wp-content\/uploads\/sites\/142\/2025\/05\/wepb-300x120.png\" alt=\"\" width=\"275\" height=\"110\" srcset=\"https:\/\/pb.edu.pl\/ctt\/wp-content\/uploads\/sites\/142\/2025\/05\/wepb-300x120.png 300w, https:\/\/pb.edu.pl\/ctt\/wp-content\/uploads\/sites\/142\/2025\/05\/wepb.png 354w\" sizes=\"auto, (max-width: 275px) 100vw, 275px\" \/><\/p>\n<p>&nbsp;<\/p>\n<p style=\"text-align: center\"><strong>Patronat honorowy:&nbsp;<\/strong><\/p>\n<p style=\"text-align: center\"><strong>JM Rektor Politechniki Bia\u0142ostockiej<\/strong><\/p>\n<p style=\"text-align: center\"><strong>JM Rektor Uniwersytetu Medycznego w Bia\u0142ymstoku<\/strong><\/p>\n<p style=\"text-align: center\"><strong>JM Rektor Uniwersytetu w Bia\u0142ymstoku<\/strong><\/p>\n<p style=\"text-align: center\"><a title=\"\" href=\"https:\/\/www.gov.pl\/web\/nauka\" target=\"_blank\" rel=\"noopener\"><img loading=\"lazy\" decoding=\"async\" class=\"size-medium wp-image-2540 aligncenter\" src=\"https:\/\/pb.edu.pl\/ctt\/wp-content\/uploads\/sites\/142\/2025\/05\/01_znak_siatka_podstawowy_kolor_biale_tlo-300x93.png\" alt=\"\" width=\"300\" height=\"93\" srcset=\"https:\/\/pb.edu.pl\/ctt\/wp-content\/uploads\/sites\/142\/2025\/05\/01_znak_siatka_podstawowy_kolor_biale_tlo-300x93.png 300w, https:\/\/pb.edu.pl\/ctt\/wp-content\/uploads\/sites\/142\/2025\/05\/01_znak_siatka_podstawowy_kolor_biale_tlo-1024x319.png 1024w, https:\/\/pb.edu.pl\/ctt\/wp-content\/uploads\/sites\/142\/2025\/05\/01_znak_siatka_podstawowy_kolor_biale_tlo-768x239.png 768w, https:\/\/pb.edu.pl\/ctt\/wp-content\/uploads\/sites\/142\/2025\/05\/01_znak_siatka_podstawowy_kolor_biale_tlo.png 1388w\" sizes=\"auto, (max-width: 300px) 100vw, 300px\" \/><\/a><a title=\"\" href=\"https:\/\/www.gov.pl\/web\/uw-podlaski\" target=\"_blank\" rel=\"noopener\"><img loading=\"lazy\" decoding=\"async\" class=\" wp-image-2513 aligncenter\" src=\"https:\/\/pb.edu.pl\/ctt\/wp-content\/uploads\/sites\/142\/2025\/05\/Wojewoda_Podlaski_logo_do_patronatow-300x300.jpg\" alt=\"\" width=\"165\" height=\"165\" srcset=\"https:\/\/pb.edu.pl\/ctt\/wp-content\/uploads\/sites\/142\/2025\/05\/Wojewoda_Podlaski_logo_do_patronatow-300x300.jpg 300w, https:\/\/pb.edu.pl\/ctt\/wp-content\/uploads\/sites\/142\/2025\/05\/Wojewoda_Podlaski_logo_do_patronatow-150x150.jpg 150w, https:\/\/pb.edu.pl\/ctt\/wp-content\/uploads\/sites\/142\/2025\/05\/Wojewoda_Podlaski_logo_do_patronatow-768x768.jpg 768w, https:\/\/pb.edu.pl\/ctt\/wp-content\/uploads\/sites\/142\/2025\/05\/Wojewoda_Podlaski_logo_do_patronatow.jpg 916w\" sizes=\"auto, (max-width: 165px) 100vw, 165px\" \/><\/a><a title=\"\" href=\"http:\/\/www.bialystok.pl\" target=\"_blank\" rel=\"noopener\"><img loading=\"lazy\" decoding=\"async\" class=\"alignnone wp-image-2543\" src=\"https:\/\/pb.edu.pl\/ctt\/wp-content\/uploads\/sites\/142\/2025\/05\/herb-honorowy-patronat-jpg-699x1024-1-205x300.jpg\" alt=\"\" width=\"146\" height=\"214\" srcset=\"https:\/\/pb.edu.pl\/ctt\/wp-content\/uploads\/sites\/142\/2025\/05\/herb-honorowy-patronat-jpg-699x1024-1-205x300.jpg 205w, https:\/\/pb.edu.pl\/ctt\/wp-content\/uploads\/sites\/142\/2025\/05\/herb-honorowy-patronat-jpg-699x1024-1.jpg 699w\" sizes=\"auto, (max-width: 146px) 100vw, 146px\" \/><\/a><\/p>\n<p>&nbsp;<\/p>\n<p>&nbsp;<\/p>\n<p>&nbsp;<\/p>\n<p style=\"text-align: center\"><strong>Patronat medialny:<\/strong><\/p>\n<table style=\"border-collapse: collapse;width: 96.4518%\">\n<tbody>\n<tr>\n<td style=\"width: 17.8253%\"><span style=\"color: #23527c\"><a style=\"color: #23527c\" title=\"\" href=\"https:\/\/akadera.bialystok.pl\/\" target=\"_blank\" rel=\"noopener\"><img loading=\"lazy\" decoding=\"async\" class=\"alignnone wp-image-2506 aligncenter\" src=\"https:\/\/pb.edu.pl\/ctt\/wp-content\/uploads\/sites\/142\/2025\/05\/akadera-300x125.jpg\" alt=\"\" width=\"249\" height=\"104\" srcset=\"https:\/\/pb.edu.pl\/ctt\/wp-content\/uploads\/sites\/142\/2025\/05\/akadera-300x125.jpg 300w, https:\/\/pb.edu.pl\/ctt\/wp-content\/uploads\/sites\/142\/2025\/05\/akadera.jpg 378w\" sizes=\"auto, (max-width: 249px) 100vw, 249px\" \/><\/a><\/span><\/td>\n<td style=\"width: 17.5356%\"><a title=\"\" href=\"http:\/\/radio.bialystok.pl\" target=\"_blank\" rel=\"noopener\"><img loading=\"lazy\" decoding=\"async\" class=\"alignnone wp-image-2479\" src=\"https:\/\/pb.edu.pl\/ctt\/wp-content\/uploads\/sites\/142\/2025\/04\/PRB-300x188.jpg\" alt=\"\" width=\"201\" height=\"126\" srcset=\"https:\/\/pb.edu.pl\/ctt\/wp-content\/uploads\/sites\/142\/2025\/04\/PRB-300x188.jpg 300w, https:\/\/pb.edu.pl\/ctt\/wp-content\/uploads\/sites\/142\/2025\/04\/PRB-768x480.jpg 768w, https:\/\/pb.edu.pl\/ctt\/wp-content\/uploads\/sites\/142\/2025\/04\/PRB-480x300.jpg 480w, https:\/\/pb.edu.pl\/ctt\/wp-content\/uploads\/sites\/142\/2025\/04\/PRB.jpg 800w\" sizes=\"auto, (max-width: 201px) 100vw, 201px\" \/><\/a><\/td>\n<td style=\"width: 17.3184%\"><a title=\"\" href=\"http:\/\/bialystokonline.pl\" target=\"_blank\" rel=\"noopener\"><img loading=\"lazy\" decoding=\"async\" class=\"alignnone size-medium wp-image-2516\" src=\"https:\/\/pb.edu.pl\/ctt\/wp-content\/uploads\/sites\/142\/2025\/05\/logo3_BialystokOnline_jpg-300x86.jpg\" alt=\"\" width=\"300\" height=\"86\" srcset=\"https:\/\/pb.edu.pl\/ctt\/wp-content\/uploads\/sites\/142\/2025\/05\/logo3_BialystokOnline_jpg-300x86.jpg 300w, https:\/\/pb.edu.pl\/ctt\/wp-content\/uploads\/sites\/142\/2025\/05\/logo3_BialystokOnline_jpg-768x219.jpg 768w, https:\/\/pb.edu.pl\/ctt\/wp-content\/uploads\/sites\/142\/2025\/05\/logo3_BialystokOnline_jpg.jpg 1000w\" sizes=\"auto, (max-width: 300px) 100vw, 300px\" \/><\/a><\/td>\n<td style=\"width: 12.5393%\"><a title=\"\" href=\"http:\/\/naszemiasto.pl\" target=\"_blank\" rel=\"noopener\"><img loading=\"lazy\" decoding=\"async\" class=\"size-full wp-image-2518 aligncenter\" src=\"https:\/\/pb.edu.pl\/ctt\/wp-content\/uploads\/sites\/142\/2025\/05\/naszemiastopl.png\" alt=\"\" width=\"131\" height=\"17\"><\/a><\/td>\n<td style=\"width: 12.7565%\"><a title=\"\" href=\"http:\/\/poranny.pl\" target=\"_blank\" rel=\"noopener\"><img loading=\"lazy\" decoding=\"async\" class=\"size-full wp-image-2520 aligncenter\" src=\"https:\/\/pb.edu.pl\/ctt\/wp-content\/uploads\/sites\/142\/2025\/05\/kurier-poranny.png\" alt=\"\" width=\"136\" height=\"20\"><\/a><\/td>\n<td style=\"width: 18.4769%\"><a title=\"\" href=\"http:\/\/wspolczesna.pl\" target=\"_blank\" rel=\"noopener\"><img loading=\"lazy\" decoding=\"async\" class=\"size-full wp-image-2522 aligncenter\" src=\"https:\/\/pb.edu.pl\/ctt\/wp-content\/uploads\/sites\/142\/2025\/05\/gazeta-wspolczesna.png\" alt=\"\" width=\"136\" height=\"26\"><\/a><\/td>\n<\/tr>\n<\/tbody>\n<\/table>\n<p>&nbsp;<\/p>\n<p><strong>Komitet Organizacyjny:<\/strong><\/p>\n<p>Maciej Zajkowski &#8211; Politechnika Bia\u0142ostocka<\/p>\n<p>Ada Wr\u00f3blewska &#8211; Uniwersytet w Bia\u0142ymstoku<\/p>\n<p>Andrzej Ma\u0142kowski &#8211; Uniwersytet Medyczny w Bia\u0142ymstoku<\/p>\n<p>Honorata Kruk &#8211; Politechnika Bia\u0142ostocka<\/p>\n<p>Ma\u0142gorzata Turecka &#8211; Politechnika Bia\u0142ostocka<\/p>\n<p>Agnieszka Dru\u0107 &#8211; Politechnika Bia\u0142ostocka<\/p>\n<p>Magdalena Rogowska &#8211; Politechnika Bia\u0142ostocka<\/p>\n<p>Beata Weremijewicz &#8211; Politechnika Bia\u0142ostocka<\/p>\n<p>Zbigniew So\u0142jan &#8211; Politechnika Bia\u0142ostocka<\/p>\n<p>Artur Osowski &#8211; Politechnika Bia\u0142ostocka<\/p>\n","protected":false},"excerpt":{"rendered":"<p>Centrum Transferu Technologii PB&nbsp;zaprasza na wydarzenie pod nazw\u0105&nbsp;INNO-EAST Forum Innowacji, Wsp\u00f3\u0142pracy i Rozwoju, kt\u00f3re odb\u0119dzie<\/p>\n","protected":false},"author":139,"featured_media":0,"parent":0,"menu_order":0,"comment_status":"closed","ping_status":"closed","template":"","meta":{"_acf_changed":false,"ngg_post_thumbnail":0,"footnotes":""},"class_list":["post-2430","page","type-page","status-publish","hentry"],"acf":[],"_links":{"self":[{"href":"https:\/\/pb.edu.pl\/ctt\/wp-json\/wp\/v2\/pages\/2430","targetHints":{"allow":["GET"]}}],"collection":[{"href":"https:\/\/pb.edu.pl\/ctt\/wp-json\/wp\/v2\/pages"}],"about":[{"href":"https:\/\/pb.edu.pl\/ctt\/wp-json\/wp\/v2\/types\/page"}],"author":[{"embeddable":true,"href":"https:\/\/pb.edu.pl\/ctt\/wp-json\/wp\/v2\/users\/139"}],"replies":[{"embeddable":true,"href":"https:\/\/pb.edu.pl\/ctt\/wp-json\/wp\/v2\/comments?post=2430"}],"version-history":[{"count":0,"href":"https:\/\/pb.edu.pl\/ctt\/wp-json\/wp\/v2\/pages\/2430\/revisions"}],"wp:attachment":[{"href":"https:\/\/pb.edu.pl\/ctt\/wp-json\/wp\/v2\/media?parent=2430"}],"curies":[{"name":"wp","href":"https:\/\/api.w.org\/{rel}","templated":true}]}}