{"id":2363,"date":"2025-03-06T10:04:07","date_gmt":"2025-03-06T09:04:07","guid":{"rendered":"https:\/\/pb.edu.pl\/ctt\/?page_id=2363"},"modified":"2025-03-06T10:06:24","modified_gmt":"2025-03-06T09:06:24","slug":"baza-potencjalu-br","status":"publish","type":"page","link":"https:\/\/pb.edu.pl\/ctt\/dla-biznesu\/baza-potencjalu-br\/","title":{"rendered":"Baza potencja\u0142u B+R"},"content":{"rendered":"<p><a href=\"https:\/\/pb.edu.pl\/oferta-uslug-badawczo-rozwojowych\/\">Baza potencja\u0142u komercjalizacyjnego Politechniki Bia\u0142ostockiej<\/a><\/p>\n<p><a href=\"https:\/\/bp.uci.pb.edu.pl\/pol_bial_front\/\">Baza patent\u00f3w Politechniki Bia\u0142ostockiej<\/a><\/p>\n<p><a href=\"https:\/\/baza-viacarpatia.pl\/\">Baza potencja\u0142u badawczego sieci politechnicznej Via Carpatia im. Prezydenta Lecha Kaczy\u0144skiego<\/a><\/p>\n","protected":false},"excerpt":{"rendered":"<p>Baza potencja\u0142u komercjalizacyjnego Politechniki Bia\u0142ostockiej Baza patent\u00f3w Politechniki Bia\u0142ostockiej Baza potencja\u0142u badawczego sieci politechnicznej Via<\/p>\n","protected":false},"author":139,"featured_media":0,"parent":2195,"menu_order":0,"comment_status":"closed","ping_status":"closed","template":"","meta":{"_acf_changed":false,"ngg_post_thumbnail":0,"footnotes":""},"class_list":["post-2363","page","type-page","status-publish","hentry"],"acf":[],"_links":{"self":[{"href":"https:\/\/pb.edu.pl\/ctt\/wp-json\/wp\/v2\/pages\/2363","targetHints":{"allow":["GET"]}}],"collection":[{"href":"https:\/\/pb.edu.pl\/ctt\/wp-json\/wp\/v2\/pages"}],"about":[{"href":"https:\/\/pb.edu.pl\/ctt\/wp-json\/wp\/v2\/types\/page"}],"author":[{"embeddable":true,"href":"https:\/\/pb.edu.pl\/ctt\/wp-json\/wp\/v2\/users\/139"}],"replies":[{"embeddable":true,"href":"https:\/\/pb.edu.pl\/ctt\/wp-json\/wp\/v2\/comments?post=2363"}],"version-history":[{"count":0,"href":"https:\/\/pb.edu.pl\/ctt\/wp-json\/wp\/v2\/pages\/2363\/revisions"}],"up":[{"embeddable":true,"href":"https:\/\/pb.edu.pl\/ctt\/wp-json\/wp\/v2\/pages\/2195"}],"wp:attachment":[{"href":"https:\/\/pb.edu.pl\/ctt\/wp-json\/wp\/v2\/media?parent=2363"}],"curies":[{"name":"wp","href":"https:\/\/api.w.org\/{rel}","templated":true}]}}