{"id":2210,"date":"2024-12-27T23:33:44","date_gmt":"2024-12-27T22:33:44","guid":{"rendered":"https:\/\/pb.edu.pl\/ctt\/?page_id=2210"},"modified":"2025-04-11T11:12:49","modified_gmt":"2025-04-11T09:12:49","slug":"dokumenty-do-pobrania","status":"publish","type":"page","link":"https:\/\/pb.edu.pl\/ctt\/dla-naukowcow\/dokumenty-do-pobrania\/","title":{"rendered":"Dokumenty do pobrania"},"content":{"rendered":"<p>Na podstawie zarz\u0105dzenia nr 117\/2023 Rektora Politechniki Bia\u0142ostockiej z dnia 13 grudnia 2023 roku, w sprawie przygotowania oraz realizacji w Politechnice Bia\u0142ostockiej projekt\u00f3w finansowanych ze \u017ar\u00f3de\u0142 zewn\u0119trznych, pracownik jest zobowi\u0105zany do przygotowania dokument\u00f3w zgodnie z <a href=\"https:\/\/pb.edu.pl\/brpm\/biuro-ds-rozwoju-programow-miedzynarodowych\/dla-wnioskujacych\/ogolne-zasady-przygotowywania-wnioskow\/\">Og\u00f3lnymi zasadami przygotowania wniosk\u00f3w<\/a>.<\/p>\n<p>&nbsp;<\/p>\n<p><strong>Powy\u017csze dokumenty musz\u0105 by\u0107 z\u0142o\u017cone do Kierownik\u00f3w Jednostek oraz Dziekan\u00f3w Wydzia\u0142\u00f3w lub Dyrektor\u00f3w Instytut\u00f3w, w kt\u00f3rych prowadzony b\u0119dzie projekt, na 14 dni roboczych przed planowanym terminem zako\u0144czenia naboru w konkursie.<\/strong><\/p>\n<p>&nbsp;<\/p>\n<p><a class=\"pdf\" href=\"https:\/\/pb.edu.pl\/ctt\/wp-content\/uploads\/sites\/142\/2025\/04\/Mapa-procesow-CTT.pdf\" target=\"_blank\" rel=\"noopener\" data-id=\"2401\">Mapa proces\u00f3w CTT (PDF, 43 KB, otworzy si\u0119 w nowej karcie)<\/a><\/p>\n<p><a class=\"pdf\" href=\"https:\/\/pb.edu.pl\/ctt\/wp-content\/uploads\/sites\/142\/2025\/04\/WSKAZOWKI-DO-BADANIA-STANU-TECHNIKI-W-PROJEKTACH-BR.pdf\" target=\"_blank\" rel=\"noopener\" data-id=\"2405\">WSKAZ\u00d3WKI DO BADANIA STANU TECHNIKI W PROJEKTACH BR (PDF, 145 KB, otworzy si\u0119 w nowej karcie)<\/a><\/p>\n<p><a class=\"pdf\" href=\"https:\/\/pb.edu.pl\/ctt\/wp-content\/uploads\/sites\/142\/2025\/04\/WSKAZOWKI-DO-OPRACOWANIA-UZASADNIENIA-BIZNESOWEGO-PROJEKTU-BR.pdf\" target=\"_blank\" rel=\"noopener\" data-id=\"2403\">WSKAZ\u00d3WKI DO OPRACOWANIA UZASADNIENIA BIZNESOWEGO PROJEKTU BR (PDF, 143 KB, otworzy si\u0119 w nowej karcie)<\/a><\/p>\n<p>&nbsp;<\/p>\n","protected":false},"excerpt":{"rendered":"<p>Na podstawie zarz\u0105dzenia nr 117\/2023 Rektora Politechniki Bia\u0142ostockiej z dnia 13 grudnia 2023 roku, w<\/p>\n","protected":false},"author":2,"featured_media":0,"parent":2192,"menu_order":3,"comment_status":"closed","ping_status":"closed","template":"","meta":{"_acf_changed":false,"ngg_post_thumbnail":0,"footnotes":""},"class_list":["post-2210","page","type-page","status-publish","hentry"],"acf":[],"_links":{"self":[{"href":"https:\/\/pb.edu.pl\/ctt\/wp-json\/wp\/v2\/pages\/2210","targetHints":{"allow":["GET"]}}],"collection":[{"href":"https:\/\/pb.edu.pl\/ctt\/wp-json\/wp\/v2\/pages"}],"about":[{"href":"https:\/\/pb.edu.pl\/ctt\/wp-json\/wp\/v2\/types\/page"}],"author":[{"embeddable":true,"href":"https:\/\/pb.edu.pl\/ctt\/wp-json\/wp\/v2\/users\/2"}],"replies":[{"embeddable":true,"href":"https:\/\/pb.edu.pl\/ctt\/wp-json\/wp\/v2\/comments?post=2210"}],"version-history":[{"count":0,"href":"https:\/\/pb.edu.pl\/ctt\/wp-json\/wp\/v2\/pages\/2210\/revisions"}],"up":[{"embeddable":true,"href":"https:\/\/pb.edu.pl\/ctt\/wp-json\/wp\/v2\/pages\/2192"}],"wp:attachment":[{"href":"https:\/\/pb.edu.pl\/ctt\/wp-json\/wp\/v2\/media?parent=2210"}],"curies":[{"name":"wp","href":"https:\/\/api.w.org\/{rel}","templated":true}]}}