{"id":2195,"date":"2024-12-27T23:25:17","date_gmt":"2024-12-27T22:25:17","guid":{"rendered":"https:\/\/pb.edu.pl\/ctt\/?page_id=2195"},"modified":"2025-03-06T10:08:02","modified_gmt":"2025-03-06T09:08:02","slug":"dla-biznesu","status":"publish","type":"page","link":"https:\/\/pb.edu.pl\/ctt\/dla-biznesu\/","title":{"rendered":"Dla biznesu"},"content":{"rendered":"<p>Politechnika Bia\u0142ostocka wspiera i \u0142\u0105czy przedsi\u0119biorc\u00f3w oraz naukowc\u00f3w w budowaniu trwa\u0142ych i korzystnych dla wszystkich stron relacji biznesowych.<\/p>\n<p>Oferujemy pomoc i merytoryczne doradztwo w obszarze u\u017cytecznym dla firm, jednostek samorz\u0105dowych oraz instytucji, w zakresie aplikacji rozwi\u0105za\u0144 naukowych wytworzonych na Politechnice Bia\u0142ostockiej, jak r\u00f3wnie\u017c w wyborze optymalnej \u015bcie\u017cki ich komercjalizacji.<\/p>\n<p>Je\u015bli s\u0105 Pa\u0144stwo zainteresowani przygotowaniem wniosku projektowego z zespo\u0142ami badawczymi Politechniki Bia\u0142ostockiej, zapraszamy do kontaktu z Centrum Transferu Technologii PB. Pa\u0144stwa pomys\u0142 mo\u017ce bowiem zosta\u0107 zrealizowany wsp\u00f3lnie z naukowcami naszej Uczelni, a CTT PB pomo\u017ce przygotowa\u0107 oraz z\u0142o\u017cy\u0107 wniosek projektowy.<\/p>\n<p>Oferujemy kompleksow\u0105 obs\u0142ug\u0119 projektu od etapu konsultacji, poprzez przygotowanie wniosku projektowego, po jego realizacj\u0119 i rozliczenie finansowe.<\/p>\n<p>Zapraszamy do skorzystania z baz potencja\u0142u komercjalizacyjnego Politechniki Bia\u0142ostockiej:<\/p>\n<p><a href=\"https:\/\/pb.edu.pl\/oferta-uslug-badawczo-rozwojowych\/\">Baza potencja\u0142u komercjalizacyjnego Politechniki Bia\u0142ostockiej<\/a><\/p>\n<p><a href=\"https:\/\/bp.uci.pb.edu.pl\/pol_bial_front\/\">Baza patent\u00f3w Politechniki Bia\u0142ostockiej<\/a><\/p>\n<p><a href=\"https:\/\/baza-viacarpatia.pl\/\">Baza potencja\u0142u badawczego sieci politechnicznej Via Carpatia im. Prezydenta Lecha Kaczy\u0144skiego<\/a><\/p>\n","protected":false},"excerpt":{"rendered":"<p>Politechnika Bia\u0142ostocka wspiera i \u0142\u0105czy przedsi\u0119biorc\u00f3w oraz naukowc\u00f3w w budowaniu trwa\u0142ych i korzystnych dla wszystkich<\/p>\n","protected":false},"author":2,"featured_media":0,"parent":0,"menu_order":4,"comment_status":"closed","ping_status":"closed","template":"","meta":{"_acf_changed":false,"ngg_post_thumbnail":0,"footnotes":""},"class_list":["post-2195","page","type-page","status-publish","hentry"],"acf":[],"_links":{"self":[{"href":"https:\/\/pb.edu.pl\/ctt\/wp-json\/wp\/v2\/pages\/2195","targetHints":{"allow":["GET"]}}],"collection":[{"href":"https:\/\/pb.edu.pl\/ctt\/wp-json\/wp\/v2\/pages"}],"about":[{"href":"https:\/\/pb.edu.pl\/ctt\/wp-json\/wp\/v2\/types\/page"}],"author":[{"embeddable":true,"href":"https:\/\/pb.edu.pl\/ctt\/wp-json\/wp\/v2\/users\/2"}],"replies":[{"embeddable":true,"href":"https:\/\/pb.edu.pl\/ctt\/wp-json\/wp\/v2\/comments?post=2195"}],"version-history":[{"count":0,"href":"https:\/\/pb.edu.pl\/ctt\/wp-json\/wp\/v2\/pages\/2195\/revisions"}],"wp:attachment":[{"href":"https:\/\/pb.edu.pl\/ctt\/wp-json\/wp\/v2\/media?parent=2195"}],"curies":[{"name":"wp","href":"https:\/\/api.w.org\/{rel}","templated":true}]}}