{"id":2192,"date":"2024-12-27T23:23:39","date_gmt":"2024-12-27T22:23:39","guid":{"rendered":"https:\/\/pb.edu.pl\/ctt\/?page_id=2192"},"modified":"2025-01-14T16:03:21","modified_gmt":"2025-01-14T15:03:21","slug":"dla-naukowcow","status":"publish","type":"page","link":"https:\/\/pb.edu.pl\/ctt\/dla-naukowcow\/","title":{"rendered":"Dla naukowc\u00f3w"},"content":{"rendered":"<p>Politechnika Bia\u0142ostocka opiera swoj\u0105 dzia\u0142alno\u015b\u0107 na nauce, dydaktyce oraz komercjalizacji. Komercjalizacja wynik\u00f3w bada\u0144 naukowych pozwala na wdra\u017canie innowacyjnych rozwi\u0105za\u0144 do biznesu, za\u015b Uczelnia ma realny wp\u0142yw na popraw\u0119 jako\u015bci \u017cycia i wzrost innowacyjno\u015bci polskiej gospodarki.<\/p>\n<p>Centrum Transferu Technologii to zesp\u00f3\u0142 os\u00f3b, kt\u00f3ry wspiera pracownik\u00f3w naukowych Politechniki Bia\u0142ostockiej w procesie dostosowania rozwi\u0105za\u0144 naukowych do oczekiwa\u0144 i potrzeb biznesu, jak r\u00f3wnie\u017c wdra\u017cania i komercjalizacji innowacji opartych o wyniki bada\u0144 naukowych.<\/p>\n","protected":false},"excerpt":{"rendered":"<p>Politechnika Bia\u0142ostocka opiera swoj\u0105 dzia\u0142alno\u015b\u0107 na nauce, dydaktyce oraz komercjalizacji. Komercjalizacja wynik\u00f3w bada\u0144 naukowych pozwala<\/p>\n","protected":false},"author":2,"featured_media":0,"parent":0,"menu_order":3,"comment_status":"closed","ping_status":"closed","template":"","meta":{"_acf_changed":false,"ngg_post_thumbnail":0,"footnotes":""},"class_list":["post-2192","page","type-page","status-publish","hentry"],"acf":[],"_links":{"self":[{"href":"https:\/\/pb.edu.pl\/ctt\/wp-json\/wp\/v2\/pages\/2192","targetHints":{"allow":["GET"]}}],"collection":[{"href":"https:\/\/pb.edu.pl\/ctt\/wp-json\/wp\/v2\/pages"}],"about":[{"href":"https:\/\/pb.edu.pl\/ctt\/wp-json\/wp\/v2\/types\/page"}],"author":[{"embeddable":true,"href":"https:\/\/pb.edu.pl\/ctt\/wp-json\/wp\/v2\/users\/2"}],"replies":[{"embeddable":true,"href":"https:\/\/pb.edu.pl\/ctt\/wp-json\/wp\/v2\/comments?post=2192"}],"version-history":[{"count":0,"href":"https:\/\/pb.edu.pl\/ctt\/wp-json\/wp\/v2\/pages\/2192\/revisions"}],"wp:attachment":[{"href":"https:\/\/pb.edu.pl\/ctt\/wp-json\/wp\/v2\/media?parent=2192"}],"curies":[{"name":"wp","href":"https:\/\/api.w.org\/{rel}","templated":true}]}}