{"id":2162,"date":"2024-12-23T16:06:01","date_gmt":"2024-12-23T15:06:01","guid":{"rendered":"https:\/\/pb.edu.pl\/ctt\/?page_id=2162"},"modified":"2026-03-04T12:24:16","modified_gmt":"2026-03-04T11:24:16","slug":"o-nas","status":"publish","type":"page","link":"https:\/\/pb.edu.pl\/ctt\/o-nas\/","title":{"rendered":"O nas"},"content":{"rendered":"<p><strong>Centrum Transferu Technologii Politechniki Bia\u0142ostockiej (CTT PB)<\/strong> jest og\u00f3lnouczelnian\u0105 jednostk\u0105 powo\u0142an\u0105 w celu komercjalizacji bezpo\u015bredniej, polegaj\u0105cej przede wszystkim na realizacji dzia\u0142a\u0144 zmierzaj\u0105cych do licencjonowania i przenoszenia praw do wynik\u00f3w dzia\u0142alno\u015bci naukowej pracownik\u00f3w Politechniki Bia\u0142ostockiej. W sk\u0142ad zespo\u0142u CTT PB wchodzi <a href=\"https:\/\/pb.edu.pl\/owi\/\">O\u015brodek W\u0142asno\u015bci Intelektualnej PB<\/a> oraz wydzia\u0142owi brokerzy technologii.<\/p>\n<p>Jednostka zosta\u0142a utworzona w listopadzie 2024 r. <a href=\"https:\/\/bip.pb.edu.pl\/index.php?event=informacja&amp;id=21710\">Uchwa\u0142\u0105 Senatu Politechniki Bia\u0142ostockiej<\/a>.<\/p>\n<p>CTT PB jest cz\u0142onkiem <a href=\"https:\/\/pactt.pl\/\">Porozumienia Akademickich Centr\u00f3w Transferu Technologii (PACTT)<\/a>.<\/p>\n<div class=\"h2\">CEL<\/div>\n<p>Celem CTT PB jest wsp\u00f3\u0142praca Uczelni z rynkiem , przedsi\u0119biorstwami i instytucjami oko\u0142obiznesowymi i publicznymi poprzez komercjalizacj\u0119 bezpo\u015bredni\u0105 wynik\u00f3w dzia\u0142alno\u015bci naukowej i know-how, najem, dzier\u017caw\u0119 lub udzielenie licencji i wypracowanie modeli wsp\u00f3\u0142pracy z podmiotami zainteresowanymi dzia\u0142alno\u015bci\u0105 B+R. CTT PB b\u0119dzie zarz\u0105dza\u0142 brokerami technologii i O\u015brodkiem W\u0142asno\u015bci Intelektualnej. CTT PB b\u0119dzie wspiera\u0142 potencja\u0142em innowacyjnym dzia\u0142alno\u015b\u0107 badawcz\u0105 i rozwojow\u0105 na potrzeby pozyskiwania \u015brodk\u00f3w na projekty i granty prowadz\u0105ce do komercjalizacji bezpo\u015bredniej oraz b\u0119dzie wsp\u00f3\u0142pracowa\u0142 ze sp\u00f3\u0142kami celowymi Politechniki Bia\u0142ostockiej.<\/p>\n<div class=\"h2\">MISJA<\/div>\n<p>Misj\u0105 CTT PB jest wspieranie tw\u00f3rc\u00f3w w taki spos\u00f3b, aby mogli rozwija\u0107 swoje koncepcje i chroni\u0107 w\u0142asno\u015b\u0107 intelektualn\u0105 oraz kszta\u0142towanie warunk\u00f3w dla efektywnej wsp\u00f3\u0142pracy mi\u0119dzy przedsi\u0119biorcami i instytucjami, a \u015bwiatem nauki. Realizacja tej idei mo\u017cliwa jest poprzez prowadzenie dzia\u0142alno\u015bci: us\u0142ugowej, informacyjnej, doradczej i szkoleniowej. CTT PB ma aktywnie uczestniczy\u0107 w promocji osi\u0105gni\u0119\u0107 zespo\u0142\u00f3w naukowych PB o wysokim potencjale komercjalizacyjnym .<\/p>\n<p>CTT PB w porozumieniu z <a href=\"https:\/\/inkubatorpb.pl\/\">Akademickim Inkubatorem Przedsi\u0119biorczo\u015bci<\/a> wspiera powo\u0142ywanie startup\u00f3w technologicznych, opartych na wiedzy i nowoczesnych technologiach.<\/p>\n<div class=\"h2\">WIZJA<\/div>\n<p>Centrum Transferu Technologii PB: jako jednostka skutecznego systemu identyfikacji innowacyjnych rozwi\u0105za\u0144, metod ich ochrony i oceny mo\u017cliwo\u015bci zastosowania gospodarczego. CTT PB uzyskuje uznanie w\u015br\u00f3d \u015brodowiska biznesowego oraz instytucji, wspiera Uczelni\u0119 w procesie realnego wp\u0142ywu na otoczenie spo\u0142eczno-gospodarcze.<\/p>\n<p>CTT PB jako jednostka odpowiedzialna za ochron\u0119 wszelkich przejaw\u00f3w dzia\u0142alno\u015bci tw\u00f3rczej, wspiera, doradza i poprawia efektywno\u015b\u0107 wszystkich wyst\u0119puj\u0105cych proces\u00f3w, kreuj\u0105c system opieki nad warto\u015bciami niematerialnymi, poprzez docenianie dzia\u0142alno\u015bci tw\u00f3rczej pracownik\u00f3w Uczelni, ochron\u0119 tych praw i ich umiej\u0119tne wykorzystywanie.<\/p>\n<div class=\"h2\">ZADANIA<\/div>\n<p><strong>Do zada\u0144 CTT nale\u017cy:<\/strong><\/p>\n<ol class=\"custom-numbering\">\n<li>prowadzenie i koordynowanie prac zwi\u0105zanych z komercjalizacj\u0105 bezpo\u015bredni\u0105 wynik\u00f3w bada\u0144 naukowych, prac rozwojowych lub know-how uzyskiwanych w PB;<\/li>\n<li>inicjowanie dzia\u0142a\u0144 zmierzaj\u0105cych do uzyskania zewn\u0119trznego finansowania projekt\u00f3w, maj\u0105cych na celu komercjalizacj\u0119 wynik\u00f3w, w szczeg\u00f3lno\u015bci uzyskiwanych w PB;<\/li>\n<li>podnoszenie wiedzy pracownik\u00f3w, doktorant\u00f3w i student\u00f3w PB w zakresie ochrony praw w\u0142asno\u015bci intelektualnej oraz komercjalizacji, transferu technologii do gospodarki i wsp\u00f3\u0142pracy z otoczeniem gospodarczym;<\/li>\n<li>wsp\u00f3\u0142praca z Akademickim Inkubatorem Przedsi\u0119biorczo\u015bci PB we wspieraniu organizowania i prowadzenia dzia\u0142alno\u015bci gospodarczej przez pracownik\u00f3w, doktorant\u00f3w i student\u00f3w Uczelni;<\/li>\n<li>wsp\u00f3\u0142praca ze sp\u00f3\u0142kami celowymi Politechniki Bia\u0142ostockiej;<\/li>\n<li>podejmowanie dzia\u0142a\u0144 w zakresie oceny potencja\u0142u komercjalizacyjnego i ochrony wynik\u00f3w bada\u0144 naukowych, prac rozwojowych lub know-how, materia\u0142\u00f3w dydaktycznych, stanowisk badawczych i dydaktycznych oraz wynik\u00f3w prac projekt\u00f3w studenckich, uzyskiwanych w PB;<\/li>\n<li>podejmowanie dzia\u0142a\u0144 w zakresie podnoszenia poziomu gotowo\u015bci technologicznej wynik\u00f3w prac B+R w Uczelni;<\/li>\n<li>wsp\u00f3\u0142praca z innymi jednostkami organizacyjnymi PB w zakresie swojej dzia\u0142alno\u015bci, w tym z Pe\u0142nomocnikiem Rektora ds. wsp\u00f3\u0142pracy z przedsi\u0119biorcami i instytucjami oko\u0142obiznesowymi;<\/li>\n<li>rozwijanie i inicjowanie bezpo\u015bredniej wsp\u00f3\u0142pracy oraz tworzenie sieciowych powi\u0105za\u0144 mi\u0119dzy PB i przedsi\u0119biorcami, w szczeg\u00f3lno\u015bci sp\u00f3\u0142kami celowymi PB;<\/li>\n<li>nadz\u00f3r nad realizacj\u0105 um\u00f3w, zawartych z podmiotami gospodarczymi i innymi podmiotami zewn\u0119trznymi w zakresie dzia\u0142alno\u015bci prowadzonej przez CTT;<\/li>\n<li>wsp\u00f3\u0142praca z instytucjami otoczenia spo\u0142eczno-gospodarczego, organami samorz\u0105du terytorialnego i przedsi\u0119biorcami na rzecz podnoszenia konkurencyjno\u015bci regionu Podlasia w dziedzinie przedsi\u0119biorczo\u015bci, bada\u0144 i rozwoju technologicznego oraz innowacyjno\u015bci;<\/li>\n<li>wsp\u00f3\u0142praca z organami samorz\u0105dowymi i rz\u0105dowymi, publicznymi i prywatnymi jednostkami naukowymi oraz organizacjami pozarz\u0105dowymi w kraju i za granic\u0105 w dziedzinach maj\u0105cych zwi\u0105zek z upowszechnianiem i rozwijaniem dzia\u0142a\u0144 proinnowacyjnych, transferu technologii i przedsi\u0119biorczo\u015bci;<\/li>\n<li>rozwijanie idei przedsi\u0119biorczo\u015bci, prowadzenie us\u0142ug informacyjnych, doradczych, prowadzenie i organizacja m.in. szkole\u0144, konferencji, targ\u00f3w, sympozj\u00f3w oraz wsp\u00f3\u0142pracy mi\u0119dzynarodowej;<\/li>\n<li>wspieranie realizacji projekt\u00f3w w zakresie komercjalizacji i przedsi\u0119biorczo\u015bci, finansowanych z zewn\u0119trznych \u017ar\u00f3de\u0142;<\/li>\n<li>promocja i upowszechnienie osi\u0105gni\u0119\u0107 nauki i techniki w zakresie nowych technologii i projekt\u00f3w badawczo-rozwojowych, w szczeg\u00f3lno\u015bci oferty technologicznej PB;<\/li>\n<li>opracowanie informator\u00f3w, biuletyn\u00f3w, poradnik\u00f3w, materia\u0142\u00f3w szkoleniowych, konferencyjnych itp. w zakresie dzia\u0142alno\u015bci prowadzonej przez CTT oraz opracowanie i aktualizacja oferty us\u0142ug B+R Uczelni, we wsp\u00f3\u0142pracy z innymi jednostkami Uczelni;<\/li>\n<li>wykonywanie innych zada\u0144 zlecanych przez w\u0142adze Politechniki Bia\u0142ostockiej.<\/li>\n<\/ol>\n<p>Centrum Transferu Technologii dzia\u0142a w ramach Uczelni na postawie <a href=\"https:\/\/bip.pb.edu.pl\/?event=informacja&amp;id=22697\">Regulaminu Organizacyjnego Politechniki Bia\u0142ostockiej.<\/a><\/p>\n<p><a href=\"https:\/\/box.biaman.pl\/f\/701b74f0bf4e4049a60d\/\">Regulamin Zarz\u0105dzania W\u0142asno\u015bci\u0105 Intelektualn\u0105 w Politechnice Bia\u0142ostockiej<\/a><\/p>\n","protected":false},"excerpt":{"rendered":"<p>Centrum Transferu Technologii Politechniki Bia\u0142ostockiej (CTT PB) jest og\u00f3lnouczelnian\u0105 jednostk\u0105 powo\u0142an\u0105 w celu komercjalizacji bezpo\u015bredniej,<\/p>\n","protected":false},"author":2,"featured_media":0,"parent":0,"menu_order":2,"comment_status":"closed","ping_status":"closed","template":"","meta":{"_acf_changed":false,"ngg_post_thumbnail":0,"footnotes":""},"class_list":["post-2162","page","type-page","status-publish","hentry"],"acf":[],"_links":{"self":[{"href":"https:\/\/pb.edu.pl\/ctt\/wp-json\/wp\/v2\/pages\/2162","targetHints":{"allow":["GET"]}}],"collection":[{"href":"https:\/\/pb.edu.pl\/ctt\/wp-json\/wp\/v2\/pages"}],"about":[{"href":"https:\/\/pb.edu.pl\/ctt\/wp-json\/wp\/v2\/types\/page"}],"author":[{"embeddable":true,"href":"https:\/\/pb.edu.pl\/ctt\/wp-json\/wp\/v2\/users\/2"}],"replies":[{"embeddable":true,"href":"https:\/\/pb.edu.pl\/ctt\/wp-json\/wp\/v2\/comments?post=2162"}],"version-history":[{"count":2,"href":"https:\/\/pb.edu.pl\/ctt\/wp-json\/wp\/v2\/pages\/2162\/revisions"}],"predecessor-version":[{"id":2701,"href":"https:\/\/pb.edu.pl\/ctt\/wp-json\/wp\/v2\/pages\/2162\/revisions\/2701"}],"wp:attachment":[{"href":"https:\/\/pb.edu.pl\/ctt\/wp-json\/wp\/v2\/media?parent=2162"}],"curies":[{"name":"wp","href":"https:\/\/api.w.org\/{rel}","templated":true}]}}