{"id":1083,"date":"2023-06-27T19:59:35","date_gmt":"2023-06-27T17:59:35","guid":{"rendered":"https:\/\/pb.edu.pl\/ctt\/?page_id=1083"},"modified":"2025-04-11T11:16:34","modified_gmt":"2025-04-11T09:16:34","slug":"kontakt","status":"publish","type":"page","link":"https:\/\/pb.edu.pl\/ctt\/kontakt\/","title":{"rendered":"Kontakt"},"content":{"rendered":"<div class=\"h3\">Dyrektor CTT<\/div>\n<p>dr hab. in\u017c. Maciej Zajkowski, prof. PB<br \/>\n<i class=\"fal fa-envelope\"><\/i> <a href=\"#\" rel=\"nofollow\"  onclick=\"this.href='mailto:' + 'ctt.dyrektor' + '@' + 'pb.edu.pl'\">ctt.dyrektor [at] pb.edu.pl<\/a>\n<div class=\"h3\">Zesp\u00f3\u0142 ds. Administracyjnych<\/div>\n<p><i class=\"fal fa-envelope\"><\/i> <a href=\"#\" rel=\"nofollow\"  onclick=\"this.href='mailto:' + 'ctt.biuro' + '@' + 'pb.edu.pl'\">ctt.biuro [at] pb.edu.pl<\/a>\n<div class=\"h3\">O\u015brodek W\u0142asno\u015bci Intelektualnej<\/div>\n<p><a href=\"https:\/\/pb.edu.pl\/owi\/kontakt\/\">O\u015brodek W\u0142asno\u015bci Intelektualnej<\/a><\/p>\n<p><i class=\"fal fa-envelope\"><\/i> <a href=\"#\" rel=\"nofollow\"  onclick=\"this.href='mailto:' + 'owi' + '@' + 'pb.edu.pl'\">owi [at] pb.edu.pl<\/a>\n<div class=\"h3\">O\u015brodek Transferu Technologii i Wsp\u00f3\u0142pracy z Gospodark\u0105<\/div>\n","protected":false},"excerpt":{"rendered":"<p>Dyrektor CTT dr hab. in\u017c. Maciej Zajkowski, prof. PB Zesp\u00f3\u0142 ds. Administracyjnych O\u015brodek W\u0142asno\u015bci Intelektualnej<\/p>\n","protected":false},"author":2,"featured_media":0,"parent":0,"menu_order":6,"comment_status":"closed","ping_status":"closed","template":"","meta":{"_acf_changed":false,"ngg_post_thumbnail":0,"footnotes":""},"class_list":["post-1083","page","type-page","status-publish","hentry"],"acf":[],"_links":{"self":[{"href":"https:\/\/pb.edu.pl\/ctt\/wp-json\/wp\/v2\/pages\/1083","targetHints":{"allow":["GET"]}}],"collection":[{"href":"https:\/\/pb.edu.pl\/ctt\/wp-json\/wp\/v2\/pages"}],"about":[{"href":"https:\/\/pb.edu.pl\/ctt\/wp-json\/wp\/v2\/types\/page"}],"author":[{"embeddable":true,"href":"https:\/\/pb.edu.pl\/ctt\/wp-json\/wp\/v2\/users\/2"}],"replies":[{"embeddable":true,"href":"https:\/\/pb.edu.pl\/ctt\/wp-json\/wp\/v2\/comments?post=1083"}],"version-history":[{"count":0,"href":"https:\/\/pb.edu.pl\/ctt\/wp-json\/wp\/v2\/pages\/1083\/revisions"}],"wp:attachment":[{"href":"https:\/\/pb.edu.pl\/ctt\/wp-json\/wp\/v2\/media?parent=1083"}],"curies":[{"name":"wp","href":"https:\/\/api.w.org\/{rel}","templated":true}]}}