{"id":2435,"date":"2024-02-16T10:38:19","date_gmt":"2024-02-16T09:38:19","guid":{"rendered":"https:\/\/pb.edu.pl\/cisim\/?page_id=2435"},"modified":"2024-02-16T10:38:19","modified_gmt":"2024-02-16T09:38:19","slug":"international-program-committee","status":"publish","type":"page","link":"https:\/\/pb.edu.pl\/cisim\/previous-conferences\/cisim-2021\/international-program-committee\/","title":{"rendered":"International Program Committee"},"content":{"rendered":"<p><em>Waleed Abdulla, University of Auckland, New Zealand<\/em><\/p>\n<p><em>Raid Al-Tahir, Univ of the West Indies, Tr. and Tobago<\/em><\/p>\n<p><em>Adrian Atanasiu, Bucharest University, Romania<\/em><\/p>\n<p><em>Aditya Bagchi, Indian Statistical Institute, India<\/em><\/p>\n<p><em>Valentina Emilia Balas, University of Arad, Romania<\/em><\/p>\n<p><em>Anna Bartkowiak, Wroc\u0142aw University, Poland<\/em><\/p>\n<p>Daniela Borissova, Bulgarian Academy of Sciences<\/p>\n<p><em>Rahma Boucetta, National Engg School of Gabes, Tunisia<\/em><\/p>\n<p><em>Nabendu Chaki, University of Calcutta, India<\/em><\/p>\n<p><em>Rituparna Chaki, University of Calcutta, India<\/em><\/p>\n<p>Young-Im Cho, Gachon University, South Korea<\/p>\n<p><em>Melissa Acosta Coll,&nbsp;<\/em><a href=\"https:\/\/scholar.google.com.co\/citations?view_op=view_org&amp;hl=es&amp;org=14776886160503306358\"><em>Universidad de la Costa<\/em><\/a><em>, Colombia<\/em><\/p>\n<p><em>Agostino Cortesi, Ca\u2019 Foscari University of Venice, Italy<\/em><\/p>\n<p><em>Dipankar Dasgupta, University of Memphis, USA<\/em><\/p>\n<p><em>Pierpaolo Degano, University of Pisa, Italy<\/em><\/p>\n<p><em>Ana Torregroza Espinoza,&nbsp;<\/em><a href=\"https:\/\/scholar.google.com.co\/citations?view_op=view_org&amp;hl=es&amp;org=14776886160503306358\"><em>Universidad de la Costa<\/em><\/a><em>, Colombia<\/em><\/p>\n<p><em>Riccardo Focardi, Ca\u2019 Foscari University of Venice, Italy<\/em><\/p>\n<p><em>Marina Gavrilova, University of Calgary, Canada&nbsp;<\/em><\/p>\n<p><em>Jan Devos, Ghent University, Belgium<\/em><\/p>\n<p><em>Andrzej Dobrucki, Wroc\u0142aw Univ. of Technology, Poland<\/em><\/p>\n<p><em>Ji\u0159\u00ed Dvorsk\u00fd, Technical Univ of Ostrava, Czech Republic<\/em><\/p>\n<p><em>David Dagan Feng, University of Sydney, Australia<\/em><\/p>\n<p><em>Pietro Ferrara, IBM T.J. Watson Research Center, U.S.A.<\/em><\/p>\n<p><em>Raju Halder, Ca\u2019 Foscari University of Venice, Italy<\/em><\/p>\n<p>Christopher Harris, State University of New York, USA<\/p>\n<p><em>Kauru Hirota, Tokyo Institute of Technology, Japan<\/em><\/p>\n<p><em>Khalide Jbilou, Universit\u00e9 du Littoral C\u00f4te d\u2019Opale, France<\/em><\/p>\n<p><em>Ryszard Kozera, The Univ of Western Australia, Australia<\/em><\/p>\n<p><em>Tom\u00e1\u0161 Kozubek, Technical Univ of Ostrava, Czech Republic<\/em><\/p>\n<p><em>Marek Lampart, Technical Univ of Ostrava, Czech Republic<\/em><\/p>\n<p><em>Christoph Lange, Fraunhofer, Germany&nbsp;<\/em><\/p>\n<p><em>Jens Lehmann, University of Bonn, Germany&nbsp;<\/em><\/p>\n<p><em>Flaminia Luccio, Ca\u2019&nbsp;Foscari University of Venice, Italy<\/em><\/p>\n<p><em>Pavel Moravec, Technical Univ of Ostrava, Czech Republic<\/em><\/p>\n<p><em>Romuald Mosdorf, Technical University of Bia\u0142ystok, Poland<\/em><\/p>\n<p><em>Debajyoti Mukhopadhyay, Maharashtra Inst. of Tech, India<\/em><\/p>\n<p><em>Yuko Murayama, Iwate University, Japan<\/em><\/p>\n<p><em>Nobuyuki Nishiuchi, Tokyo Metropolitan University, Japan<\/em><\/p>\n<p><em>Tadeusz Nowicki, Military University of Technology, Poland<\/em><\/p>\n<p><em>Andrzej<\/em><em>&nbsp;Pacut, Technical University of Warsaw, Poland<\/em><\/p>\n<p><em>Jerzy Peja\u015b, WPUT in Szczecin, Poland<\/em><\/p>\n<p><em>Marco Pistoia, IBM Watson Research Center, USA<\/em><\/p>\n<p><em>Igor Podolak, Jagiellonian University, Krak\u00f3w, Poland<\/em><\/p>\n<p><em>Jaroslav Pokorn\u00fd, Charles University, Czech Republic<\/em><\/p>\n<p><em>Piotr Porwik, University of Silesia, Poland<\/em><\/p>\n<p><em>Jan Preis-Heje, Ghent University, Netherlands<\/em><\/p>\n<p><em>S P Raja, Vel Tech University, Chennai, India<br \/>\nIsabel Ramos, University of Minho, Portugal<\/em><\/p>\n<p><em>Kenneth Regan, University at Buffalo, USA<\/em><\/p>\n<p><em>Khalid Saeed, Bia\u0142ystok University of Technology, Poland, chair<\/em><\/p>\n<p><em>Anirban Sarkar, NIT, Durgapore<\/em><\/p>\n<p><em>Ewa Skubalska-Rafaj\u0142owicz, Wroc\u0142aw Univ of Tech, Poland<\/em><\/p>\n<p>Kate\u0159ina Slaninov\u00e1,&nbsp;<em>Tech. Univ of Ostrava, Czech Republic<\/em>&nbsp;<\/p>\n<p><em>Krzysztof \u015alot, Lodz University of Technology, Poland<\/em><\/p>\n<p><em>V\u00e1clav Sn\u00e1\u0161el, Technical Univ of Ostrava, Czech Republic<\/em><\/p>\n<p><em>Zenon Sosnowski, Bialystok Univ of Tech, Poland<\/em><\/p>\n<p><em>Jaroslaw Stepaniuk,&nbsp;<\/em><em>Bialystok Univ of Tech, Poland<\/em><\/p>\n<p><em>Marcin Szpyrka, AGH Univ. of Sc and Tech, Krak\u00f3w, Poland&nbsp;<\/em><\/p>\n<p><em>Jacek Tabor, Jagiellonian University, Krak\u00f3w, Poland<\/em><\/p>\n<p><em>Pavel Tu\u010dek, Palack\u00fd Univ., Czech Republic<\/em><\/p>\n<p><em>Andrea Torsello, Ca\u2019 Foscari University of Venice, Italy<\/em><\/p>\n<p><em>Nitin Upadhyay, BITS Pilani, India<\/em><\/p>\n<p><em>Qiang Wei, Tsinghua University, Beijing, China<\/em><\/p>\n<p><em>S\u0142awomir Wierzcho\u0144, Polish Academy of Sc, Warsaw, Poland<\/em><\/p>\n<p><em>Micha\u0142 Wo\u017aniak, Wroclaw University of Technology, Poland<\/em><\/p>\n<p><em>S\u0142awomir Zadro\u017cny,<\/em>&nbsp;Polish&nbsp;Academy of Sciences, Poland<\/p>\n","protected":false},"excerpt":{"rendered":"<p>Waleed Abdulla, University of Auckland, New Zealand Raid Al-Tahir, Univ of the West Indies, Tr.<\/p>\n","protected":false},"author":161,"featured_media":0,"parent":2201,"menu_order":0,"comment_status":"closed","ping_status":"closed","template":"","meta":{"_acf_changed":false,"ngg_post_thumbnail":0,"footnotes":""},"class_list":["post-2435","page","type-page","status-publish","hentry"],"acf":[],"_links":{"self":[{"href":"https:\/\/pb.edu.pl\/cisim\/wp-json\/wp\/v2\/pages\/2435","targetHints":{"allow":["GET"]}}],"collection":[{"href":"https:\/\/pb.edu.pl\/cisim\/wp-json\/wp\/v2\/pages"}],"about":[{"href":"https:\/\/pb.edu.pl\/cisim\/wp-json\/wp\/v2\/types\/page"}],"author":[{"embeddable":true,"href":"https:\/\/pb.edu.pl\/cisim\/wp-json\/wp\/v2\/users\/161"}],"replies":[{"embeddable":true,"href":"https:\/\/pb.edu.pl\/cisim\/wp-json\/wp\/v2\/comments?post=2435"}],"version-history":[{"count":0,"href":"https:\/\/pb.edu.pl\/cisim\/wp-json\/wp\/v2\/pages\/2435\/revisions"}],"up":[{"embeddable":true,"href":"https:\/\/pb.edu.pl\/cisim\/wp-json\/wp\/v2\/pages\/2201"}],"wp:attachment":[{"href":"https:\/\/pb.edu.pl\/cisim\/wp-json\/wp\/v2\/media?parent=2435"}],"curies":[{"name":"wp","href":"https:\/\/api.w.org\/{rel}","templated":true}]}}