{"id":2366,"date":"2024-02-16T09:07:07","date_gmt":"2024-02-16T08:07:07","guid":{"rendered":"https:\/\/pb.edu.pl\/cisim\/?page_id=2366"},"modified":"2024-02-16T09:07:07","modified_gmt":"2024-02-16T08:07:07","slug":"international-program-committee","status":"publish","type":"page","link":"https:\/\/pb.edu.pl\/cisim\/previous-conferences\/cisim-2022\/international-program-committee\/","title":{"rendered":"International Program Committee"},"content":{"rendered":"<ul class=\"nodecor\">\n<li><em>Khalid Saeed, Bia\u0142ystok University of Technology, Poland, chair<\/em><\/li>\n<li><em>Ji\u0159\u00ed Dvorsk\u00fd<strong>,<\/strong><\/em>&nbsp;<em>V\u0160B,&nbsp;<\/em>Czech Republic,<em>&nbsp;chair<\/em><\/li>\n<li><em>Waleed Abdulla, University of Auckland, New Zealand<\/em><\/li>\n<li><em>Raid Al-Tahir, Univ of the West Indies, Tr. and Tobago<\/em><\/li>\n<li><em>Valentina Emilia Balas, University of Arad, Romania<\/em><\/li>\n<li><em>Mauricio Barrios, CUC, Colombia<\/em><\/li>\n<li><em>Anna Bartkowiak, Wroc\u0142aw University, Poland<\/em><\/li>\n<li><em>Alessandra De Benedictis, Univ. of Naples Federico II, Italy<\/em><\/li>\n<li><em>Daniela<\/em><em>&nbsp;Borissova, Bulgarian Academy of Sciences<\/em><\/li>\n<li><em>Rahma Boucetta, National Engg School of Gabes, Tunisia<\/em><\/li>\n<li><em>Shariz Butt Aziz, University of Lahore, Pakistan<\/em><\/li>\n<li><em>Nabendu Chaki, University of Calcutta, India<\/em><\/li>\n<li><em>Rituparna Chaki, University of Calcutta, India<\/em><\/li>\n<li><em>Young-Im Cho, Gachon University, South Korea<\/em><\/li>\n<li><em>Melissa Acosta Coll,&nbsp;<\/em><a href=\"https:\/\/scholar.google.com.co\/citations?view_op=view_org&amp;hl=es&amp;org=14776886160503306358\"><em>Universidad de la Costa<\/em><\/a><em>, Colombia<\/em><\/li>\n<li><em>Agostino Cortesi, Ca\u2019 Foscari University of Venice, Italy<\/em><\/li>\n<li><em>Fernando Crespo, Universidad Alberto Hurtado, Chile<\/em><\/li>\n<li><em>Pierpaolo Degano, University of Pisa, Italy<\/em><\/li>\n<li><em>Jan Devos, Ghent University, Belgium<\/em><\/li>\n<li><em>Andrzej Dobrucki, Wroc\u0142aw Univ. of Technology, Poland<\/em><\/li>\n<li><em>Guilherme Luiz Dotto, Santa Maria Federal University, Brasil<\/em><\/li>\n<li><em>David Dagan Feng, University of Sydney, Australia<\/em><\/li>\n<li><em>Pietro Ferrara, Ca\u2019 Foscari University of Venice, Italy<\/em><\/li>\n<li><em>Riccardo Focardi, Ca\u2019 Foscari University of Venice, Italy<\/em><\/li>\n<li><em>Margarita Gamarra, CUC, Colombia<\/em><\/li>\n<li><em>Marina Gavrilova, University of Calgary, Canada&nbsp;<\/em><\/li>\n<li><em>Raju Halder, Ca\u2019 Foscari University of Venice, Italy<\/em><\/li>\n<li>Christopher Harris, State University of New York, USA<\/li>\n<li><em>Kauru Hirota, Tokyo Institute of Technology, Japan<\/em><\/li>\n<li><em>Valentina Janev,&nbsp;<\/em><em>Mihajlo Pupin Institute, Serbia<\/em><\/li>\n<li><em>Khalide Jbilou, Universit\u00e9 du Littoral C\u00f4te d\u2019Opale, France<\/em><\/li>\n<li><em>Ryszard Kozera, The Univ of Western Australia, Australia<\/em><\/li>\n<li><em>Christoph Lange, Fraunhofer, Germany<\/em><\/li>\n<li><em>Jens Lehmann, University of Bonn, Germany<\/em><\/li>\n<li><em>Flor Lizeth Torres Ortiz, UNAM, Mexico<\/em><\/li>\n<li><em>Flaminia Luccio, Ca\u2019 Foscari University of Venice, Italy<\/em><\/li>\n<li><em>Makoto Fukumoto, Fukuoka Institute of Technology, Japan<\/em><\/li>\n<li><em>Jan Martinovic, V\u0160B, Czech Republic<\/em><\/li>\n<li><em>Pavel Moravec, Technical Univ of Ostrava, Czech Republic<\/em><\/li>\n<li><em>Rodolfo<\/em><em>&nbsp;Moreno, Universidad Nacional de Ingenieria, Peru<\/em><\/li>\n<li><em>Romuald Mosdorf, Technical University of Bia\u0142ystok, Poland<\/em><\/li>\n<li><em>Debajyoti Mukhopadhyay, Maharashtra Inst. of Tech, India<\/em><\/li>\n<li><em>Yuko Murayama, Iwate University, Japan<\/em><\/li>\n<li><em>Nobuyuki Nishiuchi, Tokyo Metropolitan University, Japan<\/em><\/li>\n<li><em>Tadeusz Nowicki, Military University of Technology, Poland<\/em><\/li>\n<li><em>Andrzej Pacut, Technical University of Warsaw, Poland<\/em><\/li>\n<li><em>Jerzy Peja\u015b, WPUT in Szczecin, Poland<\/em><\/li>\n<li><em>Marco Pistoia, IBM Watson Research Center, USA<\/em><\/li>\n<li><em>Ivan Portnoy, CUC, Colombia<\/em><\/li>\n<li><em>Piotr Porwik, University of Silesia, Poland<\/em><\/li>\n<li><em>Jan Preis-Heje, Ghent University, Netherlands<\/em><\/li>\n<li><em>S P Raja, Vellore Institute of Technology, India<\/em><\/li>\n<li><em>Diana Ramirez, Rensseelaer Institute, USA<\/em><\/li>\n<li><em>Isabel Ramos, University of Minho, Portugal<\/em><\/li>\n<li><em>Kenneth Regan, University at Buffalo, USA<\/em><\/li>\n<li><em>Dixon Salcedo, CUC, Colombia<\/em><\/li>\n<li><em>Anirban Sarkar, NIT, Durgapore<\/em><\/li>\n<li>Rafal Scherer, PCz, Poland<\/li>\n<li><em>Ewa Skubalska-Rafaj\u0142owicz, Wroc\u0142aw Univ of Tech, Poland<\/em><\/li>\n<li>Kate\u0159ina Slaninov\u00e1,&nbsp;<em>V\u0160B,&nbsp;<\/em>Czech Republic&nbsp;<em>&nbsp;<\/em><\/li>\n<li><em>Zenon Sosnowski, Bialystok Univ of Tech, Poland<\/em><\/li>\n<li><em>Jaroslaw Stepaniuk, Bialystok Univ of Tech, Poland<\/em><\/li>\n<li><em>Marcin Szpyrka, AGH Univ. of Sc and Tech, Krak\u00f3w, Poland<\/em><\/li>\n<li><em>Qiang Wei, Tsinghua University, Beijing, China<\/em><\/li>\n<li><em>S\u0142awomir Wierzcho\u0144, Polish Academy of Sc, Warsaw, Poland<\/em><\/li>\n<li><em>Micha\u0142 Wo\u017aniak, Wroclaw University of Technology, Poland<\/em><\/li>\n<li><em>S\u0142awomir Zadro\u017cny,<\/em>&nbsp;Polish Academy of Sciences, Poland<\/li>\n<\/ul>\n","protected":false},"excerpt":{"rendered":"<p>Khalid Saeed, Bia\u0142ystok University of Technology, Poland, chair Ji\u0159\u00ed Dvorsk\u00fd,&nbsp;V\u0160B,&nbsp;Czech Republic,&nbsp;chair Waleed Abdulla, University of<\/p>\n","protected":false},"author":161,"featured_media":0,"parent":2200,"menu_order":0,"comment_status":"closed","ping_status":"closed","template":"","meta":{"_acf_changed":false,"ngg_post_thumbnail":0,"footnotes":""},"class_list":["post-2366","page","type-page","status-publish","hentry"],"acf":[],"_links":{"self":[{"href":"https:\/\/pb.edu.pl\/cisim\/wp-json\/wp\/v2\/pages\/2366","targetHints":{"allow":["GET"]}}],"collection":[{"href":"https:\/\/pb.edu.pl\/cisim\/wp-json\/wp\/v2\/pages"}],"about":[{"href":"https:\/\/pb.edu.pl\/cisim\/wp-json\/wp\/v2\/types\/page"}],"author":[{"embeddable":true,"href":"https:\/\/pb.edu.pl\/cisim\/wp-json\/wp\/v2\/users\/161"}],"replies":[{"embeddable":true,"href":"https:\/\/pb.edu.pl\/cisim\/wp-json\/wp\/v2\/comments?post=2366"}],"version-history":[{"count":0,"href":"https:\/\/pb.edu.pl\/cisim\/wp-json\/wp\/v2\/pages\/2366\/revisions"}],"up":[{"embeddable":true,"href":"https:\/\/pb.edu.pl\/cisim\/wp-json\/wp\/v2\/pages\/2200"}],"wp:attachment":[{"href":"https:\/\/pb.edu.pl\/cisim\/wp-json\/wp\/v2\/media?parent=2366"}],"curies":[{"name":"wp","href":"https:\/\/api.w.org\/{rel}","templated":true}]}}