{"id":2220,"date":"2024-02-13T09:20:59","date_gmt":"2024-02-13T08:20:59","guid":{"rendered":"https:\/\/pb.edu.pl\/cisim\/?page_id=2220"},"modified":"2026-03-17T20:54:24","modified_gmt":"2026-03-17T19:54:24","slug":"international-program-committee","status":"publish","type":"page","link":"https:\/\/pb.edu.pl\/cisim\/international-program-committee\/","title":{"rendered":"International Program Committee"},"content":{"rendered":"<ul class=\"nodecor\">\n<li>Khalid Saeed, <em>BUT, Poland, chair<\/em><\/li>\n<li>Ji\u0159\u00ed Dvorsk\u00fd, <em>V\u0160B, Czech Republic, chair<\/em>&nbsp;<\/li>\n<li>Robert Burduk, <em>Wroclaw University of Technology, Poland<\/em><\/li>\n<li>Rahma Boucetta, <em>National Engg School of Gabes, Tunisia<\/em><\/li>\n<li>Nabendu Chaki, <em>University of Calcutta, India<\/em><\/li>\n<li>Rituparna Chaki, <em>University of Calcutta, India<\/em><\/li>\n<li>Micha\u0142 Chora\u015b, <em>Bydgoszcz Technical University, Poland<\/em><\/li>\n<li>Agostino Cortesi, <em>Ca&#8217; Foscari University of Venice, Italy<\/em><\/li>\n<li>Makoto Fukumoto, <em>Fukuoka Institute of Technology, Japan<\/em><\/li>\n<li>Acosta Margarita Gamarra, <em>Universidad de la Costa, Colombia<\/em><\/li>\n<li>Marina Gavrilova, <em>University of Calgary, Canada<\/em><\/li>\n<li>Jose Escorcia Gutierrez, <em>Universidad de la Costa, Colombia<\/em><\/li>\n<li>Raju Halder, <em>Ca&#8217; Foscari University of Venice, Italy<\/em><\/li>\n<li>W\u0142adys\u0142aw Homenda, <em>Warsaw Univ. of Technology, Poland<\/em><\/li>\n<li>Krzysztof K\u0142opotek, <em>Polish Academy of Sc, Warsaw, Poland<\/em><\/li>\n<li>Ryszard Kozera, <em>The Univ of Western Australia, Australia<\/em><\/li>\n<li>Marek Lampart, <em>Technical Univ of Ostrava, Czech Republic<\/em><\/li>\n<li>Pavel Moravec, <em>Technical Univ of Ostrava, Czech Republic<\/em><\/li>\n<li>Dionicio Neira, <em>Universidad de la Costa, Colombia<\/em><\/li>\n<li>Nobuyuki Nishiuchi, <em>Tokyo Metropolitan University, Japan<\/em><\/li>\n<li>Tadeusz Nowicki, <em>Military University of Technology, Poland<\/em><\/li>\n<li>Jerzy Peja\u015b, <em>WPUT in Szczecin, Poland<\/em><\/li>\n<li>Piotr Porwik,<em> University of Silesia, Poland<\/em><\/li>\n<li>S P Raja, <em>Vel Tech University, Chennai, India<\/em><\/li>\n<li>Kenneth Regan, <em>University at Buffalo, USA<\/em><\/li>\n<li>Ewa Skubalska-Rafaj\u0142owicz, <em>Wroc\u0142aw Univ of Tech, Poland<\/em><\/li>\n<li>Kate\u0159ina Slaninov\u00e1, <em>Tech. Univ of Ostrava, Czech Republic<\/em><\/li>\n<li>Zenon Sosnowski, <em>Bialystok Univ of Tech, Poland<\/em><\/li>\n<li>Marcin Szpyrka, <em>AGH Univ. of Sc and Tech, Krak\u00f3w, Poland<\/em><\/li>\n<li>S\u0142awomir Wierzcho\u0144, <em>Polish Academy of Sc, Warsaw, Poland<\/em><\/li>\n<li>Micha\u0142 Wo\u017aniak, <em>Wroclaw University of Technology, Poland&nbsp;<\/em><\/li>\n<li>S\u0142awomir Zadro\u017cny,<em> Polish Academy of Sciences, Poland<\/em><\/li>\n<\/ul>\n","protected":false},"excerpt":{"rendered":"<p>Khalid Saeed, BUT, Poland, chair Ji\u0159\u00ed Dvorsk\u00fd, V\u0160B, Czech Republic, chair&nbsp; Robert Burduk, Wroclaw University<\/p>\n","protected":false},"author":161,"featured_media":0,"parent":0,"menu_order":0,"comment_status":"closed","ping_status":"closed","template":"","meta":{"_acf_changed":false,"ngg_post_thumbnail":0,"footnotes":""},"class_list":["post-2220","page","type-page","status-publish","hentry"],"acf":[],"_links":{"self":[{"href":"https:\/\/pb.edu.pl\/cisim\/wp-json\/wp\/v2\/pages\/2220","targetHints":{"allow":["GET"]}}],"collection":[{"href":"https:\/\/pb.edu.pl\/cisim\/wp-json\/wp\/v2\/pages"}],"about":[{"href":"https:\/\/pb.edu.pl\/cisim\/wp-json\/wp\/v2\/types\/page"}],"author":[{"embeddable":true,"href":"https:\/\/pb.edu.pl\/cisim\/wp-json\/wp\/v2\/users\/161"}],"replies":[{"embeddable":true,"href":"https:\/\/pb.edu.pl\/cisim\/wp-json\/wp\/v2\/comments?post=2220"}],"version-history":[{"count":5,"href":"https:\/\/pb.edu.pl\/cisim\/wp-json\/wp\/v2\/pages\/2220\/revisions"}],"predecessor-version":[{"id":2953,"href":"https:\/\/pb.edu.pl\/cisim\/wp-json\/wp\/v2\/pages\/2220\/revisions\/2953"}],"wp:attachment":[{"href":"https:\/\/pb.edu.pl\/cisim\/wp-json\/wp\/v2\/media?parent=2220"}],"curies":[{"name":"wp","href":"https:\/\/api.w.org\/{rel}","templated":true}]}}