{"id":50,"date":"2020-09-22T23:53:29","date_gmt":"2020-09-22T21:53:29","guid":{"rendered":"https:\/\/pb.edu.pl\/deb\/?page_id=50"},"modified":"2025-04-29T19:10:50","modified_gmt":"2025-04-29T17:10:50","slug":"kontakt","status":"publish","type":"page","link":"https:\/\/pb.edu.pl\/cir\/kontakt\/","title":{"rendered":"Kontakt"},"content":{"rendered":"<div class=\"h3\">Centrum Inwestycji i Remont\u00f3w Politechniki Bia\u0142ostockiej<\/div>\n<p>ul. Zwierzyniecka 10<br \/>\n15-333 Bia\u0142ystok<\/p>\n<p><strong>Dyrektor<\/strong><br \/>\nmgr in\u017c. Tomasz Prytu\u0142a<br \/>\n <i class=\"fal fa-envelope\"><\/i> <a href=\"#\" rel=\"nofollow\"  onclick=\"this.href='mailto:' + 'tomasz.prytula' + '@' + 'pb.edu.pl'\">tomasz.prytula [at] pb.edu.pl<\/a>\n<p><i class=\"fal fa-phone\"><\/i> 85 746 70 33<br \/>\n&nbsp;<br \/>\n<strong>Zast\u0119pca Dyrektora<\/strong><br \/>\nmgr in\u017c. Janina Panasewicz-Godlewska<br \/>\n <i class=\"fal fa-envelope\"><\/i> <a href=\"#\" rel=\"nofollow\"  onclick=\"this.href='mailto:' + 'j.panasewicz' + '@' + 'pb.edu.pl'\">j.panasewicz [at] pb.edu.pl<\/a>\n<p><i class=\"fal fa-phone\"><\/i> 85 746 70 33<\/p>\n<div class=\"h3\">Inspektorzy nadzoru inwestorskiego w Politechnice Bia\u0142ostockiej<\/div>\n<p><strong>mgr in\u017c. Monika Barszczewska<\/strong><br \/>\n <i class=\"fal fa-envelope\"><\/i> <a href=\"#\" rel=\"nofollow\"  onclick=\"this.href='mailto:' + 'monika.barszczewska' + '@' + 'pb.edu.pl'\">monika.barszczewska [at] pb.edu.pl<\/a>\n<p><i class=\"fal fa-phone\"><\/i> tel. 85 746 97 67<br \/>\n&nbsp;<br \/>\n<strong>mgr in\u017c. Dariusz Filimoniuk <\/strong><br \/>\n <i class=\"fal fa-envelope\"><\/i> <a href=\"#\" rel=\"nofollow\"  onclick=\"this.href='mailto:' + 'd.filimoniuk' + '@' + 'pb.edu.pl'\">d.filimoniuk [at] pb.edu.pl<\/a>\n<p><i class=\"fal fa-phone\"><\/i> 85 746 97 67<br \/>\n&nbsp;<br \/>\n<strong>in\u017c. Marcin Janczewski<\/strong><br \/>\n <i class=\"fal fa-envelope\"><\/i> <a href=\"#\" rel=\"nofollow\"  onclick=\"this.href='mailto:' + 'm.janczewski' + '@' + 'pb.edu.pl'\">m.janczewski [at] pb.edu.pl<\/a>\n<p><i class=\"fal fa-phone\"><\/i> 85 746 97 73<br \/>\n&nbsp;<br \/>\n<strong>mgr in\u017c. Magdalena Jemielita<\/strong><br \/>\n <i class=\"fal fa-envelope\"><\/i> <a href=\"#\" rel=\"nofollow\"  onclick=\"this.href='mailto:' + 'magdalena.jemielita' + '@' + 'pb.edu.pl'\">magdalena.jemielita [at] pb.edu.pl<\/a>\n<p><i class=\"fal fa-phone\"><\/i> 85 746 91 71<br \/>\n&nbsp;<br \/>\n<strong>mgr in\u017c. Marta \u0141aska-Krasowska<\/strong><br \/>\n <i class=\"fal fa-envelope\"><\/i> <a href=\"#\" rel=\"nofollow\"  onclick=\"this.href='mailto:' + 'm.laska' + '@' + 'pb.ed.pl'\">m.laska [at] pb.ed.pl<\/a>\n<p><i class=\"fal fa-phone\"><\/i> 85 746 97 73<br \/>\n&nbsp;<br \/>\n<strong>mgr in\u017c. Dariusz Przemys\u0142aw Sadowski<\/strong><br \/>\n <i class=\"fal fa-envelope\"><\/i> <a href=\"#\" rel=\"nofollow\"  onclick=\"this.href='mailto:' + 'dariusz.sadowski' + '@' + 'pb.edu.pl'\">dariusz.sadowski [at] pb.edu.pl<\/a>\n<p><i class=\"fal fa-phone\"><\/i> 85 746 91 71<br \/>\n&nbsp;<br \/>\n<strong>mgr in\u017c. Marcin Sienkiewicz<\/strong><br \/>\n <i class=\"fal fa-envelope\"><\/i> <a href=\"#\" rel=\"nofollow\"  onclick=\"this.href='mailto:' + 'marcin.sienkiewicz' + '@' + 'pb.edu.pl'\">marcin.sienkiewicz [at] pb.edu.pl<\/a>\n<p><i class=\"fal fa-phone\"><\/i> 85 746 97 73<\/p>\n","protected":false},"excerpt":{"rendered":"<p>Centrum Inwestycji i Remont\u00f3w Politechniki Bia\u0142ostockiej ul. Zwierzyniecka 10 15-333 Bia\u0142ystok Dyrektor mgr in\u017c. Tomasz<\/p>\n","protected":false},"author":2,"featured_media":0,"parent":0,"menu_order":6,"comment_status":"closed","ping_status":"closed","template":"","meta":{"_acf_changed":false,"ngg_post_thumbnail":0,"footnotes":""},"class_list":["post-50","page","type-page","status-publish","hentry"],"acf":[],"_links":{"self":[{"href":"https:\/\/pb.edu.pl\/cir\/wp-json\/wp\/v2\/pages\/50","targetHints":{"allow":["GET"]}}],"collection":[{"href":"https:\/\/pb.edu.pl\/cir\/wp-json\/wp\/v2\/pages"}],"about":[{"href":"https:\/\/pb.edu.pl\/cir\/wp-json\/wp\/v2\/types\/page"}],"author":[{"embeddable":true,"href":"https:\/\/pb.edu.pl\/cir\/wp-json\/wp\/v2\/users\/2"}],"replies":[{"embeddable":true,"href":"https:\/\/pb.edu.pl\/cir\/wp-json\/wp\/v2\/comments?post=50"}],"version-history":[{"count":0,"href":"https:\/\/pb.edu.pl\/cir\/wp-json\/wp\/v2\/pages\/50\/revisions"}],"wp:attachment":[{"href":"https:\/\/pb.edu.pl\/cir\/wp-json\/wp\/v2\/media?parent=50"}],"curies":[{"name":"wp","href":"https:\/\/api.w.org\/{rel}","templated":true}]}}