{"id":97,"date":"2019-03-02T17:03:06","date_gmt":"2019-03-02T16:03:06","guid":{"rendered":"https:\/\/pb.edu.pl\/chor\/?page_id=97"},"modified":"2023-10-27T07:52:22","modified_gmt":"2023-10-27T05:52:22","slug":"plyty","status":"publish","type":"page","link":"https:\/\/pb.edu.pl\/chor\/repertuar\/plyty\/","title":{"rendered":"P\u0142yty"},"content":{"rendered":"<p><strong>Zarejestrowane i wydane nagrania p\u0142ytowe z udzia\u0142em Ch\u00f3ru Politechniki Bia\u0142ostockiej.<\/strong><br \/>\n&nbsp;<br \/>\n<img loading=\"lazy\" decoding=\"async\" class=\"alignright wp-image-238\" src=\"https:\/\/pb.edu.pl\/chor\/wp-content\/uploads\/sites\/30\/2022\/04\/Koledy.jpg\" alt=\"ok\u0142adka p\u0142yty Kol\u0119dy - za gwiazd\u0105\" width=\"280\" height=\"284\" srcset=\"https:\/\/pb.edu.pl\/chor\/wp-content\/uploads\/sites\/30\/2022\/04\/Koledy.jpg 400w, https:\/\/pb.edu.pl\/chor\/wp-content\/uploads\/sites\/30\/2022\/04\/Koledy-296x300.jpg 296w\" sizes=\"auto, (max-width: 280px) 100vw, 280px\" \/><strong>KOL\u0118DY POLSKIE<\/strong><br \/>\n<em>Gdy si\u0119 Chrystus rodzi<br \/>\nJezus malusie\u0144ki<br \/>\nAnio\u0142 pasterzom m\u00f3wi\u0142<br \/>\nPrzybie\u017celi do Betlejem<br \/>\nW\u015br\u00f3d nocnej ciszy<br \/>\nLulaj\u017ce Jezuniu<br \/>\nW \u017c\u0142obie le\u017cy<br \/>\nGdy \u015bliczna Panna<br \/>\nBracia patrzcie jeno<br \/>\nZa gwiazd\u0105<br \/>\nHej, w Dzie\u0144 Narodzenia<\/em><\/p>\n<p>Kol\u0119dy polskie w wykonaniu Ch\u00f3ru Politechniki Bia\u0142ostockiej.<\/p>\n<p>Nagranie zrealizowane w Studio Rembrandt w&nbsp;Polskim Radio Bia\u0142ystok w 1999 roku.<\/p>\n<p>Dyrygent: Wioletta Mi\u0142kowska.<\/p>\n<p>Jest to pierwsza p\u0142yta naszego Ch\u00f3ru.<\/p>\n<hr>\n<p><img loading=\"lazy\" decoding=\"async\" class=\"alignright wp-image-249\" src=\"https:\/\/pb.edu.pl\/chor\/wp-content\/uploads\/sites\/30\/2022\/04\/Missa-brevis.jpg\" alt=\"ok\u0142adka p\u0142yty Missa brevis\" width=\"280\" height=\"283\" srcset=\"https:\/\/pb.edu.pl\/chor\/wp-content\/uploads\/sites\/30\/2022\/04\/Missa-brevis.jpg 400w, https:\/\/pb.edu.pl\/chor\/wp-content\/uploads\/sites\/30\/2022\/04\/Missa-brevis-297x300.jpg 297w\" sizes=\"auto, (max-width: 280px) 100vw, 280px\" \/><strong>W. A. Mozart &#8211; MISSA BREVIS F-DUR KV 192<\/strong><br \/>\n<em>Kyrie<br \/>\nGloria<br \/>\nCredo<br \/>\nSanctus<br \/>\nBenedictus<br \/>\nAgnus Dei<\/em><\/p>\n<p>Koncert z okazji Jubileuszu 50-lecia Politechniki Bia\u0142ostockiej.<\/p>\n<p>Partie solowe:<br \/>\nKatarzyna Trylnik &#8211; sopran, Anna Radziejewska &#8211; alt,<br \/>\nPiotr Rafa\u0142ko &#8211; tenor, Jaros\u0142aw Br\u0119k &#8211; bas.<\/p>\n<p>Dyrygent &#8211; Wioletta Mi\u0142kowska.<\/p>\n<p>Nagranie zarejestrowane w Bazylice Mniejszej NMP w Bia\u0142ymstoku 30 listopada 1999 roku.<\/p>\n<p>Realizacja techniczna nagrania S. Klibisz.<\/p>\n<hr>\n<p><img loading=\"lazy\" decoding=\"async\" class=\"alignright wp-image-258\" src=\"https:\/\/pb.edu.pl\/chor\/wp-content\/uploads\/sites\/30\/2022\/04\/Vivaldi.jpg\" alt=\"ok\u0142adka p\u0142yty Vivaldi\" width=\"280\" height=\"284\" srcset=\"https:\/\/pb.edu.pl\/chor\/wp-content\/uploads\/sites\/30\/2022\/04\/Vivaldi.jpg 400w, https:\/\/pb.edu.pl\/chor\/wp-content\/uploads\/sites\/30\/2022\/04\/Vivaldi-296x300.jpg 296w\" sizes=\"auto, (max-width: 280px) 100vw, 280px\" \/><strong>A. Vivaldi &#8211; MAGNIFICAT (RV 610a)<\/strong><br \/>\n<em>Et exultavit<br \/>\nEt misericirdia<br \/>\nFecit potentiam<br \/>\nDeposuit potentes<br \/>\nEsurientes plevit<br \/>\nSuscepit Israel<br \/>\nSicut locutus<\/em><\/p>\n<p><strong>A. Vivaldi &#8211; GLORIA (RV 589)<\/strong><br \/>\n<em>Gloria in excelsis<br \/>\nEt in terra pax<br \/>\nLaudamus Te<br \/>\nGratias agimus Tibi<br \/>\nPropter magnam gloriam<br \/>\nDomine Deus<br \/>\nDomine Fili Unigenite<br \/>\nDomine Deus, Agnus Dei<br \/>\nQui tollis<br \/>\nQui sedes add dexteram<br \/>\nQuoniam Tu solus Sanctus<br \/>\nCum Sancto Spiritu<\/em><\/p>\n<p>A. Vivaldi &#8211; Magnificat (RV 610a), Gloria (RV 589).<\/p>\n<p>Nagranie zrealizowane 19 maja 2002 roku w ko\u015bciele \u015aw. Wojciecha w Bia\u0142ymstoku.<\/p>\n<p>Partie solowe: Julita Wo\u0142osiuk &#8211; sopran, Marta Kuptel &#8211; sopran, Marcin Jakimowicz &#8211; kontratenor.<\/p>\n<p>Dyrygent &#8211; Wioletta Mi\u0142kowska.<\/p>\n<p>Projekt graficzny wydania: Monika Pr\u00f3chnicka.<\/p>\n<hr>\n<p><img loading=\"lazy\" decoding=\"async\" class=\"alignright wp-image-330\" src=\"https:\/\/pb.edu.pl\/chor\/wp-content\/uploads\/sites\/30\/2022\/04\/Jubileusz-25lat_750px.jpg\" alt=\"ok\u0142adka p\u0142yty JUBILEUSZ 25-LECIA CH\u00d3RU POLITECHNIKI BIA\u0141OSTOCKIEJ\" width=\"280\" height=\"292\" srcset=\"https:\/\/pb.edu.pl\/chor\/wp-content\/uploads\/sites\/30\/2022\/04\/Jubileusz-25lat_750px.jpg 750w, https:\/\/pb.edu.pl\/chor\/wp-content\/uploads\/sites\/30\/2022\/04\/Jubileusz-25lat_750px-288x300.jpg 288w\" sizes=\"auto, (max-width: 280px) 100vw, 280px\" \/><strong>JUBILEUSZ 25-LECIA CH\u00d3RU POLITECHNIKI BIA\u0141OSTOCKIEJ<\/strong><br \/>\n<em>K. Prosnak \u2013 Nie chc\u0119 ci\u0119 Kasiuniu<br \/>\nR. Twardowski \u2013 Sarmackich miast kr\u00f3lowa<br \/>\nM. Makowski Polskie sady nad Odr\u0105<br \/>\nT. Paciorkiewicz \u2013 Pie\u015b\u0144 o Mazowszu, Wi\u015ble i Warszawie cz. II i III<br \/>\nDeep river \u2013 negro spiritual<br \/>\nBruckner \u2013 Locus iste<br \/>\nS. Moniuszko \u2013 Przylecieli soko\u0142owie<br \/>\nA. Gref \u2013 Hej ty Wis\u0142o<br \/>\nJ. \u015awider \u2013 Te rozkwit\u0142e \u015bwie\u017co drzewa<br \/>\nTourdion \u2013 anonim<br \/>\nP. Certon \u2013 L, la, la, je ne l\u2019ose dire<br \/>\nPassereau \u2013 Il est bel et bon<br \/>\nBanchieri \u2013 Contraponto bestiale alla mente<br \/>\nF. Liszt \u2013 O salutaris Hostia<br \/>\nZ. Kodaly \u2013 Esti Dal<br \/>\nH. Bright \u2013 Te Deum laudamus<br \/>\nA. Koszewski \u2013 Pierwsza kol\u0119da<br \/>\nJ. \u015awider \u2013 Moja piosenka<\/em><\/p>\n<p>Nagrania Ch\u00f3ru Politechniki Bia\u0142ostockiej z lat 1986-1987 wydane 30 kwietnia 2003 roku (edycja koneserska \u2013 jedynie kilka egzemplarzy) z okazji 25-lecia Ch\u00f3ru Politechniki Bia\u0142ostockiej.<\/p>\n<p>Nagra\u0144 dokonano: utwory 1-5 \u2013 koncert w \u201eFastach\u201d (1986), utwory 6-9 \u2013 koncert fina\u0142owy warsztat\u00f3w ch\u00f3ralnych w Kra\u015bniku (lipiec 1986), utwory 10-18 \u2013 nagranie dokonane na terenie Politechniki Bia\u0142ostockiej (1987).<\/p>\n<p>Kierownictwo zespo\u0142u: Violetta Bielecka.<\/p>\n<p>Realizacja nagra\u0144, cyfrowy mastering oraz projekt graficzny: Krzysztof Kilczewski.<\/p>\n<hr>\n<p><img loading=\"lazy\" decoding=\"async\" class=\"alignright wp-image-261\" src=\"https:\/\/pb.edu.pl\/chor\/wp-content\/uploads\/sites\/30\/2022\/04\/Ramirez.jpg\" alt=\"ok\u0142adka p\u0142yty Ramirez\" width=\"280\" height=\"254\" srcset=\"https:\/\/pb.edu.pl\/chor\/wp-content\/uploads\/sites\/30\/2022\/04\/Ramirez.jpg 403w, https:\/\/pb.edu.pl\/chor\/wp-content\/uploads\/sites\/30\/2022\/04\/Ramirez-300x272.jpg 300w\" sizes=\"auto, (max-width: 280px) 100vw, 280px\" \/><strong>Ariel Ramirez &#8211; MISA CRIOLLA<\/strong><br \/>\n<em>Kyrie vidala baguala<br \/>\nGloria carnavalito<br \/>\nCredo chacerera trunca<br \/>\nSanctus carnaval cochabambino<br \/>\nAgnus Dei estilo pampeano<\/em><\/p>\n<p><strong>Ariel Ramirez &#8211; NAVIDAD NUESTRA<\/strong><br \/>\n<em>La anunciacion<br \/>\nLa peregrinacion<br \/>\nEl nacimiento<br \/>\nLos pastores<br \/>\nLos reyes magos<br \/>\nLa huida<\/em><\/p>\n<p>Nagranie zrealizowano w grudniu 2003 roku w Studio Rembrandt Radia Bia\u0142ystok.<\/p>\n<p>Soli\u015bci: Piotr Rafa\u0142ko &#8211; tenor, Marcin Jakimowicz &#8211; tenor, Krzysztof Bobrzecki &#8211; bas.<\/p>\n<p>Zesp\u00f3\u0142 instrumentalny &#8211; Sierra Manta w sk\u0142adzie: Maciej Flanik &#8211; gitara, Ireneusz W\u00f3jcicki &#8211; charango, akordeon, Jan Wawrza\u0142a &#8211; bombo, instrumenty perkusyjne, zampona. Ma\u0142gorzata Mukosiej &#8211; fortepian, klawesyn.<\/p>\n<p>Dyrygent &#8211; Wioletta Mi\u0142kowska.<\/p>\n<p>Projekt graficzny wydania: Monika Pr\u00f3chnicka.<\/p>\n<hr>\n<p><img loading=\"lazy\" decoding=\"async\" class=\"alignright wp-image-332\" src=\"https:\/\/pb.edu.pl\/chor\/wp-content\/uploads\/sites\/30\/2022\/04\/Requiem.jpg\" alt=\"ok\u0142adka p\u0142yty Requiem\" width=\"280\" height=\"276\" srcset=\"https:\/\/pb.edu.pl\/chor\/wp-content\/uploads\/sites\/30\/2022\/04\/Requiem.jpg 375w, https:\/\/pb.edu.pl\/chor\/wp-content\/uploads\/sites\/30\/2022\/04\/Requiem-300x296.jpg 300w\" sizes=\"auto, (max-width: 280px) 100vw, 280px\" \/><strong>Damian Stachowicz &#8211; MISSA REQUIEM<\/strong><br \/>\n<em>Introitus &#8211; Requiem aeternam<br \/>\nKyrie<br \/>\nDies irae<br \/>\nOffertorium &#8211; Domine Jesu Christe<br \/>\nSonata. Sanctus<br \/>\nAgnus dei<\/em><\/p>\n<p><strong>Stanis\u0142aw Moniuszko &#8211; MSZA \u017bA\u0141OBNA G-MOLL<\/strong><br \/>\n<em>Requiem aeternam<br \/>\nGraduale<br \/>\nOffertorium<br \/>\nSanctus<br \/>\nBenedictus<br \/>\nAgnus Dei<\/em><\/p>\n<p><strong>Stanis\u0142aw Moryto &#8211; MISSA BREVIS PRO DEFUNCTIS<\/strong><br \/>\n<em>Introitus<br \/>\nKyrie<br \/>\nGraduale<br \/>\nTractus<br \/>\nOffertorium<br \/>\nSanctus<br \/>\nAgnus Dei<br \/>\nCommunio<\/em><\/p>\n<p>Requiem w tw\u00f3rczo\u015bci kompozytor\u00f3w polskich. Damian Stachowicz &#8211; Missa Requiem, S. Moniuszko &#8211; Msza \u017ca\u0142obna g-moll, S. Moryto &#8211; Missa brevis pro defunctis.<\/p>\n<p>Nagranie z koncertu habilitacyjnego dyrygent Wioletty Mi\u0142kowskiej.<\/p>\n<p>Soli\u015bci: Marta Wr\u00f3blewska &#8211; sopran, Aneta \u0141ukaszewicz &#8211; sopran, alt, Piotr Olech &#8211; alt, Maciej Gocman &#8211; tenor, Artur Sulima &#8211; baryton, Artur M\u0105dry &#8211; bas.<\/p>\n<p>Towarzyszyli nam muzycy Orkiestry Barokowej. Rafa\u0142 Sulima &#8211; organy.<\/p>\n<p>Dyrygent: Wioletta Mi\u0142kowska.<\/p>\n<p>Nagranie zrealizowano 26 maja 2006 roku w ko\u015bciele \u015aw. Wojciecha w Bia\u0142ymstoku.<\/p>\n<p>Stron\u0105 graficzn\u0105 wydania zaj\u0119\u0142a si\u0119 Monika Pr\u00f3chnicka.<\/p>\n<hr>\n<p><img loading=\"lazy\" decoding=\"async\" class=\"alignright wp-image-263\" src=\"https:\/\/pb.edu.pl\/chor\/wp-content\/uploads\/sites\/30\/2022\/04\/Ray.jpg\" alt=\"ok\u0142adka p\u0142yty Ray\" width=\"280\" height=\"257\" srcset=\"https:\/\/pb.edu.pl\/chor\/wp-content\/uploads\/sites\/30\/2022\/04\/Ray.jpg 400w, https:\/\/pb.edu.pl\/chor\/wp-content\/uploads\/sites\/30\/2022\/04\/Ray-300x275.jpg 300w\" sizes=\"auto, (max-width: 280px) 100vw, 280px\" \/><strong>R. Ray &#8211; MSZA GOSPEL<\/strong><br \/>\n<em>Kyrie &#8211; Lord have mercy<br \/>\nGloria &#8211; Glory to God in the highest<br \/>\nCredo &#8211; I believe in God<br \/>\nAcclamation &#8211; Hallelujah praise the Lord<br \/>\nSanctus &#8211; Holy holy Lord God of hosts<br \/>\nAgnus Dei &#8211; Lamb of God<\/em><\/p>\n<p>R. Ray &#8211; Gospel Mass. Nagranie zrealizowane w 2007 roku i wydane z okazji 30-lecia dzia\u0142alno\u015bci artystycznej Ch\u00f3ru Politechniki Bia\u0142ostockiej.<\/p>\n<p>Soli\u015bci: Anna Stachlewska oraz Marcin Jakimowicz.<\/p>\n<p>Zesp\u00f3\u0142 instrumentalny w sk\u0142adzie: Tomasz Czech &#8211; piano, Adam Radziszewski &#8211; perkusja, Karol Sypytkowski &#8211; gitara basowa.<\/p>\n<p>Dyrygent &#8211; Wioletta Mi\u0142kowska.<\/p>\n<p>Nagranie zrealizowano w Centrum Kultury ACK w Bia\u0142ymstoku.<\/p>\n<p>Projekt graficzny: Monika Pr\u00f3chnicka.<\/p>\n<hr>\n<p><img loading=\"lazy\" decoding=\"async\" class=\"alignright wp-image-264\" src=\"https:\/\/pb.edu.pl\/chor\/wp-content\/uploads\/sites\/30\/2022\/04\/Kantata.jpg\" alt=\"ok\u0142adka p\u0142yty Kantata\" width=\"280\" height=\"280\" srcset=\"https:\/\/pb.edu.pl\/chor\/wp-content\/uploads\/sites\/30\/2022\/04\/Kantata.jpg 400w, https:\/\/pb.edu.pl\/chor\/wp-content\/uploads\/sites\/30\/2022\/04\/Kantata-300x300.jpg 300w, https:\/\/pb.edu.pl\/chor\/wp-content\/uploads\/sites\/30\/2022\/04\/Kantata-150x150.jpg 150w\" sizes=\"auto, (max-width: 280px) 100vw, 280px\" \/><strong>Jakub Milewski &#8211; KANTATA PRZEMIENIENIA<\/strong><br \/>\n<em>Uwertura<br \/>\nNarodzenie<br \/>\nMatka<br \/>\nPowr\u00f3t dziecka marnotrawnego<br \/>\nGloria na skrzyd\u0142ach t\u0119czy<br \/>\nModlitwa ufaj\u0105cego &#8211; Gospel<br \/>\n\u017bycie, ach \u017cycie<br \/>\nTy i ja<br \/>\nFina\u0142<br \/>\nPsalm wdzi\u0119czno\u015bci<\/em><\/p>\n<p>J. Milewski &#8211; Kantata Przemienienia.<\/p>\n<p>Nagranie zrealizowane w 18 pa\u017adziernika 2013 roku w Bazylice Katedralnej w Bia\u0142ymstoku.<\/p>\n<p>Soli\u015bci: Sylwia Banasik, Martyna Ciok, Kuba Jurzyk, Wiktor Korszla.<\/p>\n<p>Ch\u00f3r Politechniki Bia\u0142ostockiej (przygotowanie Wioletta Mi\u0142kowska), Orkiestra Symfoniczna pod dyrekcj\u0105 kompozytora.<\/p>\n<p>Muzyka: Jakub Milewski, libretto: Jerzy Bi\u0144kowski.<\/p>\n<p>Dyrygent &#8211; Jakub Milewski.<\/p>\n<p>Projekt graficzny: Anna Kawecka. Realizacja nagrania: Marcin Ptak.<\/p>\n<hr>\n<p><strong>KOL\u0118DY &#8211; opr.&nbsp; Max Fedorov<img loading=\"lazy\" decoding=\"async\" class=\"size-full wp-image-847 alignright\" src=\"https:\/\/pb.edu.pl\/chor\/wp-content\/uploads\/sites\/30\/2023\/02\/plyta.jpg\" alt=\"p lyta kol\u0119dy\" width=\"280\" height=\"242\"><\/strong><\/p>\n<p><em>W\u015br\u00f3d nocnej ciszy &#8211; solo Maciej Nerkowski<\/em><\/p>\n<p><em>O Gwiazdo Betlekemska<\/em><\/p>\n<p><em>P\u00f3\u0142noc ju\u017c by\u0142a &#8211; solo Liliana Fedorov<\/em><\/p>\n<p><em>A c\u00f3\u017c z t\u0105 Dziecin\u0105<\/em><\/p>\n<p><em>Jezus Malusie\u0144ki &#8211; solo Michalina Mi\u0142kowska<\/em><\/p>\n<p><em>Lulaj\u017ce Jezuniu &#8211; solo Daria Wasiluk<\/em><\/p>\n<p><em>Tryumfy Kr\u00f3la Niebieskiego<\/em><\/p>\n<p><em>Dnia jednego o p\u00f3\u0142nocy<\/em><\/p>\n<p><em>Przybie\u017celi do Betlejem<\/em><\/p>\n<p><em>B\u00f3g si\u0119 rodzi<\/em><\/p>\n<p>&nbsp;<\/p>\n<p>Nagrania zrealizowano w dniach 14-16 pa\u017adziernika 2022 r. w Studio Rembrandt w Polskim Radio Bia\u0142ystok. Ch\u00f3r Politechniki Bia\u0142ostockiej, dyrygent Wioletta Mi\u0142kowska. Realizator nagrania Marek Kubik.<\/p>\n<p>&nbsp;<\/p>\n","protected":false},"excerpt":{"rendered":"<p>Zarejestrowane i wydane nagrania p\u0142ytowe z udzia\u0142em Ch\u00f3ru Politechniki Bia\u0142ostockiej. &nbsp; KOL\u0118DY POLSKIE Gdy si\u0119<\/p>\n","protected":false},"author":2,"featured_media":0,"parent":87,"menu_order":1,"comment_status":"closed","ping_status":"closed","template":"","meta":{"_acf_changed":false,"ngg_post_thumbnail":0,"footnotes":""},"class_list":["post-97","page","type-page","status-publish","hentry"],"acf":[],"_links":{"self":[{"href":"https:\/\/pb.edu.pl\/chor\/wp-json\/wp\/v2\/pages\/97","targetHints":{"allow":["GET"]}}],"collection":[{"href":"https:\/\/pb.edu.pl\/chor\/wp-json\/wp\/v2\/pages"}],"about":[{"href":"https:\/\/pb.edu.pl\/chor\/wp-json\/wp\/v2\/types\/page"}],"author":[{"embeddable":true,"href":"https:\/\/pb.edu.pl\/chor\/wp-json\/wp\/v2\/users\/2"}],"replies":[{"embeddable":true,"href":"https:\/\/pb.edu.pl\/chor\/wp-json\/wp\/v2\/comments?post=97"}],"version-history":[{"count":0,"href":"https:\/\/pb.edu.pl\/chor\/wp-json\/wp\/v2\/pages\/97\/revisions"}],"up":[{"embeddable":true,"href":"https:\/\/pb.edu.pl\/chor\/wp-json\/wp\/v2\/pages\/87"}],"wp:attachment":[{"href":"https:\/\/pb.edu.pl\/chor\/wp-json\/wp\/v2\/media?parent=97"}],"curies":[{"name":"wp","href":"https:\/\/api.w.org\/{rel}","templated":true}]}}