{"id":92,"date":"2019-03-02T17:00:28","date_gmt":"2019-03-02T16:00:28","guid":{"rendered":"https:\/\/pb.edu.pl\/chor\/?page_id=92"},"modified":"2022-08-05T16:01:20","modified_gmt":"2022-08-05T14:01:20","slug":"kontakt","status":"publish","type":"page","link":"https:\/\/pb.edu.pl\/chor\/kontakt\/","title":{"rendered":"Kontakt"},"content":{"rendered":"<div class=\"h3\">Ch\u00f3r Politechniki Bia\u0142ostockiej<\/div>\n<p>ul. Wiejska 45A, 15-351 Bia\u0142ystok<\/p>\n<p><i class=\"fal fa-mobile\"><\/i> 607 33 44 55<\/p>\n<p><i class=\"fal fa-fax\"><\/i> 85 746 92 59<\/p>\n<p><i class=\"fal fa-envelope\"><\/i> <a href=\"#\" rel=\"nofollow\"  onclick=\"this.href='mailto:' + 'chor' + '@' + 'pb.edu.pl'\">chor [at] pb.edu.pl<\/a>\n&nbsp;<\/p>\n<div style=\"margin: 20px 0 12px 0\"><a title=\"otworzy si\u0119 w nowej karcie\" href=\"https:\/\/www.facebook.com\/chorpb\" target=\"_blank\" rel=\"noopener\"><img decoding=\"async\" src=\"https:\/\/pb.edu.pl\/chor\/wp-content\/uploads\/sites\/30\/2022\/08\/PB_socialicon_fb.png\" alt=\"przejd\u017a do facebook Ch\u00f3r PB\"><\/a> &nbsp; <a title=\"otworzy si\u0119 w nowej karcie\" href=\"https:\/\/www.instagram.com\/chorpb\/\" target=\"_blank\" rel=\"noopener\"><img decoding=\"async\" src=\"https:\/\/pb.edu.pl\/chor\/wp-content\/uploads\/sites\/30\/2022\/08\/PB_socialicon_instagram.png\" alt=\"przejd\u017a do instagram Ch\u00f3r PB\"><\/a> &nbsp; <a title=\"otworzy si\u0119 w nowej karcie\" href=\"https:\/\/www.youtube.com\/channel\/UCrWNdiHCspTHGaltAKVdsvA\" target=\"_blank\" rel=\"noopener\"><img decoding=\"async\" src=\"https:\/\/pb.edu.pl\/chor\/wp-content\/uploads\/sites\/30\/2022\/08\/PB_socialicon_youtube.png\" alt=\"przejd\u017a do kana\u0142u youtube Ch\u00f3r PB\"><\/a><br \/>\n&nbsp;<\/div>\n<p>Je\u015bli masz jakie\u015b pytania, kieruj je na nasz adres mailowy. Odpowiadamy bezzw\u0142ocznie.<br \/>\n&nbsp;<\/p>\n<p>Pr\u00f3by Ch\u00f3ru odbywaj\u0105 si\u0119 w <strong>poniedzia\u0142ki, i czwartki w godz. 19-21 w Domu Studenta nr 3 (Gamma)<\/strong> na parterze.<\/p>\n<div class=\"h2\">Je\u015bli lubisz \u015bpiew i muzyk\u0119, do\u0142\u0105cz do nas. Zapraszamy!<\/div>\n","protected":false},"excerpt":{"rendered":"<p>Ch\u00f3r Politechniki Bia\u0142ostockiej ul. Wiejska 45A, 15-351 Bia\u0142ystok 607 33 44 55 85 746 92<\/p>\n","protected":false},"author":2,"featured_media":0,"parent":0,"menu_order":7,"comment_status":"closed","ping_status":"closed","template":"","meta":{"_acf_changed":false,"ngg_post_thumbnail":0,"footnotes":""},"class_list":["post-92","page","type-page","status-publish","hentry"],"acf":[],"_links":{"self":[{"href":"https:\/\/pb.edu.pl\/chor\/wp-json\/wp\/v2\/pages\/92","targetHints":{"allow":["GET"]}}],"collection":[{"href":"https:\/\/pb.edu.pl\/chor\/wp-json\/wp\/v2\/pages"}],"about":[{"href":"https:\/\/pb.edu.pl\/chor\/wp-json\/wp\/v2\/types\/page"}],"author":[{"embeddable":true,"href":"https:\/\/pb.edu.pl\/chor\/wp-json\/wp\/v2\/users\/2"}],"replies":[{"embeddable":true,"href":"https:\/\/pb.edu.pl\/chor\/wp-json\/wp\/v2\/comments?post=92"}],"version-history":[{"count":0,"href":"https:\/\/pb.edu.pl\/chor\/wp-json\/wp\/v2\/pages\/92\/revisions"}],"wp:attachment":[{"href":"https:\/\/pb.edu.pl\/chor\/wp-json\/wp\/v2\/media?parent=92"}],"curies":[{"name":"wp","href":"https:\/\/api.w.org\/{rel}","templated":true}]}}