{"id":87,"date":"2019-03-02T16:52:53","date_gmt":"2019-03-02T15:52:53","guid":{"rendered":"https:\/\/pb.edu.pl\/chor\/?page_id=87"},"modified":"2022-04-04T23:19:38","modified_gmt":"2022-04-04T21:19:38","slug":"repertuar","status":"publish","type":"page","link":"https:\/\/pb.edu.pl\/chor\/repertuar\/","title":{"rendered":"Repertuar Ch\u00f3ru Politechniki Bia\u0142ostockiej"},"content":{"rendered":"<p>Wykonujemy utwory a cappella z r\u00f3\u017cnych epok \u015bwieckie i sakralne, jak r\u00f3wnie\u017c formy wokalno-instrumentalne, poczynaj\u0105c od klasyki poprzez folk, jazz, a na muzyce rozrywkowej i wsp\u00f3\u0142czesnej ko\u0144cz\u0105c.<\/p>\n<p>Poni\u017cej znajduj\u0105 si\u0119 utwory  wykonywane w przesz\u0142o\u015bci i obecnie przez Ch\u00f3r Politechniki Bia\u0142ostockiej, zestawione w porz\u0105dku alfabetycznym wg nazw utwor\u00f3w.<\/p>\n<p>Je\u015bli chcia\u0142by\u015b zam\u00f3wi\u0107 wykonanie utworu, kt\u00f3rego nie ma w poni\u017cszym wykazie, <a href=\"https:\/\/pb.edu.pl\/chor\/kontakt\/\" title=\"Kontakt\">skontaktuj si\u0119 z nami<\/a>.<\/p>\n<div class=\"table-responsive\">\n<table class=\"table table-striped table borderless\" style=\"width: auto;\">\n<thead>\n<tr>\n<th>Tytu\u0142 utworu<\/td>\n<th>Autor<\/td>\n<\/tr>\n<\/thead>\n<tbody>\n<tr>\n<td width=\"301\">ABY BYLI JEDNO<\/td>\n<td width=\"197\">M. Fedorow<\/td>\n<\/tr>\n<tr>\n<td>AGNUS DEI<\/td>\n<td>A. Campra<\/td>\n<\/tr>\n<tr>\n<td>ALLE DINGE (ALL THINGS BRIGHT)<\/td>\n<td>J. Rutter<\/td>\n<\/tr>\n<tr>\n<td>ALLELUJA<\/td>\n<td>M. Jasi\u0144ski<\/td>\n<\/tr>\n<tr>\n<td>ALLELUJA (KANON)<\/td>\n<td>W. A. Mozart<\/td>\n<\/tr>\n<tr>\n<td>ALLELUJA NA B\u0141ONIACH<\/td>\n<td>P. Pa\u0142ka<\/td>\n<\/tr>\n<tr>\n<td>AMEN<\/td>\n<td>F. Guimaraes<\/td>\n<\/tr>\n<tr>\n<td>APEL JASNOG\u00d3RSKI<\/td>\n<td>ks. S. Ormi\u0144ski<\/td>\n<\/tr>\n<tr>\n<td>AVE VERUM CORPUS<\/td>\n<td>F. Poulenc<\/td>\n<\/tr>\n<tr>\n<td>BRACIA PATRZCIE JENO<\/td>\n<td>T. Flasza<\/td>\n<\/tr>\n<tr>\n<td>CALYPSO CAROL<\/td>\n<td>G. M. Feming<\/td>\n<\/tr>\n<tr>\n<td>CANTIQUE DE JEAN RACINE<\/td>\n<td>G. Faure<\/td>\n<\/tr>\n<tr>\n<td>CHANTER<\/td>\n<td>&nbsp;<\/td>\n<\/tr>\n<tr>\n<td>CH\u00d3R NOCNY ANIO\u0141\u00d3W STR\u00d3\u017b\u00d3W<\/td>\n<td>&nbsp;S. Moniuszko<\/td>\n<\/tr>\n<tr>\n<td>CHRISTMAS CAROLS<\/td>\n<td>&nbsp;<\/td>\n<\/tr>\n<tr>\n<td>CICHA NOC<\/td>\n<td>W. So\u0142tysik<\/td>\n<\/tr>\n<tr>\n<td>CICHA NOC, \u015aWI\u0118TA NOC<\/td>\n<td>&nbsp;<\/td>\n<\/tr>\n<tr>\n<td>COME IN AND STAY A WHILE<\/td>\n<td>R. Polay<\/td>\n<\/tr>\n<tr>\n<td>DARY LOSU<\/td>\n<td>&nbsp;<\/td>\n<\/tr>\n<tr>\n<td>DNIA JEDNEGO O P\u00d3\u0141NOCY<\/td>\n<td>A. Nikodemowicz<\/td>\n<\/tr>\n<tr>\n<td>DO SWOICH OCZU &#8222;NIEOBYCZAJNE OCZY&#8221;<\/td>\n<td>M. Perz<\/td>\n<\/tr>\n<tr>\n<td>DOBRANOC CI ANUSIE\u0143KO<\/td>\n<td>&nbsp;<\/td>\n<\/tr>\n<tr>\n<td>DUSZE MOJA<\/td>\n<td>J. Wiktora<\/td>\n<\/tr>\n<tr>\n<td>DZI\u0118KI CI PANIE<\/td>\n<td>P. B\u0119benek<\/td>\n<\/tr>\n<tr>\n<td>ECCE LIGNUM CRUCIS (STARE I NOWE)<\/td>\n<td>S. Moniuszko<\/td>\n<\/tr>\n<tr>\n<td>EVVIVA STUDIO (Piosenka rektorska)<\/td>\n<td>&nbsp;<\/td>\n<\/tr>\n<tr>\n<td>FRANCJA &#8211; OPRAWA MSZY<\/td>\n<td>&nbsp;<\/td>\n<\/tr>\n<tr>\n<td>GDY SI\u0118 CHRYSTUS RODZI<\/td>\n<td>J. \u015awider<\/td>\n<\/tr>\n<tr>\n<td>GDY SI\u0118 CHRYSTUS RODZI<\/td>\n<td>S. Niewiadomski<\/td>\n<\/tr>\n<tr>\n<td>GDY \u015aLICZNA PANNA<\/td>\n<td>J. \u015awider<\/td>\n<\/tr>\n<tr>\n<td>GLORIA<\/td>\n<td>A. Vivaldi<\/td>\n<\/tr>\n<tr>\n<td>GLORIA<\/td>\n<td>J. Rutter<\/td>\n<\/tr>\n<tr>\n<td>GOSPEL MASS<\/td>\n<td>R. Ray<\/td>\n<\/tr>\n<tr>\n<td>GRA FAL<\/td>\n<td>S. Kazuro<\/td>\n<\/tr>\n<tr>\n<td>HEJ W DZIE\u0143 NARODZENIA<\/td>\n<td>T. Flasza<\/td>\n<\/tr>\n<tr>\n<td>HYMN WARMII<\/td>\n<td>F. Nowowiejski<\/td>\n<\/tr>\n<tr>\n<td>IMAGINE<\/td>\n<td>J. Lennon<\/td>\n<\/tr>\n<tr>\n<td>JAK ZA DAWNYCH LAT<\/td>\n<td>H. Wars<\/td>\n<\/tr>\n<tr>\n<td>JAM JEST DUDKA<\/td>\n<td>W. Cichowicz<\/td>\n<\/tr>\n<tr>\n<td>JESTE\u015a MOJA<\/td>\n<td>E. Ma\u0107kowiak<\/td>\n<\/tr>\n<tr>\n<td>JEZUS MALUSIE\u0143KI<\/td>\n<td>J. \u015awider<\/td>\n<\/tr>\n<tr>\n<td>JUBILATE DEO<\/td>\n<td>J. \u015awider<\/td>\n<\/tr>\n<tr>\n<td>KANTATA<\/td>\n<td>J. S. Bach<\/td>\n<\/tr>\n<tr>\n<td>KRAKOWIAK<\/td>\n<td>&nbsp;<\/td>\n<\/tr>\n<tr>\n<td>KWIATY WE W\u0141OSACH<\/td>\n<td>&nbsp;<\/td>\n<\/tr>\n<tr>\n<td>KYRIE Z MSZY BEATYFIKACYJNEJ<\/td>\n<td>&nbsp;<\/td>\n<\/tr>\n<tr>\n<td>LUDZIE PRAGN\u0104 PI\u0118KNA<\/td>\n<td>&nbsp;<\/td>\n<\/tr>\n<tr>\n<td>LULAJ\u017bE JEZUNIU<\/td>\n<td>J. \u015awider<\/td>\n<\/tr>\n<tr>\n<td>LULAJ\u017bE JEZUNIU<\/td>\n<td>&nbsp;<\/td>\n<\/tr>\n<tr>\n<td>MAGNIFICAT<\/td>\n<td>A. Vivaldi<\/td>\n<\/tr>\n<tr>\n<td>MAGNIFICAT<\/td>\n<td>J. S. Bach<\/td>\n<\/tr>\n<tr>\n<td>MAGNUM NOMEN<\/td>\n<td>B. P\u0119kiel<\/td>\n<\/tr>\n<tr>\n<td>MA\u0141\u017bE\u0143STWO (O stworzycielu\u2026)<\/td>\n<td>&nbsp;<\/td>\n<\/tr>\n<tr>\n<td>MAMMA MIA<\/td>\n<td>R. Allwood<\/td>\n<\/tr>\n<tr>\n<td>MAMY TYLKO SIEBIE<\/td>\n<td>&nbsp;<\/td>\n<\/tr>\n<tr>\n<td>MARC 1<\/td>\n<td>C. Taltabull<\/td>\n<\/tr>\n<tr>\n<td>MARSZ \u017bA\u0141OBNY<\/td>\n<td>&nbsp;S. Moniuszko<\/td>\n<\/tr>\n<tr>\n<td>MESSA SOLENNE<\/td>\n<td>G. Rossini<\/td>\n<\/tr>\n<tr>\n<td>MESSE BREVE<\/td>\n<td>Ch. Gounod<\/td>\n<\/tr>\n<tr>\n<td>MISA CRIOLLA<\/td>\n<td>A. Ramirez<\/td>\n<\/tr>\n<tr>\n<td>MISERERE<\/td>\n<td>A. Koszewski<\/td>\n<\/tr>\n<tr>\n<td>MISSA BREVIS<\/td>\n<td>W. A. Mozart<\/td>\n<\/tr>\n<tr>\n<td>MISSA BREVIS PRO DEFUNCTIS<\/td>\n<td>S. Moryto<\/td>\n<\/tr>\n<tr>\n<td>MODLITWA<\/td>\n<td>E. G\u0142owski<\/td>\n<\/tr>\n<tr>\n<td>MODLITWA KSI\u0118DZA KORDECKIEGO<\/td>\n<td>J. \u015awider<\/td>\n<\/tr>\n<tr>\n<td>MODLITWA Z OPERY<\/td>\n<td>&nbsp;S. Moniuszko<\/td>\n<\/tr>\n<tr>\n<td>MOTET<\/td>\n<td>J. S. Bach<\/td>\n<\/tr>\n<tr>\n<td>MRUCZKOWE BAJKI &#8211; WARIACJE II<\/td>\n<td>S. Wiechowicz<\/td>\n<\/tr>\n<tr>\n<td>MSZA G &#8211; DUR<\/td>\n<td>F. Schubert<\/td>\n<\/tr>\n<tr>\n<td>MSZA KORONACYJNA<\/td>\n<td>W. A. Mozart<\/td>\n<\/tr>\n<tr>\n<td>MSZA NELSO\u0143SKA<\/td>\n<td>J. Haydn<\/td>\n<\/tr>\n<tr>\n<td>MSZA \u015aWI\u0118TA na 2 g\u0142osy<\/td>\n<td>S. Moniuszko<\/td>\n<\/tr>\n<tr>\n<td>NAVIDAD NUESTRA<\/td>\n<td>A. Ramirez<\/td>\n<\/tr>\n<tr>\n<td>NIE ZADZIERAJ NOSA<\/td>\n<td>&nbsp;<\/td>\n<\/tr>\n<tr>\n<td>NIE Z\u0141ODZIEJEM CHO\u0106 KRADN\u0118<\/td>\n<td>&nbsp;<\/td>\n<\/tr>\n<tr>\n<td>NIECH JEZUS CHRYSTUS \u2026<\/td>\n<td>K. Szymanowski<\/td>\n<\/tr>\n<tr>\n<td>NOBODY KNOWS DE TROUBLE I SEE<\/td>\n<td>A. Dresens<\/td>\n<\/tr>\n<tr>\n<td>NOTHING&#8217;S GONNA CHANGE MY LOVE<\/td>\n<td>J. Fischer<\/td>\n<\/tr>\n<tr>\n<td>NOWY ROK BIE\u017bY<\/td>\n<td>S. Stuligrosz<\/td>\n<\/tr>\n<tr>\n<td>O GWIAZDO BETLEJEMSKA<\/td>\n<td>S. Niewiadomski<\/td>\n<\/tr>\n<tr>\n<td>O MAGNUM MISTERIUM<\/td>\n<td>F. Poulenc<\/td>\n<\/tr>\n<tr>\n<td>OJ MALU\u015aKI<\/td>\n<td>E. K.<\/td>\n<\/tr>\n<tr>\n<td>OJCZE NASZ<\/td>\n<td>&nbsp;S. Moniuszko<\/td>\n<\/tr>\n<tr>\n<td>ORFEUSZ I EUREDYKA<\/td>\n<td>Gluck<\/td>\n<\/tr>\n<tr>\n<td>OTO JEST DZIE\u0143<\/td>\n<td>J. Ga\u0142uszka<\/td>\n<\/tr>\n<tr>\n<td>PANA JA WZYWA\u0106 B\u0118D\u0118, (PSALM LXXVII)<\/td>\n<td>M. Wacholc<\/td>\n<\/tr>\n<tr>\n<td>PASTORALE<\/td>\n<td>H. Czy\u017c<\/td>\n<\/tr>\n<tr>\n<td>PER SIGNUM CRUCIS<\/td>\n<td>N. Zieli\u0144ski<\/td>\n<\/tr>\n<tr>\n<td>PIERWSZA KOL\u0118DA<\/td>\n<td>J. W. Peterson<\/td>\n<\/tr>\n<tr>\n<td>PIE\u015a\u0143 O MAZOWSZU, WI\u015aLE I WARSZAWIE<\/td>\n<td>T. Paciorkiewicz<\/td>\n<\/tr>\n<tr>\n<td>PLOTKARKI<\/td>\n<td>&nbsp;<\/td>\n<\/tr>\n<tr>\n<td>POK\u0141ON JEZUSOWI<\/td>\n<td>J. Maklakiewicz<\/td>\n<\/tr>\n<tr>\n<td>POMYSZLAJU DIE\u0143 STRASZNYJ<\/td>\n<td>A. Archangielski<\/td>\n<\/tr>\n<tr>\n<td>POWIEDZ STARY\u2026<\/td>\n<td>&nbsp;<\/td>\n<\/tr>\n<tr>\n<td>PRAGN\u0104 OCZKA, PRAGNA<\/td>\n<td>G\u0142adyszewska<\/td>\n<\/tr>\n<tr>\n<td>PRYWATKI<\/td>\n<td>&nbsp;<\/td>\n<\/tr>\n<tr>\n<td>PRZYBIE\u017bELI DO BETLEJEM<\/td>\n<td>A. \u0141uciuk<\/td>\n<\/tr>\n<tr>\n<td>PRZYBIE\u017bELI DO BETLEJEM<\/td>\n<td>J. \u015awider<\/td>\n<\/tr>\n<tr>\n<td>PSALM 137<\/td>\n<td>&nbsp;S. Moniuszko<\/td>\n<\/tr>\n<tr>\n<td>PSALM CXII<\/td>\n<td>&nbsp;S. Moniuszko<\/td>\n<\/tr>\n<tr>\n<td>REGINA COELI<\/td>\n<td>W. A. Mozart<\/td>\n<\/tr>\n<tr>\n<td>REQUIEM<\/td>\n<td>D. Stachowicz<\/td>\n<\/tr>\n<tr>\n<td>REQUIEM<\/td>\n<td>G. Faure<\/td>\n<\/tr>\n<tr>\n<td>REQUIEM<\/td>\n<td>K. Jenkins<\/td>\n<\/tr>\n<tr>\n<td>REQUIEM<\/td>\n<td>S. Moniuszko<\/td>\n<\/tr>\n<tr>\n<td>REQUIEM<\/td>\n<td>W. A. Mozart<\/td>\n<\/tr>\n<tr>\n<td>RIDE THE CHARIOT<\/td>\n<td>H. Smith<\/td>\n<\/tr>\n<tr>\n<td>ROTA<\/td>\n<td>F. Nowowiejski<\/td>\n<\/tr>\n<tr>\n<td>SMAK I ZAPACH POMARA\u0143CZY<\/td>\n<td>&nbsp;<\/td>\n<\/tr>\n<tr>\n<td>STWORZENI DO MI\u0141O\u015aCI<\/td>\n<td>T. Trojanowski<\/td>\n<\/tr>\n<tr>\n<td>SWIATYJ BO\u017bE<\/td>\n<td>I. Dienisowa<\/td>\n<\/tr>\n<tr>\n<td>SZE\u015a\u0106 PIE\u015aNI LUDOWYCH<\/td>\n<td>K. Szymanowski<\/td>\n<\/tr>\n<tr>\n<td>\u015aLICZNA GWIAZDA<\/td>\n<td>D. J. Bogdanowicz<\/td>\n<\/tr>\n<tr>\n<td>\u015aPIJ JEZU, SYNKU<\/td>\n<td>&nbsp;<\/td>\n<\/tr>\n<tr>\n<td>TOLERANCJA<\/td>\n<td>&nbsp;<\/td>\n<\/tr>\n<tr>\n<td>VENI CREATOR<\/td>\n<td>S. Moniuszko<\/td>\n<\/tr>\n<tr>\n<td>VIVE L&#8217;AMOUR<\/td>\n<td>W. Trapp<\/td>\n<\/tr>\n<tr>\n<td>W MOJEM OGR\u00d3DECKU<\/td>\n<td>Szeligowski<\/td>\n<\/tr>\n<tr>\n<td>WEST SIDE STORY<\/td>\n<td>L. Bernstein<\/td>\n<\/tr>\n<tr>\n<td>WIGILIA<\/td>\n<td>E. K.<\/td>\n<\/tr>\n<tr>\n<td>WITAJ POKARMIE<\/td>\n<td>&nbsp;<\/td>\n<\/tr>\n<tr>\n<td>WOZNIESU TJA BO\u017bE M\u00d3J<\/td>\n<td>&nbsp;<\/td>\n<\/tr>\n<tr>\n<td>W\u015aR\u00d3D NOCNEJ CISZY<\/td>\n<td>J. \u015awider<\/td>\n<\/tr>\n<tr>\n<td>Z NIEBA WYSOKIEGO<\/td>\n<td>S. Niewiadomski<\/td>\n<\/tr>\n<tr>\n<td>ZACZNIJ OD BACHA<\/td>\n<td>&nbsp;<\/td>\n<\/tr>\n<tr>\n<td>ZDROWA\u015a B\u0104D\u0179 MARYJA<\/td>\n<td>H. M. G\u00f3recki<\/td>\n<\/tr>\n<tr>\n<td>ZRIASZCZE MIA<\/td>\n<td>K. Gorski<\/td>\n<\/tr>\n<\/tbody>\n<\/table>\n<\/div>\n","protected":false},"excerpt":{"rendered":"<p>Wykonujemy utwory a cappella z r\u00f3\u017cnych epok \u015bwieckie i sakralne, jak r\u00f3wnie\u017c formy wokalno-instrumentalne, poczynaj\u0105c<\/p>\n","protected":false},"author":2,"featured_media":0,"parent":0,"menu_order":3,"comment_status":"closed","ping_status":"closed","template":"","meta":{"_acf_changed":false,"ngg_post_thumbnail":0,"footnotes":""},"class_list":["post-87","page","type-page","status-publish","hentry"],"acf":[],"_links":{"self":[{"href":"https:\/\/pb.edu.pl\/chor\/wp-json\/wp\/v2\/pages\/87","targetHints":{"allow":["GET"]}}],"collection":[{"href":"https:\/\/pb.edu.pl\/chor\/wp-json\/wp\/v2\/pages"}],"about":[{"href":"https:\/\/pb.edu.pl\/chor\/wp-json\/wp\/v2\/types\/page"}],"author":[{"embeddable":true,"href":"https:\/\/pb.edu.pl\/chor\/wp-json\/wp\/v2\/users\/2"}],"replies":[{"embeddable":true,"href":"https:\/\/pb.edu.pl\/chor\/wp-json\/wp\/v2\/comments?post=87"}],"version-history":[{"count":0,"href":"https:\/\/pb.edu.pl\/chor\/wp-json\/wp\/v2\/pages\/87\/revisions"}],"wp:attachment":[{"href":"https:\/\/pb.edu.pl\/chor\/wp-json\/wp\/v2\/media?parent=87"}],"curies":[{"name":"wp","href":"https:\/\/api.w.org\/{rel}","templated":true}]}}