{"id":357,"date":"2022-04-18T18:06:51","date_gmt":"2022-04-18T16:06:51","guid":{"rendered":"https:\/\/pb.edu.pl\/chor\/?page_id=357"},"modified":"2022-04-18T18:25:22","modified_gmt":"2022-04-18T16:25:22","slug":"ohrid-2013-galeria-zdjec","status":"publish","type":"page","link":"https:\/\/pb.edu.pl\/chor\/galeria\/ohrid-2013-galeria-zdjec\/","title":{"rendered":"Ohrid 2013 &#8211; galeria zdj\u0119\u0107"},"content":{"rendered":"ngg_shortcode_0_placeholder\n<p style=\"text-align: right;\"><a href=\"\/chor\/galeria\/\">Wr\u00f3\u0107 do Galeria zdj\u0119\u0107<\/a><\/p>\n","protected":false},"excerpt":{"rendered":"<p>Wr\u00f3\u0107 do Galeria zdj\u0119\u0107<\/p>\n","protected":false},"author":2,"featured_media":0,"parent":111,"menu_order":3,"comment_status":"closed","ping_status":"closed","template":"","meta":{"_acf_changed":false,"ngg_post_thumbnail":0,"footnotes":""},"class_list":["post-357","page","type-page","status-publish","hentry"],"acf":[],"_links":{"self":[{"href":"https:\/\/pb.edu.pl\/chor\/wp-json\/wp\/v2\/pages\/357","targetHints":{"allow":["GET"]}}],"collection":[{"href":"https:\/\/pb.edu.pl\/chor\/wp-json\/wp\/v2\/pages"}],"about":[{"href":"https:\/\/pb.edu.pl\/chor\/wp-json\/wp\/v2\/types\/page"}],"author":[{"embeddable":true,"href":"https:\/\/pb.edu.pl\/chor\/wp-json\/wp\/v2\/users\/2"}],"replies":[{"embeddable":true,"href":"https:\/\/pb.edu.pl\/chor\/wp-json\/wp\/v2\/comments?post=357"}],"version-history":[{"count":0,"href":"https:\/\/pb.edu.pl\/chor\/wp-json\/wp\/v2\/pages\/357\/revisions"}],"up":[{"embeddable":true,"href":"https:\/\/pb.edu.pl\/chor\/wp-json\/wp\/v2\/pages\/111"}],"wp:attachment":[{"href":"https:\/\/pb.edu.pl\/chor\/wp-json\/wp\/v2\/media?parent=357"}],"curies":[{"name":"wp","href":"https:\/\/api.w.org\/{rel}","templated":true}]}}