{"id":353,"date":"2022-04-18T18:05:16","date_gmt":"2022-04-18T16:05:16","guid":{"rendered":"https:\/\/pb.edu.pl\/chor\/?page_id=353"},"modified":"2023-11-20T13:43:16","modified_gmt":"2023-11-20T12:43:16","slug":"70-lecie-politechniki-bialostockiej-2017-galeria-zdjec","status":"publish","type":"page","link":"https:\/\/pb.edu.pl\/chor\/galeria\/70-lecie-politechniki-bialostockiej-2017-galeria-zdjec\/","title":{"rendered":"70-lecie Politechniki Bia\u0142ostockiej 2019 &#8211; galeria zdj\u0119\u0107"},"content":{"rendered":"ngg_shortcode_0_placeholder\n<p style=\"text-align: right\"><a href=\"\/chor\/galeria\/\">Wr\u00f3\u0107 do Galeria zdj\u0119\u0107<\/a><\/p>\n","protected":false},"excerpt":{"rendered":"<p>Wr\u00f3\u0107 do Galeria zdj\u0119\u0107<\/p>\n","protected":false},"author":2,"featured_media":0,"parent":111,"menu_order":2,"comment_status":"closed","ping_status":"closed","template":"","meta":{"_acf_changed":false,"ngg_post_thumbnail":0,"footnotes":""},"class_list":["post-353","page","type-page","status-publish","hentry"],"acf":[],"_links":{"self":[{"href":"https:\/\/pb.edu.pl\/chor\/wp-json\/wp\/v2\/pages\/353","targetHints":{"allow":["GET"]}}],"collection":[{"href":"https:\/\/pb.edu.pl\/chor\/wp-json\/wp\/v2\/pages"}],"about":[{"href":"https:\/\/pb.edu.pl\/chor\/wp-json\/wp\/v2\/types\/page"}],"author":[{"embeddable":true,"href":"https:\/\/pb.edu.pl\/chor\/wp-json\/wp\/v2\/users\/2"}],"replies":[{"embeddable":true,"href":"https:\/\/pb.edu.pl\/chor\/wp-json\/wp\/v2\/comments?post=353"}],"version-history":[{"count":0,"href":"https:\/\/pb.edu.pl\/chor\/wp-json\/wp\/v2\/pages\/353\/revisions"}],"up":[{"embeddable":true,"href":"https:\/\/pb.edu.pl\/chor\/wp-json\/wp\/v2\/pages\/111"}],"wp:attachment":[{"href":"https:\/\/pb.edu.pl\/chor\/wp-json\/wp\/v2\/media?parent=353"}],"curies":[{"name":"wp","href":"https:\/\/api.w.org\/{rel}","templated":true}]}}